{"id":153,"date":"2018-11-30T13:58:12","date_gmt":"2018-11-30T15:58:12","guid":{"rendered":"https:\/\/www.ufsm.br\/cursos\/graduacao\/santa-maria\/engenharia-de-computacao\/?page_id=153"},"modified":"2026-01-08T22:17:33","modified_gmt":"2026-01-09T01:17:33","slug":"detalhes-do-curso","status":"publish","type":"page","link":"https:\/\/www.ufsm.br\/cursos\/graduacao\/santa-maria\/engenharia-de-computacao\/detalhes-do-curso","title":{"rendered":"Descri\u00e7\u00e3o do Curso"},"content":{"rendered":"<p><strong>Dura\u00e7\u00e3o:<\/strong>\u00a010 semestres<br \/><strong>Turno:<\/strong>\u00a0Diurno<br \/><strong>Local:<\/strong>\u00a0Santa Maria \u2013 RS<br \/><strong>Turma:<\/strong> \u00danica \u2013 ingresso no 1\u00ba semestre letivo\u00a0<br \/><strong>C\u00f3digo do curso:<\/strong>\u00a0312<br \/><strong>Vagas:<\/strong>\u00a040<\/p>\n<p><a href=\"https:\/\/www.ufsm.br\/cursos\/graduacao\/santa-maria\/engenharia-de-computacao\/detalhes-do-curso\/proposta-de-reforma-curricular-2023\/\"><strong>Projeto pedag\u00f3gico de curso (curr\u00edculo de 2023)<\/strong><\/a><\/p>\n<p><a href=\"http:\/\/w3.ufsm.br\/ecomp\/images\/pdf\/PPC-Eng-computa%C3%A7%C3%A3o.pdf\"><strong>Projeto pedag\u00f3gico de curso (curr\u00edculo de 2009)<\/strong><\/a><\/p>\n<p><strong>\u00c1reas de atua\u00e7\u00e3o:<\/strong>\u00a0O campo de atua\u00e7\u00e3o profissional do engenheiro de computa\u00e7\u00e3o \u00e9 diversificado, compreendendo desde grandes empresas p\u00fablicas e privadas, empreendimentos pr\u00f3prios ou atua\u00e7\u00e3o aut\u00f4noma. O mercado de trabalho \u00e9 caracterizado, al\u00e9m da diversidade, por varia\u00e7\u00f5es relativamente r\u00e1pidas, atreladas aos per\u00edodos de retra\u00e7\u00e3o e expans\u00e3o da economia e das pol\u00edticas para o desenvolvimento da infraestrutura. Em sua atua\u00e7\u00e3o, o profissional \u00e9 habilitado para atuar nas \u00e1reas de materiais el\u00e9tricos e eletr\u00f4nicos; equipamentos eletr\u00f4nicos em geral; sistemas de comunica\u00e7\u00e3o e telecomunica\u00e7\u00f5es; sistemas de medi\u00e7\u00e3o e controle el\u00e9trico e eletr\u00f4nico. Nessas \u00e1reas, o profissional recebe atribui\u00e7\u00f5es para exercer os seguintes tipos de atividades: supervis\u00e3o, coordena\u00e7\u00e3o e orienta\u00e7\u00e3o t\u00e9cnica; estudo, planejamento, projeto e especifica\u00e7\u00e3o; estudo de viabilidade t\u00e9cnico-econ\u00f4mica; assist\u00eancia, assessoria e consultoria; dire\u00e7\u00e3o de obra e servi\u00e7o t\u00e9cnico; vistoria, per\u00edcia, avalia\u00e7\u00e3o, arbitramento, laudo e parecer t\u00e9cnico; desempenho de cargo e fun\u00e7\u00e3o t\u00e9cnica; ensino, pesquisa, an\u00e1lise, experimenta\u00e7\u00e3o, ensaio e divulga\u00e7\u00e3o t\u00e9cnica; extens\u00e3o; elabora\u00e7\u00e3o de or\u00e7amento; padroniza\u00e7\u00e3o, mensura\u00e7\u00e3o e controle de qualidade; execu\u00e7\u00e3o de obra e servi\u00e7o t\u00e9cnico; fiscaliza\u00e7\u00e3o de obra e servi\u00e7o t\u00e9cnico; produ\u00e7\u00e3o t\u00e9cnica e especializada; condu\u00e7\u00e3o de trabalho t\u00e9cnico; condu\u00e7\u00e3o de equipe de instala\u00e7\u00e3o, montagem, opera\u00e7\u00e3o, reparo ou manuten\u00e7\u00e3o; execu\u00e7\u00e3o de instala\u00e7\u00e3o, montagem e reparo; opera\u00e7\u00e3o e manuten\u00e7\u00e3o de equipamento e instala\u00e7\u00e3o; execu\u00e7\u00e3o de desenho t\u00e9cnico.<\/p>\n<p>\u00a0<\/p>\n\n","protected":false},"excerpt":{"rendered":"<p>Dura\u00e7\u00e3o:\u00a010 semestresTurno:\u00a0DiurnoLocal:\u00a0Santa Maria \u2013 RSTurma: \u00danica \u2013 ingresso no 1\u00ba semestre letivo\u00a0C\u00f3digo do curso:\u00a0312Vagas:\u00a040 Projeto pedag\u00f3gico de curso (curr\u00edculo de 2023) Projeto pedag\u00f3gico de curso (curr\u00edculo de 2009) \u00c1reas de atua\u00e7\u00e3o:\u00a0O campo de atua\u00e7\u00e3o profissional do engenheiro de computa\u00e7\u00e3o \u00e9 diversificado, compreendendo desde grandes empresas p\u00fablicas e privadas, empreendimentos pr\u00f3prios ou atua\u00e7\u00e3o aut\u00f4noma. O mercado [&hellip;]<\/p>\n","protected":false},"author":117,"featured_media":0,"parent":0,"menu_order":0,"comment_status":"closed","ping_status":"closed","template":"","meta":{"footnotes":""},"categories":[],"tags":[],"class_list":["post-153","page","type-page","status-publish","hentry"],"acf":[],"_links":{"self":[{"href":"https:\/\/www.ufsm.br\/cursos\/graduacao\/santa-maria\/engenharia-de-computacao\/wp-json\/wp\/v2\/pages\/153","targetHints":{"allow":["GET"]}}],"collection":[{"href":"https:\/\/www.ufsm.br\/cursos\/graduacao\/santa-maria\/engenharia-de-computacao\/wp-json\/wp\/v2\/pages"}],"about":[{"href":"https:\/\/www.ufsm.br\/cursos\/graduacao\/santa-maria\/engenharia-de-computacao\/wp-json\/wp\/v2\/types\/page"}],"author":[{"embeddable":true,"href":"https:\/\/www.ufsm.br\/cursos\/graduacao\/santa-maria\/engenharia-de-computacao\/wp-json\/wp\/v2\/users\/117"}],"replies":[{"embeddable":true,"href":"https:\/\/www.ufsm.br\/cursos\/graduacao\/santa-maria\/engenharia-de-computacao\/wp-json\/wp\/v2\/comments?post=153"}],"version-history":[{"count":0,"href":"https:\/\/www.ufsm.br\/cursos\/graduacao\/santa-maria\/engenharia-de-computacao\/wp-json\/wp\/v2\/pages\/153\/revisions"}],"wp:attachment":[{"href":"https:\/\/www.ufsm.br\/cursos\/graduacao\/santa-maria\/engenharia-de-computacao\/wp-json\/wp\/v2\/media?parent=153"}],"wp:term":[{"taxonomy":"category","embeddable":true,"href":"https:\/\/www.ufsm.br\/cursos\/graduacao\/santa-maria\/engenharia-de-computacao\/wp-json\/wp\/v2\/categories?post=153"},{"taxonomy":"post_tag","embeddable":true,"href":"https:\/\/www.ufsm.br\/cursos\/graduacao\/santa-maria\/engenharia-de-computacao\/wp-json\/wp\/v2\/tags?post=153"}],"curies":[{"name":"wp","href":"https:\/\/api.w.org\/{rel}","templated":true}]}}