{"id":185,"date":"2018-11-30T15:33:19","date_gmt":"2018-11-30T17:33:19","guid":{"rendered":"https:\/\/www.ufsm.br\/cursos\/graduacao\/santa-maria\/engenharia-de-computacao\/?page_id=185"},"modified":"2026-01-08T22:11:10","modified_gmt":"2026-01-09T01:11:10","slug":"acgs","status":"publish","type":"page","link":"https:\/\/www.ufsm.br\/cursos\/graduacao\/santa-maria\/engenharia-de-computacao\/acgs","title":{"rendered":"ACGs"},"content":{"rendered":"<p>As ACGs (Atividades Complementares de Gradua\u00e7\u00e3o) s\u00e3o atividades obrigat\u00f3rias que complementam a forma\u00e7\u00e3o do aluno.<\/p>\n<p>Os alunos devem realizar um total de 270 horas em ACGs, sendo divididas em ACGs obrigat\u00f3rias (210h) e ACGs Optativas (60h).<\/p>\n<p>A solicita\u00e7\u00e3o \u00e9 realizada atrav\u00e9s do Portal do Aluno. Ver <a href=\"https:\/\/www.ufsm.br\/app\/uploads\/sites\/268\/2020\/09\/Memorando-Circular-N.004-PROGRAD-11.09.pdf\">tutorial aqui.<\/a>\u00a0<\/p>\n<p>A ACG cujo tipo n\u00e3o esteja dispon\u00edvel no Portal do Aluno deve ser cadastrada como &#8220;Outras atividades&#8221;.\u00a0<\/p>\n<p>\u00a0<\/p>\n\n","protected":false},"excerpt":{"rendered":"<p>As ACGs (Atividades Complementares de Gradua\u00e7\u00e3o) s\u00e3o atividades obrigat\u00f3rias que complementam a forma\u00e7\u00e3o do aluno. Os alunos devem realizar um total de 270 horas em ACGs, sendo divididas em ACGs obrigat\u00f3rias (210h) e ACGs Optativas (60h). A solicita\u00e7\u00e3o \u00e9 realizada atrav\u00e9s do Portal do Aluno. Ver tutorial aqui.\u00a0 A ACG cujo tipo n\u00e3o esteja dispon\u00edvel [&hellip;]<\/p>\n","protected":false},"author":117,"featured_media":0,"parent":0,"menu_order":0,"comment_status":"closed","ping_status":"closed","template":"","meta":{"footnotes":""},"categories":[],"tags":[],"class_list":["post-185","page","type-page","status-publish","hentry"],"acf":[],"_links":{"self":[{"href":"https:\/\/www.ufsm.br\/cursos\/graduacao\/santa-maria\/engenharia-de-computacao\/wp-json\/wp\/v2\/pages\/185","targetHints":{"allow":["GET"]}}],"collection":[{"href":"https:\/\/www.ufsm.br\/cursos\/graduacao\/santa-maria\/engenharia-de-computacao\/wp-json\/wp\/v2\/pages"}],"about":[{"href":"https:\/\/www.ufsm.br\/cursos\/graduacao\/santa-maria\/engenharia-de-computacao\/wp-json\/wp\/v2\/types\/page"}],"author":[{"embeddable":true,"href":"https:\/\/www.ufsm.br\/cursos\/graduacao\/santa-maria\/engenharia-de-computacao\/wp-json\/wp\/v2\/users\/117"}],"replies":[{"embeddable":true,"href":"https:\/\/www.ufsm.br\/cursos\/graduacao\/santa-maria\/engenharia-de-computacao\/wp-json\/wp\/v2\/comments?post=185"}],"version-history":[{"count":0,"href":"https:\/\/www.ufsm.br\/cursos\/graduacao\/santa-maria\/engenharia-de-computacao\/wp-json\/wp\/v2\/pages\/185\/revisions"}],"wp:attachment":[{"href":"https:\/\/www.ufsm.br\/cursos\/graduacao\/santa-maria\/engenharia-de-computacao\/wp-json\/wp\/v2\/media?parent=185"}],"wp:term":[{"taxonomy":"category","embeddable":true,"href":"https:\/\/www.ufsm.br\/cursos\/graduacao\/santa-maria\/engenharia-de-computacao\/wp-json\/wp\/v2\/categories?post=185"},{"taxonomy":"post_tag","embeddable":true,"href":"https:\/\/www.ufsm.br\/cursos\/graduacao\/santa-maria\/engenharia-de-computacao\/wp-json\/wp\/v2\/tags?post=185"}],"curies":[{"name":"wp","href":"https:\/\/api.w.org\/{rel}","templated":true}]}}