{"id":432,"date":"2019-09-03T14:48:15","date_gmt":"2019-09-03T17:48:15","guid":{"rendered":"https:\/\/www.ufsm.br\/cursos\/graduacao\/santa-maria\/engenharia-de-computacao\/?page_id=432"},"modified":"2022-02-09T17:41:48","modified_gmt":"2022-02-09T20:41:48","slug":"estagio-extracurricular","status":"publish","type":"page","link":"https:\/\/www.ufsm.br\/cursos\/graduacao\/santa-maria\/engenharia-de-computacao\/estagio-extracurricular","title":{"rendered":"Est\u00e1gio Extracurricular"},"content":{"rendered":"\n<p>Documentos necess\u00e1rios a realiza\u00e7\u00e3o de est\u00e1gio extracurricular ( n\u00e3o obrigat\u00f3rio), interno na UFSM ou externo em empresas\/institui\u00e7\u00f5es:<\/p>\n<p><a href=\"https:\/\/www.ufsm.br\/app\/uploads\/sites\/429\/2022\/02\/Anexo-III-TCE-Estagio-Nao-Obrigatorio-Externo_editavel-1.docx\">Anexo-III-TCE-Estagio-Nao-Obrigatorio-Externo_editavel-1<\/a><\/p>\n<p><a href=\"https:\/\/www.ufsm.br\/app\/uploads\/sites\/429\/2022\/02\/termo_de-_adesao_estagio_Resolucao_024_2020-1.doc\">termo_de-_adesao_estagio_Resolucao_024_2020 (1)<\/a><\/p>\n<p><a href=\"https:\/\/www.ufsm.br\/app\/uploads\/sites\/429\/2022\/02\/Anexo-I-Declaracao-de-adequacao-das-instalacoes_editavel.docx\">Anexo-I-Declaracao-de-adequacao-das-instalacoes_editavel<\/a><\/p>\n<p><a href=\"https:\/\/www.ufsm.br\/app\/uploads\/sites\/429\/2022\/02\/Anexo-VI-Termo-de-Rescisao_editavel-1.docx\">Anexo-VI-Termo-de-Rescisao_editavel (1)<\/a><\/p>\n<p><a href=\"https:\/\/www.ufsm.br\/app\/uploads\/sites\/429\/2022\/02\/Anexos-V-Termo-de-Aditamento_editavel-1.docx\">Anexos-V-Termo-de-Aditamento_editavel<\/a><\/p>\n<p>\u00a0<\/p>\n<p>Importante:<\/p>\n<p>O Termo de Compromisso de Est\u00e1gio pode ser pr\u00f3prio da empresa\/institui\u00e7\u00e3o, caso possua. Deve ser entregue na Coordena\u00e7\u00e3o do curso no in\u00edcio do est\u00e1gio (via PEN SIE) e renovado a cada 6 meses.<\/p>\n<p>O T<span class=\"il\">ermo<\/span>\u00a0de Compromisso de Est\u00e1gio e o\u00a0<a href=\"https:\/\/www.ufsm.br\/app\/uploads\/sites\/342\/2020\/09\/anexos_Resolucao_024_2020_UFSM_termo_de_adesao.pdf\"><span class=\"il\">Termo<\/span>\u00a0de Ades\u00e3o<\/a> (para est\u00e1gios presenciais) dever\u00e3o ser assinados e tramitados pelo PEN-SIE, tanto por docentes e alunos, quanto pelas entidades externas. Caso o est\u00e1gio seja remoto\/teletrabalho, deve-se informar no despacho do PEN. Abaixo, links para organograma de <span class=\"il\">tramita<\/span>\u00e7\u00e3o e tutorial.<\/p>\n<ul>\n<li>Plano de est\u00e1gios e pr\u00e1ticas:\u00a0 <a href=\"https:\/\/portal.ufsm.br\/webservice\/itemPPP\/item\/arquivo.html?item=62641\">https:\/\/portal.ufsm.br\/webservice\/itemPPP\/item\/arquivo.html?item=62641<\/a>\u00a0<\/li>\n<li>Organograma:\u00a0<a href=\"http:\/\/w3.ufsm.br\/proplan\/pp\/PROGRAD_WEB\/PROGRAD_CODE_Homol_termo_estagio_grad\/#diagram\/\" target=\"_blank\" rel=\"noopener noreferrer\" data-saferedirecturl=\"https:\/\/www.google.com\/url?q=http:\/\/w3.ufsm.br\/proplan\/pp\/PROGRAD_WEB\/PROGRAD_CADE_Homologacao_termo_estagio_graduacao\/%23list&amp;source=gmail&amp;ust=1600347696360000&amp;usg=AFQjCNGyD3fpTUJYYSWXm6ZTvJ2Oo7UJSA\">Link<\/a><\/li>\n<li>Tutorial para alunos e professores:\u00a0 <a href=\"https:\/\/www.ufsm.br\/app\/uploads\/sites\/416\/2020\/09\/Tutorial-Termos-de-Estagio.pdf\" target=\"_blank\" rel=\"noopener noreferrer\" data-saferedirecturl=\"https:\/\/www.google.com\/url?q=https:\/\/www.ufsm.br\/app\/uploads\/sites\/416\/2020\/09\/Tutorial-Termos-de-Estagio.pdf&amp;source=gmail&amp;ust=1600347696360000&amp;usg=AFQjCNFstbUZPvf4Xb51DPkVRhhhCVy0RA\">https:\/\/www.ufsm.br\/app\/uploads\/sites\/416\/2020\/09\/Tutorial-<span class=\"il\">Termos<\/span>-de-Estagio.pdf<\/a><\/li>\n<li>D\u00favidas e esclarecimentos devem ser solicitados \u00e0 equipe do PEN-SIE pelo email\u00a0<a href=\"mailto:pen@ufsm.br\" target=\"_blank\" rel=\"noopener noreferrer\">pen@ufsm.br<\/a><\/li>\n<\/ul>\n<p>O Seguro est\u00e1gio \u00e9 obrigat\u00f3rio e pode ser fornecido pela empresa ou contratado pelo estagi\u00e1rio.<\/p>\n<p>Carga hor\u00e1ria m\u00e1xima \u00e9 de 6 horas\/dia e at\u00e9 02 anos na mesma empresa\/institui\u00e7\u00e3o.<\/p>\n<p>O est\u00e1gio extracurricular DEVE ser remunerado, condi\u00e7\u00e3o obrigat\u00f3ria, e\/ou prever alguma forma de contrapresta\u00e7\u00e3o, e prever f\u00e9rias de 30 dias concomitantes com as f\u00e9rias do calend\u00e1rio da UFSM, a cada 12 meses de est\u00e1gio.\u00a0<\/p>\n<p>Para mais informa\u00e7\u00f5es sobre Est\u00e1gio Extracurricular acesse a p\u00e1gina da PROGRAD:<\/p>\n<p><blockquote class=\"wp-embedded-content\" data-secret=\"gqBwBDVoW1\"><a href=\"https:\/\/www.ufsm.br\/pro-reitorias\/prograd\/code\/estagios\/estagio-nao-obrigatorio\">Est\u00e1gio n\u00e3o obrigat\u00f3rio<\/a><\/blockquote><iframe class=\"wp-embedded-content\" sandbox=\"allow-scripts\" security=\"restricted\" style=\"position: absolute; clip: rect(1px, 1px, 1px, 1px);\" title=\"&#8220;Est\u00e1gio n\u00e3o obrigat\u00f3rio&#8221; &#8212; PROGRAD\" src=\"https:\/\/www.ufsm.br\/pro-reitorias\/prograd\/code\/estagios\/estagio-nao-obrigatorio\/embed#?secret=LmnqzRsuUF#?secret=gqBwBDVoW1\" data-secret=\"gqBwBDVoW1\" width=\"500\" height=\"282\" frameborder=\"0\" marginwidth=\"0\" marginheight=\"0\" scrolling=\"no\"><\/iframe><\/p>\n","protected":false},"excerpt":{"rendered":"<p>Documentos necess\u00e1rios a realiza\u00e7\u00e3o de est\u00e1gio extracurricular ( n\u00e3o obrigat\u00f3rio), interno na UFSM ou externo em empresas\/institui\u00e7\u00f5es: Anexo-III-TCE-Estagio-Nao-Obrigatorio-Externo_editavel-1 termo_de-_adesao_estagio_Resolucao_024_2020 (1) Anexo-I-Declaracao-de-adequacao-das-instalacoes_editavel Anexo-VI-Termo-de-Rescisao_editavel (1) Anexos-V-Termo-de-Aditamento_editavel \u00a0 Importante: O Termo de Compromisso de Est\u00e1gio pode ser pr\u00f3prio da empresa\/institui\u00e7\u00e3o, caso possua. Deve ser entregue na Coordena\u00e7\u00e3o do curso no in\u00edcio do est\u00e1gio (via PEN SIE) e renovado [&hellip;]<\/p>\n","protected":false},"author":453,"featured_media":0,"parent":0,"menu_order":0,"comment_status":"closed","ping_status":"closed","template":"","meta":{"footnotes":""},"categories":[],"tags":[],"class_list":["post-432","page","type-page","status-publish","hentry"],"acf":[],"_links":{"self":[{"href":"https:\/\/www.ufsm.br\/cursos\/graduacao\/santa-maria\/engenharia-de-computacao\/wp-json\/wp\/v2\/pages\/432","targetHints":{"allow":["GET"]}}],"collection":[{"href":"https:\/\/www.ufsm.br\/cursos\/graduacao\/santa-maria\/engenharia-de-computacao\/wp-json\/wp\/v2\/pages"}],"about":[{"href":"https:\/\/www.ufsm.br\/cursos\/graduacao\/santa-maria\/engenharia-de-computacao\/wp-json\/wp\/v2\/types\/page"}],"author":[{"embeddable":true,"href":"https:\/\/www.ufsm.br\/cursos\/graduacao\/santa-maria\/engenharia-de-computacao\/wp-json\/wp\/v2\/users\/453"}],"replies":[{"embeddable":true,"href":"https:\/\/www.ufsm.br\/cursos\/graduacao\/santa-maria\/engenharia-de-computacao\/wp-json\/wp\/v2\/comments?post=432"}],"version-history":[{"count":0,"href":"https:\/\/www.ufsm.br\/cursos\/graduacao\/santa-maria\/engenharia-de-computacao\/wp-json\/wp\/v2\/pages\/432\/revisions"}],"wp:attachment":[{"href":"https:\/\/www.ufsm.br\/cursos\/graduacao\/santa-maria\/engenharia-de-computacao\/wp-json\/wp\/v2\/media?parent=432"}],"wp:term":[{"taxonomy":"category","embeddable":true,"href":"https:\/\/www.ufsm.br\/cursos\/graduacao\/santa-maria\/engenharia-de-computacao\/wp-json\/wp\/v2\/categories?post=432"},{"taxonomy":"post_tag","embeddable":true,"href":"https:\/\/www.ufsm.br\/cursos\/graduacao\/santa-maria\/engenharia-de-computacao\/wp-json\/wp\/v2\/tags?post=432"}],"curies":[{"name":"wp","href":"https:\/\/api.w.org\/{rel}","templated":true}]}}