{"id":154,"date":"2018-12-03T13:50:54","date_gmt":"2018-12-03T15:50:54","guid":{"rendered":"https:\/\/www.ufsm.br\/cursos\/graduacao\/santa-maria\/engenharia-de-controle-e-automacao\/?page_id=154"},"modified":"2019-02-14T22:10:53","modified_gmt":"2019-02-15T00:10:53","slug":"o-que-e","status":"publish","type":"page","link":"https:\/\/www.ufsm.br\/cursos\/graduacao\/santa-maria\/engenharia-de-controle-e-automacao\/o-que-e","title":{"rendered":"O que \u00e9?"},"content":{"rendered":"<div id=\"maininner\" class=\"grid-box\">\n<section id=\"content\" class=\"grid-block\">\n<div id=\"system\">\n<article class=\"item\">\n<div class=\"content clearfix\">\n<h3>AUTOMA\u00c7\u00c3O<\/h3>\n<ul style=\"list-style-type: square\">\n<li>\u00c9 o uso de sistemas de controle e de tecnologias da informa\u00e7\u00e3o para reduzir a necessidade de trabalho humano para a produ\u00e7\u00e3o de equipamentos e servi\u00e7os. Tem como prop\u00f3sito a redu\u00e7\u00e3o da necessidade de uso cont\u00ednuo dos sentidos humanos para inspe\u00e7\u00e3o e da capacidade mental humana para controle.<\/li>\n<li>Principais elementos dos sistemas de automa\u00e7\u00e3o:\u00a0<strong>controle, intelig\u00eancia computacional, comando, monitora\u00e7\u00e3o, alarme, intertravamento, registro e comunica\u00e7\u00e3o<\/strong>.<\/li>\n<\/ul>\n<h3>CONTROLE<\/h3>\n<ul style=\"list-style-type: square\">\n<li>Define-se por\u00a0<strong>controle<\/strong>\u00a0o conjunto de dispositivos usados para gerenciar, comandar, dirigir ou regular o comportamento de outros dispositivos ou sistemas.<\/li>\n<li>A \u00e1rea mais importante \u00e9 denominada controle autom\u00e1tico, que aborda os sistemas de controle que movem ou agem por si, sem interven\u00e7\u00e3o do operador.<\/li>\n<li>Principais sub-\u00e1reas:\u00a0<strong>c<\/strong><strong>ontrole de sistemas de vari\u00e1veis cont\u00ednuas<\/strong>\u00a0(controle de sistemas din\u00e2micos em que os sensores e atuadores s\u00e3o lineares); e\u00a0<strong>controle de sistemas a eventos discretos<\/strong>\u00a0(controle de sistemas l\u00f3gicos sequenciais).<\/li>\n<\/ul>\n<hr \/>\n<h3>\u00c1REAS DE ATUA\u00c7\u00c3O<\/h3>\n<p>Principais atividades de atua\u00e7\u00e3o profissional:<\/p>\n<h5><strong>Controle e automa\u00e7\u00e3o de processos industriais:<\/strong><\/h5>\n<ul style=\"list-style-type: square\">\n<li>Instala\u00e7\u00e3o e testes de sensores e atuadores;<\/li>\n<li>Projeto e implementa\u00e7\u00e3o de software de controle cont\u00ednuo e discreto;<\/li>\n<li>Instala\u00e7\u00e3o e configura\u00e7\u00e3o de redes de comunica\u00e7\u00e3o entre as m\u00e1quinas, controladores, sensores e atuadores;<\/li>\n<li>Desenvolvimento de software para integra\u00e7\u00e3o de sistemas industriais.<\/li>\n<\/ul>\n<h5>Automa\u00e7\u00e3o de sistemas embarcados:<\/h5>\n<ul style=\"list-style-type: square\">\n<li>Projeto de circuitos eletr\u00f4nicos anal\u00f3gicos e digitais;<\/li>\n<li>Projeto de sistemas eletromec\u00e2nicos e rob\u00f3ticos;<\/li>\n<li>Programa\u00e7\u00e3o para sistemas embarcados.<\/li>\n<\/ul>\n<hr \/>\n<h3>\u00c1REAS DE CONHECIMENTO<\/h3>\n<h5>Inform\u00e1tica<\/h5>\n<p>Inform\u00e1tica Industrial &#8211; Programa\u00e7\u00e3o para CLPs e SDCD; Programa\u00e7\u00e3o para sistemas supervis\u00f3rios, bancos de dados e sistemas integrados de manufatura<\/p>\n<p>Redes industriais &#8211; Projeto, integra\u00e7\u00e3o e parametriza\u00e7\u00e3o de redes corporativas e de ch\u00e3o de f\u00e1brica<\/p>\n<h5>Mec\u00e2nica<\/h5>\n<p>Processos de fabrica\u00e7\u00e3o &#8211; Usinagem, conforma\u00e7\u00e3o, soldagem, fundi\u00e7\u00e3o<\/p>\n<p>Comando num\u00e9rico (CNC) &#8211; Projeto e opera\u00e7\u00e3o de M\u00e1quinas-Ferramenta<\/p>\n<p>Mecanismos &#8211; Elementos de m\u00e1quinas e rob\u00f3tica<\/p>\n<h5>Eletr\u00f4nica<\/h5>\n<p>Instrumenta\u00e7\u00e3o eletr\u00f4nica &#8211; Sensores e atuadores<\/p>\n<p>Eletr\u00f4nica anal\u00f3gica &#8211; Compensadores, filtros, condicionadores de sinal<\/p>\n<p>Sistemas embarcados &#8211; Eletr\u00f4nica digital e microcontroladores<\/p>\n<h5>Eletrot\u00e9cnica<\/h5>\n<p>M\u00e1quinas e acionamentos el\u00e9tricos &#8211; Dimensionamento, comando, prote\u00e7\u00e3o e partida de motores el\u00e9tricos<\/p>\n<p>Eletr\u00f4nica industrial &#8211; Fontes de alimenta\u00e7\u00e3o e circuitos eletr\u00f4nicos para partida e controle de motores<\/p>\n<h5>Gest\u00e3o industrial<\/h5>\n<p>Custos industriais &#8211; An\u00e1lise de investimentos e custos de produ\u00e7\u00e3o<\/p>\n<p>Administra\u00e7\u00e3o da produ\u00e7\u00e3o &#8211; Planejamento, estrat\u00e9gia, layout, ergonomia e controle de projetos<\/p>\n<p>Qualidade e produtividade<\/p>\n<\/div>\n<\/article>\n<\/div>\n<\/section>\n<\/div>\n<aside id=\"sidebar-a\" class=\"grid-box\">\n<div class=\"grid-box width100 grid-v\">\n<div class=\"module mod-box  deepest\">\u00a0<\/div>\n<\/div>\n<\/aside>\n<aside id=\"sidebar-b\" class=\"grid-box\">\n<div class=\"grid-box width100 grid-v\">\n<div class=\"module mod-box  deepest\">\u00a0<\/div>\n<\/div>\n<\/aside>\n\n","protected":false},"excerpt":{"rendered":"<p>AUTOMA\u00c7\u00c3O \u00c9 o uso de sistemas de controle e de tecnologias da informa\u00e7\u00e3o para reduzir a necessidade de trabalho humano para a produ\u00e7\u00e3o de equipamentos e servi\u00e7os. Tem como prop\u00f3sito a redu\u00e7\u00e3o da necessidade de uso cont\u00ednuo dos sentidos humanos para inspe\u00e7\u00e3o e da capacidade mental humana para controle. Principais elementos dos sistemas de automa\u00e7\u00e3o:\u00a0controle, [&hellip;]<\/p>\n","protected":false},"author":117,"featured_media":0,"parent":0,"menu_order":0,"comment_status":"closed","ping_status":"closed","template":"","meta":{"footnotes":""},"categories":[],"tags":[],"class_list":["post-154","page","type-page","status-publish","hentry"],"acf":[],"_links":{"self":[{"href":"https:\/\/www.ufsm.br\/cursos\/graduacao\/santa-maria\/engenharia-de-controle-e-automacao\/wp-json\/wp\/v2\/pages\/154","targetHints":{"allow":["GET"]}}],"collection":[{"href":"https:\/\/www.ufsm.br\/cursos\/graduacao\/santa-maria\/engenharia-de-controle-e-automacao\/wp-json\/wp\/v2\/pages"}],"about":[{"href":"https:\/\/www.ufsm.br\/cursos\/graduacao\/santa-maria\/engenharia-de-controle-e-automacao\/wp-json\/wp\/v2\/types\/page"}],"author":[{"embeddable":true,"href":"https:\/\/www.ufsm.br\/cursos\/graduacao\/santa-maria\/engenharia-de-controle-e-automacao\/wp-json\/wp\/v2\/users\/117"}],"replies":[{"embeddable":true,"href":"https:\/\/www.ufsm.br\/cursos\/graduacao\/santa-maria\/engenharia-de-controle-e-automacao\/wp-json\/wp\/v2\/comments?post=154"}],"version-history":[{"count":0,"href":"https:\/\/www.ufsm.br\/cursos\/graduacao\/santa-maria\/engenharia-de-controle-e-automacao\/wp-json\/wp\/v2\/pages\/154\/revisions"}],"wp:attachment":[{"href":"https:\/\/www.ufsm.br\/cursos\/graduacao\/santa-maria\/engenharia-de-controle-e-automacao\/wp-json\/wp\/v2\/media?parent=154"}],"wp:term":[{"taxonomy":"category","embeddable":true,"href":"https:\/\/www.ufsm.br\/cursos\/graduacao\/santa-maria\/engenharia-de-controle-e-automacao\/wp-json\/wp\/v2\/categories?post=154"},{"taxonomy":"post_tag","embeddable":true,"href":"https:\/\/www.ufsm.br\/cursos\/graduacao\/santa-maria\/engenharia-de-controle-e-automacao\/wp-json\/wp\/v2\/tags?post=154"}],"curies":[{"name":"wp","href":"https:\/\/api.w.org\/{rel}","templated":true}]}}