{"id":450,"date":"2022-11-18T10:02:38","date_gmt":"2022-11-18T13:02:38","guid":{"rendered":"https:\/\/www.ufsm.br\/cursos\/graduacao\/santa-maria\/engenharia-de-controle-e-automacao\/?page_id=450"},"modified":"2022-11-18T10:05:51","modified_gmt":"2022-11-18T13:05:51","slug":"processo-de-recuperacao-de-avaliacao-solicitacao-de-prova-atrasada%ef%bf%bc","status":"publish","type":"page","link":"https:\/\/www.ufsm.br\/cursos\/graduacao\/santa-maria\/engenharia-de-controle-e-automacao\/processo-de-recuperacao-de-avaliacao-solicitacao-de-prova-atrasada%ef%bf%bc","title":{"rendered":"Processo de Recupera\u00e7\u00e3o de Avalia\u00e7\u00e3o"},"content":{"rendered":"\n<p><header class=\"entry-header\" style=\"font-family: rawline, sans-serif;font-size: 16px;font-weight: 400\"><h1 class=\"entry-title\" style=\"font-weight: 500;line-height: 1.2;margin-bottom: 2.25rem;margin-top: 0px;font-size: 2.5rem;letter-spacing: 1px\">Processo de Recupera\u00e7\u00e3o de Avalia\u00e7\u00e3o (solicita\u00e7\u00e3o de prova atrasada)<\/h1><\/header><\/p>\n\n\n\n<p><\/p>\n\n\n\n<p>Quando o aluno n\u00e3o puder comparecer em alguma avalia\u00e7\u00e3o, ele deve realizar a abertura de \u201c\u201cProcesso de Recupera\u00e7\u00e3o de Avalia\u00e7\u00e3o\u201d\u201d no Portal de Documentos da UFSM.<\/p>\n\n\n\n<p>Link do Portal:&nbsp;<a href=\"https:\/\/portal.ufsm.br\/documentos\" target=\"_blank\" rel=\"noreferrer noopener\">https:\/\/portal.ufsm.br\/documentos<\/a><\/p>\n\n\n\n<p>Link Tutorial para abertura de processo:&nbsp;<a href=\"https:\/\/www.ufsm.br\/orgaos-suplementares\/dag\/pen\/apoio-ao-usuario\/passo-a-passo-para-abertura-assinatura-e-tramite\/\" target=\"_blank\" rel=\"noreferrer noopener\">Passo a passo para: Abertura, Assinatura e Tramite<\/a><\/p>\n\n\n\n<p>Para o Processo online, a classifica\u00e7\u00e3o \u00e9 \u201c<em>125.31 \u2013&nbsp;Provas. Exames. Trabalhos<\/em>\u201c.<\/p>\n\n\n\n<p>Preencha o&nbsp;<a href=\"https:\/\/www.ufsm.br\/app\/uploads\/sites\/421\/2022\/11\/Requerimentos-de-prova-atrasada-atualizacao-SIG-III.doc\">Requerimento de prova atrasada<\/a>&nbsp;e adicione no processo, juntamente com o&nbsp;Atestado.<\/p>\n\n\n\n<p>Este \u00e9 um documento em word, que depois de preenchido e assinado, deve ser salvo em pdf para poder incluir no processo.<\/p>\n\n\n\n<p>S\u00e3o considerados motivos devidamente justificados:<\/p>\n\n\n\n<p>1. Doen\u00e7a que impossibilite o aluno de realizar avalia\u00e7\u00e3o, devidamente comprovada por Atestado M\u00e9dico com CID, assinatura, CRM e data<\/p>\n\n\n\n<p>2. Acompanhamento de familiar de primeiro grau (pais ou filhos) para tratamento de sa\u00fade, devidamente comprovado por Atestado M\u00e9dico com CID, assinatura, CRM e data<\/p>\n\n\n\n<p>3. \u00d3bito de familiar de primeiro grau (pais ou filhos)&nbsp;<\/p>\n\n\n\n<p>4. Participa\u00e7\u00e3o em eventos acad\u00eamicos com apresenta\u00e7\u00e3o de trabalho, desde que avisado com anteced\u00eancia m\u00ednima de 48h na Secretaria Integrada de Departamentos ao qual a disciplina do professor est\u00e1 vinculada e comprovado por atestado ou certificado de participa\u00e7\u00e3o<\/p>\n","protected":false},"excerpt":{"rendered":"<p>Processo de Recupera\u00e7\u00e3o de Avalia\u00e7\u00e3o (solicita\u00e7\u00e3o de prova atrasada) Quando o aluno n\u00e3o puder comparecer em alguma avalia\u00e7\u00e3o, ele deve realizar a abertura de \u201c\u201cProcesso de Recupera\u00e7\u00e3o de Avalia\u00e7\u00e3o\u201d\u201d no Portal de Documentos da UFSM. Link do Portal:&nbsp;https:\/\/portal.ufsm.br\/documentos Link Tutorial para abertura de processo:&nbsp;Passo a passo para: Abertura, Assinatura e Tramite Para o Processo online, [&hellip;]<\/p>\n","protected":false},"author":445,"featured_media":0,"parent":0,"menu_order":0,"comment_status":"closed","ping_status":"closed","template":"","meta":{"footnotes":""},"categories":[],"tags":[],"class_list":["post-450","page","type-page","status-publish","hentry"],"acf":[],"_links":{"self":[{"href":"https:\/\/www.ufsm.br\/cursos\/graduacao\/santa-maria\/engenharia-de-controle-e-automacao\/wp-json\/wp\/v2\/pages\/450","targetHints":{"allow":["GET"]}}],"collection":[{"href":"https:\/\/www.ufsm.br\/cursos\/graduacao\/santa-maria\/engenharia-de-controle-e-automacao\/wp-json\/wp\/v2\/pages"}],"about":[{"href":"https:\/\/www.ufsm.br\/cursos\/graduacao\/santa-maria\/engenharia-de-controle-e-automacao\/wp-json\/wp\/v2\/types\/page"}],"author":[{"embeddable":true,"href":"https:\/\/www.ufsm.br\/cursos\/graduacao\/santa-maria\/engenharia-de-controle-e-automacao\/wp-json\/wp\/v2\/users\/445"}],"replies":[{"embeddable":true,"href":"https:\/\/www.ufsm.br\/cursos\/graduacao\/santa-maria\/engenharia-de-controle-e-automacao\/wp-json\/wp\/v2\/comments?post=450"}],"version-history":[{"count":0,"href":"https:\/\/www.ufsm.br\/cursos\/graduacao\/santa-maria\/engenharia-de-controle-e-automacao\/wp-json\/wp\/v2\/pages\/450\/revisions"}],"wp:attachment":[{"href":"https:\/\/www.ufsm.br\/cursos\/graduacao\/santa-maria\/engenharia-de-controle-e-automacao\/wp-json\/wp\/v2\/media?parent=450"}],"wp:term":[{"taxonomy":"category","embeddable":true,"href":"https:\/\/www.ufsm.br\/cursos\/graduacao\/santa-maria\/engenharia-de-controle-e-automacao\/wp-json\/wp\/v2\/categories?post=450"},{"taxonomy":"post_tag","embeddable":true,"href":"https:\/\/www.ufsm.br\/cursos\/graduacao\/santa-maria\/engenharia-de-controle-e-automacao\/wp-json\/wp\/v2\/tags?post=450"}],"curies":[{"name":"wp","href":"https:\/\/api.w.org\/{rel}","templated":true}]}}