{"id":1016,"date":"2022-11-21T15:26:23","date_gmt":"2022-11-21T18:26:23","guid":{"rendered":"https:\/\/www.ufsm.br\/cursos\/graduacao\/santa-maria\/engenharia-de-producao\/?page_id=1016"},"modified":"2023-04-05T08:29:04","modified_gmt":"2023-04-05T11:29:04","slug":"salas-de-aula","status":"publish","type":"page","link":"https:\/\/www.ufsm.br\/cursos\/graduacao\/santa-maria\/engenharia-de-producao\/salas-de-aula","title":{"rendered":"Salas de Aula"},"content":{"rendered":"\t\t<div data-elementor-type=\"wp-page\" data-elementor-id=\"1016\" class=\"elementor elementor-1016\">\n\t\t\t\t\t\t<section class=\"elementor-section elementor-top-section elementor-element elementor-element-89f43ed elementor-section-boxed elementor-section-height-default elementor-section-height-default\" data-id=\"89f43ed\" data-element_type=\"section\">\n\t\t\t\t\t\t<div class=\"elementor-container elementor-column-gap-default\">\n\t\t\t\t\t<div class=\"elementor-column elementor-col-100 elementor-top-column elementor-element elementor-element-495f17e\" data-id=\"495f17e\" data-element_type=\"column\">\n\t\t\t<div class=\"elementor-widget-wrap elementor-element-populated\">\n\t\t\t\t\t\t<div class=\"elementor-element elementor-element-a7cf75d elementor-widget elementor-widget-text-editor\" data-id=\"a7cf75d\" data-element_type=\"widget\" data-widget_type=\"text-editor.default\">\n\t\t\t\t<div class=\"elementor-widget-container\">\n\t\t\t\t\t\t\t<p>Acesse o arquivo PDF e pesquise pelo nome ou c\u00f3digo da disciplina:<\/p><ul><li><a href=\"https:\/\/www.ufsm.br\/unidades-universitarias\/ct\/distribuicao-de-salas-de-aula\" target=\"_blank\" rel=\"noopener\">Salas do CT<\/a><\/li><li><a href=\"https:\/\/www.ufsm.br\/app\/uploads\/sites\/427\/2023\/03\/Salas-CCNE.pdf\" target=\"_blank\" rel=\"noopener\">Salas do CCNE (para as disciplinas de matem\u00e1tica, favor acessar a lista abaixo)<\/a><\/li><li><a href=\"https:\/\/www.ufsm.br\/app\/uploads\/sites\/427\/2023\/03\/Departamento-de-Matematica.pdf\" target=\"_blank\" rel=\"noopener\">Lista atualizada do Depto. de Matem\u00e1tica<\/a><\/li><li><a href=\"https:\/\/www.ufsm.br\/app\/uploads\/sites\/427\/2023\/04\/Disciplinas-de-Matematica.pdf\" target=\"_blank\" rel=\"noopener\">Disciplinas de Matem\u00e1tica com atraso no in\u00edcio das aulas<\/a><\/li><li>Localiza\u00e7\u00e3o dos pr\u00e9dios: <a href=\"https:\/\/www.google.com.br\/maps\/dir\/\/Centro+de+Tecnologia+-+CT+-+UFSM+-+Av.+Roraima,+1000+-+Camobi,+Santa+Maria+-+RS,+97105-900\/@-29.7130961,-53.7175883,397m\/data=!3m1!1e3!4m9!4m8!1m0!1m5!1m1!1s0x9503b5e0d2e6091f:0xe79dcc249b674e73!2m2!1d-53.716821!2d-29.713344!3e2\" target=\"_blank\" rel=\"noopener\">Pr\u00e9dio 7<\/a> \/ <a href=\"https:\/\/www.google.com\/maps\/dir\/\/Pr%C3%A9dio+9F+-+Arquitetura+-+Av.+Roraima,+1000+-+Camobi,+Santa+Maria+-+RS,+97105-900\/@-29.7135388,-53.7179317,397m\/data=!3m1!1e3!4m8!4m7!1m0!1m5!1m1!1s0x9503b55f8fec7e3f:0xf2fcf4e36fdc368d!2m2!1d-53.719517!2d-29.7135568\" target=\"_blank\" rel=\"noopener\">Pr\u00e9dio 9F<\/a> \/ <a href=\"https:\/\/www.google.com.br\/maps\/dir\/\/Centro+de+Ci%C3%AAncias+Naturais+e+Exatas+-+Pr%C3%A9dio+13,+Av.+Roraima,+1000+-+Camobi,+Santa+Maria+-+RS,+97105-900\/@-29.7139255,-53.7176742,397m\/data=!3m1!1e3!4m8!4m7!1m0!1m5!1m1!1s0x9503b5e0eb5b8195:0x9da306fd50098c45!2m2!1d-53.7164705!2d-29.7146328\" target=\"_blank\" rel=\"noopener\">Pr\u00e9dio 13<\/a> \/ <a href=\"https:\/\/www.google.com.br\/maps\/dir\/\/Pr%C3%A9dio+16+A+UFSM+-+Unnamed+Road+-+Camobi,+Santa+Maria+-+RS,+97105\/@-29.7139255,-53.7176742,388m\/data=!3m1!1e3!4m8!4m7!1m0!1m5!1m1!1s0x9503b5309fe0ca9f:0xe6179ea1c61e769f!2m2!1d-53.717183!2d-29.7144709\" target=\"_blank\" rel=\"noopener\">Pr\u00e9dio 16A<\/a><\/li><\/ul>\t\t\t\t\t\t<\/div>\n\t\t\t\t<\/div>\n\t\t\t\t\t<\/div>\n\t\t<\/div>\n\t\t\t\t\t<\/div>\n\t\t<\/section>\n\t\t\t\t<\/div>\n\t\t","protected":false},"excerpt":{"rendered":"<p>Acesse o arquivo PDF e pesquise pelo nome ou c\u00f3digo da disciplina: Salas do CT Salas do CCNE (para as disciplinas de matem\u00e1tica, favor acessar a lista abaixo) Lista atualizada do Depto. de Matem\u00e1tica Disciplinas de Matem\u00e1tica com atraso no in\u00edcio das aulas Localiza\u00e7\u00e3o dos pr\u00e9dios: Pr\u00e9dio 7 \/ Pr\u00e9dio 9F \/ Pr\u00e9dio 13 \/ [&hellip;]<\/p>\n","protected":false},"author":3940,"featured_media":0,"parent":0,"menu_order":0,"comment_status":"closed","ping_status":"closed","template":"","meta":{"footnotes":""},"categories":[],"tags":[],"class_list":["post-1016","page","type-page","status-publish","hentry"],"acf":[],"_links":{"self":[{"href":"https:\/\/www.ufsm.br\/cursos\/graduacao\/santa-maria\/engenharia-de-producao\/wp-json\/wp\/v2\/pages\/1016","targetHints":{"allow":["GET"]}}],"collection":[{"href":"https:\/\/www.ufsm.br\/cursos\/graduacao\/santa-maria\/engenharia-de-producao\/wp-json\/wp\/v2\/pages"}],"about":[{"href":"https:\/\/www.ufsm.br\/cursos\/graduacao\/santa-maria\/engenharia-de-producao\/wp-json\/wp\/v2\/types\/page"}],"author":[{"embeddable":true,"href":"https:\/\/www.ufsm.br\/cursos\/graduacao\/santa-maria\/engenharia-de-producao\/wp-json\/wp\/v2\/users\/3940"}],"replies":[{"embeddable":true,"href":"https:\/\/www.ufsm.br\/cursos\/graduacao\/santa-maria\/engenharia-de-producao\/wp-json\/wp\/v2\/comments?post=1016"}],"version-history":[{"count":0,"href":"https:\/\/www.ufsm.br\/cursos\/graduacao\/santa-maria\/engenharia-de-producao\/wp-json\/wp\/v2\/pages\/1016\/revisions"}],"wp:attachment":[{"href":"https:\/\/www.ufsm.br\/cursos\/graduacao\/santa-maria\/engenharia-de-producao\/wp-json\/wp\/v2\/media?parent=1016"}],"wp:term":[{"taxonomy":"category","embeddable":true,"href":"https:\/\/www.ufsm.br\/cursos\/graduacao\/santa-maria\/engenharia-de-producao\/wp-json\/wp\/v2\/categories?post=1016"},{"taxonomy":"post_tag","embeddable":true,"href":"https:\/\/www.ufsm.br\/cursos\/graduacao\/santa-maria\/engenharia-de-producao\/wp-json\/wp\/v2\/tags?post=1016"}],"curies":[{"name":"wp","href":"https:\/\/api.w.org\/{rel}","templated":true}]}}