{"id":631,"date":"2019-05-29T16:02:28","date_gmt":"2019-05-29T19:02:28","guid":{"rendered":"https:\/\/www.ufsm.br\/cursos\/graduacao\/santa-maria\/engenharia-eletrica\/?page_id=631"},"modified":"2022-05-22T18:42:29","modified_gmt":"2022-05-22T21:42:29","slug":"o-que-e-a-engenharia-eletrica-2","status":"publish","type":"page","link":"https:\/\/www.ufsm.br\/cursos\/graduacao\/santa-maria\/engenharia-eletrica\/o-que-e-a-engenharia-eletrica-2","title":{"rendered":"O que \u00e9 a Engenharia El\u00e9trica?"},"content":{"rendered":"\n<p><b>Engenharia el\u00e9trica<\/b>\u00a0\u00e9 o ramo da\u00a0<a title=\"Engenharia\" href=\"https:\/\/pt.wikipedia.org\/wiki\/Engenharia\">engenharia<\/a>\u00a0que trabalha com os estudos e aplica\u00e7\u00f5es da\u00a0<a title=\"Eletricidade\" href=\"https:\/\/pt.wikipedia.org\/wiki\/Eletricidade\">eletricidade<\/a>,\u00a0<a title=\"Eletromagnetismo\" href=\"https:\/\/pt.wikipedia.org\/wiki\/Eletromagnetismo\">eletromagnetismo<\/a>\u00a0e\u00a0<a title=\"Eletr\u00f4nica\" href=\"https:\/\/pt.wikipedia.org\/wiki\/Eletr%C3%B4nica\">eletr\u00f4nica<\/a>. Este setor surgiu em meados do\u00a0<a title=\"S\u00e9culo XIX\" href=\"https:\/\/pt.wikipedia.org\/wiki\/S%C3%A9culo_XIX\">s\u00e9culo XIX<\/a>\u00a0quando da comercializa\u00e7\u00e3o, da distribui\u00e7\u00e3o e utiliza\u00e7\u00e3o da energia el\u00e9trica.<\/p>\n<p>A Engenharia El\u00e9trica pode ser dividida em v\u00e1rias sub\u00e1reas:<\/p>\n<ul>\n<li>Sistemas de\u00a0<a title=\"Energia el\u00e9trica\" href=\"https:\/\/pt.wikipedia.org\/wiki\/Energia_el%C3%A9trica\">energia el\u00e9trica<\/a>\u00a0ou\u00a0<a title=\"Sistemas el\u00e9tricos de pot\u00eancia\" href=\"https:\/\/pt.wikipedia.org\/wiki\/Sistemas_el%C3%A9tricos_de_pot%C3%AAncia\">sistemas de pot\u00eancia<\/a>\u00a0\u2013 estudos de gera\u00e7\u00e3o, transmiss\u00e3o e distribui\u00e7\u00e3o de energia el\u00e9trica; planejamento, confiabilidade, estabilidade e prote\u00e7\u00e3o de sistemas el\u00e9tricos e utiliza\u00e7\u00e3o de t\u00e9cnicas computacionais aplicadas a sistemas de pot\u00eancia;<\/li>\n<li>Sistemas de\u00a0<a title=\"Eletr\u00f4nica de pot\u00eancia\" href=\"https:\/\/pt.wikipedia.org\/wiki\/Eletr%C3%B4nica_de_pot%C3%AAncia\">eletr\u00f4nica de pot\u00eancia<\/a>\u00a0\u2013 estudos de dispositivos eletr\u00f4nicos de pot\u00eancia, acionamentos, controle de\u00a0<a title=\"Motor\" href=\"https:\/\/pt.wikipedia.org\/wiki\/Motor\">motores<\/a>, simula\u00e7\u00e3o digital de m\u00e1quinas e conversores e cargas el\u00e9tricas especiais;<\/li>\n<li>Sistemas de\u00a0<a title=\"Engenharia de controle e automa\u00e7\u00e3o\" href=\"https:\/\/pt.wikipedia.org\/wiki\/Engenharia_de_controle_e_automa%C3%A7%C3%A3o\">controle e automa\u00e7\u00e3o<\/a>\u00a0\u2013 estudos de controle eletr\u00f4nico de processos industriais, m\u00e1quinas eletromec\u00e2nicas automatizadas, sistemas inteligentes para\u00a0<a title=\"Automa\u00e7\u00e3o industrial\" href=\"https:\/\/pt.wikipedia.org\/wiki\/Automa%C3%A7%C3%A3o_industrial\">automa\u00e7\u00e3o industrial<\/a>,\u00a0<a title=\"Rob\u00f3tica\" href=\"https:\/\/pt.wikipedia.org\/wiki\/Rob%C3%B3tica\">rob\u00f3tica<\/a>, controles adaptativos e n\u00e3o-lineares.<\/li>\n<li>Sistemas de\u00a0<a title=\"Eletr\u00f4nica\" href=\"https:\/\/pt.wikipedia.org\/wiki\/Eletr%C3%B4nica\">eletr\u00f4nica<\/a>\u00a0e instrumenta\u00e7\u00e3o \u2013 desenvolvimento de circuitos eletr\u00f4nicos para a aquisi\u00e7\u00e3o de dados como temperatura, umidade, press\u00e3o, entre outros e transmiss\u00e3o de dados por radiofrequ\u00eancia, sistemas embarcados, etc;<\/li>\n<li>Sistemas de\u00a0<a class=\"mw-redirect\" title=\"Microeletr\u00f3nica\" href=\"https:\/\/pt.wikipedia.org\/wiki\/Microeletr%C3%B3nica\">microeletr\u00f4nica<\/a>\u00a0\u2013 projeto, fabrica\u00e7\u00e3o e testes de circuitos integrados \u2013 C.I. para sistemas de computa\u00e7\u00e3o, telecomunica\u00e7\u00f5es, entretenimento entre outros;<\/li>\n<li>Sistemas de\u00a0<a title=\"Telecomunica\u00e7\u00f5es\" href=\"https:\/\/pt.wikipedia.org\/wiki\/Telecomunica%C3%A7%C3%B5es\">telecomunica\u00e7\u00f5es<\/a>\u00a0\u2013 estudos de sistemas de \u00e1udio e v\u00eddeo, antenas e propaga\u00e7\u00e3o de ondas eletromagn\u00e9ticas, micro-ondas, telefonia anal\u00f3gica e digital, fibras \u00f3pticas, processamento anal\u00f3gico e digital de sinais, telecomunica\u00e7\u00f5es por sat\u00e9lite e redes de comunica\u00e7\u00f5es;<\/li>\n<li>Sistemas\u00a0<a class=\"mw-redirect\" title=\"Engenharia Biom\u00e9dica\" href=\"https:\/\/pt.wikipedia.org\/wiki\/Engenharia_Biom%C3%A9dica\">biom\u00e9dicos<\/a>\u00a0\u2013 Especificar e gerir a utiliza\u00e7\u00e3o de equipamentos m\u00e9dico-assistenciais em hospitais, cl\u00ednicas e laborat\u00f3rios, al\u00e9m do projeto e constru\u00e7\u00e3o desses mesmos tipos de aparelhos.<\/li>\n<\/ul>\n<p>Fonte: Wikipedia<\/p>\n<h1>Hist\u00f3rico do curso<\/h1>\n<p>O Curso de Engenharia El\u00e9trica (juntamente com Engenharia Civil e Mec\u00e2nica) do Centro de Tecnologia da UFSM teve sua origem como integrante do Centro Polit\u00e9cnico de Santa Maria fundado pela ASPES (Associa\u00e7\u00e3o Santa-Mariense Pr\u00f3 Ensino Superior), em 30 de junho de 1960.<\/p>\n<p>O Centro Polit\u00e9cnico constitu\u00eda um projeto de grande envergadura (77.000m\u00b2), fruto de avan\u00e7ada e corajosa iniciativa do Prof. Jos\u00e9 Mariano da Rocha Filho como presidente da ASPES e contou com a participa\u00e7\u00e3o de profissionais locais.<\/p>\n<p>Inicialmente, o Curso de Engenharia El\u00e9trica chamar-se-ia Instituto Eletr\u00f4nico e o primeiro vestibular foi em 1962, com um total de 40 vagas (as quais n\u00e3o chegaram a ser preenchidas). Atualmente o Curso de Engenharia El\u00e9trica disp\u00f5e de um total de 60 vagas distribu\u00eddas em 48 para o Vestibular e 12 para o PEIES.<\/p>\n<p>As atividades do Engenheiro Eletricista formado na UFSM s\u00e3o voltadas para os ramos da eletrot\u00e9cnica, eletr\u00f4nica e comunica\u00e7\u00e3o. Entre outras atividades, este profissional elabora, implementa e gerencia projetos: para gera\u00e7\u00e3o, transmiss\u00e3o, distribui\u00e7\u00e3o e utiliza\u00e7\u00e3o de energia el\u00e9trica; para sistemas e dispositivos eletr\u00f4nicos.<\/p>\n<p>O curso de Engenharia El\u00e9trica da UFSM tem dura\u00e7\u00e3o de 5 anos e oferece a cada ano 60 novas vagas. Os acad\u00eamicos deste curso devem estar preparados para, no futuro, definir as t\u00e9cnicas e os recursos necess\u00e1rios \u00e0 constru\u00e7\u00e3o, instala\u00e7\u00e3o, funcionamento, manuten\u00e7\u00e3o e reparo de aparelhos, equipamentos, usinas e instala\u00e7\u00f5es el\u00e9tricas; desenvolver projetos de equipamentos eletr\u00f4nicos, de sistemas de comunica\u00e7\u00e3o e telecomunica\u00e7\u00f5es, de funcionamento de instala\u00e7\u00f5es de r\u00e1dio, televis\u00e3o, radar e comunica\u00e7\u00f5es em geral e ainda, construir e instalar equipamentos de inform\u00e1tica.<\/p>\n","protected":false},"excerpt":{"rendered":"<p>Engenharia el\u00e9trica\u00a0\u00e9 o ramo da\u00a0engenharia\u00a0que trabalha com os estudos e aplica\u00e7\u00f5es da\u00a0eletricidade,\u00a0eletromagnetismo\u00a0e\u00a0eletr\u00f4nica. Este setor surgiu em meados do\u00a0s\u00e9culo XIX\u00a0quando da comercializa\u00e7\u00e3o, da distribui\u00e7\u00e3o e utiliza\u00e7\u00e3o da energia el\u00e9trica. A Engenharia El\u00e9trica pode ser dividida em v\u00e1rias sub\u00e1reas: Sistemas de\u00a0energia el\u00e9trica\u00a0ou\u00a0sistemas de pot\u00eancia\u00a0\u2013 estudos de gera\u00e7\u00e3o, transmiss\u00e3o e distribui\u00e7\u00e3o de energia el\u00e9trica; planejamento, confiabilidade, estabilidade e [&hellip;]<\/p>\n","protected":false},"author":487,"featured_media":0,"parent":0,"menu_order":0,"comment_status":"closed","ping_status":"closed","template":"","meta":{"footnotes":""},"categories":[],"tags":[],"class_list":["post-631","page","type-page","status-publish","hentry"],"acf":[],"_links":{"self":[{"href":"https:\/\/www.ufsm.br\/cursos\/graduacao\/santa-maria\/engenharia-eletrica\/wp-json\/wp\/v2\/pages\/631","targetHints":{"allow":["GET"]}}],"collection":[{"href":"https:\/\/www.ufsm.br\/cursos\/graduacao\/santa-maria\/engenharia-eletrica\/wp-json\/wp\/v2\/pages"}],"about":[{"href":"https:\/\/www.ufsm.br\/cursos\/graduacao\/santa-maria\/engenharia-eletrica\/wp-json\/wp\/v2\/types\/page"}],"author":[{"embeddable":true,"href":"https:\/\/www.ufsm.br\/cursos\/graduacao\/santa-maria\/engenharia-eletrica\/wp-json\/wp\/v2\/users\/487"}],"replies":[{"embeddable":true,"href":"https:\/\/www.ufsm.br\/cursos\/graduacao\/santa-maria\/engenharia-eletrica\/wp-json\/wp\/v2\/comments?post=631"}],"version-history":[{"count":0,"href":"https:\/\/www.ufsm.br\/cursos\/graduacao\/santa-maria\/engenharia-eletrica\/wp-json\/wp\/v2\/pages\/631\/revisions"}],"wp:attachment":[{"href":"https:\/\/www.ufsm.br\/cursos\/graduacao\/santa-maria\/engenharia-eletrica\/wp-json\/wp\/v2\/media?parent=631"}],"wp:term":[{"taxonomy":"category","embeddable":true,"href":"https:\/\/www.ufsm.br\/cursos\/graduacao\/santa-maria\/engenharia-eletrica\/wp-json\/wp\/v2\/categories?post=631"},{"taxonomy":"post_tag","embeddable":true,"href":"https:\/\/www.ufsm.br\/cursos\/graduacao\/santa-maria\/engenharia-eletrica\/wp-json\/wp\/v2\/tags?post=631"}],"curies":[{"name":"wp","href":"https:\/\/api.w.org\/{rel}","templated":true}]}}