{"id":142,"date":"2018-11-27T13:39:29","date_gmt":"2018-11-27T15:39:29","guid":{"rendered":"https:\/\/www.ufsm.br\/cursos\/graduacao\/santa-maria\/engenharia-florestal\/?page_id=142"},"modified":"2024-10-29T10:16:03","modified_gmt":"2024-10-29T13:16:03","slug":"trabalhos-de-conclusao-de-curso","status":"publish","type":"page","link":"https:\/\/www.ufsm.br\/cursos\/graduacao\/santa-maria\/engenharia-florestal\/trabalhos-de-conclusao-de-curso","title":{"rendered":"Trabalhos de Conclus\u00e3o de curso"},"content":{"rendered":"<p><a href=\"https:\/\/www.ufsm.br\/app\/uploads\/sites\/269\/2024\/10\/Normas_tcc_florestal-fichas-final-2024.pdf\"><strong>NORMAS PARA O TRABALHO DE CONCLUS\u00c3O DE CURSO<\/strong><\/a><\/p>\n<h5>Documentos necess\u00e1rios para iniciar o TCC:<\/h5>\n<ul>\n<li><strong><a href=\"https:\/\/www.ufsm.br\/cursos\/graduacao\/santa-maria\/engenharia-florestal\/wp-content\/uploads\/sites\/269\/2018\/11\/Ficha_I_Cadastro_para_o_TCC.doc\">FICHA \u00a0I &#8211; CADASTRO DO TCC<\/a><\/strong><\/li>\n<\/ul>\n<h5>Documentos necess\u00e1rios para defesa do TCC:<\/h5>\n<ul>\n<li style=\"list-style-type: none\">\n<ul>\n<li><strong><a href=\"https:\/\/www.ufsm.br\/cursos\/graduacao\/santa-maria\/engenharia-florestal\/wp-content\/uploads\/sites\/269\/2018\/11\/Ficha_II_Planilha_de_avalia\u00e7\u00e3o_individual.pdf\">FICHA \u00a0II &#8211; AVALIA\u00c7\u00c3O INDIVIDUAL DA BANCA DE DEFESA DO TCC<\/a><\/strong><\/li>\n<li><a href=\"https:\/\/www.ufsm.br\/cursos\/graduacao\/santa-maria\/engenharia-florestal\/wp-content\/uploads\/sites\/269\/2018\/11\/Ficha_III_Ata_de_defesa_do_TCC.pdf\"><strong>FICHA \u00a0III &#8211; ATA DE DEFESA DO TCC\u00a0 <\/strong><\/a><\/li>\n<li><a href=\"https:\/\/www.ufsm.br\/app\/uploads\/sites\/269\/2024\/10\/Autorizacao_tcc_graduacao_online_2021.pdf\"><strong>AUTORIZA\u00c7\u00c3O PARA LIBERA\u00c7\u00c3O ONLINE DO TCC<\/strong><\/a> <a href=\"https:\/\/www.ufsm.br\/app\/uploads\/sites\/269\/2024\/10\/Autorizacao_tcc_graduacao_online_2021.doc\">(arquivo edit\u00e1vel)<\/a><\/li>\n<\/ul>\n<\/li>\n<\/ul>\n<p><a href=\"https:\/\/www.ufsm.br\/app\/uploads\/sites\/269\/2018\/11\/Modelo_apresentacao_de_TCC.ppt\"><strong>Modelo de\u00a0slide\u00a0para defesa do TCC<\/strong>\u00a0<\/a><\/p>\n\n\n<p><\/p>\n","protected":false},"excerpt":{"rendered":"<p>NORMAS PARA O TRABALHO DE CONCLUS\u00c3O DE CURSO Documentos necess\u00e1rios para iniciar o TCC: FICHA \u00a0I &#8211; CADASTRO DO TCC Documentos necess\u00e1rios para defesa do TCC: FICHA \u00a0II &#8211; AVALIA\u00c7\u00c3O INDIVIDUAL DA BANCA DE DEFESA DO TCC FICHA \u00a0III &#8211; ATA DE DEFESA DO TCC\u00a0 AUTORIZA\u00c7\u00c3O PARA LIBERA\u00c7\u00c3O ONLINE DO TCC (arquivo edit\u00e1vel) Modelo de\u00a0slide\u00a0para [&hellip;]<\/p>\n","protected":false},"author":115,"featured_media":0,"parent":0,"menu_order":0,"comment_status":"closed","ping_status":"closed","template":"","meta":{"footnotes":""},"categories":[],"tags":[],"class_list":["post-142","page","type-page","status-publish","hentry"],"acf":[],"_links":{"self":[{"href":"https:\/\/www.ufsm.br\/cursos\/graduacao\/santa-maria\/engenharia-florestal\/wp-json\/wp\/v2\/pages\/142","targetHints":{"allow":["GET"]}}],"collection":[{"href":"https:\/\/www.ufsm.br\/cursos\/graduacao\/santa-maria\/engenharia-florestal\/wp-json\/wp\/v2\/pages"}],"about":[{"href":"https:\/\/www.ufsm.br\/cursos\/graduacao\/santa-maria\/engenharia-florestal\/wp-json\/wp\/v2\/types\/page"}],"author":[{"embeddable":true,"href":"https:\/\/www.ufsm.br\/cursos\/graduacao\/santa-maria\/engenharia-florestal\/wp-json\/wp\/v2\/users\/115"}],"replies":[{"embeddable":true,"href":"https:\/\/www.ufsm.br\/cursos\/graduacao\/santa-maria\/engenharia-florestal\/wp-json\/wp\/v2\/comments?post=142"}],"version-history":[{"count":0,"href":"https:\/\/www.ufsm.br\/cursos\/graduacao\/santa-maria\/engenharia-florestal\/wp-json\/wp\/v2\/pages\/142\/revisions"}],"wp:attachment":[{"href":"https:\/\/www.ufsm.br\/cursos\/graduacao\/santa-maria\/engenharia-florestal\/wp-json\/wp\/v2\/media?parent=142"}],"wp:term":[{"taxonomy":"category","embeddable":true,"href":"https:\/\/www.ufsm.br\/cursos\/graduacao\/santa-maria\/engenharia-florestal\/wp-json\/wp\/v2\/categories?post=142"},{"taxonomy":"post_tag","embeddable":true,"href":"https:\/\/www.ufsm.br\/cursos\/graduacao\/santa-maria\/engenharia-florestal\/wp-json\/wp\/v2\/tags?post=142"}],"curies":[{"name":"wp","href":"https:\/\/api.w.org\/{rel}","templated":true}]}}