{"id":251,"date":"2019-08-01T14:23:00","date_gmt":"2019-08-01T17:23:00","guid":{"rendered":"https:\/\/www.ufsm.br\/cursos\/graduacao\/santa-maria\/engenharia-florestal\/?page_id=251"},"modified":"2023-07-05T10:01:02","modified_gmt":"2023-07-05T13:01:02","slug":"salas-de-aula","status":"publish","type":"page","link":"https:\/\/www.ufsm.br\/cursos\/graduacao\/santa-maria\/engenharia-florestal\/salas-de-aula","title":{"rendered":"Salas de Aula"},"content":{"rendered":"\n<p>As Salas de Aula do 1\u00ba semestre de 2023 podem ser acessadas no link abaixo:<\/p>\n\n\n\n<figure class=\"wp-block-embed is-type-wp-embed is-provider-ccr wp-block-embed-ccr\"><div class=\"wp-block-embed__wrapper\">\n<blockquote class=\"wp-embedded-content\" data-secret=\"zx056Rm3nX\"><a href=\"https:\/\/www.ufsm.br\/unidades-universitarias\/ccr\/2023\/03\/19\/direcao-do-ccr-divulga-distribuicao-de-salas-de-aula-do-semestre\">Dire\u00e7\u00e3o do CCR divulga distribui\u00e7\u00e3o de salas de aula do semestre<\/a><\/blockquote><iframe class=\"wp-embedded-content\" sandbox=\"allow-scripts\" security=\"restricted\" style=\"position: absolute; clip: rect(1px, 1px, 1px, 1px);\" title=\"&#8220;Dire\u00e7\u00e3o do CCR divulga distribui\u00e7\u00e3o de salas de aula do semestre&#8221; &#8212; CCR\" src=\"https:\/\/www.ufsm.br\/unidades-universitarias\/ccr\/2023\/03\/19\/direcao-do-ccr-divulga-distribuicao-de-salas-de-aula-do-semestre\/embed#?secret=dJahpTaDhD#?secret=zx056Rm3nX\" data-secret=\"zx056Rm3nX\" width=\"500\" height=\"282\" frameborder=\"0\" marginwidth=\"0\" marginheight=\"0\" scrolling=\"no\"><\/iframe>\n<\/div><\/figure>\n","protected":false},"excerpt":{"rendered":"<p>As Salas de Aula do 1\u00ba semestre de 2023 podem ser acessadas no link abaixo:<\/p>\n","protected":false},"author":941,"featured_media":0,"parent":0,"menu_order":0,"comment_status":"closed","ping_status":"closed","template":"","meta":{"footnotes":""},"categories":[],"tags":[],"class_list":["post-251","page","type-page","status-publish","hentry"],"acf":[],"_links":{"self":[{"href":"https:\/\/www.ufsm.br\/cursos\/graduacao\/santa-maria\/engenharia-florestal\/wp-json\/wp\/v2\/pages\/251","targetHints":{"allow":["GET"]}}],"collection":[{"href":"https:\/\/www.ufsm.br\/cursos\/graduacao\/santa-maria\/engenharia-florestal\/wp-json\/wp\/v2\/pages"}],"about":[{"href":"https:\/\/www.ufsm.br\/cursos\/graduacao\/santa-maria\/engenharia-florestal\/wp-json\/wp\/v2\/types\/page"}],"author":[{"embeddable":true,"href":"https:\/\/www.ufsm.br\/cursos\/graduacao\/santa-maria\/engenharia-florestal\/wp-json\/wp\/v2\/users\/941"}],"replies":[{"embeddable":true,"href":"https:\/\/www.ufsm.br\/cursos\/graduacao\/santa-maria\/engenharia-florestal\/wp-json\/wp\/v2\/comments?post=251"}],"version-history":[{"count":0,"href":"https:\/\/www.ufsm.br\/cursos\/graduacao\/santa-maria\/engenharia-florestal\/wp-json\/wp\/v2\/pages\/251\/revisions"}],"wp:attachment":[{"href":"https:\/\/www.ufsm.br\/cursos\/graduacao\/santa-maria\/engenharia-florestal\/wp-json\/wp\/v2\/media?parent=251"}],"wp:term":[{"taxonomy":"category","embeddable":true,"href":"https:\/\/www.ufsm.br\/cursos\/graduacao\/santa-maria\/engenharia-florestal\/wp-json\/wp\/v2\/categories?post=251"},{"taxonomy":"post_tag","embeddable":true,"href":"https:\/\/www.ufsm.br\/cursos\/graduacao\/santa-maria\/engenharia-florestal\/wp-json\/wp\/v2\/tags?post=251"}],"curies":[{"name":"wp","href":"https:\/\/api.w.org\/{rel}","templated":true}]}}