{"id":29,"date":"2018-01-18T09:10:07","date_gmt":"2018-01-18T11:10:07","guid":{"rendered":"https:\/\/www.ufsm.br\/cursos\/graduacao\/engenharia-florestal\/7092\/?page_id=29"},"modified":"2023-07-05T10:47:26","modified_gmt":"2023-07-05T13:47:26","slug":"contato","status":"publish","type":"page","link":"https:\/\/www.ufsm.br\/cursos\/graduacao\/santa-maria\/engenharia-florestal\/contato","title":{"rendered":"Contato"},"content":{"rendered":"<p><strong>Coordena\u00e7\u00e3o do Curso:<\/strong><\/p>\n<p>Centro de Ci\u00eancias Rurais (CCR), Pr\u00e9dio 42 &#8211; Sala 3131<\/p>\n<p>Email: <span id=\"cloak31387\"><a href=\"mailto:engenhariaflorestal@ufsm.br\">engenhariaflorestal@ufsm.br<\/a><\/span><\/p>\n<p>Telefone:\u00a0(55) 3220-8358<\/p>\n<p><strong>Secretaria Integrada de Gradua\u00e7\u00e3o AFA:<\/strong><\/p>\n<p>Centro de Ci\u00eancias Rurais (CCR), Pr\u00e9dio 42 &#8211; Sala 3115<\/p>\n<p>E-mail: <a class=\"notranslate\" href=\"mailto:sigccr.afa@ufsm.br\">sigccr.afa@ufsm.br<\/a><\/p>\n<p>Telefone: (55) 3220-8352<\/p>\n","protected":false},"excerpt":{"rendered":"<p>Coordena\u00e7\u00e3o do Curso: Centro de Ci\u00eancias Rurais (CCR), Pr\u00e9dio 42 &#8211; Sala 3131 Email: engenhariaflorestal@ufsm.br Telefone:\u00a0(55) 3220-8358 Secretaria Integrada de Gradua\u00e7\u00e3o AFA: Centro de Ci\u00eancias Rurais (CCR), Pr\u00e9dio 42 &#8211; Sala 3115 E-mail: sigccr.afa@ufsm.br Telefone: (55) 3220-8352<\/p>\n","protected":false},"author":8,"featured_media":0,"parent":0,"menu_order":0,"comment_status":"closed","ping_status":"closed","template":"","meta":{"footnotes":""},"categories":[],"tags":[],"class_list":["post-29","page","type-page","status-publish","hentry"],"acf":[],"_links":{"self":[{"href":"https:\/\/www.ufsm.br\/cursos\/graduacao\/santa-maria\/engenharia-florestal\/wp-json\/wp\/v2\/pages\/29","targetHints":{"allow":["GET"]}}],"collection":[{"href":"https:\/\/www.ufsm.br\/cursos\/graduacao\/santa-maria\/engenharia-florestal\/wp-json\/wp\/v2\/pages"}],"about":[{"href":"https:\/\/www.ufsm.br\/cursos\/graduacao\/santa-maria\/engenharia-florestal\/wp-json\/wp\/v2\/types\/page"}],"author":[{"embeddable":true,"href":"https:\/\/www.ufsm.br\/cursos\/graduacao\/santa-maria\/engenharia-florestal\/wp-json\/wp\/v2\/users\/8"}],"replies":[{"embeddable":true,"href":"https:\/\/www.ufsm.br\/cursos\/graduacao\/santa-maria\/engenharia-florestal\/wp-json\/wp\/v2\/comments?post=29"}],"version-history":[{"count":0,"href":"https:\/\/www.ufsm.br\/cursos\/graduacao\/santa-maria\/engenharia-florestal\/wp-json\/wp\/v2\/pages\/29\/revisions"}],"wp:attachment":[{"href":"https:\/\/www.ufsm.br\/cursos\/graduacao\/santa-maria\/engenharia-florestal\/wp-json\/wp\/v2\/media?parent=29"}],"wp:term":[{"taxonomy":"category","embeddable":true,"href":"https:\/\/www.ufsm.br\/cursos\/graduacao\/santa-maria\/engenharia-florestal\/wp-json\/wp\/v2\/categories?post=29"},{"taxonomy":"post_tag","embeddable":true,"href":"https:\/\/www.ufsm.br\/cursos\/graduacao\/santa-maria\/engenharia-florestal\/wp-json\/wp\/v2\/tags?post=29"}],"curies":[{"name":"wp","href":"https:\/\/api.w.org\/{rel}","templated":true}]}}