{"id":1010,"date":"2023-03-06T13:06:00","date_gmt":"2023-03-06T16:06:00","guid":{"rendered":"https:\/\/www.ufsm.br\/cursos\/graduacao\/santa-maria\/engenharia-mecanica\/?page_id=1010"},"modified":"2023-03-06T13:06:01","modified_gmt":"2023-03-06T16:06:01","slug":"alunos-ingressantes-calouros","status":"publish","type":"page","link":"https:\/\/www.ufsm.br\/cursos\/graduacao\/santa-maria\/engenharia-mecanica\/alunos-ingressantes-calouros","title":{"rendered":"<strong>ALUNOS INGRESSANTES\/CALOUROS<\/strong>"},"content":{"rendered":"\n<p style=\"text-align: justify\"><span style=\"font-weight: 400\">O sistema realiza a matr\u00edcula dos alunos ingressantes <\/span><b>automaticamente <\/b><span style=\"font-weight: 400\">nas disciplinas do primeiro semestre.<\/span><\/p>\n<p style=\"text-align: justify\"><span style=\"font-weight: 400\">Caso voc\u00ea venha de outro curso da UFSM, ou de outra Institui\u00e7\u00e3o de Ensino Superior, e j\u00e1 tenha disciplinas para aproveitar:<\/span><\/p>\n<ul style=\"text-align: justify\">\n<li style=\"font-weight: 400\"><span style=\"font-weight: 400\">Voc\u00ea deve entrar em contato com a Coordena\u00e7\u00e3o do Curso, para verificar a grade de disciplinas.<\/span><\/li>\n<li style=\"font-weight: 400\"><span style=\"font-weight: 400\">Ap\u00f3s, deve solicitar dispensa no portal do aluno, t\u00e3o logo tenha acesso. H\u00e1 um tutorial de como fazer no site do Curso.<\/span><\/li>\n<li style=\"font-weight: 400\"><span style=\"font-weight: 400\">No primeiro dia de aula voc\u00ea deve comparecer na Secretaria para fazer os ajustes, conforme orienta\u00e7\u00f5es da Coordena\u00e7\u00e3o.<\/span><\/li>\n<\/ul>\n<p style=\"text-align: justify\"><span style=\"font-weight: 400\">A dispensa \u00e9 necess\u00e1ria, mesmo se as disciplinas possu\u00edrem o mesmo c\u00f3digo, j\u00e1 que foram cursadas em matr\u00edcula diferente.<\/span><\/p>\n<p>Contato Coordenadores:<\/p>\n<ul>\n<li style=\"font-weight: 400\"><span style=\"font-weight: 400\">Engenharia Civil: <\/span><a href=\"mailto:elismaziero@gmail.com\"><span style=\"font-weight: 400\">elismaziero@gmail.com<\/span><\/a><span style=\"font-weight: 400\"> (Coordenadora) ou <\/span><a href=\"mailto:rodrigo.silveira@ufsm.br\"><span style=\"font-weight: 400\">rodrigo.silveira@ufsm.br<\/span><\/a><span style=\"font-weight: 400\"> (Coordenador Substituto).<\/span><\/li>\n<li style=\"font-weight: 400\"><span style=\"font-weight: 400\">Engenharia El\u00e9trica: <\/span><a href=\"mailto:lucas@gepoc.ufsm.br\"><span style=\"font-weight: 400\">lucas@gepoc.ufsm.br<\/span><\/a><span style=\"font-weight: 400\"> (Coordenador) ou <\/span><a href=\"mailto:diego.ramos@ufsm.br\"><span style=\"font-weight: 400\">diego.ramos@ufsm.br<\/span><\/a><span style=\"font-weight: 400\"> (Coordenador Substituto).<\/span><\/li>\n<li style=\"font-weight: 400\"><span style=\"font-weight: 400\">Engenharia Mec\u00e2nica: <\/span><a href=\"mailto:leandro@inf.ufsm.br\"><span style=\"font-weight: 400\">leandro@inf.ufsm.br<\/span><\/a><span style=\"font-weight: 400\"> (Coordenador) ou <\/span><a href=\"mailto:cesar.g.santos@ufsm.br\"><span style=\"font-weight: 400\">cesar.g.santos@ufsm.br<\/span><\/a><span style=\"font-weight: 400\"> (Coordenador Substituto).<\/span><\/li>\n<li style=\"font-weight: 400\"><span style=\"font-weight: 400\">Engenharia Qu\u00edmica: <\/span><a href=\"mailto:flavio.mayer@ufsm.br\"><span style=\"font-weight: 400\">flavio.mayer@ufsm.br<\/span><\/a><span style=\"font-weight: 400\"> (Coordenador) ou <\/span><a href=\"mailto:rodolfo.rodrigues@ufsm.br\"><span style=\"font-weight: 400\">rodolfo.rodrigues@ufsm.br<\/span><\/a><span style=\"font-weight: 400\"> (Coordenador Substituto).\u00a0<\/span><\/li>\n<\/ul>\n","protected":false},"excerpt":{"rendered":"<p>O sistema realiza a matr\u00edcula dos alunos ingressantes automaticamente nas disciplinas do primeiro semestre. Caso voc\u00ea venha de outro curso da UFSM, ou de outra Institui\u00e7\u00e3o de Ensino Superior, e j\u00e1 tenha disciplinas para aproveitar: Voc\u00ea deve entrar em contato com a Coordena\u00e7\u00e3o do Curso, para verificar a grade de disciplinas. Ap\u00f3s, deve solicitar dispensa [&hellip;]<\/p>\n","protected":false},"author":425,"featured_media":0,"parent":0,"menu_order":0,"comment_status":"closed","ping_status":"closed","template":"","meta":{"footnotes":""},"categories":[],"tags":[],"class_list":["post-1010","page","type-page","status-publish","hentry"],"acf":[],"_links":{"self":[{"href":"https:\/\/www.ufsm.br\/cursos\/graduacao\/santa-maria\/engenharia-mecanica\/wp-json\/wp\/v2\/pages\/1010","targetHints":{"allow":["GET"]}}],"collection":[{"href":"https:\/\/www.ufsm.br\/cursos\/graduacao\/santa-maria\/engenharia-mecanica\/wp-json\/wp\/v2\/pages"}],"about":[{"href":"https:\/\/www.ufsm.br\/cursos\/graduacao\/santa-maria\/engenharia-mecanica\/wp-json\/wp\/v2\/types\/page"}],"author":[{"embeddable":true,"href":"https:\/\/www.ufsm.br\/cursos\/graduacao\/santa-maria\/engenharia-mecanica\/wp-json\/wp\/v2\/users\/425"}],"replies":[{"embeddable":true,"href":"https:\/\/www.ufsm.br\/cursos\/graduacao\/santa-maria\/engenharia-mecanica\/wp-json\/wp\/v2\/comments?post=1010"}],"version-history":[{"count":0,"href":"https:\/\/www.ufsm.br\/cursos\/graduacao\/santa-maria\/engenharia-mecanica\/wp-json\/wp\/v2\/pages\/1010\/revisions"}],"wp:attachment":[{"href":"https:\/\/www.ufsm.br\/cursos\/graduacao\/santa-maria\/engenharia-mecanica\/wp-json\/wp\/v2\/media?parent=1010"}],"wp:term":[{"taxonomy":"category","embeddable":true,"href":"https:\/\/www.ufsm.br\/cursos\/graduacao\/santa-maria\/engenharia-mecanica\/wp-json\/wp\/v2\/categories?post=1010"},{"taxonomy":"post_tag","embeddable":true,"href":"https:\/\/www.ufsm.br\/cursos\/graduacao\/santa-maria\/engenharia-mecanica\/wp-json\/wp\/v2\/tags?post=1010"}],"curies":[{"name":"wp","href":"https:\/\/api.w.org\/{rel}","templated":true}]}}