{"id":1011,"date":"2023-03-06T13:06:56","date_gmt":"2023-03-06T16:06:56","guid":{"rendered":"https:\/\/www.ufsm.br\/cursos\/graduacao\/santa-maria\/engenharia-mecanica\/?page_id=1011"},"modified":"2023-03-06T13:08:10","modified_gmt":"2023-03-06T16:08:10","slug":"reforma-curricular-2","status":"publish","type":"page","link":"https:\/\/www.ufsm.br\/cursos\/graduacao\/santa-maria\/engenharia-mecanica\/reforma-curricular-2","title":{"rendered":"<strong>REFORMA CURRICULAR<\/strong>"},"content":{"rendered":"\n<p style=\"text-align: justify\"><span style=\"font-weight: 400\">Os alunos devem entrar em contato <strong>direta e exclusivamente<\/strong> com os respectivos Coordenadores para informa\u00e7\u00f5es sobre a Reforma Curricular e poss\u00edvel migra\u00e7\u00e3o\/adapta\u00e7\u00e3o Curricular:<\/span><\/p>\n<ul style=\"text-align: justify\">\n<li style=\"font-weight: 400\"><span style=\"font-weight: 400\">Engenharia Civil: <\/span><a href=\"mailto:elismaziero@gmail.com\"><span style=\"font-weight: 400\">elismaziero@gmail.com<\/span><\/a><span style=\"font-weight: 400\"> (Coordenadora) ou <\/span><a href=\"mailto:rodrigo.silveira@ufsm.br\"><span style=\"font-weight: 400\">rodrigo.silveira@ufsm.br<\/span><\/a><span style=\"font-weight: 400\"> (Coordenador Substituto).<\/span><\/li>\n<li style=\"font-weight: 400\"><span style=\"font-weight: 400\">Engenharia El\u00e9trica: <\/span><a href=\"mailto:lucas@gepoc.ufsm.br\"><span style=\"font-weight: 400\">lucas@gepoc.ufsm.br<\/span><\/a><span style=\"font-weight: 400\"> (Coordenador) ou <\/span><a href=\"mailto:diego.ramos@ufsm.br\"><span style=\"font-weight: 400\">diego.ramos@ufsm.br<\/span><\/a><span style=\"font-weight: 400\"> (Coordenador Substituto).<\/span><\/li>\n<li style=\"font-weight: 400\"><span style=\"font-weight: 400\">Engenharia Mec\u00e2nica: <\/span><a href=\"mailto:leandro@inf.ufsm.br\"><span style=\"font-weight: 400\">leandro@inf.ufsm.br<\/span><\/a><span style=\"font-weight: 400\"> (Coordenador) ou <\/span><a href=\"mailto:cesar.g.santos@ufsm.br\"><span style=\"font-weight: 400\">cesar.g.santos@ufsm.br<\/span><\/a><span style=\"font-weight: 400\"> (Coordenador Substituto).<\/span><\/li>\n<li style=\"font-weight: 400\">Engenharia Qu\u00edmica: <a style=\"font-size: revert\" href=\"mailto:flavio.mayer@ufsm.br\">flavio.mayer@ufsm.br<\/a><span style=\"font-weight: 400\"> (Coordenador) ou <\/span><a style=\"font-size: revert\" href=\"mailto:rodolfo.rodrigues@ufsm.br\">rodolfo.rodrigues@ufsm.br<\/a><span style=\"font-weight: 400\"> (Coordenador Substituto).<\/span><\/li>\n<\/ul>\n","protected":false},"excerpt":{"rendered":"<p>Os alunos devem entrar em contato direta e exclusivamente com os respectivos Coordenadores para informa\u00e7\u00f5es sobre a Reforma Curricular e poss\u00edvel migra\u00e7\u00e3o\/adapta\u00e7\u00e3o Curricular: Engenharia Civil: elismaziero@gmail.com (Coordenadora) ou rodrigo.silveira@ufsm.br (Coordenador Substituto). Engenharia El\u00e9trica: lucas@gepoc.ufsm.br (Coordenador) ou diego.ramos@ufsm.br (Coordenador Substituto). Engenharia Mec\u00e2nica: leandro@inf.ufsm.br (Coordenador) ou cesar.g.santos@ufsm.br (Coordenador Substituto). Engenharia Qu\u00edmica: flavio.mayer@ufsm.br (Coordenador) ou rodolfo.rodrigues@ufsm.br (Coordenador Substituto).<\/p>\n","protected":false},"author":425,"featured_media":0,"parent":0,"menu_order":0,"comment_status":"closed","ping_status":"closed","template":"","meta":{"footnotes":""},"categories":[],"tags":[],"class_list":["post-1011","page","type-page","status-publish","hentry"],"acf":[],"_links":{"self":[{"href":"https:\/\/www.ufsm.br\/cursos\/graduacao\/santa-maria\/engenharia-mecanica\/wp-json\/wp\/v2\/pages\/1011","targetHints":{"allow":["GET"]}}],"collection":[{"href":"https:\/\/www.ufsm.br\/cursos\/graduacao\/santa-maria\/engenharia-mecanica\/wp-json\/wp\/v2\/pages"}],"about":[{"href":"https:\/\/www.ufsm.br\/cursos\/graduacao\/santa-maria\/engenharia-mecanica\/wp-json\/wp\/v2\/types\/page"}],"author":[{"embeddable":true,"href":"https:\/\/www.ufsm.br\/cursos\/graduacao\/santa-maria\/engenharia-mecanica\/wp-json\/wp\/v2\/users\/425"}],"replies":[{"embeddable":true,"href":"https:\/\/www.ufsm.br\/cursos\/graduacao\/santa-maria\/engenharia-mecanica\/wp-json\/wp\/v2\/comments?post=1011"}],"version-history":[{"count":0,"href":"https:\/\/www.ufsm.br\/cursos\/graduacao\/santa-maria\/engenharia-mecanica\/wp-json\/wp\/v2\/pages\/1011\/revisions"}],"wp:attachment":[{"href":"https:\/\/www.ufsm.br\/cursos\/graduacao\/santa-maria\/engenharia-mecanica\/wp-json\/wp\/v2\/media?parent=1011"}],"wp:term":[{"taxonomy":"category","embeddable":true,"href":"https:\/\/www.ufsm.br\/cursos\/graduacao\/santa-maria\/engenharia-mecanica\/wp-json\/wp\/v2\/categories?post=1011"},{"taxonomy":"post_tag","embeddable":true,"href":"https:\/\/www.ufsm.br\/cursos\/graduacao\/santa-maria\/engenharia-mecanica\/wp-json\/wp\/v2\/tags?post=1011"}],"curies":[{"name":"wp","href":"https:\/\/api.w.org\/{rel}","templated":true}]}}