{"id":1016,"date":"2023-03-06T13:10:01","date_gmt":"2023-03-06T16:10:01","guid":{"rendered":"https:\/\/www.ufsm.br\/cursos\/graduacao\/santa-maria\/engenharia-mecanica\/?page_id=1016"},"modified":"2023-03-06T13:10:03","modified_gmt":"2023-03-06T16:10:03","slug":"solicitacao-e-processamento-de-matricula","status":"publish","type":"page","link":"https:\/\/www.ufsm.br\/cursos\/graduacao\/santa-maria\/engenharia-mecanica\/solicitacao-e-processamento-de-matricula","title":{"rendered":"<strong>SOLICITA\u00c7\u00c3O E PROCESSAMENTO DE MATR\u00cdCULA<\/strong>"},"content":{"rendered":"\n<p style=\"text-align: justify\"><span style=\"font-weight: 400\">Os alunos dever\u00e3o solicitar matr\u00edcula, conforme cronograma abaixo, <\/span><b>sempre respeitando a sequ\u00eancia aconselhada do Curso<\/b><span style=\"font-weight: 400\">.<\/span><\/p>\n<p style=\"text-align: justify\"><span style=\"font-weight: 400\">\u00c9 de responsabilidade do aluno verificar se as disciplinas solicitadas foram matriculadas, ap\u00f3s o processamento.<\/span><\/p>\n<p style=\"text-align: justify\"><span style=\"font-weight: 400\">ATEN\u00c7\u00c3O! <\/span><b>A solicita\u00e7\u00e3o n\u00e3o garante matr\u00edcula na disciplina, apenas o processamento definir\u00e1 as disciplinas matriculadas no semestre.<\/b><\/p>\n<ul>\n<li style=\"font-weight: 400;text-align: justify\"><span style=\"font-weight: 400\">Per\u00edodo de solicita\u00e7\u00e3o de matr\u00edcula, <\/span><span style=\"font-weight: 400\">via Portal do Aluno<\/span><span style=\"font-weight: 400\">: 08 a 13\/03.<\/span><\/li>\n<li style=\"font-weight: 400;text-align: justify\"><span style=\"font-weight: 400\">Primeiro processamento: 14\/03 &#8211; O processamento de matr\u00edcula \u00e9 feito <\/span><b>automaticamente pelo sistema<\/b><span style=\"font-weight: 400\">.<\/span><\/li>\n<li style=\"font-weight: 400;text-align: justify\"><span style=\"font-weight: 400\">Per\u00edodo de ajuste de matr\u00edcula, <\/span><span style=\"font-weight: 400\">via Portal do Aluno<\/span><span style=\"font-weight: 400\">: 15 e 16\/03.<\/span><\/li>\n<li style=\"font-weight: 400;text-align: justify\"><span style=\"font-weight: 400\">Segundo processamento: 17\/03 &#8211; O processamento de matr\u00edcula \u00e9 feito <\/span><b>automaticamente pelo sistema<\/b><span style=\"font-weight: 400\">.<\/span><\/li>\n<\/ul>\n","protected":false},"excerpt":{"rendered":"<p>Os alunos dever\u00e3o solicitar matr\u00edcula, conforme cronograma abaixo, sempre respeitando a sequ\u00eancia aconselhada do Curso. \u00c9 de responsabilidade do aluno verificar se as disciplinas solicitadas foram matriculadas, ap\u00f3s o processamento. ATEN\u00c7\u00c3O! A solicita\u00e7\u00e3o n\u00e3o garante matr\u00edcula na disciplina, apenas o processamento definir\u00e1 as disciplinas matriculadas no semestre. Per\u00edodo de solicita\u00e7\u00e3o de matr\u00edcula, via Portal do [&hellip;]<\/p>\n","protected":false},"author":425,"featured_media":0,"parent":0,"menu_order":0,"comment_status":"closed","ping_status":"closed","template":"","meta":{"footnotes":""},"categories":[],"tags":[],"class_list":["post-1016","page","type-page","status-publish","hentry"],"acf":[],"_links":{"self":[{"href":"https:\/\/www.ufsm.br\/cursos\/graduacao\/santa-maria\/engenharia-mecanica\/wp-json\/wp\/v2\/pages\/1016","targetHints":{"allow":["GET"]}}],"collection":[{"href":"https:\/\/www.ufsm.br\/cursos\/graduacao\/santa-maria\/engenharia-mecanica\/wp-json\/wp\/v2\/pages"}],"about":[{"href":"https:\/\/www.ufsm.br\/cursos\/graduacao\/santa-maria\/engenharia-mecanica\/wp-json\/wp\/v2\/types\/page"}],"author":[{"embeddable":true,"href":"https:\/\/www.ufsm.br\/cursos\/graduacao\/santa-maria\/engenharia-mecanica\/wp-json\/wp\/v2\/users\/425"}],"replies":[{"embeddable":true,"href":"https:\/\/www.ufsm.br\/cursos\/graduacao\/santa-maria\/engenharia-mecanica\/wp-json\/wp\/v2\/comments?post=1016"}],"version-history":[{"count":0,"href":"https:\/\/www.ufsm.br\/cursos\/graduacao\/santa-maria\/engenharia-mecanica\/wp-json\/wp\/v2\/pages\/1016\/revisions"}],"wp:attachment":[{"href":"https:\/\/www.ufsm.br\/cursos\/graduacao\/santa-maria\/engenharia-mecanica\/wp-json\/wp\/v2\/media?parent=1016"}],"wp:term":[{"taxonomy":"category","embeddable":true,"href":"https:\/\/www.ufsm.br\/cursos\/graduacao\/santa-maria\/engenharia-mecanica\/wp-json\/wp\/v2\/categories?post=1016"},{"taxonomy":"post_tag","embeddable":true,"href":"https:\/\/www.ufsm.br\/cursos\/graduacao\/santa-maria\/engenharia-mecanica\/wp-json\/wp\/v2\/tags?post=1016"}],"curies":[{"name":"wp","href":"https:\/\/api.w.org\/{rel}","templated":true}]}}