{"id":1018,"date":"2023-03-06T13:10:46","date_gmt":"2023-03-06T16:10:46","guid":{"rendered":"https:\/\/www.ufsm.br\/cursos\/graduacao\/santa-maria\/engenharia-mecanica\/?page_id=1018"},"modified":"2023-03-21T11:30:34","modified_gmt":"2023-03-21T14:30:34","slug":"disciplinas-do-primeiro-semestre-2","status":"publish","type":"page","link":"https:\/\/www.ufsm.br\/cursos\/graduacao\/santa-maria\/engenharia-mecanica\/disciplinas-do-primeiro-semestre-2","title":{"rendered":"<strong>DISCIPLINAS DO PRIMEIRO SEMESTRE<\/strong>"},"content":{"rendered":"\n<p style=\"text-align: justify\"><span style=\"font-weight: 400\">As disciplinas do primeiro semestre <\/span><b>s\u00e3o prioridades para os calouros<\/b><span style=\"font-weight: 400\">. Dessa forma, o aluno s\u00f3 conseguir\u00e1 <\/span><b>solicitar <\/b><span style=\"font-weight: 400\">matr\u00edcula no per\u00edodo de ajuste na Coordena\u00e7\u00e3o na primeira semana de aula, conforme informa\u00e7\u00f5es abaixo:<\/span><\/p>\n<p style=\"text-align: justify\"><span style=\"font-weight: 400\">Os 04 Cursos ainda n\u00e3o preencheram\u00a0 completamente as vagas dos ingressantes. E, como as disciplinas do primeiro semestre s\u00e3o priorit\u00e1rias aos calouros, <\/span><b>n\u00e3o estar\u00e3o dispon\u00edveis para solicita\u00e7\u00e3o via Portal do Aluno<\/b><span style=\"font-weight: 400\">. Sendo assim, ser\u00e1 feita uma lista de espera aos demais alunos do Curso.<\/span><\/p>\n<p style=\"text-align: justify\"><span style=\"font-weight: 400\">Para isso, os alunos dever\u00e3o preencher formul\u00e1rio dispon\u00edvel neste <\/span><a href=\"https:\/\/forms.gle\/A3mXqFQXFmAPBmTi7\"><span style=\"font-weight: 400\">link<\/span><\/a><span style=\"font-weight: 400\">. (o acesso ao link \u00e9 restrito para quem tem e-mail acad\u00eamico).\u00a0<\/span><\/p>\n<p style=\"text-align: justify\"><span style=\"font-weight: 400\">O formul\u00e1rio ficar\u00e1 dispon\u00edvel do dia 15 a 23\/03.<\/span><\/p>\n<p>Algumas disciplinas possuem mais vagas que o total de ingressantes, sendo assim, a matr\u00edcula ser\u00e1 efetuada, conforme ordem de matr\u00edcula.<\/p>\n<ul>\n<li>O formul\u00e1rio ser\u00e1 fechado \u00e0s 11h30min nos dias 20, 21, 22 e 23, para realizar os procedimentos necess\u00e1rios, conforme solicita\u00e7\u00f5es e ordem de matr\u00edcula, e saldo de vagas.<\/li>\n<li>O formul\u00e1rio ser\u00e1 reaberto \u00e0s 17h dos dias 20, 21 e 22, para novas solicita\u00e7\u00f5es.<\/li>\n<\/ul>\n<p>Salientamos que, mesmo que no site do Curso, no Menu hor\u00e1rios, apare\u00e7am vagas sobrando na disciplina, elas est\u00e3o reservadas aos alunos ingressantes.<\/p>\n<p style=\"text-align: justify\"><span style=\"font-weight: 400\">Os alunos poder\u00e3o verificar a matr\u00edcula no Portal do Aluno ou neste <\/span><a href=\"https:\/\/docs.google.com\/spreadsheets\/d\/1fm1xzA6f1-PxWSwFyu99V5cOqpGhT1FNPFwVk2BRpxs\/edit?usp=sharing\"><span style=\"font-weight: 400\">link<\/span><\/a><span style=\"font-weight: 400\">. (o acesso ao link \u00e9 restrito para quem estiver logado no pr\u00f3prio e-mail acad\u00eamico) &#8211; como LEITOR.<\/span><\/p>\n<p>Para verificar ordem de matr\u00edcula:<\/p>\n<ul>\n<li><a href=\"https:\/\/docs.google.com\/spreadsheets\/d\/1hyDR9ZCK62iw19h7lcXPgMu-ygntmi1b\/edit?usp=sharing&amp;ouid=117997261054449239457&amp;rtpof=true&amp;sd=true\">Engenharia Civil<\/a> (o acesso ao link \u00e9 restrito para quem estiver logado no pr\u00f3prio e-mail acad\u00eamico)<span style=\"font-weight: 400\">\u00a0&#8211; como LEITOR.<\/span><\/li>\n<li><a href=\"https:\/\/docs.google.com\/spreadsheets\/d\/1b6AtPor49H8gv2acT8fVDbTM86mbniBZ\/edit?usp=sharing&amp;ouid=117997261054449239457&amp;rtpof=true&amp;sd=true\">Engenharia El\u00e9trica<\/a> (o acesso ao link \u00e9 restrito para quem estiver logado no pr\u00f3prio e-mail acad\u00eamico)<span style=\"font-weight: 400\">\u00a0&#8211; como LEITOR.<\/span><\/li>\n<li><a href=\"https:\/\/docs.google.com\/spreadsheets\/d\/1qIfIUnppCleCYrB8cOltmVwlNNwOiAS3\/edit?usp=sharing&amp;ouid=117997261054449239457&amp;rtpof=true&amp;sd=true\">Engenharia Mec\u00e2nica<\/a> (o acesso ao link \u00e9 restrito para quem estiver logado no pr\u00f3prio e-mail acad\u00eamico)<span style=\"font-weight: 400\">\u00a0&#8211; como LEITOR.<\/span><\/li>\n<li><a href=\"https:\/\/docs.google.com\/spreadsheets\/d\/1c8xPWEpd3PAxVrTj6TJKNP1XAMKACZBT\/edit?usp=sharing&amp;ouid=117997261054449239457&amp;rtpof=true&amp;sd=true\">Engenharia Qu\u00edmica<\/a><span style=\"font-weight: 400\">\u00a0(o acesso ao link \u00e9 restrito para quem estiver logado no pr\u00f3prio e-mail acad\u00eamico) &#8211; como LEITOR.<\/span><\/li>\n<\/ul>\n","protected":false},"excerpt":{"rendered":"<p>As disciplinas do primeiro semestre s\u00e3o prioridades para os calouros. Dessa forma, o aluno s\u00f3 conseguir\u00e1 solicitar matr\u00edcula no per\u00edodo de ajuste na Coordena\u00e7\u00e3o na primeira semana de aula, conforme informa\u00e7\u00f5es abaixo: Os 04 Cursos ainda n\u00e3o preencheram\u00a0 completamente as vagas dos ingressantes. E, como as disciplinas do primeiro semestre s\u00e3o priorit\u00e1rias aos calouros, n\u00e3o [&hellip;]<\/p>\n","protected":false},"author":425,"featured_media":0,"parent":0,"menu_order":0,"comment_status":"closed","ping_status":"closed","template":"","meta":{"footnotes":""},"categories":[],"tags":[],"class_list":["post-1018","page","type-page","status-publish","hentry"],"acf":[],"_links":{"self":[{"href":"https:\/\/www.ufsm.br\/cursos\/graduacao\/santa-maria\/engenharia-mecanica\/wp-json\/wp\/v2\/pages\/1018","targetHints":{"allow":["GET"]}}],"collection":[{"href":"https:\/\/www.ufsm.br\/cursos\/graduacao\/santa-maria\/engenharia-mecanica\/wp-json\/wp\/v2\/pages"}],"about":[{"href":"https:\/\/www.ufsm.br\/cursos\/graduacao\/santa-maria\/engenharia-mecanica\/wp-json\/wp\/v2\/types\/page"}],"author":[{"embeddable":true,"href":"https:\/\/www.ufsm.br\/cursos\/graduacao\/santa-maria\/engenharia-mecanica\/wp-json\/wp\/v2\/users\/425"}],"replies":[{"embeddable":true,"href":"https:\/\/www.ufsm.br\/cursos\/graduacao\/santa-maria\/engenharia-mecanica\/wp-json\/wp\/v2\/comments?post=1018"}],"version-history":[{"count":0,"href":"https:\/\/www.ufsm.br\/cursos\/graduacao\/santa-maria\/engenharia-mecanica\/wp-json\/wp\/v2\/pages\/1018\/revisions"}],"wp:attachment":[{"href":"https:\/\/www.ufsm.br\/cursos\/graduacao\/santa-maria\/engenharia-mecanica\/wp-json\/wp\/v2\/media?parent=1018"}],"wp:term":[{"taxonomy":"category","embeddable":true,"href":"https:\/\/www.ufsm.br\/cursos\/graduacao\/santa-maria\/engenharia-mecanica\/wp-json\/wp\/v2\/categories?post=1018"},{"taxonomy":"post_tag","embeddable":true,"href":"https:\/\/www.ufsm.br\/cursos\/graduacao\/santa-maria\/engenharia-mecanica\/wp-json\/wp\/v2\/tags?post=1018"}],"curies":[{"name":"wp","href":"https:\/\/api.w.org\/{rel}","templated":true}]}}