{"id":1019,"date":"2023-03-06T13:11:48","date_gmt":"2023-03-06T16:11:48","guid":{"rendered":"https:\/\/www.ufsm.br\/cursos\/graduacao\/santa-maria\/engenharia-mecanica\/?page_id=1019"},"modified":"2023-03-06T13:11:49","modified_gmt":"2023-03-06T16:11:49","slug":"disciplinas-por-resolucao-2","status":"publish","type":"page","link":"https:\/\/www.ufsm.br\/cursos\/graduacao\/santa-maria\/engenharia-mecanica\/disciplinas-por-resolucao-2","title":{"rendered":"<strong>DISCIPLINAS POR RESOLU\u00c7\u00c3O<\/strong>"},"content":{"rendered":"\n<p style=\"text-align: justify\"><span style=\"font-weight: 400\">Com o retorno \u00e0 presencialidade algumas disciplinas com turma de Resolu\u00e7\u00e3o 032\/2015, tamb\u00e9m conhecida como Resolu\u00e7\u00e3o 05\/95, foram ofertadas novamente.<\/span><\/p>\n<p style=\"text-align: justify\"><span style=\"font-weight: 400\">Para verificar os requisitos da Resolu\u00e7\u00e3o 032\/2015, <\/span><a href=\"https:\/\/www.ufsm.br\/pro-reitorias\/proplan\/resolucao-n-032-2015\"><span style=\"font-weight: 400\">clique aqui<\/span><\/a><span style=\"font-weight: 400\">.<\/span><\/p>\n<p style=\"text-align: justify\"><span style=\"font-weight: 400\">Caso o aluno preencha os requisitos, a solicita\u00e7\u00e3o de matr\u00edcula dever\u00e1 ser feita <\/span><b>apenas<\/b><span style=\"font-weight: 400\"> pelo Portal do Aluno.<\/span><\/p>\n<p style=\"text-align: justify\"><span style=\"font-weight: 400\">Casos diferenciados dever\u00e3o ser solicitados por e-mail, <\/span><b>diretamente e exclusivamente com os Coordenadores<\/b><span style=\"font-weight: 400\">:<\/span><\/p>\n<ul>\n<li style=\"font-weight: 400;text-align: justify\"><span style=\"font-weight: 400\">Engenharia Civil: <\/span><a href=\"mailto:elismaziero@gmail.com\"><span style=\"font-weight: 400\">elismaziero@gmail.com<\/span><\/a><span style=\"font-weight: 400\"> (Coordenadora) ou <\/span><a href=\"mailto:rodrigo.silveira@ufsm.br\"><span style=\"font-weight: 400\">rodrigo.silveira@ufsm.br<\/span><\/a><span style=\"font-weight: 400\"> (Coordenador Substituto).<\/span><\/li>\n<li style=\"font-weight: 400;text-align: justify\"><span style=\"font-weight: 400\">Engenharia El\u00e9trica: <\/span><a href=\"mailto:lucas@gepoc.ufsm.br\"><span style=\"font-weight: 400\">lucas@gepoc.ufsm.br<\/span><\/a><span style=\"font-weight: 400\"> (Coordenador) ou <\/span><a href=\"mailto:diego.ramos@ufsm.br\"><span style=\"font-weight: 400\">diego.ramos@ufsm.br<\/span><\/a><span style=\"font-weight: 400\"> (Coordenador Substituto).<\/span><\/li>\n<li style=\"font-weight: 400;text-align: justify\"><span style=\"font-weight: 400\">Engenharia Mec\u00e2nica: <\/span><a href=\"mailto:leandro@inf.ufsm.br\"><span style=\"font-weight: 400\">leandro@inf.ufsm.br<\/span><\/a><span style=\"font-weight: 400\"> (Coordenador) ou <\/span><a href=\"mailto:cesar.g.santos@ufsm.br\"><span style=\"font-weight: 400\">cesar.g.santos@ufsm.br<\/span><\/a><span style=\"font-weight: 400\"> (Coordenador Substituto).<\/span><\/li>\n<li style=\"font-weight: 400;text-align: justify\"><span style=\"font-weight: 400\">Engenharia Qu\u00edmica: <\/span><a href=\"mailto:flavio.mayer@ufsm.br\"><span style=\"font-weight: 400\">flavio.mayer@ufsm.br<\/span><\/a><span style=\"font-weight: 400\"> (Coordenador) ou <\/span><a href=\"mailto:rodolfo.rodrigues@ufsm.br\"><span style=\"font-weight: 400\">rodolfo.rodrigues@ufsm.br<\/span><\/a><span style=\"font-weight: 400\"> (Coordenador Substituto).\u00a0<\/span><\/li>\n<\/ul>\n","protected":false},"excerpt":{"rendered":"<p>Com o retorno \u00e0 presencialidade algumas disciplinas com turma de Resolu\u00e7\u00e3o 032\/2015, tamb\u00e9m conhecida como Resolu\u00e7\u00e3o 05\/95, foram ofertadas novamente. Para verificar os requisitos da Resolu\u00e7\u00e3o 032\/2015, clique aqui. Caso o aluno preencha os requisitos, a solicita\u00e7\u00e3o de matr\u00edcula dever\u00e1 ser feita apenas pelo Portal do Aluno. Casos diferenciados dever\u00e3o ser solicitados por e-mail, diretamente [&hellip;]<\/p>\n","protected":false},"author":425,"featured_media":0,"parent":0,"menu_order":0,"comment_status":"closed","ping_status":"closed","template":"","meta":{"footnotes":""},"categories":[],"tags":[],"class_list":["post-1019","page","type-page","status-publish","hentry"],"acf":[],"_links":{"self":[{"href":"https:\/\/www.ufsm.br\/cursos\/graduacao\/santa-maria\/engenharia-mecanica\/wp-json\/wp\/v2\/pages\/1019","targetHints":{"allow":["GET"]}}],"collection":[{"href":"https:\/\/www.ufsm.br\/cursos\/graduacao\/santa-maria\/engenharia-mecanica\/wp-json\/wp\/v2\/pages"}],"about":[{"href":"https:\/\/www.ufsm.br\/cursos\/graduacao\/santa-maria\/engenharia-mecanica\/wp-json\/wp\/v2\/types\/page"}],"author":[{"embeddable":true,"href":"https:\/\/www.ufsm.br\/cursos\/graduacao\/santa-maria\/engenharia-mecanica\/wp-json\/wp\/v2\/users\/425"}],"replies":[{"embeddable":true,"href":"https:\/\/www.ufsm.br\/cursos\/graduacao\/santa-maria\/engenharia-mecanica\/wp-json\/wp\/v2\/comments?post=1019"}],"version-history":[{"count":0,"href":"https:\/\/www.ufsm.br\/cursos\/graduacao\/santa-maria\/engenharia-mecanica\/wp-json\/wp\/v2\/pages\/1019\/revisions"}],"wp:attachment":[{"href":"https:\/\/www.ufsm.br\/cursos\/graduacao\/santa-maria\/engenharia-mecanica\/wp-json\/wp\/v2\/media?parent=1019"}],"wp:term":[{"taxonomy":"category","embeddable":true,"href":"https:\/\/www.ufsm.br\/cursos\/graduacao\/santa-maria\/engenharia-mecanica\/wp-json\/wp\/v2\/categories?post=1019"},{"taxonomy":"post_tag","embeddable":true,"href":"https:\/\/www.ufsm.br\/cursos\/graduacao\/santa-maria\/engenharia-mecanica\/wp-json\/wp\/v2\/tags?post=1019"}],"curies":[{"name":"wp","href":"https:\/\/api.w.org\/{rel}","templated":true}]}}