{"id":1020,"date":"2023-03-06T13:13:11","date_gmt":"2023-03-06T16:13:11","guid":{"rendered":"https:\/\/www.ufsm.br\/cursos\/graduacao\/santa-maria\/engenharia-mecanica\/?page_id=1020"},"modified":"2023-03-08T09:35:36","modified_gmt":"2023-03-08T12:35:36","slug":"quadro-de-horarios-2","status":"publish","type":"page","link":"https:\/\/www.ufsm.br\/cursos\/graduacao\/santa-maria\/engenharia-mecanica\/quadro-de-horarios-2","title":{"rendered":"<strong>QUADRO DE HOR\u00c1RIOS<\/strong>"},"content":{"rendered":"\n<p style=\"text-align: justify\"><span style=\"font-weight: 400\">Nos links abaixo \u00e9 poss\u00edvel verificar o quadro de hor\u00e1rios de cada curso, junto com as disciplinas em que os alunos do Curr\u00edculo antigo poder\u00e3o solicitar no Curr\u00edculo novo e depois solicitar dispensa.\u00a0<\/span><\/p>\n<ul style=\"text-align: justify\">\n<li style=\"font-weight: 400\"><span style=\"font-weight: 400\">Engenharia Civil: <\/span><a href=\"https:\/\/docs.google.com\/spreadsheets\/d\/131Tw4YIjQnFfQuA_z1r7NF2HywD7NOLojk2RlcRxEVM\/edit?usp=sharing\"><span style=\"font-weight: 400\">clique aqui<\/span><\/a><span style=\"font-weight: 400\">.\u00a0 (o acesso ao link \u00e9 restrito para quem tem e-mail acad\u00eamico) &#8211; como LEITOR.<\/span><\/li>\n<li style=\"font-weight: 400\"><span style=\"font-weight: 400\">Engenharia El\u00e9trica: <\/span><a href=\"https:\/\/docs.google.com\/spreadsheets\/d\/1218-I1-f2mBYivbXPdQu4pfBUqb-u1lxlySpVU4NRLw\/edit?usp=sharing\"><span style=\"font-weight: 400\">clique aqui<\/span><\/a><span style=\"font-weight: 400\">.\u00a0 (o acesso ao link \u00e9 restrito para quem tem e-mail acad\u00eamico) &#8211; como LEITOR.<\/span><\/li>\n<li style=\"font-weight: 400\"><span style=\"font-weight: 400\">Engenharia Mec\u00e2nica: <\/span><a href=\"https:\/\/docs.google.com\/spreadsheets\/d\/1YDewNoomTS7TFp2IXOkVm3gG0hZSqUgJOF7ymldiSms\/edit?usp=sharing\"><span style=\"font-weight: 400\">clique aqui<\/span><\/a><span style=\"font-weight: 400\">.\u00a0 (o acesso ao link \u00e9 restrito para quem tem e-mail acad\u00eamico) &#8211; como LEITOR.<\/span><\/li>\n<li style=\"font-weight: 400\"><span style=\"font-weight: 400\">Engenharia Qu\u00edmica: <\/span><a href=\"https:\/\/docs.google.com\/spreadsheets\/d\/1_446K2OndLlw-0GZnGbRDjS7OZ3eiUIHOLpRePtWDJw\/edit?usp=sharing\"><span style=\"font-weight: 400\">clique aqui<\/span><\/a><span style=\"font-weight: 400\">.\u00a0 (o acesso ao link \u00e9 restrito para quem tem e-mail acad\u00eamico) &#8211; como LEITOR.<\/span><\/li>\n<\/ul>\n<p style=\"text-align: justify\"><span style=\"font-weight: 400\">As planilhas foram revisadas pelos Coordenadores dos Cursos, caso encontre alguma inconsist\u00eancia, entre em contato diretamente com os Coordenadores:<\/span><\/p>\n<ul>\n<li style=\"font-weight: 400\"><span style=\"font-weight: 400\">Engenharia Civil: <\/span><a href=\"mailto:elismaziero@gmail.com\"><span style=\"font-weight: 400\">elismaziero@gmail.com<\/span><\/a><span style=\"font-weight: 400\"> (Coordenadora) ou <\/span><a href=\"mailto:rodrigo.silveira@ufsm.br\"><span style=\"font-weight: 400\">rodrigo.silveira@ufsm.br<\/span><\/a><span style=\"font-weight: 400\"> (Coordenador Substituto).<\/span><\/li>\n<li style=\"font-weight: 400\"><span style=\"font-weight: 400\">Engenharia El\u00e9trica: <\/span><a href=\"mailto:lucas@gepoc.ufsm.br\"><span style=\"font-weight: 400\">lucas@gepoc.ufsm.br<\/span><\/a><span style=\"font-weight: 400\"> (Coordenador) ou <\/span><a href=\"mailto:diego.ramos@ufsm.br\"><span style=\"font-weight: 400\">diego.ramos@ufsm.br<\/span><\/a><span style=\"font-weight: 400\"> (Coordenador Substituto).<\/span><\/li>\n<li style=\"font-weight: 400\"><span style=\"font-weight: 400\">Engenharia Mec\u00e2nica: <\/span><a href=\"mailto:leandro@inf.ufsm.br\"><span style=\"font-weight: 400\">leandro@inf.ufsm.br<\/span><\/a><span style=\"font-weight: 400\"> (Coordenador) ou <\/span><a href=\"mailto:cesar.g.santos@ufsm.br\"><span style=\"font-weight: 400\">cesar.g.santos@ufsm.br<\/span><\/a><span style=\"font-weight: 400\"> (Coordenador Substituto).<\/span><\/li>\n<li style=\"font-weight: 400\"><span style=\"font-weight: 400\">Engenharia Qu\u00edmica: <\/span><a href=\"mailto:flavio.mayer@ufsm.br\"><span style=\"font-weight: 400\">flavio.mayer@ufsm.br<\/span><\/a><span style=\"font-weight: 400\"> (Coordenador) ou <\/span><a href=\"mailto:rodolfo.rodrigues@ufsm.br\"><span style=\"font-weight: 400\">rodolfo.rodrigues@ufsm.br<\/span><\/a><span style=\"font-weight: 400\"> (Coordenador Substituto).\u00a0<\/span><\/li>\n<\/ul>\n","protected":false},"excerpt":{"rendered":"<p>Nos links abaixo \u00e9 poss\u00edvel verificar o quadro de hor\u00e1rios de cada curso, junto com as disciplinas em que os alunos do Curr\u00edculo antigo poder\u00e3o solicitar no Curr\u00edculo novo e depois solicitar dispensa.\u00a0 Engenharia Civil: clique aqui.\u00a0 (o acesso ao link \u00e9 restrito para quem tem e-mail acad\u00eamico) &#8211; como LEITOR. Engenharia El\u00e9trica: clique aqui.\u00a0 [&hellip;]<\/p>\n","protected":false},"author":425,"featured_media":0,"parent":0,"menu_order":0,"comment_status":"closed","ping_status":"closed","template":"","meta":{"footnotes":""},"categories":[],"tags":[],"class_list":["post-1020","page","type-page","status-publish","hentry"],"acf":[],"_links":{"self":[{"href":"https:\/\/www.ufsm.br\/cursos\/graduacao\/santa-maria\/engenharia-mecanica\/wp-json\/wp\/v2\/pages\/1020","targetHints":{"allow":["GET"]}}],"collection":[{"href":"https:\/\/www.ufsm.br\/cursos\/graduacao\/santa-maria\/engenharia-mecanica\/wp-json\/wp\/v2\/pages"}],"about":[{"href":"https:\/\/www.ufsm.br\/cursos\/graduacao\/santa-maria\/engenharia-mecanica\/wp-json\/wp\/v2\/types\/page"}],"author":[{"embeddable":true,"href":"https:\/\/www.ufsm.br\/cursos\/graduacao\/santa-maria\/engenharia-mecanica\/wp-json\/wp\/v2\/users\/425"}],"replies":[{"embeddable":true,"href":"https:\/\/www.ufsm.br\/cursos\/graduacao\/santa-maria\/engenharia-mecanica\/wp-json\/wp\/v2\/comments?post=1020"}],"version-history":[{"count":0,"href":"https:\/\/www.ufsm.br\/cursos\/graduacao\/santa-maria\/engenharia-mecanica\/wp-json\/wp\/v2\/pages\/1020\/revisions"}],"wp:attachment":[{"href":"https:\/\/www.ufsm.br\/cursos\/graduacao\/santa-maria\/engenharia-mecanica\/wp-json\/wp\/v2\/media?parent=1020"}],"wp:term":[{"taxonomy":"category","embeddable":true,"href":"https:\/\/www.ufsm.br\/cursos\/graduacao\/santa-maria\/engenharia-mecanica\/wp-json\/wp\/v2\/categories?post=1020"},{"taxonomy":"post_tag","embeddable":true,"href":"https:\/\/www.ufsm.br\/cursos\/graduacao\/santa-maria\/engenharia-mecanica\/wp-json\/wp\/v2\/tags?post=1020"}],"curies":[{"name":"wp","href":"https:\/\/api.w.org\/{rel}","templated":true}]}}