{"id":1025,"date":"2023-03-06T13:30:03","date_gmt":"2023-03-06T16:30:03","guid":{"rendered":"https:\/\/www.ufsm.br\/cursos\/graduacao\/santa-maria\/engenharia-mecanica\/?page_id=1025"},"modified":"2023-03-06T13:32:42","modified_gmt":"2023-03-06T16:32:42","slug":"engenharia-civil-ajustes-presenciais","status":"publish","type":"page","link":"https:\/\/www.ufsm.br\/cursos\/graduacao\/santa-maria\/engenharia-mecanica\/engenharia-civil-ajustes-presenciais","title":{"rendered":"Engenharia Civil &#8211; Ajustes &#8220;presenciais&#8221;"},"content":{"rendered":"\t\t<div data-elementor-type=\"wp-page\" data-elementor-id=\"1025\" class=\"elementor elementor-1025\">\n\t\t\t\t\t\t<section class=\"elementor-section elementor-top-section elementor-element elementor-element-7d06054f elementor-section-boxed elementor-section-height-default elementor-section-height-default\" data-id=\"7d06054f\" data-element_type=\"section\">\n\t\t\t\t\t\t<div class=\"elementor-container elementor-column-gap-default\">\n\t\t\t\t\t<div class=\"elementor-column elementor-col-100 elementor-top-column elementor-element elementor-element-3782729a\" data-id=\"3782729a\" data-element_type=\"column\">\n\t\t\t<div class=\"elementor-widget-wrap elementor-element-populated\">\n\t\t\t\t\t\t<div class=\"elementor-element elementor-element-485bc6b3 elementor-widget elementor-widget-text-editor\" data-id=\"485bc6b3\" data-element_type=\"widget\" data-widget_type=\"text-editor.default\">\n\t\t\t\t<div class=\"elementor-widget-container\">\n\t\t\t\t\t\t\t<!-- wp:tadv\/classic-paragraph -->\n<p style=\"text-align: justify\"><span style=\"font-weight: 400\">ATEN\u00c7\u00c3O! <\/span><b>N\u00e3o ser\u00e3o realizados ajustes presenciais na Secretaria Integrada.<\/b><\/p>\n<!-- \/wp:tadv\/classic-paragraph -->\t\t\t\t\t\t<\/div>\n\t\t\t\t<\/div>\n\t\t\t\t\t<\/div>\n\t\t<\/div>\n\t\t\t\t\t<\/div>\n\t\t<\/section>\n\t\t\t\t<section class=\"elementor-section elementor-top-section elementor-element elementor-element-0c7f05d elementor-section-boxed elementor-section-height-default elementor-section-height-default\" data-id=\"0c7f05d\" data-element_type=\"section\">\n\t\t\t\t\t\t<div class=\"elementor-container elementor-column-gap-default\">\n\t\t\t\t\t<div class=\"elementor-column elementor-col-100 elementor-top-column elementor-element elementor-element-da94a17\" data-id=\"da94a17\" data-element_type=\"column\">\n\t\t\t<div class=\"elementor-widget-wrap elementor-element-populated\">\n\t\t\t\t\t\t<div class=\"elementor-element elementor-element-208f17c elementor-widget elementor-widget-toggle\" data-id=\"208f17c\" data-element_type=\"widget\" data-widget_type=\"toggle.default\">\n\t\t\t\t<div class=\"elementor-widget-container\">\n\t\t\t\t\t<div class=\"elementor-toggle\">\n\t\t\t\t\t\t\t<div class=\"elementor-toggle-item\">\n\t\t\t\t\t<div id=\"elementor-tab-title-3411\" class=\"elementor-tab-title\" data-tab=\"1\" role=\"button\" aria-controls=\"elementor-tab-content-3411\" aria-expanded=\"false\">\n\t\t\t\t\t\t\t\t\t\t\t\t<span class=\"elementor-toggle-icon elementor-toggle-icon-left\" aria-hidden=\"true\">\n\t\t\t\t\t\t\t\t\t\t\t\t\t\t\t<span class=\"elementor-toggle-icon-closed\"><i class=\"fas fa-caret-right\"><\/i><\/span>\n\t\t\t\t\t\t\t\t<span class=\"elementor-toggle-icon-opened\"><i class=\"elementor-toggle-icon-opened fas fa-caret-up\"><\/i><\/span>\n\t\t\t\t\t\t\t\t\t\t\t\t\t<\/span>\n\t\t\t\t\t\t\t\t\t\t\t\t<a class=\"elementor-toggle-title\" tabindex=\"0\">Turmas sem saldo de vagas<\/a>\n\t\t\t\t\t<\/div>\n\n\t\t\t\t\t<div id=\"elementor-tab-content-3411\" class=\"elementor-tab-content elementor-clearfix\" data-tab=\"1\" role=\"region\" aria-labelledby=\"elementor-tab-title-3411\"><ul>\n<li style=\"font-weight: 400;text-align: justify\"><span style=\"font-weight: 400\">Para turmas sem saldo de vagas, ser\u00e1 disponibilizado um formul\u00e1rio, de 15 a 22\/03, atrav\u00e9s deste <\/span><a href=\"https:\/\/forms.gle\/v35buWVk5dGKp6mQA\"><span style=\"font-weight: 400\">link<\/span><\/a><span style=\"font-weight: 400\">.<\/span><\/li>\n<li style=\"font-weight: 400;text-align: justify\"><span style=\"font-weight: 400\">O aluno dever\u00e1 fazer uma solicita\u00e7\u00e3o por disciplina.<\/span><\/li>\n<li style=\"font-weight: 400;text-align: justify\"><span style=\"font-weight: 400\">A coordena\u00e7\u00e3o analisar\u00e1 as solicita\u00e7\u00f5es e, se autorizado, o ajuste ser\u00e1 feito at\u00e9 o dia 24\/03.<\/span><\/li>\n<li style=\"font-weight: 400;text-align: justify\"><span style=\"font-weight: 400\">Caso o sistema acuse inconsist\u00eancia (choque de hor\u00e1rio, falta de pr\u00e9-requisito), a <\/span><b>solicita\u00e7\u00e3o ser\u00e1 desconsiderada.<\/b><\/li>\n<li style=\"font-weight: 400;text-align: justify\"><span style=\"font-weight: 400\">Solicita\u00e7\u00f5es incompletas (com documenta\u00e7\u00e3o errada, com informa\u00e7\u00f5es incompletas) <\/span><b>ser\u00e3o desconsideradas<\/b><span style=\"font-weight: 400\">.<\/span><\/li>\n<li style=\"font-weight: 400;text-align: justify\"><span style=\"font-weight: 400\">Os alunos poder\u00e3o verificar o andamento das solicita\u00e7\u00f5es atrav\u00e9s deste <\/span><a href=\"https:\/\/docs.google.com\/spreadsheets\/d\/1C5RActj2as2LZU8kZEyo8kn8FwdkMkP6wxUjWLp0mGs\/edit?usp=sharing\"><span style=\"font-weight: 400\">link<\/span><\/a><span style=\"font-weight: 400\">. (o acesso ao link \u00e9 restrito para quem tem e-mail acad\u00eamico) &#8211; como LEITOR.<\/span><\/li>\n<\/ul><\/div>\n\t\t\t\t<\/div>\n\t\t\t\t\t\t\t<div class=\"elementor-toggle-item\">\n\t\t\t\t\t<div id=\"elementor-tab-title-3412\" class=\"elementor-tab-title\" data-tab=\"2\" role=\"button\" aria-controls=\"elementor-tab-content-3412\" aria-expanded=\"false\">\n\t\t\t\t\t\t\t\t\t\t\t\t<span class=\"elementor-toggle-icon elementor-toggle-icon-left\" aria-hidden=\"true\">\n\t\t\t\t\t\t\t\t\t\t\t\t\t\t\t<span class=\"elementor-toggle-icon-closed\"><i class=\"fas fa-caret-right\"><\/i><\/span>\n\t\t\t\t\t\t\t\t<span class=\"elementor-toggle-icon-opened\"><i class=\"elementor-toggle-icon-opened fas fa-caret-up\"><\/i><\/span>\n\t\t\t\t\t\t\t\t\t\t\t\t\t<\/span>\n\t\t\t\t\t\t\t\t\t\t\t\t<a class=\"elementor-toggle-title\" tabindex=\"0\">Ajuste Matr\u00edcula<\/a>\n\t\t\t\t\t<\/div>\n\n\t\t\t\t\t<div id=\"elementor-tab-content-3412\" class=\"elementor-tab-content elementor-clearfix\" data-tab=\"2\" role=\"region\" aria-labelledby=\"elementor-tab-title-3412\"><p><span style=\"font-weight: 400\">Os ajustes de matr\u00edcula dever\u00e3o feitos via Portal do Aluno, ou <\/span><b>diretamente com os respectivos Coordenadores de Curso:<\/b><\/p>\n<ul>\n<li style=\"font-weight: 400\"><span style=\"font-weight: 400\">Engenharia Civil: <\/span><a href=\"mailto:elismaziero@gmail.com\"><span style=\"font-weight: 400\">elismaziero@gmail.com<\/span><\/a><span style=\"font-weight: 400\"> (Coordenadora) ou <\/span><a href=\"mailto:rodrigo.silveira@ufsm.br\"><span style=\"font-weight: 400\">rodrigo.silveira@ufsm.br<\/span><\/a><span style=\"font-weight: 400\"> (Coordenador Substituto).<\/span><\/li>\n<\/ul><\/div>\n\t\t\t\t<\/div>\n\t\t\t\t\t\t\t\t<\/div>\n\t\t\t\t<\/div>\n\t\t\t\t<\/div>\n\t\t\t\t\t<\/div>\n\t\t<\/div>\n\t\t\t\t\t<\/div>\n\t\t<\/section>\n\t\t\t\t<\/div>\n\t\t","protected":false},"excerpt":{"rendered":"<p>ATEN\u00c7\u00c3O! N\u00e3o ser\u00e3o realizados ajustes presenciais na Secretaria Integrada. Turmas sem saldo de vagas Para turmas sem saldo de vagas, ser\u00e1 disponibilizado um formul\u00e1rio, de 15 a 22\/03, atrav\u00e9s deste link. O aluno dever\u00e1 fazer uma solicita\u00e7\u00e3o por disciplina. A coordena\u00e7\u00e3o analisar\u00e1 as solicita\u00e7\u00f5es e, se autorizado, o ajuste ser\u00e1 feito at\u00e9 o dia 24\/03. [&hellip;]<\/p>\n","protected":false},"author":425,"featured_media":0,"parent":0,"menu_order":0,"comment_status":"closed","ping_status":"closed","template":"","meta":{"footnotes":""},"categories":[],"tags":[],"class_list":["post-1025","page","type-page","status-publish","hentry"],"acf":[],"_links":{"self":[{"href":"https:\/\/www.ufsm.br\/cursos\/graduacao\/santa-maria\/engenharia-mecanica\/wp-json\/wp\/v2\/pages\/1025","targetHints":{"allow":["GET"]}}],"collection":[{"href":"https:\/\/www.ufsm.br\/cursos\/graduacao\/santa-maria\/engenharia-mecanica\/wp-json\/wp\/v2\/pages"}],"about":[{"href":"https:\/\/www.ufsm.br\/cursos\/graduacao\/santa-maria\/engenharia-mecanica\/wp-json\/wp\/v2\/types\/page"}],"author":[{"embeddable":true,"href":"https:\/\/www.ufsm.br\/cursos\/graduacao\/santa-maria\/engenharia-mecanica\/wp-json\/wp\/v2\/users\/425"}],"replies":[{"embeddable":true,"href":"https:\/\/www.ufsm.br\/cursos\/graduacao\/santa-maria\/engenharia-mecanica\/wp-json\/wp\/v2\/comments?post=1025"}],"version-history":[{"count":0,"href":"https:\/\/www.ufsm.br\/cursos\/graduacao\/santa-maria\/engenharia-mecanica\/wp-json\/wp\/v2\/pages\/1025\/revisions"}],"wp:attachment":[{"href":"https:\/\/www.ufsm.br\/cursos\/graduacao\/santa-maria\/engenharia-mecanica\/wp-json\/wp\/v2\/media?parent=1025"}],"wp:term":[{"taxonomy":"category","embeddable":true,"href":"https:\/\/www.ufsm.br\/cursos\/graduacao\/santa-maria\/engenharia-mecanica\/wp-json\/wp\/v2\/categories?post=1025"},{"taxonomy":"post_tag","embeddable":true,"href":"https:\/\/www.ufsm.br\/cursos\/graduacao\/santa-maria\/engenharia-mecanica\/wp-json\/wp\/v2\/tags?post=1025"}],"curies":[{"name":"wp","href":"https:\/\/api.w.org\/{rel}","templated":true}]}}