{"id":173,"date":"2018-12-05T11:21:48","date_gmt":"2018-12-05T13:21:48","guid":{"rendered":"https:\/\/www.ufsm.br\/cursos\/graduacao\/santa-maria\/engenharia-mecanica\/?page_id=173"},"modified":"2023-09-27T09:49:21","modified_gmt":"2023-09-27T12:49:21","slug":"acgs","status":"publish","type":"page","link":"https:\/\/www.ufsm.br\/cursos\/graduacao\/santa-maria\/engenharia-mecanica\/acgs","title":{"rendered":"Atividades Complementares de Gradua\u00e7\u00e3o (ACG)"},"content":{"rendered":"<ul>\n<li style=\"text-align: justify\"><strong>Carga hor\u00e1ria m\u00ednima exigida: 60 horas.<\/strong><\/li>\n<\/ul>\n<p style=\"text-align: justify\">J\u00e1 est\u00e1 liberada a solicita\u00e7\u00e3o de dispensa de ACG pelo <a href=\"https:\/\/portal.ufsm.br\/aluno\/\">Portal do Aluno<\/a>, conforme <a href=\"https:\/\/portal.ufsm.br\/documentos\/download.html?action=arquivoIndexado&amp;download=false&amp;id=255389\">Resolu\u00e7\u00e3o 025\/2017<\/a>, que regulamenta os processos de dispensa de disciplinas de gradua\u00e7\u00e3o, dispensa de disciplinas por autodidatismo e registro de Atividades Complementares de Gradua\u00e7\u00e3o (ACG).<\/p>\n<p style=\"text-align: justify\">As solicita\u00e7\u00f5es de dispensa dever\u00e3o ser feitas diretamente no <a href=\"https:\/\/portal.ufsm.br\/aluno\/\"><span style=\"text-decoration: underline\">Portal do Aluno<\/span><\/a> no menu: <em>Altera\u00e7\u00e3o Curricular\\Requerimento de Dispensa Aluno<\/em>. Uma solicita\u00e7\u00e3o por atividade\/modalidade.<\/p>\n<p style=\"text-align: justify\"><strong>Tutorial de solicita\u00e7\u00e3o de dispensa on-line:<\/strong> <a href=\"https:\/\/drive.google.com\/file\/d\/1vPEof0zGzD6qkhctOBWPVycZjNCtlfnC\/view?usp=sharing\">clique aqui<\/a>.<\/p>\n<ul style=\"text-align: justify\">\n<li>Lembramos que:\n<ul>\n<li>as atividades n\u00e3o s\u00e3o cumulativas, se o comprovante for utilizado para uma modalidade, n\u00e3o poder\u00e1 ser utilizado novamente em outra.<\/li>\n<li>as atividades n\u00e3o podem ser duplicadas, por exemplo, duas publica\u00e7\u00f5es de trabalhos em anais de eventos, peri\u00f3dicos &#8211; regional, valer\u00e3o no m\u00e1ximo 20 pontos, e n\u00e3o 40.<\/li>\n<li>monitoria acad\u00eamica, em uma \u00fanica disciplina, valer\u00e1 20 pontos, independente da quantidade de semestres. Em duas disciplinas diferentes, ou mais, 40 pontos.<\/li>\n<li>defesas de TCC e Est\u00e1gio, al\u00e9m das exigidas para matr\u00edcula, valer\u00e3o 0,5 ponto at\u00e9 o m\u00e1ximo de 10 (20 defesas). Para verificar a quantidade de defesas assistidas, <a href=\"https:\/\/docs.google.com\/spreadsheets\/d\/1KF06BGLlvxlz_Y2BzR5YmF--dv3uEZCt6YVfphhJff4\/edit?usp=sharing\">clique aqui.<\/a><\/li>\n<\/ul>\n<\/li>\n<\/ul>\n<p style=\"text-align: justify\">Tabela de pontua\u00e7\u00e3o das Atividades Complementares de Gradua\u00e7\u00e3o\/ACG&#8217;s:<\/p>\n<table style=\"width: 867px\" border=\"0\" align=\"center\">\n<tbody>\n<tr>\n<td style=\"width: 749px;text-align: center\">ATIVIDADE<\/td>\n<td style=\"width: 102px\">\n<p style=\"text-align: center\">PONTUA\u00c7\u00c3O<\/p>\n<p style=\"text-align: center\"><strong>M\u00c1XIMA<\/strong><\/p>\n<\/td>\n<\/tr>\n<tr>\n<td style=\"width: 749px\">\u00a0Participa\u00e7\u00e3o em eventos<\/td>\n<td style=\"width: 102px\">05<\/td>\n<\/tr>\n<tr>\n<td style=\"width: 749px\">\u00a0Assistir defesas de Trabalho de Conclus\u00e3o de Curso e Est\u00e1gio Obrigat\u00f3rio (0,5 por defesa)<\/td>\n<td style=\"width: 102px\">10<\/td>\n<\/tr>\n<tr>\n<td style=\"width: 749px\">\u00a0Atividades de extens\u00e3o registradas no GAPE\/CT\u00a0<strong>com<\/strong>\u00a0apresenta\u00e7\u00e3o em evento cient\u00edfico\/extens\u00e3o<\/td>\n<td style=\"width: 102px\">30<\/td>\n<\/tr>\n<tr>\n<td style=\"width: 749px\">\u00a0Atividades de extens\u00e3o\u00a0<strong>sem<\/strong>\u00a0apresenta\u00e7\u00e3o<\/td>\n<td style=\"width: 102px\">10<\/td>\n<\/tr>\n<tr>\n<td style=\"width: 749px\">\u00a0Est\u00e1gios Extracurriculares (com relat\u00f3rio de atividades desempenhadas)<\/td>\n<td style=\"width: 102px\">30<\/td>\n<\/tr>\n<tr>\n<td style=\"width: 749px\">\u00a0Atividades de inicia\u00e7\u00e3o cient\u00edfica registradas no GAPE\/CT\u00a0<strong>com<\/strong>\u00a0apresenta\u00e7\u00e3o em evento cient\u00edfico\/extens\u00e3o<\/td>\n<td style=\"width: 102px\">30<\/td>\n<\/tr>\n<tr>\n<td style=\"width: 749px\">\u00a0Atividades de inicia\u00e7\u00e3o cient\u00edfica\u00a0<strong>sem<\/strong>\u00a0apresenta\u00e7\u00e3o<\/td>\n<td style=\"width: 102px\">10<\/td>\n<\/tr>\n<tr>\n<td style=\"width: 749px\">\u00a0Publica\u00e7\u00e3o de trabalhos em anais de eventos, peri\u00f3dicos &#8211;\u00a0<strong>regional<\/strong><\/td>\n<td style=\"width: 102px\">20<\/td>\n<\/tr>\n<tr>\n<td style=\"width: 749px\">\u00a0Publica\u00e7\u00e3o de trabalhos em anais de eventos, peri\u00f3dicos &#8211;\u00a0<strong>nacional<\/strong><\/td>\n<td style=\"width: 102px\">40<\/td>\n<\/tr>\n<tr>\n<td style=\"width: 749px\">\u00a0Publica\u00e7\u00e3o de trabalhos em anais de eventos, peri\u00f3dicos &#8211;\u00a0<strong>internacional<\/strong><\/td>\n<td style=\"width: 102px\">60<\/td>\n<\/tr>\n<tr>\n<td style=\"width: 749px\">\u00a0Publica\u00e7\u00e3o de trabalhos sem registro e\/ou sem apresenta\u00e7\u00e3o<\/td>\n<td style=\"width: 102px\">20<\/td>\n<\/tr>\n<tr>\n<td style=\"width: 749px\">\u00a0Participa\u00e7\u00e3o em \u00f3rg\u00e3os colegiados<\/td>\n<td style=\"width: 102px\">05<\/td>\n<\/tr>\n<tr>\n<td style=\"width: 749px\">\u00a0Monitoria acad\u00eamica (20 pontos se na mesma disciplina, 40, em <strong>disciplinas diferentes<\/strong>)<\/td>\n<td style=\"width: 102px\">40<\/td>\n<\/tr>\n<tr>\n<td style=\"width: 749px\">\u00a0Outras atividades<\/td>\n<td style=\"width: 102px\">05<\/td>\n<\/tr>\n<\/tbody>\n<\/table>\n","protected":false},"excerpt":{"rendered":"<p>Carga hor\u00e1ria m\u00ednima exigida: 60 horas. J\u00e1 est\u00e1 liberada a solicita\u00e7\u00e3o de dispensa de ACG pelo Portal do Aluno, conforme Resolu\u00e7\u00e3o 025\/2017, que regulamenta os processos de dispensa de disciplinas de gradua\u00e7\u00e3o, dispensa de disciplinas por autodidatismo e registro de Atividades Complementares de Gradua\u00e7\u00e3o (ACG). As solicita\u00e7\u00f5es de dispensa dever\u00e3o ser feitas diretamente no Portal [&hellip;]<\/p>\n","protected":false},"author":117,"featured_media":0,"parent":0,"menu_order":0,"comment_status":"closed","ping_status":"closed","template":"","meta":{"footnotes":""},"categories":[],"tags":[],"class_list":["post-173","page","type-page","status-publish","hentry"],"acf":[],"_links":{"self":[{"href":"https:\/\/www.ufsm.br\/cursos\/graduacao\/santa-maria\/engenharia-mecanica\/wp-json\/wp\/v2\/pages\/173","targetHints":{"allow":["GET"]}}],"collection":[{"href":"https:\/\/www.ufsm.br\/cursos\/graduacao\/santa-maria\/engenharia-mecanica\/wp-json\/wp\/v2\/pages"}],"about":[{"href":"https:\/\/www.ufsm.br\/cursos\/graduacao\/santa-maria\/engenharia-mecanica\/wp-json\/wp\/v2\/types\/page"}],"author":[{"embeddable":true,"href":"https:\/\/www.ufsm.br\/cursos\/graduacao\/santa-maria\/engenharia-mecanica\/wp-json\/wp\/v2\/users\/117"}],"replies":[{"embeddable":true,"href":"https:\/\/www.ufsm.br\/cursos\/graduacao\/santa-maria\/engenharia-mecanica\/wp-json\/wp\/v2\/comments?post=173"}],"version-history":[{"count":0,"href":"https:\/\/www.ufsm.br\/cursos\/graduacao\/santa-maria\/engenharia-mecanica\/wp-json\/wp\/v2\/pages\/173\/revisions"}],"wp:attachment":[{"href":"https:\/\/www.ufsm.br\/cursos\/graduacao\/santa-maria\/engenharia-mecanica\/wp-json\/wp\/v2\/media?parent=173"}],"wp:term":[{"taxonomy":"category","embeddable":true,"href":"https:\/\/www.ufsm.br\/cursos\/graduacao\/santa-maria\/engenharia-mecanica\/wp-json\/wp\/v2\/categories?post=173"},{"taxonomy":"post_tag","embeddable":true,"href":"https:\/\/www.ufsm.br\/cursos\/graduacao\/santa-maria\/engenharia-mecanica\/wp-json\/wp\/v2\/tags?post=173"}],"curies":[{"name":"wp","href":"https:\/\/api.w.org\/{rel}","templated":true}]}}