{"id":197,"date":"2018-12-05T13:01:02","date_gmt":"2018-12-05T15:01:02","guid":{"rendered":"https:\/\/www.ufsm.br\/cursos\/graduacao\/santa-maria\/engenharia-mecanica\/?page_id=197"},"modified":"2020-01-08T10:06:33","modified_gmt":"2020-01-08T13:06:33","slug":"revalidacao-de-diplomas","status":"publish","type":"page","link":"https:\/\/www.ufsm.br\/cursos\/graduacao\/santa-maria\/engenharia-mecanica\/revalidacao-de-diplomas","title":{"rendered":"Revalida\u00e7\u00e3o de Diplomas"},"content":{"rendered":"<p style=\"text-align: justify\">Para solicita\u00e7\u00e3o, seguir as orienta\u00e7\u00f5es da Pr\u00f3-Reitoria de Gradua\u00e7\u00e3o:\u00a0<a href=\"https:\/\/www.ufsm.br\/pro-reitorias\/prograd\/revalidacao-de-diplomas\/\">clique aqui<\/a>.<i><br \/><\/i><\/p>\n<p style=\"text-align: justify\"><a href=\"https:\/\/portal.ufsm.br\/documentos\/download.html?action=arquivoIndexado&amp;download=false&amp;id=255361\">Resolu\u00e7\u00e3o N. 007\/2017<\/a> &#8211;\u00a0Disp\u00f5e sobre as normas e procedimentos gerais de tramita\u00e7\u00e3o de processos de solicita\u00e7\u00e3o de revalida\u00e7\u00e3o de diplomas de gradua\u00e7\u00e3o estrangeiros expedidos por estabelecimentos estrangeiros de ensino superior.<\/p>\n\n","protected":false},"excerpt":{"rendered":"<p>Para solicita\u00e7\u00e3o, seguir as orienta\u00e7\u00f5es da Pr\u00f3-Reitoria de Gradua\u00e7\u00e3o:\u00a0clique aqui. Resolu\u00e7\u00e3o N. 007\/2017 &#8211;\u00a0Disp\u00f5e sobre as normas e procedimentos gerais de tramita\u00e7\u00e3o de processos de solicita\u00e7\u00e3o de revalida\u00e7\u00e3o de diplomas de gradua\u00e7\u00e3o estrangeiros expedidos por estabelecimentos estrangeiros de ensino superior.<\/p>\n","protected":false},"author":117,"featured_media":0,"parent":0,"menu_order":0,"comment_status":"closed","ping_status":"closed","template":"","meta":{"footnotes":""},"categories":[],"tags":[],"class_list":["post-197","page","type-page","status-publish","hentry"],"acf":[],"_links":{"self":[{"href":"https:\/\/www.ufsm.br\/cursos\/graduacao\/santa-maria\/engenharia-mecanica\/wp-json\/wp\/v2\/pages\/197","targetHints":{"allow":["GET"]}}],"collection":[{"href":"https:\/\/www.ufsm.br\/cursos\/graduacao\/santa-maria\/engenharia-mecanica\/wp-json\/wp\/v2\/pages"}],"about":[{"href":"https:\/\/www.ufsm.br\/cursos\/graduacao\/santa-maria\/engenharia-mecanica\/wp-json\/wp\/v2\/types\/page"}],"author":[{"embeddable":true,"href":"https:\/\/www.ufsm.br\/cursos\/graduacao\/santa-maria\/engenharia-mecanica\/wp-json\/wp\/v2\/users\/117"}],"replies":[{"embeddable":true,"href":"https:\/\/www.ufsm.br\/cursos\/graduacao\/santa-maria\/engenharia-mecanica\/wp-json\/wp\/v2\/comments?post=197"}],"version-history":[{"count":0,"href":"https:\/\/www.ufsm.br\/cursos\/graduacao\/santa-maria\/engenharia-mecanica\/wp-json\/wp\/v2\/pages\/197\/revisions"}],"wp:attachment":[{"href":"https:\/\/www.ufsm.br\/cursos\/graduacao\/santa-maria\/engenharia-mecanica\/wp-json\/wp\/v2\/media?parent=197"}],"wp:term":[{"taxonomy":"category","embeddable":true,"href":"https:\/\/www.ufsm.br\/cursos\/graduacao\/santa-maria\/engenharia-mecanica\/wp-json\/wp\/v2\/categories?post=197"},{"taxonomy":"post_tag","embeddable":true,"href":"https:\/\/www.ufsm.br\/cursos\/graduacao\/santa-maria\/engenharia-mecanica\/wp-json\/wp\/v2\/tags?post=197"}],"curies":[{"name":"wp","href":"https:\/\/api.w.org\/{rel}","templated":true}]}}