{"id":232,"date":"2018-12-05T13:54:16","date_gmt":"2018-12-05T15:54:16","guid":{"rendered":"https:\/\/www.ufsm.br\/cursos\/graduacao\/santa-maria\/engenharia-mecanica\/?page_id=232"},"modified":"2019-04-16T10:52:49","modified_gmt":"2019-04-16T13:52:49","slug":"links-uteis","status":"publish","type":"page","link":"https:\/\/www.ufsm.br\/cursos\/graduacao\/santa-maria\/engenharia-mecanica\/links-uteis","title":{"rendered":"Links \u00dateis"},"content":{"rendered":"<p><a href=\"http:\/\/coral.ufsm.br\/dactec\/\">Diret\u00f3rio Acad\u00eamico &#8211; DACTEC<\/a><\/p>\n<p><a href=\"https:\/\/portal.ufsm.br\/aluno\/\">Portal do Aluno<\/a><\/p>\n<p><a href=\"http:\/\/ru.ufsm.br\/\">Restaurante Universit\u00e1rio<\/a><\/p>\n<p><a href=\"http:\/\/w3.ufsm.br\/biblioteca\/\">Biblioteca Central<\/a><\/p>\n<p><a href=\"https:\/\/www.ufsm.br\/manual-de-sobrevivencia-para-estudantes\/\">Manual de sobreviv\u00eancia para estudantes da UFSM<\/a><\/p>\n<p><a href=\"https:\/\/bufsm.github.io\/\">Circular Intracampus<\/a><\/p>\n<p><a href=\"https:\/\/portal.ufsm.br\/documentos\/download.html?action=arquivoIndexado&amp;download=false&amp;id=242184\">C\u00f3digo de \u00c9tica e Conviv\u00eancia discente da UFSM<\/a><\/p>\n<p><a href=\"https:\/\/www.ufsm.br\/calendario\/\">Calend\u00e1rio Acad\u00eamico<\/a><\/p>\n<p><a href=\"https:\/\/www.ufsm.br\/pro-reitorias\/prograd\/guias\/\">Guia do Estudante<\/a><\/p>\n<p><a href=\"https:\/\/www.ufsm.br\/servico-de-emergencia\/\">Servi\u00e7o de Emerg\u00eancia Universit\u00e1rio<\/a><\/p>\n<p><a href=\"https:\/\/www.ufsm.br\/onibus\/\">Hor\u00e1rio de \u00d4nibus<\/a><\/p>\n<p><a href=\"https:\/\/www.ufsm.br\/pro-reitorias\/proplan\/wp-content\/uploads\/sites\/344\/2018\/11\/Normas-Tecnicas_atualizado.pdf\">Normas T\u00e9cnicas de Documenta\u00e7\u00e3o Oficial &#8211; UFSM<\/a><\/p>\n<p><a href=\"http:\/\/coral.ufsm.br\/anima\/index.php\/atendimento\">\u00c2nima &#8211; atendimento psicol\u00f3gico<\/a><\/p>\n<p><a href=\"http:\/\/w3.ufsm.br\/prae\/\">Pr\u00f3-Reitoria de Assuntos Estudantis<\/a><\/p>\n<p><a href=\"https:\/\/www.ufsm.br\/pro-reitorias\/prae\/bolsa-beneficio-socioeconomico\/\">Benef\u00edcio Socioecon\u00f4mico<\/a><\/p>\n<p><a href=\"https:\/\/www.ufsm.br\/pro-reitorias\/prae\/setor-de-atendimento-integral-ao-estudante-satie\/\">Setor de Atendimento Integral ao Estudante (SATIE)<\/a><\/p>\n<p><a href=\"http:\/\/coral.ufsm.br\/enade\/\">ENADE<\/a><\/p>\n<p><a href=\"https:\/\/www.abcm.org.br\/\">Associa\u00e7\u00e3o Brasileira de Engenharia e Ci\u00eancias Mec\u00e2nicas<\/a><\/p>\n<p><a href=\"http:\/\/bdtd.ibict.br\/vufind\/\">Biblioteca Digital Brasileira de Teses e Disserta\u00e7\u00f5es (BDTD)<\/a><\/p>\n","protected":false},"excerpt":{"rendered":"<p>Diret\u00f3rio Acad\u00eamico &#8211; DACTEC Portal do Aluno Restaurante Universit\u00e1rio Biblioteca Central Manual de sobreviv\u00eancia para estudantes da UFSM Circular Intracampus C\u00f3digo de \u00c9tica e Conviv\u00eancia discente da UFSM Calend\u00e1rio Acad\u00eamico Guia do Estudante Servi\u00e7o de Emerg\u00eancia Universit\u00e1rio Hor\u00e1rio de \u00d4nibus Normas T\u00e9cnicas de Documenta\u00e7\u00e3o Oficial &#8211; UFSM \u00c2nima &#8211; atendimento psicol\u00f3gico Pr\u00f3-Reitoria de Assuntos Estudantis [&hellip;]<\/p>\n","protected":false},"author":117,"featured_media":0,"parent":0,"menu_order":0,"comment_status":"closed","ping_status":"closed","template":"","meta":{"footnotes":""},"categories":[],"tags":[],"class_list":["post-232","page","type-page","status-publish","hentry"],"acf":[],"_links":{"self":[{"href":"https:\/\/www.ufsm.br\/cursos\/graduacao\/santa-maria\/engenharia-mecanica\/wp-json\/wp\/v2\/pages\/232","targetHints":{"allow":["GET"]}}],"collection":[{"href":"https:\/\/www.ufsm.br\/cursos\/graduacao\/santa-maria\/engenharia-mecanica\/wp-json\/wp\/v2\/pages"}],"about":[{"href":"https:\/\/www.ufsm.br\/cursos\/graduacao\/santa-maria\/engenharia-mecanica\/wp-json\/wp\/v2\/types\/page"}],"author":[{"embeddable":true,"href":"https:\/\/www.ufsm.br\/cursos\/graduacao\/santa-maria\/engenharia-mecanica\/wp-json\/wp\/v2\/users\/117"}],"replies":[{"embeddable":true,"href":"https:\/\/www.ufsm.br\/cursos\/graduacao\/santa-maria\/engenharia-mecanica\/wp-json\/wp\/v2\/comments?post=232"}],"version-history":[{"count":0,"href":"https:\/\/www.ufsm.br\/cursos\/graduacao\/santa-maria\/engenharia-mecanica\/wp-json\/wp\/v2\/pages\/232\/revisions"}],"wp:attachment":[{"href":"https:\/\/www.ufsm.br\/cursos\/graduacao\/santa-maria\/engenharia-mecanica\/wp-json\/wp\/v2\/media?parent=232"}],"wp:term":[{"taxonomy":"category","embeddable":true,"href":"https:\/\/www.ufsm.br\/cursos\/graduacao\/santa-maria\/engenharia-mecanica\/wp-json\/wp\/v2\/categories?post=232"},{"taxonomy":"post_tag","embeddable":true,"href":"https:\/\/www.ufsm.br\/cursos\/graduacao\/santa-maria\/engenharia-mecanica\/wp-json\/wp\/v2\/tags?post=232"}],"curies":[{"name":"wp","href":"https:\/\/api.w.org\/{rel}","templated":true}]}}