{"id":29,"date":"2018-01-18T09:10:07","date_gmt":"2018-01-18T11:10:07","guid":{"rendered":"https:\/\/www.ufsm.br\/cursos\/graduacao\/nutricao\/12352\/?page_id=29"},"modified":"2026-02-19T10:38:39","modified_gmt":"2026-02-19T13:38:39","slug":"contato","status":"publish","type":"page","link":"https:\/\/www.ufsm.br\/cursos\/graduacao\/santa-maria\/engenharia-mecanica\/contato","title":{"rendered":"Contato"},"content":{"rendered":"<p><strong>Coordenador:<\/strong> Prof. Cristiano Jose Scheuer<\/p>\n<p><strong>Coordenador Substituto: <\/strong>Prof. Alexandre Aparecido Buenos<\/p>\n<p><strong>Contato\u00a0<\/strong><\/p>\n<p style=\"text-align: left\" align=\"center\"><strong>Secretaria Integrada dos Cursos de Gradua\u00e7\u00e3o 01 <\/strong>&#8211; O atendimento via telefone se dar\u00e1 dentro do poss\u00edvel, se n\u00e3o houver atendimento presencial no momento.<\/p>\n<ul>\n<li style=\"text-align: left\">(55) 3220 \u2013 8428<\/li>\n<li style=\"text-align: left\"><span style=\"font-size: revert;text-align: left;color: initial\">(55) 3220 \u2013 8400\u00a0<\/span><\/li>\n<\/ul>\n<p><strong>Email:<\/strong>\u00a0<span id=\"cloak6695\"><\/span><span id=\"cloak28871\"><a href=\"mailto:mecanica@ufsm.br\">mecanica@ufsm.br<\/a><\/span><\/p>\n<p><strong>Endere\u00e7o:<\/strong><\/p>\n<ul>\n<li>Secretaria Integrada dos Cursos de Gradua\u00e7\u00e3o 01\n<ul>\n<li>Centro de Tecnologia, pr\u00e9dio 07, sala 141, t\u00e9rreo, ao lado do Audit\u00f3rio P\u00e9rcio Reis.<\/li>\n<li>CEP 97105-900, Cidade Universit\u00e1ria, Santa Maria &#8211; RS<\/li>\n<\/ul>\n<\/li>\n<\/ul>\n<p><strong>Hor\u00e1rio de atendimento ao p\u00fablico da secretaria<\/strong> (durante expediente normal)<\/p>\n<ul>\n<li>Segunda \u00e0 sexta-feira:\n<ul>\n<li>08h \u00e0s 11h30min<\/li>\n<li>13h30min \u00e0s 16h30min<\/li>\n<\/ul>\n<\/li>\n<\/ul>\n\n","protected":false},"excerpt":{"rendered":"<p>Coordenador: Prof. Cristiano Jose Scheuer Coordenador Substituto: Prof. Alexandre Aparecido Buenos Contato\u00a0 Secretaria Integrada dos Cursos de Gradua\u00e7\u00e3o 01 &#8211; O atendimento via telefone se dar\u00e1 dentro do poss\u00edvel, se n\u00e3o houver atendimento presencial no momento. (55) 3220 \u2013 8428 (55) 3220 \u2013 8400\u00a0 Email:\u00a0mecanica@ufsm.br Endere\u00e7o: Secretaria Integrada dos Cursos de Gradua\u00e7\u00e3o 01 Centro de [&hellip;]<\/p>\n","protected":false},"author":8,"featured_media":0,"parent":0,"menu_order":0,"comment_status":"closed","ping_status":"closed","template":"","meta":{"footnotes":""},"categories":[],"tags":[],"class_list":["post-29","page","type-page","status-publish","hentry"],"acf":[],"_links":{"self":[{"href":"https:\/\/www.ufsm.br\/cursos\/graduacao\/santa-maria\/engenharia-mecanica\/wp-json\/wp\/v2\/pages\/29","targetHints":{"allow":["GET"]}}],"collection":[{"href":"https:\/\/www.ufsm.br\/cursos\/graduacao\/santa-maria\/engenharia-mecanica\/wp-json\/wp\/v2\/pages"}],"about":[{"href":"https:\/\/www.ufsm.br\/cursos\/graduacao\/santa-maria\/engenharia-mecanica\/wp-json\/wp\/v2\/types\/page"}],"author":[{"embeddable":true,"href":"https:\/\/www.ufsm.br\/cursos\/graduacao\/santa-maria\/engenharia-mecanica\/wp-json\/wp\/v2\/users\/8"}],"replies":[{"embeddable":true,"href":"https:\/\/www.ufsm.br\/cursos\/graduacao\/santa-maria\/engenharia-mecanica\/wp-json\/wp\/v2\/comments?post=29"}],"version-history":[{"count":0,"href":"https:\/\/www.ufsm.br\/cursos\/graduacao\/santa-maria\/engenharia-mecanica\/wp-json\/wp\/v2\/pages\/29\/revisions"}],"wp:attachment":[{"href":"https:\/\/www.ufsm.br\/cursos\/graduacao\/santa-maria\/engenharia-mecanica\/wp-json\/wp\/v2\/media?parent=29"}],"wp:term":[{"taxonomy":"category","embeddable":true,"href":"https:\/\/www.ufsm.br\/cursos\/graduacao\/santa-maria\/engenharia-mecanica\/wp-json\/wp\/v2\/categories?post=29"},{"taxonomy":"post_tag","embeddable":true,"href":"https:\/\/www.ufsm.br\/cursos\/graduacao\/santa-maria\/engenharia-mecanica\/wp-json\/wp\/v2\/tags?post=29"}],"curies":[{"name":"wp","href":"https:\/\/api.w.org\/{rel}","templated":true}]}}