{"id":896,"date":"2021-10-19T11:06:41","date_gmt":"2021-10-19T14:06:41","guid":{"rendered":"https:\/\/www.ufsm.br\/cursos\/graduacao\/santa-maria\/engenharia-mecanica\/?page_id=896"},"modified":"2023-06-29T15:45:33","modified_gmt":"2023-06-29T18:45:33","slug":"contato-professores","status":"publish","type":"page","link":"https:\/\/www.ufsm.br\/cursos\/graduacao\/santa-maria\/engenharia-mecanica\/contato-professores","title":{"rendered":"CONTATO PROFESSORES"},"content":{"rendered":"\n<p>Contato dos professores do Centro de Tecnologia, <a href=\"https:\/\/www.ufsm.br\/unidades-universitarias\/ct\/secretaria-integrada-de-departamentos-sidct\/\">clique aqui<\/a> (final da p\u00e1gina).<\/p>\n<p>Para acessar o e-mail de contato dos professores, <a href=\"https:\/\/docs.google.com\/spreadsheets\/d\/1FfbqUV9c2I1oPmj_XBdScUoQ29cohMojCYYHA2iGM28\/edit?usp=sharing\">clique aqui<\/a>.<\/p>\n<p>Lembramos que a designa\u00e7\u00e3o dos professores respons\u00e1veis pela disciplina \u00e9 feita pelos departamentos. A Coordena\u00e7\u00e3o do Curso n\u00e3o tem ger\u00eancia sobre o assunto.<\/p>\n","protected":false},"excerpt":{"rendered":"<p>Contato dos professores do Centro de Tecnologia, clique aqui (final da p\u00e1gina). Para acessar o e-mail de contato dos professores, clique aqui. Lembramos que a designa\u00e7\u00e3o dos professores respons\u00e1veis pela disciplina \u00e9 feita pelos departamentos. A Coordena\u00e7\u00e3o do Curso n\u00e3o tem ger\u00eancia sobre o assunto.<\/p>\n","protected":false},"author":425,"featured_media":0,"parent":0,"menu_order":0,"comment_status":"closed","ping_status":"closed","template":"","meta":{"footnotes":""},"categories":[],"tags":[],"class_list":["post-896","page","type-page","status-publish","hentry"],"acf":[],"_links":{"self":[{"href":"https:\/\/www.ufsm.br\/cursos\/graduacao\/santa-maria\/engenharia-mecanica\/wp-json\/wp\/v2\/pages\/896","targetHints":{"allow":["GET"]}}],"collection":[{"href":"https:\/\/www.ufsm.br\/cursos\/graduacao\/santa-maria\/engenharia-mecanica\/wp-json\/wp\/v2\/pages"}],"about":[{"href":"https:\/\/www.ufsm.br\/cursos\/graduacao\/santa-maria\/engenharia-mecanica\/wp-json\/wp\/v2\/types\/page"}],"author":[{"embeddable":true,"href":"https:\/\/www.ufsm.br\/cursos\/graduacao\/santa-maria\/engenharia-mecanica\/wp-json\/wp\/v2\/users\/425"}],"replies":[{"embeddable":true,"href":"https:\/\/www.ufsm.br\/cursos\/graduacao\/santa-maria\/engenharia-mecanica\/wp-json\/wp\/v2\/comments?post=896"}],"version-history":[{"count":0,"href":"https:\/\/www.ufsm.br\/cursos\/graduacao\/santa-maria\/engenharia-mecanica\/wp-json\/wp\/v2\/pages\/896\/revisions"}],"wp:attachment":[{"href":"https:\/\/www.ufsm.br\/cursos\/graduacao\/santa-maria\/engenharia-mecanica\/wp-json\/wp\/v2\/media?parent=896"}],"wp:term":[{"taxonomy":"category","embeddable":true,"href":"https:\/\/www.ufsm.br\/cursos\/graduacao\/santa-maria\/engenharia-mecanica\/wp-json\/wp\/v2\/categories?post=896"},{"taxonomy":"post_tag","embeddable":true,"href":"https:\/\/www.ufsm.br\/cursos\/graduacao\/santa-maria\/engenharia-mecanica\/wp-json\/wp\/v2\/tags?post=896"}],"curies":[{"name":"wp","href":"https:\/\/api.w.org\/{rel}","templated":true}]}}