{"id":981,"date":"2022-09-08T17:20:13","date_gmt":"2022-09-08T20:20:13","guid":{"rendered":"https:\/\/www.ufsm.br\/cursos\/graduacao\/santa-maria\/engenharia-mecanica\/?page_id=981"},"modified":"2022-09-26T13:16:24","modified_gmt":"2022-09-26T16:16:24","slug":"locais-das-disciplinas","status":"publish","type":"page","link":"https:\/\/www.ufsm.br\/cursos\/graduacao\/santa-maria\/engenharia-mecanica\/locais-das-disciplinas","title":{"rendered":"Locais das Disciplinas"},"content":{"rendered":"\n<p style=\"text-align: justify\">P\u00e1gina atualizada conforme informa\u00e7\u00f5es forem chegando no e-mail do Curso:<\/p>\n<ul>\n<li style=\"text-align: justify\">Disciplinas do CCNE \u2013 <a href=\"https:\/\/www.ufsm.br\/cursos\/graduacao\/santa-maria\/fisica\/2022\/09\/08\/salas-de-aula-2022-2-ccne\/\"><span style=\"text-decoration: underline\">clique aqui<\/span><\/a>.<\/li>\n<li style=\"text-align: justify\">Disciplinas do CT \u2013 <a href=\"https:\/\/www.ufsm.br\/unidades-universitarias\/ct\/distribuicao-de-salas-de-aula\/\"><span style=\"text-decoration: underline\">clique aqui<\/span><\/a>.<\/li>\n<\/ul>\n<p>&#8211; Cursos do CT:<\/p>\n<ul>\n<li>302 &#8211; Engenharia Civil<\/li>\n<li>303 &#8211; Engenharia El\u00e9trica<\/li>\n<li>304 &#8211; Engenharia Mec\u00e2nica<\/li>\n<li>305 &#8211; Engenharia Qu\u00edmica<\/li>\n<li>306 &#8211; Ci\u00eancia da Computa\u00e7\u00e3o<\/li>\n<li>308 &#8211; Arquitetura e Urbanismo<\/li>\n<li>309 &#8211; Engenharia Sanit\u00e1ria e Ambiental<\/li>\n<li>310 &#8211; Engenharia de Controle e Automa\u00e7\u00e3o<\/li>\n<li>311 &#8211; Engenharia Ac\u00fastica<\/li>\n<li>312 &#8211; Engenharia de Computa\u00e7\u00e3o<\/li>\n<li>313 &#8211; Engenharia de Produ\u00e7\u00e3o<\/li>\n<li>314 &#8211; Sistemas de Informa\u00e7\u00e3o<\/li>\n<li>315 &#8211; Engenharia Aeroespacial<\/li>\n<li>316 &#8211; Engenharia de Telecomunica\u00e7\u00f5es<\/li>\n<\/ul>\n","protected":false},"excerpt":{"rendered":"<p>P\u00e1gina atualizada conforme informa\u00e7\u00f5es forem chegando no e-mail do Curso: Disciplinas do CCNE \u2013 clique aqui. Disciplinas do CT \u2013 clique aqui. &#8211; Cursos do CT: 302 &#8211; Engenharia Civil 303 &#8211; Engenharia El\u00e9trica 304 &#8211; Engenharia Mec\u00e2nica 305 &#8211; Engenharia Qu\u00edmica 306 &#8211; Ci\u00eancia da Computa\u00e7\u00e3o 308 &#8211; Arquitetura e Urbanismo 309 &#8211; Engenharia [&hellip;]<\/p>\n","protected":false},"author":425,"featured_media":0,"parent":0,"menu_order":0,"comment_status":"closed","ping_status":"closed","template":"","meta":{"footnotes":""},"categories":[],"tags":[],"class_list":["post-981","page","type-page","status-publish","hentry"],"acf":[],"_links":{"self":[{"href":"https:\/\/www.ufsm.br\/cursos\/graduacao\/santa-maria\/engenharia-mecanica\/wp-json\/wp\/v2\/pages\/981","targetHints":{"allow":["GET"]}}],"collection":[{"href":"https:\/\/www.ufsm.br\/cursos\/graduacao\/santa-maria\/engenharia-mecanica\/wp-json\/wp\/v2\/pages"}],"about":[{"href":"https:\/\/www.ufsm.br\/cursos\/graduacao\/santa-maria\/engenharia-mecanica\/wp-json\/wp\/v2\/types\/page"}],"author":[{"embeddable":true,"href":"https:\/\/www.ufsm.br\/cursos\/graduacao\/santa-maria\/engenharia-mecanica\/wp-json\/wp\/v2\/users\/425"}],"replies":[{"embeddable":true,"href":"https:\/\/www.ufsm.br\/cursos\/graduacao\/santa-maria\/engenharia-mecanica\/wp-json\/wp\/v2\/comments?post=981"}],"version-history":[{"count":0,"href":"https:\/\/www.ufsm.br\/cursos\/graduacao\/santa-maria\/engenharia-mecanica\/wp-json\/wp\/v2\/pages\/981\/revisions"}],"wp:attachment":[{"href":"https:\/\/www.ufsm.br\/cursos\/graduacao\/santa-maria\/engenharia-mecanica\/wp-json\/wp\/v2\/media?parent=981"}],"wp:term":[{"taxonomy":"category","embeddable":true,"href":"https:\/\/www.ufsm.br\/cursos\/graduacao\/santa-maria\/engenharia-mecanica\/wp-json\/wp\/v2\/categories?post=981"},{"taxonomy":"post_tag","embeddable":true,"href":"https:\/\/www.ufsm.br\/cursos\/graduacao\/santa-maria\/engenharia-mecanica\/wp-json\/wp\/v2\/tags?post=981"}],"curies":[{"name":"wp","href":"https:\/\/api.w.org\/{rel}","templated":true}]}}