{"id":165,"date":"2018-12-03T13:42:46","date_gmt":"2018-12-03T15:42:46","guid":{"rendered":"https:\/\/www.ufsm.br\/cursos\/graduacao\/santa-maria\/engenharia-quimica\/?page_id=165"},"modified":"2022-12-20T17:20:51","modified_gmt":"2022-12-20T20:20:51","slug":"links-uteis","status":"publish","type":"page","link":"https:\/\/www.ufsm.br\/cursos\/graduacao\/santa-maria\/engenharia-quimica\/links-uteis","title":{"rendered":"Links \u00dateis"},"content":{"rendered":"\t\t<div data-elementor-type=\"wp-post\" data-elementor-id=\"165\" class=\"elementor elementor-165\">\n\t\t\t\t\t\t<section class=\"elementor-section elementor-top-section elementor-element elementor-element-5f06044 elementor-section-boxed elementor-section-height-default elementor-section-height-default\" data-id=\"5f06044\" data-element_type=\"section\">\n\t\t\t\t\t\t<div class=\"elementor-container elementor-column-gap-default\">\n\t\t\t\t\t<div class=\"elementor-column elementor-col-100 elementor-top-column elementor-element elementor-element-729ba14f\" data-id=\"729ba14f\" data-element_type=\"column\">\n\t\t\t<div class=\"elementor-widget-wrap elementor-element-populated\">\n\t\t\t\t\t\t<div class=\"elementor-element elementor-element-7eafc92b elementor-widget elementor-widget-text-editor\" data-id=\"7eafc92b\" data-element_type=\"widget\" data-widget_type=\"text-editor.default\">\n\t\t\t\t<div class=\"elementor-widget-container\">\n\t\t\t\t\t\t\t<p><a href=\"http:\/\/w3.ufsm.br\/biblioteca\/\">Biblioteca<\/a><\/p><p><a href=\"https:\/\/www.ufsm.br\/unidades-universitarias\/ct\/\">Centro de Tecnologia<\/a><\/p><p><a href=\"https:\/\/ead06.proj.ufsm.br\/moodle\/login\/\">Moodle<\/a><\/p><p><a href=\"https:\/\/portal.ufsm.br\/aluno\/\">Portal do Aluno<\/a><\/p><p><a href=\"http:\/\/ru.ufsm.br\/\">Restaurante Universit\u00e1rio<\/a><\/p><p><a href=\"https:\/\/www.ufsm.br\/cursos\/pos-graduacao\/santa-maria\/ppgeq\/\">Programa de P\u00f3s Gradua\u00e7\u00e3o em Engenharia Qu\u00edmica<\/a><\/p><p><a href=\"https:\/\/www.ufsm.br\/app\/uploads\/sites\/436\/2022\/12\/Referencias-uteis-em-engenharia-quimica-e-de-processos-sites-uteis.pdf\">Refer\u00eancias \u00fateis em Engenharia Qu\u00edmica e de Processos<\/a> (Prof. S\u00e9rgio Jahn)<\/p>\t\t\t\t\t\t<\/div>\n\t\t\t\t<\/div>\n\t\t\t\t\t<\/div>\n\t\t<\/div>\n\t\t\t\t\t<\/div>\n\t\t<\/section>\n\t\t\t\t<\/div>\n\t\t","protected":false},"excerpt":{"rendered":"<p>Biblioteca Centro de Tecnologia Moodle Portal do Aluno Restaurante Universit\u00e1rio Programa de P\u00f3s Gradua\u00e7\u00e3o em Engenharia Qu\u00edmica Refer\u00eancias \u00fateis em Engenharia Qu\u00edmica e de Processos (Prof. S\u00e9rgio Jahn)<\/p>\n","protected":false},"author":117,"featured_media":0,"parent":0,"menu_order":0,"comment_status":"closed","ping_status":"closed","template":"","meta":{"footnotes":""},"categories":[],"tags":[],"class_list":["post-165","page","type-page","status-publish","hentry"],"acf":[],"_links":{"self":[{"href":"https:\/\/www.ufsm.br\/cursos\/graduacao\/santa-maria\/engenharia-quimica\/wp-json\/wp\/v2\/pages\/165","targetHints":{"allow":["GET"]}}],"collection":[{"href":"https:\/\/www.ufsm.br\/cursos\/graduacao\/santa-maria\/engenharia-quimica\/wp-json\/wp\/v2\/pages"}],"about":[{"href":"https:\/\/www.ufsm.br\/cursos\/graduacao\/santa-maria\/engenharia-quimica\/wp-json\/wp\/v2\/types\/page"}],"author":[{"embeddable":true,"href":"https:\/\/www.ufsm.br\/cursos\/graduacao\/santa-maria\/engenharia-quimica\/wp-json\/wp\/v2\/users\/117"}],"replies":[{"embeddable":true,"href":"https:\/\/www.ufsm.br\/cursos\/graduacao\/santa-maria\/engenharia-quimica\/wp-json\/wp\/v2\/comments?post=165"}],"version-history":[{"count":0,"href":"https:\/\/www.ufsm.br\/cursos\/graduacao\/santa-maria\/engenharia-quimica\/wp-json\/wp\/v2\/pages\/165\/revisions"}],"wp:attachment":[{"href":"https:\/\/www.ufsm.br\/cursos\/graduacao\/santa-maria\/engenharia-quimica\/wp-json\/wp\/v2\/media?parent=165"}],"wp:term":[{"taxonomy":"category","embeddable":true,"href":"https:\/\/www.ufsm.br\/cursos\/graduacao\/santa-maria\/engenharia-quimica\/wp-json\/wp\/v2\/categories?post=165"},{"taxonomy":"post_tag","embeddable":true,"href":"https:\/\/www.ufsm.br\/cursos\/graduacao\/santa-maria\/engenharia-quimica\/wp-json\/wp\/v2\/tags?post=165"}],"curies":[{"name":"wp","href":"https:\/\/api.w.org\/{rel}","templated":true}]}}