{"id":178,"date":"2019-04-11T16:31:28","date_gmt":"2019-04-11T19:31:28","guid":{"rendered":"https:\/\/www.ufsm.br\/cursos\/graduacao\/santa-maria\/engenharia-quimica\/?page_id=178"},"modified":"2023-12-12T16:38:33","modified_gmt":"2023-12-12T19:38:33","slug":"dispensa-de-disciplinas","status":"publish","type":"page","link":"https:\/\/www.ufsm.br\/cursos\/graduacao\/santa-maria\/engenharia-quimica\/dispensa-de-disciplinas","title":{"rendered":"Dispensa de disciplinas"},"content":{"rendered":"\n<figure class=\"wp-block-image size-large\"><img fetchpriority=\"high\" decoding=\"async\" width=\"1024\" height=\"699\" src=\"https:\/\/www.ufsm.br\/cursos\/graduacao\/santa-maria\/engenharia-quimica\/wp-content\/uploads\/sites\/436\/2020\/07\/Dispensa-de-disciplinasFim-1024x699.png\" alt=\"\" class=\"wp-image-271\" srcset=\"https:\/\/www.ufsm.br\/app\/uploads\/sites\/436\/2020\/07\/Dispensa-de-disciplinasFim-1024x699.png 1024w, https:\/\/www.ufsm.br\/app\/uploads\/sites\/436\/2020\/07\/Dispensa-de-disciplinasFim-300x205.png 300w, https:\/\/www.ufsm.br\/app\/uploads\/sites\/436\/2020\/07\/Dispensa-de-disciplinasFim-768x524.png 768w, https:\/\/www.ufsm.br\/app\/uploads\/sites\/436\/2020\/07\/Dispensa-de-disciplinasFim.png 1100w\" sizes=\"(max-width: 1024px) 100vw, 1024px\" \/><\/figure>\n\n\n\n<p>A dispensa de disciplinas deve ser solicitada atrav\u00e9s do Portal do Aluno. O <a href=\"https:\/\/www.ufsm.br\/orgaos-executivos\/derca\/wp-content\/uploads\/sites\/51\/2018\/08\/Tutorial-Dispensa-Aluno-atualizado.pdf\">manual de requerimento de dispensa on line<\/a> elaborado pelo DERCA possui informa\u00e7\u00f5es sobre como proceder para fazer a solicita\u00e7\u00e3o.<\/p>\n\n\n\n<p>Caso o aluno receba o documento para fazer corre\u00e7\u00f5es, pode acessar o <a href=\"https:\/\/www.ufsm.br\/orgaos-executivos\/derca\/wp-content\/uploads\/sites\/51\/2018\/08\/Manual-para-corre%C3%A7%C3%B5es-de-solicita%C3%A7%C3%B5es-de-dispensas-on-line.pdf\">manual para corre\u00e7\u00f5es de solicita\u00e7\u00f5es de dispensa on line<\/a> para obter mais informa\u00e7\u00f5es sobre o procedimento.<\/p>\n\n\n\n<p>Orienta\u00e7\u00f5es para os alunos nos processos de dispensa no anexo.<\/p>\n","protected":false},"excerpt":{"rendered":"<p>A dispensa de disciplinas deve ser solicitada atrav\u00e9s do Portal do Aluno. O manual de requerimento de dispensa on line elaborado pelo DERCA possui informa\u00e7\u00f5es sobre como proceder para fazer a solicita\u00e7\u00e3o. Caso o aluno receba o documento para fazer corre\u00e7\u00f5es, pode acessar o manual para corre\u00e7\u00f5es de solicita\u00e7\u00f5es de dispensa on line para obter [&hellip;]<\/p>\n","protected":false},"author":605,"featured_media":0,"parent":0,"menu_order":0,"comment_status":"closed","ping_status":"closed","template":"","meta":{"footnotes":""},"categories":[],"tags":[],"class_list":["post-178","page","type-page","status-publish","hentry"],"acf":[],"_links":{"self":[{"href":"https:\/\/www.ufsm.br\/cursos\/graduacao\/santa-maria\/engenharia-quimica\/wp-json\/wp\/v2\/pages\/178","targetHints":{"allow":["GET"]}}],"collection":[{"href":"https:\/\/www.ufsm.br\/cursos\/graduacao\/santa-maria\/engenharia-quimica\/wp-json\/wp\/v2\/pages"}],"about":[{"href":"https:\/\/www.ufsm.br\/cursos\/graduacao\/santa-maria\/engenharia-quimica\/wp-json\/wp\/v2\/types\/page"}],"author":[{"embeddable":true,"href":"https:\/\/www.ufsm.br\/cursos\/graduacao\/santa-maria\/engenharia-quimica\/wp-json\/wp\/v2\/users\/605"}],"replies":[{"embeddable":true,"href":"https:\/\/www.ufsm.br\/cursos\/graduacao\/santa-maria\/engenharia-quimica\/wp-json\/wp\/v2\/comments?post=178"}],"version-history":[{"count":0,"href":"https:\/\/www.ufsm.br\/cursos\/graduacao\/santa-maria\/engenharia-quimica\/wp-json\/wp\/v2\/pages\/178\/revisions"}],"wp:attachment":[{"href":"https:\/\/www.ufsm.br\/cursos\/graduacao\/santa-maria\/engenharia-quimica\/wp-json\/wp\/v2\/media?parent=178"}],"wp:term":[{"taxonomy":"category","embeddable":true,"href":"https:\/\/www.ufsm.br\/cursos\/graduacao\/santa-maria\/engenharia-quimica\/wp-json\/wp\/v2\/categories?post=178"},{"taxonomy":"post_tag","embeddable":true,"href":"https:\/\/www.ufsm.br\/cursos\/graduacao\/santa-maria\/engenharia-quimica\/wp-json\/wp\/v2\/tags?post=178"}],"curies":[{"name":"wp","href":"https:\/\/api.w.org\/{rel}","templated":true}]}}