{"id":168,"date":"2019-02-11T12:51:06","date_gmt":"2019-02-11T14:51:06","guid":{"rendered":"https:\/\/www.ufsm.br\/cursos\/graduacao\/santa-maria\/estatistica\/?page_id=168"},"modified":"2019-04-04T21:32:59","modified_gmt":"2019-04-05T00:32:59","slug":"estagio-supervisionado","status":"publish","type":"page","link":"https:\/\/www.ufsm.br\/cursos\/graduacao\/santa-maria\/estatistica\/estagio-supervisionado","title":{"rendered":"EST\u00c1GIO SUPERVISIONADO"},"content":{"rendered":"\n<p>O Est\u00e1gio Supervisionado, com carga hor\u00e1ria m\u00ednima de 300 h, sendo 30h de orienta\u00e7\u00e3o, realizar-se-\u00e1 ao final do curso, durante um semestre letivo, o qual envolve atividade obrigat\u00f3ria para a forma\u00e7\u00e3o pretendida e tem por finalidade exercitar a pr\u00e1tica profissional aliada com a teoria aprendida no curso, na ocasi\u00e3o em que o aluno disp\u00f5e de todo o conhecimento necess\u00e1rio para uma real viv\u00eancia da pr\u00e1tica profissional.<\/p>\n<p>\u00a0<\/p>\n<p><a href=\"https:\/\/www.ufsm.br\/cursos\/graduacao\/santa-maria\/estatistica\/wp-content\/uploads\/sites\/591\/2019\/04\/NORMA-EST\u00c1GIO-1.pdf\" target=\"_blank\" rel=\"noopener noreferrer\">Normas de Est\u00e1gio<\/a><\/p>\n","protected":false},"excerpt":{"rendered":"<p>O Est\u00e1gio Supervisionado, com carga hor\u00e1ria m\u00ednima de 300 h, sendo 30h de orienta\u00e7\u00e3o, realizar-se-\u00e1 ao final do curso, durante um semestre letivo, o qual envolve atividade obrigat\u00f3ria para a forma\u00e7\u00e3o pretendida e tem por finalidade exercitar a pr\u00e1tica profissional aliada com a teoria aprendida no curso, na ocasi\u00e3o em que o aluno disp\u00f5e de [&hellip;]<\/p>\n","protected":false},"author":118,"featured_media":0,"parent":0,"menu_order":0,"comment_status":"closed","ping_status":"closed","template":"","meta":{"footnotes":""},"categories":[],"tags":[],"class_list":["post-168","page","type-page","status-publish","hentry"],"acf":[],"_links":{"self":[{"href":"https:\/\/www.ufsm.br\/cursos\/graduacao\/santa-maria\/estatistica\/wp-json\/wp\/v2\/pages\/168","targetHints":{"allow":["GET"]}}],"collection":[{"href":"https:\/\/www.ufsm.br\/cursos\/graduacao\/santa-maria\/estatistica\/wp-json\/wp\/v2\/pages"}],"about":[{"href":"https:\/\/www.ufsm.br\/cursos\/graduacao\/santa-maria\/estatistica\/wp-json\/wp\/v2\/types\/page"}],"author":[{"embeddable":true,"href":"https:\/\/www.ufsm.br\/cursos\/graduacao\/santa-maria\/estatistica\/wp-json\/wp\/v2\/users\/118"}],"replies":[{"embeddable":true,"href":"https:\/\/www.ufsm.br\/cursos\/graduacao\/santa-maria\/estatistica\/wp-json\/wp\/v2\/comments?post=168"}],"version-history":[{"count":0,"href":"https:\/\/www.ufsm.br\/cursos\/graduacao\/santa-maria\/estatistica\/wp-json\/wp\/v2\/pages\/168\/revisions"}],"wp:attachment":[{"href":"https:\/\/www.ufsm.br\/cursos\/graduacao\/santa-maria\/estatistica\/wp-json\/wp\/v2\/media?parent=168"}],"wp:term":[{"taxonomy":"category","embeddable":true,"href":"https:\/\/www.ufsm.br\/cursos\/graduacao\/santa-maria\/estatistica\/wp-json\/wp\/v2\/categories?post=168"},{"taxonomy":"post_tag","embeddable":true,"href":"https:\/\/www.ufsm.br\/cursos\/graduacao\/santa-maria\/estatistica\/wp-json\/wp\/v2\/tags?post=168"}],"curies":[{"name":"wp","href":"https:\/\/api.w.org\/{rel}","templated":true}]}}