{"id":176,"date":"2019-02-11T13:02:03","date_gmt":"2019-02-11T15:02:03","guid":{"rendered":"https:\/\/www.ufsm.br\/cursos\/graduacao\/santa-maria\/estatistica\/?page_id=176"},"modified":"2025-11-10T14:59:18","modified_gmt":"2025-11-10T17:59:18","slug":"colegiado","status":"publish","type":"page","link":"https:\/\/www.ufsm.br\/cursos\/graduacao\/santa-maria\/estatistica\/colegiado","title":{"rendered":"Colegiado"},"content":{"rendered":"\n<p>Conforme portaria N\u00ba 281 de 5 de novembro de 2025 do CCNE\/UFSM, com vig\u00eancia at\u00e9 05 de novembro de 2027, o Colegiado do Curso de Bacharelado em Estat\u00edstica \u00e9 constitu\u00eddo pelos membros abaixo relacionados.<\/p>\n<p>Prof\u00aa. Dra. La\u00eds Helen Loose (Presidente)<\/p>\n<p>Prof. Dr. Augusto Maciel da Silva<\/p>\n<p>Prof. Dr. Moiz\u00e9s da Silva Melo<\/p>\n<p>Prof\u00aa. Dra. Vanessa Siqueira Peres da Silva<\/p>\n<p>Prof. Dr. Paulo Fernando Coimbra Tilles<\/p>\n<p>Prof. Dr. Diego Ramos Canterle (suplente)<\/p>\n<p>Prof. Dr. F\u00e1bio Mariano Bayer (suplente)<br \/><br \/><\/p>\n<p>Acad. Eduardo Toaldo Reis<br \/>Acad. Tiago Togni Dias (Suplente)<\/p>\n<p>Gabriel Afonso Marchesi Lopes &#8211; Representante do Conselho da Profiss\u00e3o &#8211; CONRE4<br \/>Tha\u00eds Oliveira Moura &#8211; Representante do Conselho da Profiss\u00e3o &#8211; CONRE4 (Suplente)<\/p>\n<p>\u00a0<\/p>\n","protected":false},"excerpt":{"rendered":"<p>Conforme portaria N\u00ba 281 de 5 de novembro de 2025 do CCNE\/UFSM, com vig\u00eancia at\u00e9 05 de novembro de 2027, o Colegiado do Curso de Bacharelado em Estat\u00edstica \u00e9 constitu\u00eddo pelos membros abaixo relacionados. Prof\u00aa. Dra. La\u00eds Helen Loose (Presidente) Prof. Dr. Augusto Maciel da Silva Prof. Dr. Moiz\u00e9s da Silva Melo Prof\u00aa. Dra. Vanessa [&hellip;]<\/p>\n","protected":false},"author":118,"featured_media":0,"parent":0,"menu_order":0,"comment_status":"closed","ping_status":"closed","template":"","meta":{"footnotes":""},"categories":[],"tags":[],"class_list":["post-176","page","type-page","status-publish","hentry"],"acf":[],"_links":{"self":[{"href":"https:\/\/www.ufsm.br\/cursos\/graduacao\/santa-maria\/estatistica\/wp-json\/wp\/v2\/pages\/176","targetHints":{"allow":["GET"]}}],"collection":[{"href":"https:\/\/www.ufsm.br\/cursos\/graduacao\/santa-maria\/estatistica\/wp-json\/wp\/v2\/pages"}],"about":[{"href":"https:\/\/www.ufsm.br\/cursos\/graduacao\/santa-maria\/estatistica\/wp-json\/wp\/v2\/types\/page"}],"author":[{"embeddable":true,"href":"https:\/\/www.ufsm.br\/cursos\/graduacao\/santa-maria\/estatistica\/wp-json\/wp\/v2\/users\/118"}],"replies":[{"embeddable":true,"href":"https:\/\/www.ufsm.br\/cursos\/graduacao\/santa-maria\/estatistica\/wp-json\/wp\/v2\/comments?post=176"}],"version-history":[{"count":0,"href":"https:\/\/www.ufsm.br\/cursos\/graduacao\/santa-maria\/estatistica\/wp-json\/wp\/v2\/pages\/176\/revisions"}],"wp:attachment":[{"href":"https:\/\/www.ufsm.br\/cursos\/graduacao\/santa-maria\/estatistica\/wp-json\/wp\/v2\/media?parent=176"}],"wp:term":[{"taxonomy":"category","embeddable":true,"href":"https:\/\/www.ufsm.br\/cursos\/graduacao\/santa-maria\/estatistica\/wp-json\/wp\/v2\/categories?post=176"},{"taxonomy":"post_tag","embeddable":true,"href":"https:\/\/www.ufsm.br\/cursos\/graduacao\/santa-maria\/estatistica\/wp-json\/wp\/v2\/tags?post=176"}],"curies":[{"name":"wp","href":"https:\/\/api.w.org\/{rel}","templated":true}]}}