{"id":177,"date":"2019-02-11T13:02:48","date_gmt":"2019-02-11T15:02:48","guid":{"rendered":"https:\/\/www.ufsm.br\/cursos\/graduacao\/santa-maria\/estatistica\/?page_id=177"},"modified":"2025-04-03T14:19:34","modified_gmt":"2025-04-03T17:19:34","slug":"nucleo-docente-estruturante","status":"publish","type":"page","link":"https:\/\/www.ufsm.br\/cursos\/graduacao\/santa-maria\/estatistica\/nucleo-docente-estruturante","title":{"rendered":"N\u00facleo Docente Estruturante"},"content":{"rendered":"\n<p>Conforme portaria n\u00ba 069 de 03 de abril de 2025 do CCNE\/UFSM, com vig\u00eancia at\u00e9 02 de abril de 2028, o N\u00facleo Docente Estruturante (NDE) do Curso de de Bacharelado em Estat\u00edstica\u00a0\u00a0fica constitu\u00eddo pelos membros abaixo relacionados.<\/p>\n<p>Prof\u00aa. Dra. La\u00eds Helen Loose (Presidente)<\/p>\n<p>Prof. Dr. Augusto Maciel da Silva<\/p>\n<p>Prof. Dr. Cleber Bisognin<\/p>\n<p>Prof. Dr. Fernando Arturo Pe\u00f1a Ramirez<\/p>\n<p>Prof\u00aa. Dra. Lorena Vicini<\/p>\n<p>Prof. Dr. Moiz\u00e9s da Silva Melo<\/p>\n<p>Prof\u00aa. Dra. Vanessa Siqueira Peres da Silva<\/p>\n<p>\u00a0<\/p>\n","protected":false},"excerpt":{"rendered":"<p>Conforme portaria n\u00ba 069 de 03 de abril de 2025 do CCNE\/UFSM, com vig\u00eancia at\u00e9 02 de abril de 2028, o N\u00facleo Docente Estruturante (NDE) do Curso de de Bacharelado em Estat\u00edstica\u00a0\u00a0fica constitu\u00eddo pelos membros abaixo relacionados. Prof\u00aa. Dra. La\u00eds Helen Loose (Presidente) Prof. Dr. Augusto Maciel da Silva Prof. Dr. Cleber Bisognin Prof. Dr. [&hellip;]<\/p>\n","protected":false},"author":118,"featured_media":0,"parent":0,"menu_order":0,"comment_status":"closed","ping_status":"closed","template":"","meta":{"footnotes":""},"categories":[],"tags":[],"class_list":["post-177","page","type-page","status-publish","hentry"],"acf":[],"_links":{"self":[{"href":"https:\/\/www.ufsm.br\/cursos\/graduacao\/santa-maria\/estatistica\/wp-json\/wp\/v2\/pages\/177","targetHints":{"allow":["GET"]}}],"collection":[{"href":"https:\/\/www.ufsm.br\/cursos\/graduacao\/santa-maria\/estatistica\/wp-json\/wp\/v2\/pages"}],"about":[{"href":"https:\/\/www.ufsm.br\/cursos\/graduacao\/santa-maria\/estatistica\/wp-json\/wp\/v2\/types\/page"}],"author":[{"embeddable":true,"href":"https:\/\/www.ufsm.br\/cursos\/graduacao\/santa-maria\/estatistica\/wp-json\/wp\/v2\/users\/118"}],"replies":[{"embeddable":true,"href":"https:\/\/www.ufsm.br\/cursos\/graduacao\/santa-maria\/estatistica\/wp-json\/wp\/v2\/comments?post=177"}],"version-history":[{"count":0,"href":"https:\/\/www.ufsm.br\/cursos\/graduacao\/santa-maria\/estatistica\/wp-json\/wp\/v2\/pages\/177\/revisions"}],"wp:attachment":[{"href":"https:\/\/www.ufsm.br\/cursos\/graduacao\/santa-maria\/estatistica\/wp-json\/wp\/v2\/media?parent=177"}],"wp:term":[{"taxonomy":"category","embeddable":true,"href":"https:\/\/www.ufsm.br\/cursos\/graduacao\/santa-maria\/estatistica\/wp-json\/wp\/v2\/categories?post=177"},{"taxonomy":"post_tag","embeddable":true,"href":"https:\/\/www.ufsm.br\/cursos\/graduacao\/santa-maria\/estatistica\/wp-json\/wp\/v2\/tags?post=177"}],"curies":[{"name":"wp","href":"https:\/\/api.w.org\/{rel}","templated":true}]}}