{"id":180,"date":"2019-02-11T13:05:41","date_gmt":"2019-02-11T15:05:41","guid":{"rendered":"https:\/\/www.ufsm.br\/cursos\/graduacao\/santa-maria\/estatistica\/?page_id=180"},"modified":"2024-09-22T18:17:56","modified_gmt":"2024-09-22T21:17:56","slug":"formularios","status":"publish","type":"page","link":"https:\/\/www.ufsm.br\/cursos\/graduacao\/santa-maria\/estatistica\/formularios","title":{"rendered":"Formul\u00e1rios"},"content":{"rendered":"\t\t<div data-elementor-type=\"wp-page\" data-elementor-id=\"180\" class=\"elementor elementor-180\">\n\t\t\t\t\t\t<section class=\"elementor-section elementor-top-section elementor-element elementor-element-aadfbe6 elementor-section-boxed elementor-section-height-default elementor-section-height-default\" data-id=\"aadfbe6\" data-element_type=\"section\">\n\t\t\t\t\t\t<div class=\"elementor-container elementor-column-gap-default\">\n\t\t\t\t\t<div class=\"elementor-column elementor-col-100 elementor-top-column elementor-element elementor-element-8e46564\" data-id=\"8e46564\" data-element_type=\"column\">\n\t\t\t<div class=\"elementor-widget-wrap\">\n\t\t\t\t\t\t\t<\/div>\n\t\t<\/div>\n\t\t\t\t\t<\/div>\n\t\t<\/section>\n\t\t\t\t<section class=\"elementor-section elementor-top-section elementor-element elementor-element-5058d319 elementor-section-boxed elementor-section-height-default elementor-section-height-default\" data-id=\"5058d319\" data-element_type=\"section\">\n\t\t\t\t\t\t<div class=\"elementor-container elementor-column-gap-default\">\n\t\t\t\t\t<div class=\"elementor-column elementor-col-100 elementor-top-column elementor-element elementor-element-2168ca83\" data-id=\"2168ca83\" data-element_type=\"column\">\n\t\t\t<div class=\"elementor-widget-wrap elementor-element-populated\">\n\t\t\t\t\t\t<div class=\"elementor-element elementor-element-faf38af elementor-widget elementor-widget-text-editor\" data-id=\"faf38af\" data-element_type=\"widget\" data-widget_type=\"text-editor.default\">\n\t\t\t\t<div class=\"elementor-widget-container\">\n\t\t\t\t\t\t\t<p><!-- wp:tadv\/classic-paragraph --><\/p>\n<p><a href=\"https:\/\/www.ufsm.br\/app\/uploads\/sites\/591\/2024\/09\/ATO-NORMATIVO-N1-2024.pdf\">Ato Normativo N\u00ba 1\/2024 &#8211; L\u00e1urea Acad\u00eamica<\/a><\/p>\n<p><a href=\"https:\/\/www.ufsm.br\/cursos\/graduacao\/santa-maria\/estatistica\/wp-content\/uploads\/sites\/591\/2019\/02\/Formulariosolicitaaode_disciplina.pdf\" target=\"_blank\" rel=\"noopener noreferrer\">Formul\u00e1rio de solicita\u00e7\u00e3o de disciplinas<\/a><\/p>\n<p><a href=\"https:\/\/www.ufsm.br\/cursos\/graduacao\/santa-maria\/estatistica\/wp-content\/uploads\/sites\/591\/2019\/02\/Formulariosolicitaaotrancamento.pdf\" target=\"_blank\" rel=\"noopener noreferrer\">Formul\u00e1rio de solicita\u00e7\u00e3o de trancamento<\/a><\/p>\n<p><a href=\"https:\/\/www.ufsm.br\/app\/uploads\/sites\/591\/2024\/03\/Normas-ACGs-2024-1.pdf\">Normas das ACGs &#8211; Curr\u00edculo 2017 (Noturno)<\/a><\/p>\n<p><a href=\"https:\/\/www.ufsm.br\/app\/uploads\/sites\/591\/2024\/09\/Normas-ACGs-2024.pdf\">Normas ACGs &#8211; Curr\u00edculo 2024 (Diurno)<\/a><\/p>\n<p><a href=\"https:\/\/www.ufsm.br\/app\/uploads\/sites\/591\/2024\/09\/Normas-ACEX-2024.pdf\">Normas ACEX &#8211; Curr\u00edculo 2024 (Diurno)<\/a><\/p>\n<p><a href=\"https:\/\/docs.google.com\/document\/d\/1lSmioOVXxc8asoqohWxnRjOlqxN6FR1a-U0AYeOjvOA\/edit?usp=sharing\">Requerimento de Justificativa de faltas e recupera\u00e7\u00e3o de Avalia\u00e7\u00e3o<\/a><\/p>\n<p><a href=\"https:\/\/www.ufsm.br\/app\/uploads\/sites\/591\/2022\/11\/Requerimento-Regime-de-Exercicios-Domiciliares-casos-previstos-no-Guia-do-Estudante.docx\">Requerimento Regime de Exerc\u00edcios Domiciliares casos previstos no Guia do Estudante<\/a><\/p>\n<p><a href=\"https:\/\/www.ufsm.br\/app\/uploads\/sites\/455\/2020\/09\/Tutorial-ACG.pdf\" target=\"_blank\" rel=\"noopener noreferrer\">Tutorial para de registro de ACGs<\/a><\/p>\n<p>\u00a0<\/p>\n<p><!-- \/wp:tadv\/classic-paragraph --><\/p>\t\t\t\t\t\t<\/div>\n\t\t\t\t<\/div>\n\t\t\t\t\t<\/div>\n\t\t<\/div>\n\t\t\t\t\t<\/div>\n\t\t<\/section>\n\t\t\t\t<section class=\"elementor-section elementor-top-section elementor-element elementor-element-06073ea elementor-section-boxed elementor-section-height-default elementor-section-height-default\" data-id=\"06073ea\" data-element_type=\"section\">\n\t\t\t\t\t\t<div class=\"elementor-container elementor-column-gap-default\">\n\t\t\t\t\t<div class=\"elementor-column elementor-col-20 elementor-top-column elementor-element elementor-element-395612b\" data-id=\"395612b\" data-element_type=\"column\">\n\t\t\t<div class=\"elementor-widget-wrap\">\n\t\t\t\t\t\t\t<\/div>\n\t\t<\/div>\n\t\t\t\t<div class=\"elementor-column elementor-col-20 elementor-top-column elementor-element elementor-element-2fd4142\" data-id=\"2fd4142\" data-element_type=\"column\">\n\t\t\t<div class=\"elementor-widget-wrap\">\n\t\t\t\t\t\t\t<\/div>\n\t\t<\/div>\n\t\t\t\t<div class=\"elementor-column elementor-col-20 elementor-top-column elementor-element elementor-element-7c36dad\" data-id=\"7c36dad\" data-element_type=\"column\">\n\t\t\t<div class=\"elementor-widget-wrap\">\n\t\t\t\t\t\t\t<\/div>\n\t\t<\/div>\n\t\t\t\t<div class=\"elementor-column elementor-col-20 elementor-top-column elementor-element elementor-element-78700a5\" data-id=\"78700a5\" data-element_type=\"column\">\n\t\t\t<div class=\"elementor-widget-wrap\">\n\t\t\t\t\t\t\t<\/div>\n\t\t<\/div>\n\t\t\t\t<div class=\"elementor-column elementor-col-20 elementor-top-column elementor-element elementor-element-3f37867\" data-id=\"3f37867\" data-element_type=\"column\">\n\t\t\t<div class=\"elementor-widget-wrap\">\n\t\t\t\t\t\t\t<\/div>\n\t\t<\/div>\n\t\t\t\t\t<\/div>\n\t\t<\/section>\n\t\t\t\t<\/div>\n\t\t","protected":false},"excerpt":{"rendered":"<p>Ato Normativo N\u00ba 1\/2024 &#8211; L\u00e1urea Acad\u00eamica Formul\u00e1rio de solicita\u00e7\u00e3o de disciplinas Formul\u00e1rio de solicita\u00e7\u00e3o de trancamento Normas das ACGs &#8211; Curr\u00edculo 2017 (Noturno) Normas ACGs &#8211; Curr\u00edculo 2024 (Diurno) Normas ACEX &#8211; Curr\u00edculo 2024 (Diurno) Requerimento de Justificativa de faltas e recupera\u00e7\u00e3o de Avalia\u00e7\u00e3o Requerimento Regime de Exerc\u00edcios Domiciliares casos previstos no Guia do [&hellip;]<\/p>\n","protected":false},"author":118,"featured_media":0,"parent":0,"menu_order":0,"comment_status":"closed","ping_status":"closed","template":"","meta":{"footnotes":""},"categories":[],"tags":[],"class_list":["post-180","page","type-page","status-publish","hentry"],"acf":[],"_links":{"self":[{"href":"https:\/\/www.ufsm.br\/cursos\/graduacao\/santa-maria\/estatistica\/wp-json\/wp\/v2\/pages\/180","targetHints":{"allow":["GET"]}}],"collection":[{"href":"https:\/\/www.ufsm.br\/cursos\/graduacao\/santa-maria\/estatistica\/wp-json\/wp\/v2\/pages"}],"about":[{"href":"https:\/\/www.ufsm.br\/cursos\/graduacao\/santa-maria\/estatistica\/wp-json\/wp\/v2\/types\/page"}],"author":[{"embeddable":true,"href":"https:\/\/www.ufsm.br\/cursos\/graduacao\/santa-maria\/estatistica\/wp-json\/wp\/v2\/users\/118"}],"replies":[{"embeddable":true,"href":"https:\/\/www.ufsm.br\/cursos\/graduacao\/santa-maria\/estatistica\/wp-json\/wp\/v2\/comments?post=180"}],"version-history":[{"count":0,"href":"https:\/\/www.ufsm.br\/cursos\/graduacao\/santa-maria\/estatistica\/wp-json\/wp\/v2\/pages\/180\/revisions"}],"wp:attachment":[{"href":"https:\/\/www.ufsm.br\/cursos\/graduacao\/santa-maria\/estatistica\/wp-json\/wp\/v2\/media?parent=180"}],"wp:term":[{"taxonomy":"category","embeddable":true,"href":"https:\/\/www.ufsm.br\/cursos\/graduacao\/santa-maria\/estatistica\/wp-json\/wp\/v2\/categories?post=180"},{"taxonomy":"post_tag","embeddable":true,"href":"https:\/\/www.ufsm.br\/cursos\/graduacao\/santa-maria\/estatistica\/wp-json\/wp\/v2\/tags?post=180"}],"curies":[{"name":"wp","href":"https:\/\/api.w.org\/{rel}","templated":true}]}}