{"id":185,"date":"2019-02-11T13:42:03","date_gmt":"2019-02-11T15:42:03","guid":{"rendered":"https:\/\/www.ufsm.br\/cursos\/graduacao\/santa-maria\/estatistica\/?page_id=185"},"modified":"2021-08-08T21:45:22","modified_gmt":"2021-08-09T00:45:22","slug":"historico","status":"publish","type":"page","link":"https:\/\/www.ufsm.br\/cursos\/graduacao\/santa-maria\/estatistica\/historico","title":{"rendered":"Hist\u00f3rico"},"content":{"rendered":"\t\t<div data-elementor-type=\"wp-post\" data-elementor-id=\"185\" class=\"elementor elementor-185 elementor-bc-flex-widget\">\n\t\t\t\t\t\t<section class=\"elementor-section elementor-top-section elementor-element elementor-element-6426d2b4 elementor-section-boxed elementor-section-height-default elementor-section-height-default\" data-id=\"6426d2b4\" data-element_type=\"section\">\n\t\t\t\t\t\t<div class=\"elementor-container elementor-column-gap-default\">\n\t\t\t\t\t<div class=\"elementor-column elementor-col-100 elementor-top-column elementor-element elementor-element-3fd14473\" data-id=\"3fd14473\" data-element_type=\"column\">\n\t\t\t<div class=\"elementor-widget-wrap elementor-element-populated\">\n\t\t\t\t\t\t<div class=\"elementor-element elementor-element-f5ebda2 elementor-widget elementor-widget-text-editor\" data-id=\"f5ebda2\" data-element_type=\"widget\" data-widget_type=\"text-editor.default\">\n\t\t\t\t<div class=\"elementor-widget-container\">\n\t\t\t\t\t\t\t<p><!-- wp:tadv\/classic-paragraph --><\/p>\n<p>O Curso de Bacharelado em Estat\u00edstica da UFSM surgiu em 2009, vinculado ao Programa REUNI, sendo o \u00fanico curso de Estat\u00edstica do interior do Rio Grande do Sul. O Curso recebeu a visita do MEC em mar\u00e7o de 2014 para fins de reconhecimento do curso, tendo recebido a nota 4 (numa escala de 1 a 5), sendo considerado um curso com um perfil de qualidade muito bom. O reconhecimento oficial do Curso se deu por meio da portaria de N\u00b0 546 de 12 de setembro de 2014 da Secret\u00e1ria de Regula\u00e7\u00e3o e Supervis\u00e3o da Educa\u00e7\u00e3o Superior. Atualmente o curso \u00e9 oferecido no hor\u00e1rio noturno com dura\u00e7\u00e3o de 5 anos, cujo ingresso se d\u00e1 no primeiro semestre do ano.<br \/>A seguir s\u00e3o apresentadas fotos de acontecimentos relevantes do Curso, desde a sua cria\u00e7\u00e3o.<\/p>\n<p>\u00a0<\/p>\n<p><img fetchpriority=\"high\" decoding=\"async\" class=\"\" src=\"https:\/\/www.ufsm.br\/cursos\/graduacao\/santa-maria\/estatistica\/wp-content\/uploads\/sites\/591\/2019\/02\/foto-1.jpg\" width=\"647\" height=\"485\" \/><br \/>Alunos ingressantes da 1\u00aa turma do curso \u2013 2009\/2<\/p>\n<p>\u00a0<\/p>\n<p><img decoding=\"async\" src=\"https:\/\/www.ufsm.br\/cursos\/graduacao\/santa-maria\/estatistica\/wp-content\/uploads\/sites\/591\/2019\/02\/foto-2.jpg\" \/><br \/>Aula inaugural do curso proferida pelo professor Gauss Cordeiro Moutinho<\/p>\n<p>\u00a0<\/p>\n<p><img decoding=\"async\" class=\"\" src=\"https:\/\/www.ufsm.br\/cursos\/graduacao\/santa-maria\/estatistica\/wp-content\/uploads\/sites\/591\/2019\/02\/Feira-do-Livro-estande-da-Estatstica-29-Abril-2010-1024x768.jpg\" width=\"647\" height=\"486\" \/><br \/>Estande da Estat\u00edstica na Feira do Livro &#8211; 29 de Abril de 2010<\/p>\n<p>\u00a0<\/p>\n<p><img decoding=\"async\" src=\"https:\/\/www.ufsm.br\/cursos\/graduacao\/santa-maria\/estatistica\/wp-content\/uploads\/sites\/591\/2019\/02\/foto-3.jpg\" \/><br \/>Alunos ingressantes da 2\u00aa turma do curso \u2013 2010\/2<\/p>\n<p>\u00a0<\/p>\n<p><img decoding=\"async\" src=\"https:\/\/www.ufsm.br\/cursos\/graduacao\/santa-maria\/estatistica\/wp-content\/uploads\/sites\/591\/2019\/02\/foto-4.jpg\" \/><br \/>Time de futsal feminino \u2013 2\u00ba lugar &#8211; 1\u00aa Copa CCNE &#8211; 2010<\/p>\n<p>\u00a0<\/p>\n<p><a href=\"https:\/\/www.ufsm.br\/cursos\/graduacao\/santa-maria\/estatistica\/wp-content\/uploads\/sites\/591\/2019\/02\/foto-7.jpg\"><img decoding=\"async\" src=\"http:\/\/coral.ufsm.br\/estat\/images\/formatura1\/foto%207.JPG\" alt=\"foto 7\" width=\"800\" height=\"600\" \/><\/a><br \/>Alunos ingressantes da 3\u00aa turma do curso \u2013 2011\/2<\/p>\n<p>\u00a0<\/p>\n<p><img decoding=\"async\" src=\"https:\/\/www.ufsm.br\/cursos\/graduacao\/santa-maria\/estatistica\/wp-content\/uploads\/sites\/591\/2019\/02\/foto-5.jpg\" \/><br \/>Time de voleibol misto \u2013 1\u00ba lugar &#8211; 2\u00aa Copa CCNE \u2013 2011<\/p>\n<p>\u00a0<\/p>\n<p><img decoding=\"async\" src=\"https:\/\/www.ufsm.br\/cursos\/graduacao\/santa-maria\/estatistica\/wp-content\/uploads\/sites\/591\/2019\/02\/foto-6.jpg\" \/><br \/>Time de futsal feminino \u2013 3\u00ba lugar &#8211; 2\u00aa Copa CCNE \u2013 2011<\/p>\n<p>\u00a0<\/p>\n<p><img decoding=\"async\" src=\"https:\/\/www.ufsm.br\/cursos\/graduacao\/santa-maria\/estatistica\/wp-content\/uploads\/sites\/591\/2019\/02\/JAI-2011-Curso-prof-Fidel-1024x731.jpg\" \/><br \/>Minicurso ministrado pelo professor Fidel (UFRN) &#8211; 2011<\/p>\n<p>\u00a0<\/p>\n<p><img loading=\"lazy\" decoding=\"async\" class=\"\" src=\"https:\/\/www.ufsm.br\/cursos\/graduacao\/santa-maria\/estatistica\/wp-content\/uploads\/sites\/591\/2019\/02\/profitecs-est-2012.jpg\" width=\"472\" height=\"354\" \/><a href=\"https:\/\/www.ufsm.br\/cursos\/graduacao\/santa-maria\/estatistica\/wp-content\/uploads\/sites\/591\/2019\/02\/profitecs-est-3-2012.jpg\"><img loading=\"lazy\" decoding=\"async\" class=\"\" src=\"http:\/\/coral.ufsm.br\/estat\/images\/formatura\/profitecs%20est%203%202012.JPG\" alt=\"profitecs est 3 2012\" width=\"474\" height=\"355\" \/><\/a><\/p>\n<p>Estande da Estat\u00edstica na Profitecs 2012<\/p>\n<p>\u00a0<\/p>\n<p><img decoding=\"async\" src=\"https:\/\/www.ufsm.br\/cursos\/graduacao\/santa-maria\/estatistica\/wp-content\/uploads\/sites\/591\/2019\/02\/turma-2012-1024x768.jpg\" \/><br \/>Alunos ingressantes da 4\u00aa turma do curso \u2013 2012\/2<\/p>\n<p>\u00a0<\/p>\n<p><img decoding=\"async\" src=\"https:\/\/www.ufsm.br\/cursos\/graduacao\/santa-maria\/estatistica\/wp-content\/uploads\/sites\/591\/2019\/02\/volei-sai-2012.jpg\" \/><br \/>Time de voleibol misto \u2013 1\u00ba lugar &#8211; 3\u00aa Copa CCNE \u2013 2012<\/p>\n<p>\u00a0<\/p>\n<p><img decoding=\"async\" src=\"https:\/\/www.ufsm.br\/cursos\/graduacao\/santa-maria\/estatistica\/wp-content\/uploads\/sites\/591\/2019\/02\/futsal-masc-sai-2012-2lugar.jpg\" \/><br \/>Time de futsal masculino \u2013 2\u00ba lugar &#8211; 3\u00aa Copa CCNE &#8211; 2012<\/p>\n<p>\u00a0<\/p>\n<p><img loading=\"lazy\" decoding=\"async\" class=\"\" src=\"https:\/\/www.ufsm.br\/cursos\/graduacao\/santa-maria\/estatistica\/wp-content\/uploads\/sites\/591\/2019\/02\/Profitecs2013.jpg\" width=\"472\" height=\"354\" \/><img loading=\"lazy\" decoding=\"async\" class=\"\" src=\"https:\/\/www.ufsm.br\/cursos\/graduacao\/santa-maria\/estatistica\/wp-content\/uploads\/sites\/591\/2019\/02\/Profitecs2013b.jpg\" width=\"472\" height=\"354\" \/><br \/>Estande da Estat\u00edstica na Profitecs 2013<\/p>\n<p>\u00a0<\/p>\n<p><img decoding=\"async\" src=\"https:\/\/www.ufsm.br\/cursos\/graduacao\/santa-maria\/estatistica\/wp-content\/uploads\/sites\/591\/2019\/02\/Ingressantes-2013.jpg\" \/><br \/>Alunos ingressantes da 5\u00aa turma do curso \u2013 2013\/2<\/p>\n<p>\u00a0<\/p>\n<p><img decoding=\"async\" src=\"https:\/\/www.ufsm.br\/cursos\/graduacao\/santa-maria\/estatistica\/wp-content\/uploads\/sites\/591\/2019\/02\/Truco2013.jpg\" \/><\/p>\n<p>Truco &#8211; 2\u00ba lugar &#8211; 4\u00aa Copa CCNE &#8211; 2013<\/p>\n<p>\u00a0<\/p>\n<p><img decoding=\"async\" src=\"https:\/\/www.ufsm.br\/cursos\/graduacao\/santa-maria\/estatistica\/wp-content\/uploads\/sites\/591\/2019\/02\/Descubra2014.jpg\" \/><br \/>Estande da Estat\u00edstica no Descubra 2014<\/p>\n<p>\u00a0<\/p>\n<p><img decoding=\"async\" src=\"https:\/\/www.ufsm.br\/cursos\/graduacao\/santa-maria\/estatistica\/wp-content\/uploads\/sites\/591\/2019\/02\/formandos2014-01a.jpg\" \/><br \/>Cerim\u00f4nia de Formatura da primeira turma do Curso de Bacharelado em Estat\u00edstica \u2013 2014\/1<\/p>\n<p>\u00a0<\/p>\n<p><img decoding=\"async\" src=\"https:\/\/www.ufsm.br\/cursos\/graduacao\/santa-maria\/estatistica\/wp-content\/uploads\/sites\/591\/2019\/02\/Formandos2014-01b-1024x660.jpg\" \/><br \/>Formandos da primeira turma do Curso de Bacharelado em Estat\u00edstica com os professores homenageados e autoridades \u2013 2014\/1<\/p>\n<p>\u00a0<\/p>\n<p><img loading=\"lazy\" decoding=\"async\" class=\"alignnone size-large wp-image-260\" src=\"https:\/\/www.ufsm.br\/cursos\/graduacao\/santa-maria\/estatistica\/wp-content\/uploads\/sites\/591\/2019\/02\/Lais-Sinape-2014-1024x600.jpg\" alt=\"\" width=\"1024\" height=\"600\" srcset=\"https:\/\/www.ufsm.br\/app\/uploads\/sites\/591\/2019\/02\/Lais-Sinape-2014-1024x600.jpg 1024w, https:\/\/www.ufsm.br\/app\/uploads\/sites\/591\/2019\/02\/Lais-Sinape-2014-300x176.jpg 300w, https:\/\/www.ufsm.br\/app\/uploads\/sites\/591\/2019\/02\/Lais-Sinape-2014-768x450.jpg 768w, https:\/\/www.ufsm.br\/app\/uploads\/sites\/591\/2019\/02\/Lais-Sinape-2014.jpg 1920w\" sizes=\"(max-width: 1024px) 100vw, 1024px\" \/><\/p>\n<p>Premia\u00e7\u00e3o do aluna La\u00eds Helen Lose &#8211;\u00a02\u00b0 lugar no concurso de inicia\u00e7\u00e3o cient\u00edfica da Associa\u00e7\u00e3o Brasileira de Estat\u00edstica (ABE) durante o Simp\u00f3sio Nacional de Probabilidade e Estat\u00edstica (SINAPE) &#8211; 2014<\/p>\n<p>\u00a0<\/p>\n<p><img decoding=\"async\" src=\"https:\/\/www.ufsm.br\/cursos\/graduacao\/santa-maria\/estatistica\/wp-content\/uploads\/sites\/591\/2019\/02\/calouros-2014.jpg\" \/><\/p>\n<p>Alunos ingressantes da 6\u00aa turma do curso \u2013 2014\/2<\/p>\n<p><br \/><img decoding=\"async\" src=\"https:\/\/www.ufsm.br\/cursos\/graduacao\/santa-maria\/estatistica\/wp-content\/uploads\/sites\/591\/2019\/02\/Descubra2015.jpg\" \/><br \/>Estande da Estat\u00edstica no Descubra 2015<\/p>\n<p>\u00a0<\/p>\n<p><img decoding=\"async\" src=\"https:\/\/www.ufsm.br\/cursos\/graduacao\/santa-maria\/estatistica\/wp-content\/uploads\/sites\/591\/2019\/02\/calouros21051.jpg\" \/><br \/>Alunos ingressantes da 7\u00aa turma do curso \u2013 2015\/2<\/p>\n<p>\u00a0<\/p>\n<p><img decoding=\"async\" src=\"https:\/\/www.ufsm.br\/cursos\/graduacao\/santa-maria\/estatistica\/wp-content\/uploads\/sites\/591\/2019\/02\/Futsal_Mas_2lugar_SAI2015.jpg\" \/><br \/>Time de futsal masculino \u2013 2\u00ba lugar &#8211; 6\u00aa Copa CCNE &#8211; 2015<\/p>\n<p><!-- \/wp:tadv\/classic-paragraph --><\/p>\n<p>\u00a0<\/p>\n<p>(IMAGEM)<\/p>\n<p>Alunos ingressantes da 8\u00aa turma do curso \u2013 2016\/2<\/p>\n<p>\u00a0<\/p>\n<p><img loading=\"lazy\" decoding=\"async\" class=\"alignnone size-large wp-image-249\" src=\"https:\/\/www.ufsm.br\/cursos\/graduacao\/santa-maria\/estatistica\/wp-content\/uploads\/sites\/591\/2019\/02\/Descubra-2016-1-1024x768.jpg\" alt=\"\" width=\"1024\" height=\"768\" srcset=\"https:\/\/www.ufsm.br\/app\/uploads\/sites\/591\/2019\/02\/Descubra-2016-1-1024x768.jpg 1024w, https:\/\/www.ufsm.br\/app\/uploads\/sites\/591\/2019\/02\/Descubra-2016-1-300x225.jpg 300w, https:\/\/www.ufsm.br\/app\/uploads\/sites\/591\/2019\/02\/Descubra-2016-1-768x576.jpg 768w, https:\/\/www.ufsm.br\/app\/uploads\/sites\/591\/2019\/02\/Descubra-2016-1.jpg 1920w\" sizes=\"(max-width: 1024px) 100vw, 1024px\" \/><\/p>\n<p>Estande da Estat\u00edstica no Descubra 2016<\/p>\n<p>\u00a0<\/p>\n<p><img loading=\"lazy\" decoding=\"async\" class=\"alignnone  wp-image-259\" src=\"https:\/\/www.ufsm.br\/cursos\/graduacao\/santa-maria\/estatistica\/wp-content\/uploads\/sites\/591\/2019\/02\/Diego-Sinape-2016.jpg\" alt=\"\" width=\"472\" height=\"839\" srcset=\"https:\/\/www.ufsm.br\/app\/uploads\/sites\/591\/2019\/02\/Diego-Sinape-2016.jpg 540w, https:\/\/www.ufsm.br\/app\/uploads\/sites\/591\/2019\/02\/Diego-Sinape-2016-169x300.jpg 169w\" sizes=\"(max-width: 472px) 100vw, 472px\" \/><\/p>\n<p>Premia\u00e7\u00e3o do aluno Diego Canterle &#8211;\u00a01\u00b0 lugar no concurso de inicia\u00e7\u00e3o cient\u00edfica da Associa\u00e7\u00e3o Brasileira de Estat\u00edstica (ABE) durante o Simp\u00f3sio Nacional de Probabilidade e Estat\u00edstica (SINAPE) &#8211; 2016<\/p>\n<p>\u00a0<\/p>\n<p><img loading=\"lazy\" decoding=\"async\" class=\"alignnone size-full wp-image-261\" src=\"https:\/\/www.ufsm.br\/cursos\/graduacao\/santa-maria\/estatistica\/wp-content\/uploads\/sites\/591\/2019\/02\/C\u00e1tia-ABEPRO.jpg\" alt=\"\" width=\"960\" height=\"720\" srcset=\"https:\/\/www.ufsm.br\/app\/uploads\/sites\/591\/2019\/02\/C\u00e1tia-ABEPRO.jpg 960w, https:\/\/www.ufsm.br\/app\/uploads\/sites\/591\/2019\/02\/C\u00e1tia-ABEPRO-300x225.jpg 300w, https:\/\/www.ufsm.br\/app\/uploads\/sites\/591\/2019\/02\/C\u00e1tia-ABEPRO-768x576.jpg 768w\" sizes=\"(max-width: 960px) 100vw, 960px\" \/><\/p>\n<p>Premia\u00e7\u00e3o da aluna C\u00e1tia Michele Tondolo &#8211; Melhor disserta\u00e7\u00e3o de mestrado pela Associa\u00e7\u00e3o Brasileira de Engenharia de Produ\u00e7\u00e3o (ABEPRO) &#8211; 2016<\/p>\n<p>\u00a0<\/p>\n<p><img loading=\"lazy\" decoding=\"async\" class=\"alignnone size-large wp-image-257\" src=\"https:\/\/www.ufsm.br\/cursos\/graduacao\/santa-maria\/estatistica\/wp-content\/uploads\/sites\/591\/2019\/02\/Quadro-formandos-2016-2-1024x371.jpg\" alt=\"\" width=\"1024\" height=\"371\" srcset=\"https:\/\/www.ufsm.br\/app\/uploads\/sites\/591\/2019\/02\/Quadro-formandos-2016-2-1024x371.jpg 1024w, https:\/\/www.ufsm.br\/app\/uploads\/sites\/591\/2019\/02\/Quadro-formandos-2016-2-300x109.jpg 300w, https:\/\/www.ufsm.br\/app\/uploads\/sites\/591\/2019\/02\/Quadro-formandos-2016-2-768x278.jpg 768w, https:\/\/www.ufsm.br\/app\/uploads\/sites\/591\/2019\/02\/Quadro-formandos-2016-2.jpg 1920w\" sizes=\"(max-width: 1024px) 100vw, 1024px\" \/><\/p>\n<p>Formandos e Homenageados &#8211; 2016\/1 e 2016\/2<\/p>\n<p>\u00a0<\/p>\n<p>(IMAGEM)<\/p>\n<p>Alunos ingressantes da 9\u00aa turma do curso \u2013 2017\/1<\/p>\n<p>\u00a0<\/p>\n<p><img loading=\"lazy\" decoding=\"async\" class=\"alignnone size-full wp-image-256\" src=\"https:\/\/www.ufsm.br\/cursos\/graduacao\/santa-maria\/estatistica\/wp-content\/uploads\/sites\/591\/2019\/02\/IV-Semana-Academica-2017.jpg\" alt=\"\" width=\"800\" height=\"600\" srcset=\"https:\/\/www.ufsm.br\/app\/uploads\/sites\/591\/2019\/02\/IV-Semana-Academica-2017.jpg 800w, https:\/\/www.ufsm.br\/app\/uploads\/sites\/591\/2019\/02\/IV-Semana-Academica-2017-300x225.jpg 300w, https:\/\/www.ufsm.br\/app\/uploads\/sites\/591\/2019\/02\/IV-Semana-Academica-2017-768x576.jpg 768w\" sizes=\"(max-width: 800px) 100vw, 800px\" \/><\/p>\n<p>IV Semana Acad\u00eamica da Estat\u00edstica &#8211; 2017<\/p>\n<p>\u00a0<\/p>\n<p><img loading=\"lazy\" decoding=\"async\" class=\"alignnone size-large wp-image-258\" src=\"https:\/\/www.ufsm.br\/cursos\/graduacao\/santa-maria\/estatistica\/wp-content\/uploads\/sites\/591\/2019\/02\/Sigma-Jr-UFSM-2017-1024x465.jpg\" alt=\"\" width=\"1024\" height=\"465\" srcset=\"https:\/\/www.ufsm.br\/app\/uploads\/sites\/591\/2019\/02\/Sigma-Jr-UFSM-2017-1024x465.jpg 1024w, https:\/\/www.ufsm.br\/app\/uploads\/sites\/591\/2019\/02\/Sigma-Jr-UFSM-2017-300x136.jpg 300w, https:\/\/www.ufsm.br\/app\/uploads\/sites\/591\/2019\/02\/Sigma-Jr-UFSM-2017-768x349.jpg 768w, https:\/\/www.ufsm.br\/app\/uploads\/sites\/591\/2019\/02\/Sigma-Jr-UFSM-2017.jpg 1920w\" sizes=\"(max-width: 1024px) 100vw, 1024px\" \/><\/p>\n<p>Cria\u00e7\u00e3o da Empresa Sigma Junior &#8211; 2017<\/p>\n<p>\u00a0<\/p>\n<p>(IMAGEM)<\/p>\n<p>Estande da Estat\u00edstica no Descubra 2017<\/p>\n<p>\u00a0<\/p>\n<p><img loading=\"lazy\" decoding=\"async\" class=\"alignnone size-full wp-image-265\" src=\"https:\/\/www.ufsm.br\/cursos\/graduacao\/santa-maria\/estatistica\/wp-content\/uploads\/sites\/591\/2019\/02\/16-SAI-2017.jpg\" alt=\"\" width=\"936\" height=\"536\" srcset=\"https:\/\/www.ufsm.br\/app\/uploads\/sites\/591\/2019\/02\/16-SAI-2017.jpg 936w, https:\/\/www.ufsm.br\/app\/uploads\/sites\/591\/2019\/02\/16-SAI-2017-300x172.jpg 300w, https:\/\/www.ufsm.br\/app\/uploads\/sites\/591\/2019\/02\/16-SAI-2017-768x440.jpg 768w\" sizes=\"(max-width: 936px) 100vw, 936px\" \/> \u00a016\u00aa Semana Acad\u00eamica Integrada do CCNE &#8211; 2017<\/p>\n<p>\u00a0<\/p>\n<p><img loading=\"lazy\" decoding=\"async\" class=\"alignnone size-large wp-image-266\" src=\"https:\/\/www.ufsm.br\/cursos\/graduacao\/santa-maria\/estatistica\/wp-content\/uploads\/sites\/591\/2019\/02\/Pocker-Denis-2017.jpg\" alt=\"\" width=\"959\" height=\"547\" srcset=\"https:\/\/www.ufsm.br\/app\/uploads\/sites\/591\/2019\/02\/Pocker-Denis-2017.jpg 959w, https:\/\/www.ufsm.br\/app\/uploads\/sites\/591\/2019\/02\/Pocker-Denis-2017-300x171.jpg 300w, https:\/\/www.ufsm.br\/app\/uploads\/sites\/591\/2019\/02\/Pocker-Denis-2017-768x438.jpg 768w\" sizes=\"(max-width: 959px) 100vw, 959px\" \/><\/p>\n<p>II UFSM Series of Poker (2017) &#8211; evento organizado pelo DAEst, juntamente com os alunos da disciplina de Atitude Empreendedora na Estat\u00edstica II, com reportagem publicada no jornal Di\u00e1rio de Santa Maria.<\/p>\n<p>\u00a0<\/p>\n<p><img loading=\"lazy\" decoding=\"async\" class=\"alignnone size-large wp-image-267\" src=\"https:\/\/www.ufsm.br\/cursos\/graduacao\/santa-maria\/estatistica\/wp-content\/uploads\/sites\/591\/2019\/02\/Alunos-2018-1.jpg\" alt=\"\" width=\"976\" height=\"557\" srcset=\"https:\/\/www.ufsm.br\/app\/uploads\/sites\/591\/2019\/02\/Alunos-2018-1.jpg 976w, https:\/\/www.ufsm.br\/app\/uploads\/sites\/591\/2019\/02\/Alunos-2018-1-300x171.jpg 300w, https:\/\/www.ufsm.br\/app\/uploads\/sites\/591\/2019\/02\/Alunos-2018-1-768x438.jpg 768w\" sizes=\"(max-width: 976px) 100vw, 976px\" \/><\/p>\n<p>Alunos ingressantes da 10\u00aa turma do curso \u2013 2018\/1<\/p>\n<p>\u00a0<\/p>\n<p><img loading=\"lazy\" decoding=\"async\" class=\"alignnone size-large wp-image-239\" src=\"https:\/\/www.ufsm.br\/cursos\/graduacao\/santa-maria\/estatistica\/wp-content\/uploads\/sites\/591\/2019\/02\/44758955_2036682799955857_1240840009141977088_o-1024x498.jpg\" alt=\"\" width=\"1024\" height=\"498\" srcset=\"https:\/\/www.ufsm.br\/app\/uploads\/sites\/591\/2019\/02\/44758955_2036682799955857_1240840009141977088_o-1024x498.jpg 1024w, https:\/\/www.ufsm.br\/app\/uploads\/sites\/591\/2019\/02\/44758955_2036682799955857_1240840009141977088_o-300x146.jpg 300w, https:\/\/www.ufsm.br\/app\/uploads\/sites\/591\/2019\/02\/44758955_2036682799955857_1240840009141977088_o-768x373.jpg 768w, https:\/\/www.ufsm.br\/app\/uploads\/sites\/591\/2019\/02\/44758955_2036682799955857_1240840009141977088_o.jpg 1280w\" sizes=\"(max-width: 1024px) 100vw, 1024px\" \/><\/p>\n<p>V Semana Acad\u00eamica da Estat\u00edstica &#8211; 2018<\/p>\n<p>\u00a0<\/p>\n<p><img loading=\"lazy\" decoding=\"async\" class=\"alignnone  wp-image-264\" src=\"https:\/\/www.ufsm.br\/cursos\/graduacao\/santa-maria\/estatistica\/wp-content\/uploads\/sites\/591\/2019\/02\/WhatsApp-Image-2018-10-08-at-10.29.48-1-1024x577.jpeg\" alt=\"\" width=\"471\" height=\"266\" srcset=\"https:\/\/www.ufsm.br\/app\/uploads\/sites\/591\/2019\/02\/WhatsApp-Image-2018-10-08-at-10.29.48-1-1024x577.jpeg 1024w, https:\/\/www.ufsm.br\/app\/uploads\/sites\/591\/2019\/02\/WhatsApp-Image-2018-10-08-at-10.29.48-1-300x169.jpeg 300w, https:\/\/www.ufsm.br\/app\/uploads\/sites\/591\/2019\/02\/WhatsApp-Image-2018-10-08-at-10.29.48-1-768x433.jpeg 768w, https:\/\/www.ufsm.br\/app\/uploads\/sites\/591\/2019\/02\/WhatsApp-Image-2018-10-08-at-10.29.48-1.jpeg 1280w\" sizes=\"(max-width: 471px) 100vw, 471px\" \/><img loading=\"lazy\" decoding=\"async\" class=\"alignnone  wp-image-263\" src=\"https:\/\/www.ufsm.br\/cursos\/graduacao\/santa-maria\/estatistica\/wp-content\/uploads\/sites\/591\/2019\/02\/WhatsApp-Image-2018-10-08-at-10.29.49-1024x577.jpeg\" alt=\"\" width=\"472\" height=\"266\" srcset=\"https:\/\/www.ufsm.br\/app\/uploads\/sites\/591\/2019\/02\/WhatsApp-Image-2018-10-08-at-10.29.49-1024x577.jpeg 1024w, https:\/\/www.ufsm.br\/app\/uploads\/sites\/591\/2019\/02\/WhatsApp-Image-2018-10-08-at-10.29.49-300x169.jpeg 300w, https:\/\/www.ufsm.br\/app\/uploads\/sites\/591\/2019\/02\/WhatsApp-Image-2018-10-08-at-10.29.49-768x433.jpeg 768w, https:\/\/www.ufsm.br\/app\/uploads\/sites\/591\/2019\/02\/WhatsApp-Image-2018-10-08-at-10.29.49.jpeg 1280w\" sizes=\"(max-width: 472px) 100vw, 472px\" \/>\u00a0<\/p>\n<p>Estande da Estat\u00edstica no Descubra 2018<\/p>\n<p>\u00a0<\/p>\t\t\t\t\t\t<\/div>\n\t\t\t\t<\/div>\n\t\t\t\t\t<\/div>\n\t\t<\/div>\n\t\t\t\t\t<\/div>\n\t\t<\/section>\n\t\t\t\t<\/div>\n\t\t","protected":false},"excerpt":{"rendered":"<p>O Curso de Bacharelado em Estat\u00edstica da UFSM surgiu em 2009, vinculado ao Programa REUNI, sendo o \u00fanico curso de Estat\u00edstica do interior do Rio Grande do Sul. O Curso recebeu a visita do MEC em mar\u00e7o de 2014 para fins de reconhecimento do curso, tendo recebido a nota 4 (numa escala de 1 a [&hellip;]<\/p>\n","protected":false},"author":118,"featured_media":0,"parent":0,"menu_order":0,"comment_status":"closed","ping_status":"closed","template":"","meta":{"footnotes":""},"categories":[],"tags":[],"class_list":["post-185","page","type-page","status-publish","hentry"],"acf":[],"_links":{"self":[{"href":"https:\/\/www.ufsm.br\/cursos\/graduacao\/santa-maria\/estatistica\/wp-json\/wp\/v2\/pages\/185","targetHints":{"allow":["GET"]}}],"collection":[{"href":"https:\/\/www.ufsm.br\/cursos\/graduacao\/santa-maria\/estatistica\/wp-json\/wp\/v2\/pages"}],"about":[{"href":"https:\/\/www.ufsm.br\/cursos\/graduacao\/santa-maria\/estatistica\/wp-json\/wp\/v2\/types\/page"}],"author":[{"embeddable":true,"href":"https:\/\/www.ufsm.br\/cursos\/graduacao\/santa-maria\/estatistica\/wp-json\/wp\/v2\/users\/118"}],"replies":[{"embeddable":true,"href":"https:\/\/www.ufsm.br\/cursos\/graduacao\/santa-maria\/estatistica\/wp-json\/wp\/v2\/comments?post=185"}],"version-history":[{"count":0,"href":"https:\/\/www.ufsm.br\/cursos\/graduacao\/santa-maria\/estatistica\/wp-json\/wp\/v2\/pages\/185\/revisions"}],"wp:attachment":[{"href":"https:\/\/www.ufsm.br\/cursos\/graduacao\/santa-maria\/estatistica\/wp-json\/wp\/v2\/media?parent=185"}],"wp:term":[{"taxonomy":"category","embeddable":true,"href":"https:\/\/www.ufsm.br\/cursos\/graduacao\/santa-maria\/estatistica\/wp-json\/wp\/v2\/categories?post=185"},{"taxonomy":"post_tag","embeddable":true,"href":"https:\/\/www.ufsm.br\/cursos\/graduacao\/santa-maria\/estatistica\/wp-json\/wp\/v2\/tags?post=185"}],"curies":[{"name":"wp","href":"https:\/\/api.w.org\/{rel}","templated":true}]}}