{"id":269,"date":"2019-03-19T00:18:58","date_gmt":"2019-03-19T03:18:58","guid":{"rendered":"https:\/\/www.ufsm.br\/cursos\/graduacao\/santa-maria\/estatistica\/?page_id=269"},"modified":"2019-08-15T23:37:39","modified_gmt":"2019-08-16T02:37:39","slug":"links-interessantes","status":"publish","type":"page","link":"https:\/\/www.ufsm.br\/cursos\/graduacao\/santa-maria\/estatistica\/links-interessantes","title":{"rendered":"Links Interessantes"},"content":{"rendered":"\n<p>I Ciclo de Palestras da Estat\u00edstica 2019:<\/p>\n<p><a href=\"https:\/\/farol.ufsm.br\/transmissao\/transmissao-da-palestra-introducao-a-series-temporais-de-valores-inteiros?fbclid=IwAR2t9IaR-g3GdjwML4mlHUg7DftLeTXHO5a0ovHIVnmYgKIh2LF291yPJX8\">1\u00b0 palestra<\/a>: Introdu\u00e7\u00e3o a s\u00e9ries temporais de valores inteiros.<\/p>\n<p><a href=\"https:\/\/farol.ufsm.br\/transmissao\/transmissao-da-palestra-testes-estatisticos-para-amostras-pequenas?fbclid=IwAR12P7Ee0LJZJFxOykTOzsmp3JnkToSDQUM7u04ugZLK-4yuV6LVzcZzN34\">2\u00b0 palestra<\/a>: Testes estat\u00edsticos para amostras pequenas.<\/p>\n<p><a href=\"https:\/\/farol.ufsm.br\/transmissao\/transmissao-da-palestra-rayleigh-regression-model-for-ground-type-detection-in-sar-imagery?fbclid=IwAR3cm7ffGoNXJWpsOELw08ySI89c8cLdoCtthYJ3BRRwzqVKWvbjAoaxC9A\">3\u00b0 palestra<\/a>: Rayleigh regression model for ground type detection in sar imagery.<\/p>\n<p>\u00a0<\/p>\n<p>Palestras da Semana Acad\u00eamica 2018:<\/p>\n<p><a href=\"http:\/\/farol.ufsm.br\/transmissao\/v-semana-academica-de-estatistica-22102018-19h?fbclid=IwAR2JOHF46oHETPzCpGcxTLmzbYCLddoObYZ2tS3MPpGSZWzyL1UpTgOqIi4\">Dia 22\/10<\/a>: Data Science (Siqueira Campos) e CONRE (Gabriel Lopes).<\/p>\n<p><a href=\"http:\/\/farol.ufsm.br\/transmissao\/v-semana-academica-de-estatistica-23102018-19h?fbclid=IwAR0QHTQy_HJddaBhaY7XiBPpQwWzFZDyK8qV0u2YZbNFkzcL9ooJvXl_B88\">Dia 23\/10<\/a>: Um pouco dos 2000 anos da Estat\u00edstica (Prof. Dr. Gauss Moutinho Cordeiro), Previs\u00e3o de s\u00e9ries temporais funcionais (Prof. Dr. Fl\u00e1vio Ziegelmann) e Uma introdu\u00e7\u00e3o a processos ca\u00f3ticos e modelos relacionados (Prof. Dr. Guilherme Pumi).<\/p>\n<p><a href=\"http:\/\/farol.ufsm.br\/transmissao\/v-semana-academica-de-estatistica-24102018-19h?fbclid=IwAR0mfP7EVZNEYDuXMwzc-3Zj1TL6Ufa8masqHABgqncBYbE4nYA00UgThag\">Dia 24\/10<\/a>: Inova\u00e7\u00e3o estat\u00edstica e seus impactos culturais, sociais e financeiros (Prof. Dr. Francisco Louzada Neto) e Mesa redonda: A Estat\u00edstica no sul do Brasil &#8211; Hist\u00f3rico e Perspectivas.<\/p>\n<p>\u00a0<\/p>\n<p>M\u00eddias Sociais:<\/p>\n<p><a href=\"https:\/\/www.facebook.com\/EstatisticaUfsm\" target=\"_blank\" rel=\"noopener noreferrer\">Facebook<\/a> \u2013 P\u00e1gina do Curso de Estat\u00edstica da UFSM<\/p>\n<p><a href=\"https:\/\/www.facebook.com\/groups\/140539449362722\/\">Facebook<\/a> \u2013 Grupo do Curso de Estat\u00edstica da UFSM<\/p>\n<p><a href=\"https:\/\/www.facebook.com\/groups\/140539449362722\/\">Facebook<\/a> \u2013 P\u00e1gina do Diret\u00f3rio Acad\u00eamico da Estat\u00edstica<\/p>\n<p><a href=\"https:\/\/www.facebook.com\/sigmajr\/\">Facebook<\/a> \u2013 P\u00e1gina da Empresa Sigma Junior do Curso da Estat\u00edstica<\/p>\n<p><a href=\"https:\/\/www.facebook.com\/poquer.estatistica.ufsm\/\">Facebook<\/a> \u2013 P\u00e1gina do Clube do P\u00f4quer da Estat\u00edstica<\/p>\n<p>\u00a0<\/p>\n<p>Associa\u00e7\u00f5es e Conselhos:<\/p>\n<p><a href=\"http:\/\/www.confe.org.br\/index.htm\" target=\"_blank\" rel=\"noopener noreferrer\">CONFE<\/a>\u00a0\u2013 Conselho Federal de Estat\u00edstica<br \/><a href=\"http:\/\/www.conre4.org.br\/\" target=\"_blank\" rel=\"noopener noreferrer\">CONRE4<\/a>\u00a0\u2013 Conselho Regional de Estat\u00edstica da 4\u00aa Regi\u00e3o (RS e SC)<br \/><a href=\"http:\/\/www.ime.usp.br\/~abe\/\" target=\"_blank\" rel=\"noopener noreferrer\">ABE\u00a0<\/a>\u2013 Associa\u00e7\u00e3o Brasileira de Estat\u00edstica<br \/><a href=\"http:\/\/www.rbras.org.br\/\" target=\"_blank\" rel=\"noopener noreferrer\">RBRAS<\/a>\u00a0\u2013 Regi\u00e3o Brasileira da Sociedade Internacional de Biometria<\/p>\n<p>\u00a0<\/p>\n<p>Outros sites interessantes:<\/p>\n<p><a href=\"http:\/\/www.r-project.org\/\" target=\"_blank\" rel=\"noopener noreferrer\">R<\/a>\u00a0\u2013 Software R<\/p>\n<p><a href=\"http:\/\/sigmajr.com\/\">Empresa Sigma Junior<\/a><\/p>\n<p>\u00a0<\/p>\n","protected":false},"excerpt":{"rendered":"<p>I Ciclo de Palestras da Estat\u00edstica 2019: 1\u00b0 palestra: Introdu\u00e7\u00e3o a s\u00e9ries temporais de valores inteiros. 2\u00b0 palestra: Testes estat\u00edsticos para amostras pequenas. 3\u00b0 palestra: Rayleigh regression model for ground type detection in sar imagery. \u00a0 Palestras da Semana Acad\u00eamica 2018: Dia 22\/10: Data Science (Siqueira Campos) e CONRE (Gabriel Lopes). Dia 23\/10: Um pouco [&hellip;]<\/p>\n","protected":false},"author":530,"featured_media":0,"parent":0,"menu_order":0,"comment_status":"closed","ping_status":"closed","template":"","meta":{"footnotes":""},"categories":[],"tags":[],"class_list":["post-269","page","type-page","status-publish","hentry"],"acf":[],"_links":{"self":[{"href":"https:\/\/www.ufsm.br\/cursos\/graduacao\/santa-maria\/estatistica\/wp-json\/wp\/v2\/pages\/269","targetHints":{"allow":["GET"]}}],"collection":[{"href":"https:\/\/www.ufsm.br\/cursos\/graduacao\/santa-maria\/estatistica\/wp-json\/wp\/v2\/pages"}],"about":[{"href":"https:\/\/www.ufsm.br\/cursos\/graduacao\/santa-maria\/estatistica\/wp-json\/wp\/v2\/types\/page"}],"author":[{"embeddable":true,"href":"https:\/\/www.ufsm.br\/cursos\/graduacao\/santa-maria\/estatistica\/wp-json\/wp\/v2\/users\/530"}],"replies":[{"embeddable":true,"href":"https:\/\/www.ufsm.br\/cursos\/graduacao\/santa-maria\/estatistica\/wp-json\/wp\/v2\/comments?post=269"}],"version-history":[{"count":0,"href":"https:\/\/www.ufsm.br\/cursos\/graduacao\/santa-maria\/estatistica\/wp-json\/wp\/v2\/pages\/269\/revisions"}],"wp:attachment":[{"href":"https:\/\/www.ufsm.br\/cursos\/graduacao\/santa-maria\/estatistica\/wp-json\/wp\/v2\/media?parent=269"}],"wp:term":[{"taxonomy":"category","embeddable":true,"href":"https:\/\/www.ufsm.br\/cursos\/graduacao\/santa-maria\/estatistica\/wp-json\/wp\/v2\/categories?post=269"},{"taxonomy":"post_tag","embeddable":true,"href":"https:\/\/www.ufsm.br\/cursos\/graduacao\/santa-maria\/estatistica\/wp-json\/wp\/v2\/tags?post=269"}],"curies":[{"name":"wp","href":"https:\/\/api.w.org\/{rel}","templated":true}]}}