{"id":357,"date":"2025-03-24T15:01:33","date_gmt":"2025-03-24T18:01:33","guid":{"rendered":"https:\/\/www.ufsm.br\/cursos\/graduacao\/santa-maria\/estatistica\/?page_id=357"},"modified":"2025-03-24T15:04:17","modified_gmt":"2025-03-24T18:04:17","slug":"trabalhos-de-conclusao-de-curso-do-bacharelado-em-estatistica","status":"publish","type":"page","link":"https:\/\/www.ufsm.br\/cursos\/graduacao\/santa-maria\/estatistica\/trabalhos-de-conclusao-de-curso-do-bacharelado-em-estatistica","title":{"rendered":"Trabalhos de Conclus\u00e3o de Curso do Bacharelado em Estat\u00edstica"},"content":{"rendered":"\t\t<div data-elementor-type=\"wp-page\" data-elementor-id=\"357\" class=\"elementor elementor-357\">\n\t\t\t\t\t\t<section class=\"elementor-section elementor-top-section elementor-element elementor-element-423ab136 elementor-section-boxed elementor-section-height-default elementor-section-height-default\" data-id=\"423ab136\" data-element_type=\"section\">\n\t\t\t\t\t\t<div class=\"elementor-container elementor-column-gap-default\">\n\t\t\t\t\t<div class=\"elementor-column elementor-col-100 elementor-top-column elementor-element elementor-element-4330d646\" data-id=\"4330d646\" data-element_type=\"column\">\n\t\t\t<div class=\"elementor-widget-wrap elementor-element-populated\">\n\t\t\t\t\t\t<div class=\"elementor-element elementor-element-1d267224 elementor-widget elementor-widget-text-editor\" data-id=\"1d267224\" data-element_type=\"widget\" data-widget_type=\"text-editor.default\">\n\t\t\t\t<div class=\"elementor-widget-container\">\n\t\t\t\t\t\t\t<!-- wp:tadv\/classic-paragraph \/-->\t\t\t\t\t\t<\/div>\n\t\t\t\t<\/div>\n\t\t\t\t\t<\/div>\n\t\t<\/div>\n\t\t\t\t\t<\/div>\n\t\t<\/section>\n\t\t\t\t<section class=\"elementor-section elementor-top-section elementor-element elementor-element-c52a1b2 elementor-section-boxed elementor-section-height-default elementor-section-height-default\" data-id=\"c52a1b2\" data-element_type=\"section\">\n\t\t\t\t\t\t<div class=\"elementor-container elementor-column-gap-default\">\n\t\t\t\t\t<div class=\"elementor-column elementor-col-100 elementor-top-column elementor-element elementor-element-c8c5de6\" data-id=\"c8c5de6\" data-element_type=\"column\">\n\t\t\t<div class=\"elementor-widget-wrap elementor-element-populated\">\n\t\t\t\t\t\t<div class=\"elementor-element elementor-element-b98ca1f elementor-widget elementor-widget-text-editor\" data-id=\"b98ca1f\" data-element_type=\"widget\" data-widget_type=\"text-editor.default\">\n\t\t\t\t<div class=\"elementor-widget-container\">\n\t\t\t\t\t\t\t<h2 class=\"page-header first-page-header\">Faccin, Henrique (2023).\u00a0<a href=\"https:\/\/repositorio.ufsm.br\/handle\/1\/32216\">Avalia\u00e7\u00f5es de Ensino-Aprendizagem na UFSM: an\u00e1lise textual para categoriza\u00e7\u00e3o de manifesta\u00e7\u00f5es e atribui\u00e7\u00e3o de sentimentos utilizando t\u00e9cnicas de aprendizado profundo e de investiga\u00e7\u00e3o do l\u00e9xico<\/a><\/h2>\t\t\t\t\t\t<\/div>\n\t\t\t\t<\/div>\n\t\t\t\t\t<\/div>\n\t\t<\/div>\n\t\t\t\t\t<\/div>\n\t\t<\/section>\n\t\t\t\t<\/div>\n\t\t","protected":false},"excerpt":{"rendered":"<p>Faccin, Henrique (2023).\u00a0Avalia\u00e7\u00f5es de Ensino-Aprendizagem na UFSM: an\u00e1lise textual para categoriza\u00e7\u00e3o de manifesta\u00e7\u00f5es e atribui\u00e7\u00e3o de sentimentos utilizando t\u00e9cnicas de aprendizado profundo e de investiga\u00e7\u00e3o do l\u00e9xico<\/p>\n","protected":false},"author":5002,"featured_media":0,"parent":0,"menu_order":0,"comment_status":"closed","ping_status":"closed","template":"","meta":{"footnotes":""},"categories":[],"tags":[],"class_list":["post-357","page","type-page","status-publish","hentry"],"acf":[],"_links":{"self":[{"href":"https:\/\/www.ufsm.br\/cursos\/graduacao\/santa-maria\/estatistica\/wp-json\/wp\/v2\/pages\/357","targetHints":{"allow":["GET"]}}],"collection":[{"href":"https:\/\/www.ufsm.br\/cursos\/graduacao\/santa-maria\/estatistica\/wp-json\/wp\/v2\/pages"}],"about":[{"href":"https:\/\/www.ufsm.br\/cursos\/graduacao\/santa-maria\/estatistica\/wp-json\/wp\/v2\/types\/page"}],"author":[{"embeddable":true,"href":"https:\/\/www.ufsm.br\/cursos\/graduacao\/santa-maria\/estatistica\/wp-json\/wp\/v2\/users\/5002"}],"replies":[{"embeddable":true,"href":"https:\/\/www.ufsm.br\/cursos\/graduacao\/santa-maria\/estatistica\/wp-json\/wp\/v2\/comments?post=357"}],"version-history":[{"count":0,"href":"https:\/\/www.ufsm.br\/cursos\/graduacao\/santa-maria\/estatistica\/wp-json\/wp\/v2\/pages\/357\/revisions"}],"wp:attachment":[{"href":"https:\/\/www.ufsm.br\/cursos\/graduacao\/santa-maria\/estatistica\/wp-json\/wp\/v2\/media?parent=357"}],"wp:term":[{"taxonomy":"category","embeddable":true,"href":"https:\/\/www.ufsm.br\/cursos\/graduacao\/santa-maria\/estatistica\/wp-json\/wp\/v2\/categories?post=357"},{"taxonomy":"post_tag","embeddable":true,"href":"https:\/\/www.ufsm.br\/cursos\/graduacao\/santa-maria\/estatistica\/wp-json\/wp\/v2\/tags?post=357"}],"curies":[{"name":"wp","href":"https:\/\/api.w.org\/{rel}","templated":true}]}}