{"id":393,"date":"2025-07-29T14:28:38","date_gmt":"2025-07-29T17:28:38","guid":{"rendered":"https:\/\/www.ufsm.br\/cursos\/graduacao\/santa-maria\/estatistica\/?page_id=393"},"modified":"2026-02-11T15:46:21","modified_gmt":"2026-02-11T18:46:21","slug":"atividades-complementares-graduacao-e-extensao","status":"publish","type":"page","link":"https:\/\/www.ufsm.br\/cursos\/graduacao\/santa-maria\/estatistica\/atividades-complementares-graduacao-e-extensao","title":{"rendered":"Atividades Complementares &#8211; Gradua\u00e7\u00e3o e Extens\u00e3o"},"content":{"rendered":"\t\t<div data-elementor-type=\"wp-page\" data-elementor-id=\"393\" class=\"elementor elementor-393\">\n\t\t\t\t\t\t<section class=\"elementor-section elementor-top-section elementor-element elementor-element-69f00bbd elementor-section-boxed elementor-section-height-default elementor-section-height-default\" data-id=\"69f00bbd\" data-element_type=\"section\">\n\t\t\t\t\t\t<div class=\"elementor-container elementor-column-gap-default\">\n\t\t\t\t\t<div class=\"elementor-column elementor-col-100 elementor-top-column elementor-element elementor-element-7c3531ee\" data-id=\"7c3531ee\" data-element_type=\"column\">\n\t\t\t<div class=\"elementor-widget-wrap elementor-element-populated\">\n\t\t\t\t\t\t<div class=\"elementor-element elementor-element-7f613550 elementor-widget elementor-widget-text-editor\" data-id=\"7f613550\" data-element_type=\"widget\" data-widget_type=\"text-editor.default\">\n\t\t\t\t<div class=\"elementor-widget-container\">\n\t\t\t\t\t\t\t<p><!-- wp:tadv\/classic-paragraph --><\/p><p><a href=\"https:\/\/www.ufsm.br\/app\/uploads\/sites\/591\/2024\/09\/Normas-ACEX-2024.pdf\">Normas ACEX 2024<\/a><\/p><p><a href=\"https:\/\/www.ufsm.br\/app\/uploads\/sites\/591\/2026\/02\/Normas-ACGs-2024.pdf\">Normas ACGs 2024<\/a><\/p><p>\u00a0<\/p><p><!-- \/wp:tadv\/classic-paragraph --><\/p><p><!-- wp:tadv\/classic-paragraph \/--><\/p><p><!-- wp:tadv\/classic-paragraph \/--><\/p><p><!-- wp:tadv\/classic-paragraph \/--><\/p>\t\t\t\t\t\t<\/div>\n\t\t\t\t<\/div>\n\t\t\t\t\t<\/div>\n\t\t<\/div>\n\t\t\t\t\t<\/div>\n\t\t<\/section>\n\t\t\t\t<\/div>\n\t\t","protected":false},"excerpt":{"rendered":"<p>Normas ACEX 2024 Normas ACGs 2024 \u00a0<\/p>\n","protected":false},"author":5002,"featured_media":0,"parent":0,"menu_order":0,"comment_status":"closed","ping_status":"closed","template":"","meta":{"footnotes":""},"categories":[9],"tags":[],"class_list":["post-393","page","type-page","status-publish","hentry","category-destaques"],"acf":[],"_links":{"self":[{"href":"https:\/\/www.ufsm.br\/cursos\/graduacao\/santa-maria\/estatistica\/wp-json\/wp\/v2\/pages\/393","targetHints":{"allow":["GET"]}}],"collection":[{"href":"https:\/\/www.ufsm.br\/cursos\/graduacao\/santa-maria\/estatistica\/wp-json\/wp\/v2\/pages"}],"about":[{"href":"https:\/\/www.ufsm.br\/cursos\/graduacao\/santa-maria\/estatistica\/wp-json\/wp\/v2\/types\/page"}],"author":[{"embeddable":true,"href":"https:\/\/www.ufsm.br\/cursos\/graduacao\/santa-maria\/estatistica\/wp-json\/wp\/v2\/users\/5002"}],"replies":[{"embeddable":true,"href":"https:\/\/www.ufsm.br\/cursos\/graduacao\/santa-maria\/estatistica\/wp-json\/wp\/v2\/comments?post=393"}],"version-history":[{"count":0,"href":"https:\/\/www.ufsm.br\/cursos\/graduacao\/santa-maria\/estatistica\/wp-json\/wp\/v2\/pages\/393\/revisions"}],"wp:attachment":[{"href":"https:\/\/www.ufsm.br\/cursos\/graduacao\/santa-maria\/estatistica\/wp-json\/wp\/v2\/media?parent=393"}],"wp:term":[{"taxonomy":"category","embeddable":true,"href":"https:\/\/www.ufsm.br\/cursos\/graduacao\/santa-maria\/estatistica\/wp-json\/wp\/v2\/categories?post=393"},{"taxonomy":"post_tag","embeddable":true,"href":"https:\/\/www.ufsm.br\/cursos\/graduacao\/santa-maria\/estatistica\/wp-json\/wp\/v2\/tags?post=393"}],"curies":[{"name":"wp","href":"https:\/\/api.w.org\/{rel}","templated":true}]}}