{"id":173,"date":"2018-12-03T11:05:55","date_gmt":"2018-12-03T13:05:55","guid":{"rendered":"https:\/\/www.ufsm.br\/cursos\/graduacao\/santa-maria\/farmacia\/?page_id=173"},"modified":"2024-10-29T15:04:41","modified_gmt":"2024-10-29T18:04:41","slug":"duvidas-frequentes","status":"publish","type":"page","link":"https:\/\/www.ufsm.br\/cursos\/graduacao\/santa-maria\/farmacia\/duvidas-frequentes","title":{"rendered":"D\u00favidas Frequentes"},"content":{"rendered":"<div class=\"item-page\">\n<p>Espa\u00e7o para esclarecimento das principais d\u00favidas dos alunos do Curso.<\/p>\n<h4>ATENDIMENTO AO P\u00daBLICO<\/h4>\n<p>O atendimento ao p\u00fablico \u00e9 feito na secretaria do Curso na sala 1332 do pr\u00e9dio 26 A do Centro de Ci\u00eancias da Sa\u00fade da UFSM.<\/p>\n<h4>HOR\u00c1RIO DE ATENDIMENTO EXTERNO<\/h4>\n<p>O atendimento \u00e9 das 8:00 \u00e0s 11:30 e das 13:30 \u00e0s 16:30 na sala 1332 do pr\u00e9dio do Centro de Ci\u00eancias da Sa\u00fade (exceto em per\u00edodo de f\u00e9rias, onde ocorre redu\u00e7\u00e3o do hor\u00e1rio de atendimento em toda a UFSM).<\/p>\n<h4>REALIZA\u00c7\u00c3O DE MATR\u00cdCULA<\/h4>\n<p>A matr\u00edcula \u00e9 realizada semestralmente, via web, atrav\u00e9s do Portal do Aluno (com login e senha do aluno), obedecendo aos pr\u00e9-requisitos e prazos estabelecidos no Calend\u00e1rio escolar.<\/p>\n<h4>AJUSTE DE MATR\u00cdCULA<\/h4>\n<p>Existem dois ajustes de matr\u00edculas (observar calend\u00e1rio acad\u00eamico):<\/p>\n<p>Ajuste via web, efetivado no 2\u00ba processamento;<br \/>\nAjuste presencial &#8211; observar calend\u00e1rio de matr\u00edculas publicado no site do Curso.<\/p>\n<h4>DISPENSA DE DISCIPLINAS<\/h4>\n<p>A dispensa de disciplinas obrigat\u00f3rias dever\u00e1 ser realizada via Portal do Aluno. <a href=\"https:\/\/www.ufsm.br\/pro-reitorias\/prograd\/cofre-corem\/dispensa-de-disciplinas-aluno\/\"><strong>Clique aqui<\/strong><\/a> para maiores informa\u00e7\u00f5es.<\/p>\n<h4>ATIVIDADE COMPLEMENTAR DE GRADUA\u00c7\u00c3O (ACG)<\/h4>\n<p>A solicita\u00e7\u00e3o de registro de ACG deve ser feita pelo Portal do Aluno, menu Altera\u00e7\u00e3o Curricular\/Requerimento de Dispensa. <a href=\"https:\/\/www.ufsm.br\/pro-reitorias\/prograd\/cofre-corem\/solicitacao-de-registro-de-acg\/\"><strong>Clique aqui<\/strong><\/a> para acessar o tutorial.<\/p>\n<h4>TERMO DE COMPROMISSO DE EST\u00c1GIO<\/h4>\n<p>A assinatura do Termo de Compromisso de Est\u00e1gio condiciona-se a data de inicio das atividades, devendo ser a data de assinatura anterior \u00e0 data do inicio de est\u00e1gio.<\/p>\n<h4>PRAZO DE SOLICITA\u00c7\u00c3O PARA O COLEGIADO DO CURSO<\/h4>\n<p>O prazo de entrega para as solicita\u00e7\u00f5es junto ao Colegiado do Curso dever\u00e1 observar o prazo m\u00ednimo de anteced\u00eancia de 48 horas.<\/p>\n<h4>REAVALIA\u00c7\u00c3O DAS SOLICITA\u00c7\u00d5ES\u00a0DE DISPENSA DE DISCIPLINAS<\/h4>\n<p>Qualquer avalia\u00e7\u00e3o da dispensa de disciplinas dever\u00e1 passar inicialmente pela an\u00e1lise do Coordenador do Curso, caso houver diverg\u00eancia de entendimento o pr\u00f3ximo n\u00edvel a qual dever\u00e1 ser reavaliada a solicita\u00e7\u00e3o \u00e9 o Colegiado do Curso.<\/p>\n<h4>EXERC\u00cdCIOS DOMICILIARES<\/h4>\n<p>O Amparo ao Estudante \u00e9 um direito que lhe assiste desde que o mesmo esteja enquadrado numa dessas situa\u00e7\u00f5es: Aluno Portador de Afec\u00e7\u00f5es e Aluna Gestante. Conforme o Guia do Estudante da UFSM, a solicita\u00e7\u00e3o de amparo deve ser oficializada em at\u00e9 tr\u00eas dias \u00fateis contados da data de emiss\u00e3o do atestado m\u00e9dico.<\/p>\n<p>A) Condi\u00e7\u00f5es para concess\u00e3o<\/p>\n<p>a) Alunos portadores de afec\u00e7\u00f5es cong\u00eanitas ou adquiridas, infec\u00e7\u00f5es, traumatismos ou outras condi\u00e7\u00f5es m\u00f3rbidas, determinando dist\u00farbios agudos ou agonizados, caracterizados por: incapacidade f\u00edsica relativa, incompat\u00edvel com a frequ\u00eancia aos trabalhos escolares, desde que se verifique a conserva\u00e7\u00e3o das condi\u00e7\u00f5es intelectuais e emocionais necess\u00e1rias para o prosseguimento da atividade escolar em novos moldes (DEC. LEI N. 1.044\/69);<\/p>\n<p>b) Aluna Gestante ser\u00e1 assistida pelo regime de exerc\u00edcios domiciliares institu\u00eddos pelo Decreto-Lei N. 1.044\/69, a partir do oitavo m\u00eas de gesta\u00e7\u00e3o e durante tr\u00eas meses (LEI 6.202\/75);c) Em casos excepcionais, comprovado com Atestado M\u00e9dico, o per\u00edodo de repouso poder\u00e1 ser aumentado;<\/p>\n<p>d) O in\u00edcio e o t\u00e9rmino do afastamento ser\u00e3o determinados por atestado m\u00e9dico;<\/p>\n<p>e) \u00c9 assegurado, em qualquer caso, o direito \u00e0 presta\u00e7\u00e3o de exames finais, respeitado o disposto na letra &#8220;a&#8221; do presente artigo.<\/p>\n<p>B) Procedimento para a solicita\u00e7\u00e3o<\/p>\n<p>a) O aluno dever\u00e1 abrir processo, no Departamento de Arquivo Geral da UFSM, com os seguintes documentos:<\/p>\n<p>a.1 &#8211; requerimento dirigido \u00e0 Coordena\u00e7\u00e3o do Curso solicitando o regime de exerc\u00edcios domiciliares<\/p>\n<p>a.2 &#8211; atestado m\u00e9dico;<\/p>\n<p>b) a Coordena\u00e7\u00e3o encaminhar\u00e1 \u00e0 Junta M\u00e9dica para a emiss\u00e3o do laudo m\u00e9dico;<\/p>\n<p>c) a junta m\u00e9dica devolver\u00e1 o processo \u00e0 Coordena\u00e7\u00e3o com o laudo;<\/p>\n<p>d) a Coordena\u00e7\u00e3o comunicar\u00e1 a decis\u00e3o aos Departamentos Did\u00e1ticos envolvidos com o aluno;<\/p>\n<p>e) a Coordena\u00e7\u00e3o encaminhar\u00e1 o processo ao DERCA para conhecimento e arquivo;<\/p>\n<p>f) a solicita\u00e7\u00e3o de amparo deve ser oficializada em at\u00e9 tr\u00eas dias \u00fateis contados da data de emiss\u00e3o do atestado m\u00e9dico.<\/p>\n<p>C) Obriga\u00e7\u00f5es do beneficiado<\/p>\n<p>a) Realizar os exerc\u00edcios domiciliares, como compensa\u00e7\u00e3o da aus\u00eancia \u00e0s aulas, sempre que compat\u00edveis com o seu estado de sa\u00fade, as possibilidades do estabelecimento e as caracter\u00edsticas da disciplina;<\/p>\n<p dir=\"ltr\">b) \u00c9 da responsabilidade do aluno informar-se junto aos professores (no Departamento) sobre os conte\u00fados program\u00e1ticos das disciplinas, bem como sobre exerc\u00edcios domiciliares, avalia\u00e7\u00f5es e exames finais;<\/p>\n<p dir=\"ltr\">c) O regime de exerc\u00edcios domiciliares n\u00e3o ser\u00e1 concedido para disciplinas com atividades pr\u00e1ticas (laborat\u00f3rio, prancheta, ambulat\u00f3rio ou equivalentes), para as que exigem est\u00e1gio supervisionado ou para as oferecidas em per\u00edodos concentrados &#8211; DCG (Disciplinas Complementares de Gradua\u00e7\u00e3o);<\/p>\n<p>d) O aluno que estiver afastado das aulas at\u00e9 o per\u00edodo das avalia\u00e7\u00f5es finais estar\u00e1 isento da frequ\u00eancia e das avalia\u00e7\u00f5es parciais. Ser\u00e1 submetido \u00e0 avalia\u00e7\u00e3o final, de acordo com o previsto para a Situa\u00e7\u00e3o \u201cIncompleto\u201d.<\/p>\n<h4><span style=\"color: revert;font-size: revert\">CANCELAMENTO DE MATR\u00cdCULA<\/span><\/h4>\n<\/div>\n<p>O processo deve ser aberto <b>exclusivamente pelo PEN-SIE<\/b>.<\/p>\n<p>Agora, o(a) discente interessado(a) no cancelamento poder\u00e1 proceder:<br \/>\n1)\u00a0<u>com o cancelamento por troca de curso (de car\u00e1ter irrevers\u00edvel)<\/u>, que ser\u00e1 autom\u00e1tico ap\u00f3s a tramita\u00e7\u00e3o final.<br \/>\n2)\u00a0<u>com o cancelamento por outros motivos<\/u>, o processo ser\u00e1 tramitado para a COREM, a fim de proceder com a an\u00e1lise e encaminhamentos.<\/p>\n<p>Para informa\u00e7\u00f5es detalhadas sobre o cancelamento e as etapas de como solicitar o cancelamento de matr\u00edcula acesse: <a href=\"https:\/\/www.ufsm.br\/pro-reitorias\/prograd\/cofre-corem\/solicitacao-de-cancelamento-de-curso\">https:\/\/www.ufsm.br\/pro-reitorias\/prograd\/cofre-corem\/solicitacao-de-cancelamento-de-curso<\/a><\/p>\n","protected":false},"excerpt":{"rendered":"<p>Espa\u00e7o para esclarecimento das principais d\u00favidas dos alunos do Curso. ATENDIMENTO AO P\u00daBLICO O atendimento ao p\u00fablico \u00e9 feito na secretaria do Curso na sala 1332 do pr\u00e9dio 26 A do Centro de Ci\u00eancias da Sa\u00fade da UFSM. HOR\u00c1RIO DE ATENDIMENTO EXTERNO O atendimento \u00e9 das 8:00 \u00e0s 11:30 e das 13:30 \u00e0s 16:30 na [&hellip;]<\/p>\n","protected":false},"author":201,"featured_media":0,"parent":0,"menu_order":0,"comment_status":"closed","ping_status":"closed","template":"","meta":{"footnotes":""},"categories":[],"tags":[],"class_list":["post-173","page","type-page","status-publish","hentry"],"acf":[],"_links":{"self":[{"href":"https:\/\/www.ufsm.br\/cursos\/graduacao\/santa-maria\/farmacia\/wp-json\/wp\/v2\/pages\/173","targetHints":{"allow":["GET"]}}],"collection":[{"href":"https:\/\/www.ufsm.br\/cursos\/graduacao\/santa-maria\/farmacia\/wp-json\/wp\/v2\/pages"}],"about":[{"href":"https:\/\/www.ufsm.br\/cursos\/graduacao\/santa-maria\/farmacia\/wp-json\/wp\/v2\/types\/page"}],"author":[{"embeddable":true,"href":"https:\/\/www.ufsm.br\/cursos\/graduacao\/santa-maria\/farmacia\/wp-json\/wp\/v2\/users\/201"}],"replies":[{"embeddable":true,"href":"https:\/\/www.ufsm.br\/cursos\/graduacao\/santa-maria\/farmacia\/wp-json\/wp\/v2\/comments?post=173"}],"version-history":[{"count":0,"href":"https:\/\/www.ufsm.br\/cursos\/graduacao\/santa-maria\/farmacia\/wp-json\/wp\/v2\/pages\/173\/revisions"}],"wp:attachment":[{"href":"https:\/\/www.ufsm.br\/cursos\/graduacao\/santa-maria\/farmacia\/wp-json\/wp\/v2\/media?parent=173"}],"wp:term":[{"taxonomy":"category","embeddable":true,"href":"https:\/\/www.ufsm.br\/cursos\/graduacao\/santa-maria\/farmacia\/wp-json\/wp\/v2\/categories?post=173"},{"taxonomy":"post_tag","embeddable":true,"href":"https:\/\/www.ufsm.br\/cursos\/graduacao\/santa-maria\/farmacia\/wp-json\/wp\/v2\/tags?post=173"}],"curies":[{"name":"wp","href":"https:\/\/api.w.org\/{rel}","templated":true}]}}