{"id":219,"date":"2018-12-18T08:50:44","date_gmt":"2018-12-18T10:50:44","guid":{"rendered":"https:\/\/www.ufsm.br\/cursos\/graduacao\/santa-maria\/farmacia\/?page_id=219"},"modified":"2021-11-04T09:35:21","modified_gmt":"2021-11-04T12:35:21","slug":"disciplinas-complementares-de-graduacao-dcgs","status":"publish","type":"page","link":"https:\/\/www.ufsm.br\/cursos\/graduacao\/santa-maria\/farmacia\/disciplinas-complementares-de-graduacao-dcgs","title":{"rendered":"Disciplinas Complementares de Gradua\u00e7\u00e3o (DCGs)"},"content":{"rendered":"\n<div class=\"item-page\">\n<p>Disciplinas Complementares de Gradua\u00e7\u00e3o \u2013 DCG se referem \u00e0 parte flex\u00edvel do Curr\u00edculo, destinada a complementar, aprofundar e atualizar os conhecimentos na \u00e1rea de interesse do aluno.<\/p>\n<p>O Curso poder\u00e1 formar um elenco de disciplinas j\u00e1 registradas no Cadastro Geral da UFSM ou criar disciplinas novas com objetivo espec\u00edfico de atender \u00e0 demanda dos alunos.<\/p>\n<p>Carga hor\u00e1ria m\u00ednima de DCG: 150 h<\/p>\n<p>O Curso de Farm\u00e1cia oferta DCGs, mas tamb\u00e9m \u00e9 poss\u00edvel solicitar o aproveitamento de disciplinas de outros cursos\u00a0 como DCGs depois de curs\u00e1-las (DCG T\u00f3picos em Farm\u00e1cia). O sistema online de dispensas de disciplinas est\u00e1 dispon\u00edvel no Portal do Aluno. Para acessar o tutorial de Dispensa de Disciplinas,<strong> <a href=\"https:\/\/www.ufsm.br\/pro-reitorias\/prograd\/cofre-corem\/dispensa-de-disciplinas-aluno\/\">clique aqui<\/a>.<\/strong><\/p>\n<p>Rela\u00e7\u00e3o das DCGs aprovadas pelo colegiado do Curso de Farm\u00e1cia:<\/p>\n<ul>\n<li>ACT1022: Hematologia Cl\u00ednica Experimental<\/li>\n<li>ACT1023: Parasitologia Cl\u00ednica Experimental\u00a0<\/li>\n<li>ACT1028: Citologia Cl\u00ednica Experimental\u00a0<\/li>\n<li>ACT1030: Biologia Molecular Aplicada ao Diagn\u00f3stico Laboratorial\u00a0<\/li>\n<li>ACT1031: Toxicologia Forense\u00a0<\/li>\n<li>ACT1032: Pr\u00e1ticas em Laborat\u00f3rio Cl\u00ednico\u00a0<\/li>\n<li>FID1000: Avalia\u00e7\u00e3o Biol\u00f3gica de Medicamentos\u00a0<\/li>\n<li>FID1001: Farmacot\u00e9cnica Homeop\u00e1tica<\/li>\n<li>FID1003: Farm\u00e1cia Hospitalar\u00a0<\/li>\n<li>FID1017: S\u00edntese e Caracteriza\u00e7\u00e3o Espectrosc\u00f3pica de F\u00e1rmacos<\/li>\n<li>FID1019: M\u00e9todos Alternativos \u00e0 Experimenta\u00e7\u00e3o Animal<\/li>\n<li>MFG1081: Banco de Sangue<\/li>\n<li>SDC1009: Forma\u00e7\u00e3o Profissional Interdisciplinar para o SUS<\/li>\n<li>SDC1029: O SUS em Tempos de Pandemia<\/li>\n<li>TCA1058: Bioqu\u00edmica dos Alimentos Experimental\u00a0<\/li>\n<li>TCA105: Nutri\u00e7\u00e3o e Diet\u00e9tica<\/li>\n<li>TCA1104: Nutrac\u00eauticos<\/li>\n<\/ul>\n<h4>Outras DCG&#8217;s:<\/h4>\n<ul>\n<li>EDE \u00a0 1107\u00a0\u00a0\u00a0 \u00a0\u00a0\u00a0Libras \u201cB\u201d\u00a0<\/li>\n<\/ul>\n<\/div>\n<p>Acesse a <a href=\"https:\/\/www.ufsm.br\/app\/uploads\/sites\/438\/2021\/03\/Resolucao-N.-025.2017-DISPENSA-DE-DISCIPLINAS-DE-GRADUACAO.pdf\"><b>Resolu\u00e7\u00e3o 025\/2017 <\/b><\/a>para saber mais sobre as dispensas de disciplinas.<\/p>\n<div class=\"item-page\">\n<p>\u00a0<\/p>\n<h4>\u00a0<\/h4>\n<p>\u00a0<\/p>\n<p>\u00a0<\/p>\n<p><br \/><br \/><\/p>\n<\/div>\n","protected":false},"excerpt":{"rendered":"<p>Disciplinas Complementares de Gradua\u00e7\u00e3o \u2013 DCG se referem \u00e0 parte flex\u00edvel do Curr\u00edculo, destinada a complementar, aprofundar e atualizar os conhecimentos na \u00e1rea de interesse do aluno. O Curso poder\u00e1 formar um elenco de disciplinas j\u00e1 registradas no Cadastro Geral da UFSM ou criar disciplinas novas com objetivo espec\u00edfico de atender \u00e0 demanda dos alunos. [&hellip;]<\/p>\n","protected":false},"author":194,"featured_media":0,"parent":0,"menu_order":0,"comment_status":"closed","ping_status":"closed","template":"","meta":{"footnotes":""},"categories":[],"tags":[],"class_list":["post-219","page","type-page","status-publish","hentry"],"acf":[],"_links":{"self":[{"href":"https:\/\/www.ufsm.br\/cursos\/graduacao\/santa-maria\/farmacia\/wp-json\/wp\/v2\/pages\/219","targetHints":{"allow":["GET"]}}],"collection":[{"href":"https:\/\/www.ufsm.br\/cursos\/graduacao\/santa-maria\/farmacia\/wp-json\/wp\/v2\/pages"}],"about":[{"href":"https:\/\/www.ufsm.br\/cursos\/graduacao\/santa-maria\/farmacia\/wp-json\/wp\/v2\/types\/page"}],"author":[{"embeddable":true,"href":"https:\/\/www.ufsm.br\/cursos\/graduacao\/santa-maria\/farmacia\/wp-json\/wp\/v2\/users\/194"}],"replies":[{"embeddable":true,"href":"https:\/\/www.ufsm.br\/cursos\/graduacao\/santa-maria\/farmacia\/wp-json\/wp\/v2\/comments?post=219"}],"version-history":[{"count":0,"href":"https:\/\/www.ufsm.br\/cursos\/graduacao\/santa-maria\/farmacia\/wp-json\/wp\/v2\/pages\/219\/revisions"}],"wp:attachment":[{"href":"https:\/\/www.ufsm.br\/cursos\/graduacao\/santa-maria\/farmacia\/wp-json\/wp\/v2\/media?parent=219"}],"wp:term":[{"taxonomy":"category","embeddable":true,"href":"https:\/\/www.ufsm.br\/cursos\/graduacao\/santa-maria\/farmacia\/wp-json\/wp\/v2\/categories?post=219"},{"taxonomy":"post_tag","embeddable":true,"href":"https:\/\/www.ufsm.br\/cursos\/graduacao\/santa-maria\/farmacia\/wp-json\/wp\/v2\/tags?post=219"}],"curies":[{"name":"wp","href":"https:\/\/api.w.org\/{rel}","templated":true}]}}