{"id":418,"date":"2025-03-27T08:35:00","date_gmt":"2025-03-27T11:35:00","guid":{"rendered":"https:\/\/www.ufsm.br\/cursos\/graduacao\/santa-maria\/farmacia\/?page_id=418"},"modified":"2025-08-13T13:46:37","modified_gmt":"2025-08-13T16:46:37","slug":"solicitacao-de-quebra-de-pre-requisito","status":"publish","type":"page","link":"https:\/\/www.ufsm.br\/cursos\/graduacao\/santa-maria\/farmacia\/solicitacao-de-quebra-de-pre-requisito","title":{"rendered":"Solicita\u00e7\u00e3o de quebra de pr\u00e9-requisito"},"content":{"rendered":"\n<p><strong>A solicita\u00e7\u00e3o de Quebra de Pr\u00e9-requisito para cursar disciplina deve ser feita por meio de processo eletr\u00f4nico, o qual \u00e9 aberto pelo estudante interessado no PEN SIE. Ap\u00f3s preencher o Formul\u00e1rio\/Requerimento de solicita\u00e7\u00e3o de quebra de pr\u00e9-requisito, dispon\u00edvel no site do seu curso, o aluno deve adicionar este documento ao processo e tramitar para aprecia\u00e7\u00e3o da Coordena\u00e7\u00e3o do curso.<\/strong><\/p>\n\n\n\n<p><strong><u>Procedimento a ser feito passo a passo:<\/u><\/strong><\/p>\n\n\n\n<ol class=\"wp-block-list\">\n<li>O aluno dever\u00e1 acessar o Portal Documentos da UFSM (http:\/\/portal.ufsm.br\/documentos), efetuando seu login com n\u00famero de matr\u00edcula e senha do portal do aluno e ent\u00e3o no menu \u2018Novo\u2019 (canto superior esquerdo da tela), clicar em \u201cProcesso\u201d<\/li>\n<\/ol>\n\n\n\n<figure class=\"wp-block-image\"><img decoding=\"async\" src=\"https:\/\/www.ufsm.br\/app\/uploads\/sites\/477\/2022\/09\/image-1.jpg\" alt=\"\" \/><\/figure>\n\n\n\n<p>2. No campo \u201cTipo documental\u201d, realizar a busca textual e selecionar a op\u00e7\u00e3o \u2018Processo de quebra de pr\u00e9-requisitos de gradua\u00e7\u00e3o&nbsp;(125.22)\u2019. O campo proced\u00eancia ser\u00e1 preenchido automaticamente com seu nome. Em \u201cDescri\u00e7\u00e3o\u201d, informar c\u00f3digo e nome da disciplina para a qual est\u00e1 solicitando libera\u00e7\u00e3o de pr\u00e9-requisito.<\/p>\n\n\n\n<figure class=\"wp-block-image\"><img decoding=\"async\" src=\"https:\/\/www.ufsm.br\/app\/uploads\/sites\/477\/2022\/09\/image-1024x202.jpg\" alt=\"\" \/><\/figure>\n\n\n\n<p>3. A pr\u00f3xima tela \u00e9 destinada a incluir no processo o Formul\u00e1rio de solicita\u00e7\u00e3o de quebra de pr\u00e9-requisito, dispon\u00edvel no site do curso, item este imprescind\u00edvel para inclus\u00e3o no processo (<a href=\"https:\/\/www.ufsm.br\/app\/uploads\/sites\/438\/2025\/08\/Formulario-Solicitacao-Quebra-de-pre-requisito.doc\" target=\"_blank\" rel=\"noreferrer noopener\">Requerimento de quebra de pr\u00e9-requisito (arquivo msword, 43 KB<\/a>). O aluno pode assinar o requerimento eletronicamente, caso j\u00e1 tenha sua assinatura cadastrada no PEN-SIE. Para se cadastrar, basta seguir o passo a passo para assinatura do Termo de Concord\u00e2ncia Assinatura Eletr\u00f4nica Cadastrada no SIE, dispon\u00edvel na Se\u00e7\u00e3o \u2018Apoio ao usu\u00e1rio\u2019, na p\u00e1gina do PEN: https:\/\/www.ufsm.br\/orgaos-suplementares\/dag\/pen\/apoio-ao-usuario\/<\/p>\n\n\n\n<p>4. Ap\u00f3s adicionar o formul\u00e1rio obrigat\u00f3rio no PEN, j\u00e1 devidamente preenchido e salvo em formato PDF, o aluno dever\u00e1 tramitar o processo. O campo de destino da tramita\u00e7\u00e3o j\u00e1 est\u00e1 preenchido automaticamente (Divis\u00e3o de Protocolo). Ao clicar em \u201cTramitar\u201d, a Divis\u00e3o de Protocolo se encarrega de encaminhar o processo para a Coordena\u00e7\u00e3o do Curso correspondente do aluno.<\/p>\n\n\n\n<p>5. No Curso de Farm\u00e1cia, a solicita\u00e7\u00e3o ser\u00e1 inclu\u00edda na pauta da pr\u00f3xima reuni\u00e3o do Colegiado. Posteriormente \u00e0 reuni\u00e3o, o aluno receber\u00e1 de volta o seu processo eletr\u00f4nico, em cujo despacho final ir\u00e1 constar o parecer\/resposta quanto ao seu pedido de quebra de pr\u00e9-requisito. O processo ficar\u00e1 dispon\u00edvel na caixa postal do estudante para consulta e pode ser acessado via Portal do Aluno.<\/p>\n\n\n\n<p>6. Para acompanhar o processo, caso j\u00e1 tenha em m\u00e3os o NUP (N\u00famero \u00danico de Protocolo) do processo, basta acessar o Portal Documentos e digitar o respectivo NUP ou pesquisar nos campos dispon\u00edveis na consulta, como nome do interessado, tipo documental, etc. O aluno pode acompanhar o processo fazendo login no Portal Documentos, ir na aba \u2018Meus Documentos\u2019, \u2018Interessado\u2019.<\/p>\n\n\n\n<p>7.\u00a0As solicita\u00e7\u00f5es quebra de pr\u00e9-requisitos devem ser encaminhadas antes das matr\u00edculas de cada semestre.<\/p>\n\n\n\n<p>O aluno\u00a0que tiver a quebra de pr\u00e9-requisito deferida, dever\u00e1\u00a0 enviar um e-mail para <strong>farmacia@ufsm.br<\/strong>, informando:<\/p>\n\n\n\n<ul class=\"wp-block-list\">\n<li>Nome completo<\/li>\n\n\n\n<li>N\u00famero da matr\u00edcula<\/li>\n\n\n\n<li>O n\u00famero do processo<\/li>\n\n\n\n<li>Turma pretendida<\/li>\n\n\n\n<li>C\u00f3digo\u00a0e nome da disciplina<\/li>\n\n\n\n<li>Pode encaminhar o processo anexo, caso queira.<\/li>\n<\/ul>\n\n\n\n<p>A matr\u00edcula ser\u00e1 efetuada pela secretaria do curso na(s) disciplina(s) em que seu pedido de libera\u00e7\u00e3o de pr\u00e9-requisito foi aceito, mediante a disponibilidade de vaga.<\/p>\n<p>\u00a0<\/p>\n\n\n\n\n\n\n","protected":false},"excerpt":{"rendered":"<p>A solicita\u00e7\u00e3o de Quebra de Pr\u00e9-requisito para cursar disciplina deve ser feita por meio de processo eletr\u00f4nico, o qual \u00e9 aberto pelo estudante interessado no PEN SIE. Ap\u00f3s preencher o Formul\u00e1rio\/Requerimento de solicita\u00e7\u00e3o de quebra de pr\u00e9-requisito, dispon\u00edvel no site do seu curso, o aluno deve adicionar este documento ao processo e tramitar para aprecia\u00e7\u00e3o [&hellip;]<\/p>\n","protected":false},"author":505,"featured_media":0,"parent":0,"menu_order":0,"comment_status":"closed","ping_status":"closed","template":"","meta":{"footnotes":""},"categories":[],"tags":[],"class_list":["post-418","page","type-page","status-publish","hentry"],"acf":[],"_links":{"self":[{"href":"https:\/\/www.ufsm.br\/cursos\/graduacao\/santa-maria\/farmacia\/wp-json\/wp\/v2\/pages\/418","targetHints":{"allow":["GET"]}}],"collection":[{"href":"https:\/\/www.ufsm.br\/cursos\/graduacao\/santa-maria\/farmacia\/wp-json\/wp\/v2\/pages"}],"about":[{"href":"https:\/\/www.ufsm.br\/cursos\/graduacao\/santa-maria\/farmacia\/wp-json\/wp\/v2\/types\/page"}],"author":[{"embeddable":true,"href":"https:\/\/www.ufsm.br\/cursos\/graduacao\/santa-maria\/farmacia\/wp-json\/wp\/v2\/users\/505"}],"replies":[{"embeddable":true,"href":"https:\/\/www.ufsm.br\/cursos\/graduacao\/santa-maria\/farmacia\/wp-json\/wp\/v2\/comments?post=418"}],"version-history":[{"count":0,"href":"https:\/\/www.ufsm.br\/cursos\/graduacao\/santa-maria\/farmacia\/wp-json\/wp\/v2\/pages\/418\/revisions"}],"wp:attachment":[{"href":"https:\/\/www.ufsm.br\/cursos\/graduacao\/santa-maria\/farmacia\/wp-json\/wp\/v2\/media?parent=418"}],"wp:term":[{"taxonomy":"category","embeddable":true,"href":"https:\/\/www.ufsm.br\/cursos\/graduacao\/santa-maria\/farmacia\/wp-json\/wp\/v2\/categories?post=418"},{"taxonomy":"post_tag","embeddable":true,"href":"https:\/\/www.ufsm.br\/cursos\/graduacao\/santa-maria\/farmacia\/wp-json\/wp\/v2\/tags?post=418"}],"curies":[{"name":"wp","href":"https:\/\/api.w.org\/{rel}","templated":true}]}}