{"id":471,"date":"2025-05-09T10:50:22","date_gmt":"2025-05-09T13:50:22","guid":{"rendered":"https:\/\/www.ufsm.br\/cursos\/graduacao\/santa-maria\/farmacia\/?page_id=471"},"modified":"2025-05-09T10:50:23","modified_gmt":"2025-05-09T13:50:23","slug":"processo-de-recuperacao-de-avaliacao-solicitacao-de-prova-atrasada","status":"publish","type":"page","link":"https:\/\/www.ufsm.br\/cursos\/graduacao\/santa-maria\/farmacia\/processo-de-recuperacao-de-avaliacao-solicitacao-de-prova-atrasada","title":{"rendered":"Processo de Recupera\u00e7\u00e3o de Avalia\u00e7\u00e3o (solicita\u00e7\u00e3o de prova atrasada)"},"content":{"rendered":"\n<p>Quando o aluno n\u00e3o puder comparecer em alguma avalia\u00e7\u00e3o, ele deve realizar a abertura de \u201c\u201cProcesso de Recupera\u00e7\u00e3o de Avalia\u00e7\u00e3o\u201d\u201d no Portal de Documentos da UFSM.<\/p>\n<p>Para o Processo online, a classifica\u00e7\u00e3o \u00e9 \u201c<span aria-labelledby=\"OutFieldTag_HZxvov5NyHqIgdHT_label\"><i>125.31 \u2013 Processo de recupera\u00e7\u00e3o de avalia\u00e7\u00e3o de aluno de gradua\u00e7\u00e3o<\/i>\u201c.<\/span><\/p>\n<div dir=\"auto\">Preencha o\u00a0<a href=\"https:\/\/www.ufsm.br\/app\/uploads\/sites\/438\/2025\/05\/Requerimentos-de-prova-atrasada-Curso-de-Farmacia.doc\">Requerimento de prova atrasada<\/a>\u00a0e adicione no processo, juntamente com o\u00a0Atestado.<\/div>\n<div dir=\"auto\">Este \u00e9 um documento em word, que depois de preenchido e assinado, deve ser salvo em pdf para poder incluir no processo.<\/div>\n<div dir=\"auto\">\u00a0<\/div>\n<div dir=\"auto\">Ap\u00f3s inserir os documentos mencionados no processo eletr\u00f4nico, clicar em \u201cTramitar\u201d para que o mesmo tenha andamento.<\/div>\n<div dir=\"auto\">\u00a0<\/div>\n<div dir=\"auto\">Feito isso, comunicar o(a) docente da disciplina para que j\u00e1 fique ciente da solicita\u00e7\u00e3o.<\/div>\n<div dir=\"auto\">\u00a0<\/div>\n<div dir=\"auto\"><strong>** Em caso de recupera\u00e7\u00e3o de avalia\u00e7\u00e3o em mais de uma disciplina, o aluno dever\u00e1 abrir processos individuais, um para cada disciplina.<\/strong><\/div>\n<div dir=\"auto\">\u00a0<\/div>\n<div dir=\"auto\">S\u00e3o considerados motivos devidamente justificados:<\/div>\n<div dir=\"auto\">1. Doen\u00e7a que impossibilite o aluno de realizar avalia\u00e7\u00e3o, devidamente comprovada por Atestado M\u00e9dico com CID, assinatura, CRM e data<\/div>\n<div dir=\"auto\">2. Acompanhamento de familiar de primeiro grau (pais ou filhos) para tratamento de sa\u00fade, devidamente comprovado por Atestado M\u00e9dico com CID, assinatura, CRM e data<\/div>\n<div dir=\"auto\">3. \u00d3bito de familiar de primeiro grau (pais ou filhos)\u00a0<\/div>\n<div dir=\"auto\">4. Participa\u00e7\u00e3o em eventos acad\u00eamicos com apresenta\u00e7\u00e3o de trabalho, desde que avisado com anteced\u00eancia m\u00ednima de 48h na Secretaria Integrada de Departamentos ao qual a disciplina do professor est\u00e1 vinculada e comprovado por atestado ou certificado de participa\u00e7\u00e3o.<\/div>\n<div dir=\"auto\">\u00a0<\/div>\n<div dir=\"auto\"><a href=\"https:\/\/www.ufsm.br\/app\/uploads\/sites\/438\/2025\/05\/TUTORIAL-DE-APOIO-PROCESSO-DE-RECUPERACAO-DE-AVALIACAO-DE-ALUNO-DE-GRADUACAO-1.pdf\">TUTORIAL-DE-APOIO-PROCESSO-DE-RECUPERACAO-DE-AVALIACAO-DE-ALUNO-DE-GRADUACAO-1<\/a><\/div>\n","protected":false},"excerpt":{"rendered":"<p>Quando o aluno n\u00e3o puder comparecer em alguma avalia\u00e7\u00e3o, ele deve realizar a abertura de \u201c\u201cProcesso de Recupera\u00e7\u00e3o de Avalia\u00e7\u00e3o\u201d\u201d no Portal de Documentos da UFSM. Para o Processo online, a classifica\u00e7\u00e3o \u00e9 \u201c125.31 \u2013 Processo de recupera\u00e7\u00e3o de avalia\u00e7\u00e3o de aluno de gradua\u00e7\u00e3o\u201c. Preencha o\u00a0Requerimento de prova atrasada\u00a0e adicione no processo, juntamente com o\u00a0Atestado. [&hellip;]<\/p>\n","protected":false},"author":505,"featured_media":0,"parent":0,"menu_order":0,"comment_status":"closed","ping_status":"closed","template":"","meta":{"footnotes":""},"categories":[],"tags":[],"class_list":["post-471","page","type-page","status-publish","hentry"],"acf":[],"_links":{"self":[{"href":"https:\/\/www.ufsm.br\/cursos\/graduacao\/santa-maria\/farmacia\/wp-json\/wp\/v2\/pages\/471","targetHints":{"allow":["GET"]}}],"collection":[{"href":"https:\/\/www.ufsm.br\/cursos\/graduacao\/santa-maria\/farmacia\/wp-json\/wp\/v2\/pages"}],"about":[{"href":"https:\/\/www.ufsm.br\/cursos\/graduacao\/santa-maria\/farmacia\/wp-json\/wp\/v2\/types\/page"}],"author":[{"embeddable":true,"href":"https:\/\/www.ufsm.br\/cursos\/graduacao\/santa-maria\/farmacia\/wp-json\/wp\/v2\/users\/505"}],"replies":[{"embeddable":true,"href":"https:\/\/www.ufsm.br\/cursos\/graduacao\/santa-maria\/farmacia\/wp-json\/wp\/v2\/comments?post=471"}],"version-history":[{"count":0,"href":"https:\/\/www.ufsm.br\/cursos\/graduacao\/santa-maria\/farmacia\/wp-json\/wp\/v2\/pages\/471\/revisions"}],"wp:attachment":[{"href":"https:\/\/www.ufsm.br\/cursos\/graduacao\/santa-maria\/farmacia\/wp-json\/wp\/v2\/media?parent=471"}],"wp:term":[{"taxonomy":"category","embeddable":true,"href":"https:\/\/www.ufsm.br\/cursos\/graduacao\/santa-maria\/farmacia\/wp-json\/wp\/v2\/categories?post=471"},{"taxonomy":"post_tag","embeddable":true,"href":"https:\/\/www.ufsm.br\/cursos\/graduacao\/santa-maria\/farmacia\/wp-json\/wp\/v2\/tags?post=471"}],"curies":[{"name":"wp","href":"https:\/\/api.w.org\/{rel}","templated":true}]}}