{"id":162,"date":"2018-12-28T08:24:30","date_gmt":"2018-12-28T10:24:30","guid":{"rendered":"https:\/\/www.ufsm.br\/cursos\/graduacao\/santa-maria\/filosofia\/?page_id=162"},"modified":"2019-02-04T10:56:42","modified_gmt":"2019-02-04T12:56:42","slug":"grupos-de-estudo-e-pesquisa","status":"publish","type":"page","link":"https:\/\/www.ufsm.br\/cursos\/graduacao\/santa-maria\/filosofia\/grupos-de-estudo-e-pesquisa","title":{"rendered":"Grupos de Estudo e Pesquisa"},"content":{"rendered":"\n<p><a href=\"https:\/\/sites.google.com\/site\/metafisicaeepistemologia\/\">GECR \u2013 Grupo de Estudos em Cogni\u00e7\u00e3o e Realidade<\/a><\/p>\n<p>Criado em 2010 por iniciativa de professores do Departamento de Filosofia da UFSM o GEMELL tem por objetivo principal fomentar a discuss\u00e3o de pesquisas desenvolvidas por seus membros de modo que a comunidade em geral tome conhecimento do que \u00e9 produzido pelos seus membros. Al\u00e9m disso, o Grupo tamb\u00e9m busca consolidar parcerias com pesquisadores que desenvolvam suas investiga\u00e7\u00f5es em \u00e1reas afins. Ap\u00f3s sete anos de sua funda\u00e7\u00e3o, o GEMELL foi renomeado como Grupo de Estudos em Cogni\u00e7\u00e3o e Realidade &#8211; GECR a fim de se adequar as mudan\u00e7as ocorridas no Departamento de Filosofia da UFSM.<\/p>\n<p>GPEEA \u2013 Grupo de Pesquisa em \u00c9tica e \u00c9tica Aplicada<\/p>\n<p class=\"text\">O grupo tem objetivo de pesquisar e publicar sobre quest\u00f5es de \u00e9tica, meta\u00e9tica e \u00e9tica aplicada. Oferecer um treinamento e forma\u00e7\u00e3o mais intensiva para alunos de gradua\u00e7\u00e3o e p\u00f3s-gradua\u00e7\u00e3o interessados em aprofundar seus conhecimentos nas sub-\u00e1reas da \u00c9tica.<\/p>\n<p>CEIFH II \u2013 Centro de Estudos Integrados Fenomenologia e Hermen\u00eautica II<\/p>\n<p class=\"text\">As atividades de pesquisa e ensino do grupo abrangem: 1) a forma\u00e7\u00e3o de recursos humanos em n\u00edvel de inicia\u00e7\u00e3o cient\u00edfica e mestrado, nos programas de P\u00f3s-Gradua\u00e7\u00e3o em Filosofia da UFSM, da PUCRS e da UNISINOS; 2) produ\u00e7\u00e3o de textos originais nas linhas de pesquisa cadastradas; 3) tradu\u00e7\u00e3o de textos relevantes para o processo formacional e as atividades de investiga\u00e7\u00e3o; 4) organiza\u00e7\u00e3o de eventos dirigidos para a comunidade filos\u00f3fica regional; 5) colabora\u00e7\u00e3o com as atividades e objetivos da Sociedade Brasileira de Fenomenologia.<\/p>\n<p><a href=\"http:\/\/filosofiapibidufsm.blogspot.com\/p\/pibidianos.html\">PIBID \u2013 Programa Institucional de Bolsa de Inicia\u00e7\u00e3o Cient\u00edfica<\/a><\/p>\n<p>Diret\u00f3rio dos Grupos de Pesquisa no Brasil \u2013 Lattes<\/p>\n<p class=\"text\">Atrav\u00e9s <a href=\"http:\/\/lattes.cnpq.br\/web\/dgp\">desta ferramenta<\/a>, hospedada pelo site do CNPq, se faz poss\u00edvel buscar pelos Grupos de Estudo brasileiros que det\u00eam registro junto ao Conselho Nacional de Desenvolvimento Cient\u00edfico e Tecnol\u00f3gico.<\/p>\n<p>\u00a0<\/p>\n","protected":false},"excerpt":{"rendered":"<p>GECR \u2013 Grupo de Estudos em Cogni\u00e7\u00e3o e Realidade Criado em 2010 por iniciativa de professores do Departamento de Filosofia da UFSM o GEMELL tem por objetivo principal fomentar a discuss\u00e3o de pesquisas desenvolvidas por seus membros de modo que a comunidade em geral tome conhecimento do que \u00e9 produzido pelos seus membros. Al\u00e9m disso, [&hellip;]<\/p>\n","protected":false},"author":194,"featured_media":0,"parent":0,"menu_order":0,"comment_status":"closed","ping_status":"closed","template":"","meta":{"footnotes":""},"categories":[],"tags":[],"class_list":["post-162","page","type-page","status-publish","hentry"],"acf":[],"_links":{"self":[{"href":"https:\/\/www.ufsm.br\/cursos\/graduacao\/santa-maria\/filosofia\/wp-json\/wp\/v2\/pages\/162","targetHints":{"allow":["GET"]}}],"collection":[{"href":"https:\/\/www.ufsm.br\/cursos\/graduacao\/santa-maria\/filosofia\/wp-json\/wp\/v2\/pages"}],"about":[{"href":"https:\/\/www.ufsm.br\/cursos\/graduacao\/santa-maria\/filosofia\/wp-json\/wp\/v2\/types\/page"}],"author":[{"embeddable":true,"href":"https:\/\/www.ufsm.br\/cursos\/graduacao\/santa-maria\/filosofia\/wp-json\/wp\/v2\/users\/194"}],"replies":[{"embeddable":true,"href":"https:\/\/www.ufsm.br\/cursos\/graduacao\/santa-maria\/filosofia\/wp-json\/wp\/v2\/comments?post=162"}],"version-history":[{"count":0,"href":"https:\/\/www.ufsm.br\/cursos\/graduacao\/santa-maria\/filosofia\/wp-json\/wp\/v2\/pages\/162\/revisions"}],"wp:attachment":[{"href":"https:\/\/www.ufsm.br\/cursos\/graduacao\/santa-maria\/filosofia\/wp-json\/wp\/v2\/media?parent=162"}],"wp:term":[{"taxonomy":"category","embeddable":true,"href":"https:\/\/www.ufsm.br\/cursos\/graduacao\/santa-maria\/filosofia\/wp-json\/wp\/v2\/categories?post=162"},{"taxonomy":"post_tag","embeddable":true,"href":"https:\/\/www.ufsm.br\/cursos\/graduacao\/santa-maria\/filosofia\/wp-json\/wp\/v2\/tags?post=162"}],"curies":[{"name":"wp","href":"https:\/\/api.w.org\/{rel}","templated":true}]}}