{"id":164,"date":"2018-12-28T08:29:00","date_gmt":"2018-12-28T10:29:00","guid":{"rendered":"https:\/\/www.ufsm.br\/cursos\/graduacao\/santa-maria\/filosofia\/?page_id=164"},"modified":"2022-07-07T18:11:26","modified_gmt":"2022-07-07T21:11:26","slug":"revistas","status":"publish","type":"page","link":"https:\/\/www.ufsm.br\/cursos\/graduacao\/santa-maria\/filosofia\/revistas","title":{"rendered":"Revistas"},"content":{"rendered":"\n<h4><strong>Elenco de\u00a0Revistas\u00a0de Filosofia\u00a0(impressas e on-line).<\/strong><\/h4>\n<p>As revistas aqui listadas encontram-se qualificadas de acordo com sua<br \/>avalia\u00e7\u00e3o no Sistema Qualis da CAPES, que se traduz em conceitos (A1,<br \/>A2, B1, B2, B3, B4, B5 e C). Ao lado do nome de cada revista o leitor<br \/>encontrar\u00e1 a conceitua\u00e7\u00e3o desta de acordo com sua \u00faltima avalia\u00e7\u00e3o,<br \/>sendo que clicando no link da revista o leitor ser\u00e1 redirecionado para a<br \/>p\u00e1gina desta.<\/p>\n<h5><strong>Revistas e respectivos conceitos Qualis \u2013 CAPES:<\/strong><\/h5>\n<table>\n<thead>\n<tr>\n<th>Revista<\/th>\n<th>Conceito<\/th>\n<\/tr>\n<\/thead>\n<tbody>\n<tr>\n<td><a href=\"http:\/\/www.cle.unicamp.br\/manuscrito\/\">Manuscrito (UNICAMP)<\/a><\/td>\n<td>A1<\/td>\n<\/tr>\n<tr>\n<td><a href=\"http:\/\/www.analytica.inf.br\/\">Analytica<\/a><\/td>\n<td>A2<\/td>\n<\/tr>\n<tr>\n<td><a href=\"http:\/\/www.fafich.ufmg.br\/kriterion\/index.php\/kriterion\">Kriterion (UFMG, Impresso)<\/a><\/td>\n<td>A2<\/td>\n<\/tr>\n<tr>\n<td><a href=\"http:\/\/cfh.ufsc.br\/~principi\/\">Principia (Florian\u00f3polis, Online)<\/a><\/td>\n<td>A2<\/td>\n<\/tr>\n<tr>\n<td><a href=\"http:\/\/www.scientiaestudia.org.br\/revista\/instrucoes.asp\">Scientia Studiae (USP)<\/a><\/td>\n<td>A2<\/td>\n<\/tr>\n<tr>\n<td><a href=\"http:\/\/revistaseletronicas.pucrs.br\/ojs\/index.php\/veritas\">Veritas (PUCRS \u2013 Porto Alegre)<\/a><\/td>\n<td>A2<\/td>\n<\/tr>\n<tr>\n<td><a href=\"http:\/\/www.cocen.unicamp.br\/root.php?pag=publicacoesDetalhes.php&amp;id=53\">Cadernos de Hist\u00f3ria e Filosofia da Ci\u00eancia (UNICAMP)<\/a><\/td>\n<td>B1<\/td>\n<\/tr>\n<tr>\n<td><a href=\"http:\/\/www.fflch.usp.br\/df\/gen\/cn\/index.html\">Cadernos Nietzsche<\/a><\/td>\n<td>B1<\/td>\n<\/tr>\n<tr>\n<td><a href=\"http:\/\/www.pucsp.br\/pragmatismo\/cognitio\/cognitio_folha_rosto.html\">Cognitio (PUC-SP)<\/a><\/td>\n<td>B1<\/td>\n<\/tr>\n<tr>\n<td><a href=\"http:\/\/www.pucsp.br\/pragmatismo\/cognitio\/cognitio_folha_rosto.html#cognitioOnline\">Cognitio \u2013 Estudos (PUCSP, Online)<\/a><\/td>\n<td>B1<\/td>\n<\/tr>\n<tr>\n<td><a href=\"http:\/\/www.fflch.usp.br\/df\/site\/publicacoes\/discurso.php\">Discurso (USP)<\/a><\/td>\n<td>B1<\/td>\n<\/tr>\n<tr>\n<td><a href=\"http:\/\/disputatio.com\/\">Disputatio (Lisboa)<\/a><\/td>\n<td>B1<\/td>\n<\/tr>\n<tr>\n<td><a href=\"http:\/\/www.ufpel.edu.br\/isp\/dissertatio\/\">Dissertatio (UFPel)<\/a><\/td>\n<td>B1<\/td>\n<\/tr>\n<tr>\n<td><a href=\"http:\/\/ojs.c3sl.ufpr.br\/ojs2\/index.php\/doispontos\">Dois pontos (UFPR)<\/a><\/td>\n<td>B1<\/td>\n<\/tr>\n<tr>\n<td><a href=\"http:\/\/www.cfh.ufsc.br\/ethic@\/\">Ethic@ (UFSC)<\/a><\/td>\n<td>B1<\/td>\n<\/tr>\n<tr>\n<td><a href=\"http:\/\/www.unisinos.br\/revistas\/index.php\/filosofia\">Filosofia Unisinos (Impresso)<\/a><\/td>\n<td>B1<\/td>\n<\/tr>\n<tr>\n<td><a href=\"http:\/\/oquenosfazpensar.fil.puc-rio.br\/\">O Que nos Faz Pensar (PUCRJ)<\/a><\/td>\n<td>B1<\/td>\n<\/tr>\n<tr>\n<td><a href=\"http:\/\/www2.pucpr.br\/reol\/index.php\/RF?dd99=about\">Revista de Filosofia Aurora (PUC-PR)<\/a><\/td>\n<td>B1\u00a0<\/td>\n<\/tr>\n<tr>\n<td><a href=\"http:\/\/www.sociedadekant.org\/studiakantiana\/\">Studia Kantiana (Rio de Janeiro)<\/a><\/td>\n<td>B1<\/td>\n<\/tr>\n<tr>\n<td><a href=\"http:\/\/www.cle.unicamp.br\/e-prints\/\">CLE e-Prints \u2013 UNICAMP (Online)<\/a><\/td>\n<td>B2<\/td>\n<\/tr>\n<tr>\n<td><a href=\"http:\/\/www.fflch.usp.br\/df\/site\/publicacoes\/cadalema.php\">Cadernos de Filosofia Alem\u00e3 (USP)<\/a><\/td>\n<td>B2<\/td>\n<\/tr>\n<tr>\n<td><a href=\"http:\/\/www.fflch.usp.br\/df\/cefp\/\">Cadernos de \u00c9tica e Filosofia Pol\u00edtica (USP)<\/a><\/td>\n<td>B2<\/td>\n<\/tr>\n<tr>\n<td><a href=\"http:\/\/www.cle.unicamp.br\/kant-e-prints\/index.htm\">Kant e-Prints (Online)<\/a><\/td>\n<td>B2<\/td>\n<\/tr>\n<tr>\n<td><a href=\"http:\/\/www.centrowinnicott.com.br\/modules\/news\/article.php?storyid=129\">Natureza Humana (Online)<\/a><\/td>\n<td>B2<\/td>\n<\/tr>\n<tr>\n<td><a href=\"http:\/\/www.revistas.ufg.br\/index.php\/philosophos\">Phil\u00f3sophos (UFG)<\/a><\/td>\n<td>B2<\/td>\n<\/tr>\n<tr>\n<td><a href=\"http:\/\/www.abstracta.pro.br\/\">Abstracta: linguagem, mente e a\u00e7\u00e3o (Niter\u00f3i)<\/a><\/td>\n<td>B3<\/td>\n<\/tr>\n<tr>\n<td><a href=\"http:\/\/www.ufpe.br\/ppgfilosofia\/index.php?option=com_content&amp;view=article&amp;id=321&amp;Itemid=244\">Perspectiva Filos\u00f3fica (UFPE)<\/a><\/td>\n<td>B3<\/td>\n<\/tr>\n<tr>\n<td><a href=\"http:\/\/www.revista-skepsis.com\/\">Sk\u00e9psis (Salvador, Online)<\/a><\/td>\n<td>B3<\/td>\n<\/tr>\n<tr>\n<td><a href=\"http:\/\/www.posgrap.ufs.br\/periodicos\/cadernos_ufs_filosofia\/\">Cadernos UFS de Filosofia<\/a><\/td>\n<td>B4<\/td>\n<\/tr>\n<tr>\n<td><a href=\"http:\/\/www.cienciasecognicao.org\/portal\/\">Ci\u00eancia e Cogni\u00e7\u00e3o<\/a><\/td>\n<td>B4<\/td>\n<\/tr>\n<tr>\n<td><a href=\"http:\/\/criticanarede.com\/\">Cr\u00edtica: revista de filosofia<\/a><\/td>\n<td>B4<\/td>\n<\/tr>\n<tr>\n<td><a href=\"http:\/\/idc.edu.br\/default.aspx?idLingua=5&amp;pagina=pga_publicacoes_revistaculturaefe\">Cultura e F\u00e9 (IDC, Porto Alegre)<\/a><\/td>\n<td>B4<\/td>\n<\/tr>\n<tr>\n<td><a href=\"http:\/\/www.controversia.unisinos.br\/\">Controv\u00e9rsia (UNISINOS)<\/a><\/td>\n<td>B4<\/td>\n<\/tr>\n<tr>\n<td><a href=\"http:\/\/revistaseletronicas.pucrs.br\/ojs\/index.php\/intuitio\/about\/editorialTeam\">Intuitio (PUCRS \u2013 Porto Alegre)<\/a><\/td>\n<td>B4<\/td>\n<\/tr>\n<tr>\n<td><a href=\"http:\/\/revistaitaca.org\/\">\u00cdtaca (UFRJ)<\/a><\/td>\n<td>B4<\/td>\n<\/tr>\n<tr>\n<td><a href=\"http:\/\/www.unifra.br\/thaumazein\/\">Thaumazein (UNIFRA \u2013 Santa Maria)<\/a><\/td>\n<td>B5<\/td>\n<\/tr>\n<tr>\n<td><a href=\"http:\/\/www.isthmus.com.br\/eduece\/ciencias-humanas\/filosofia\/cadernos-sartre\/1-3182\/centro_detalhes.aspx\">Cadernos Sartre (UECE)<\/a><\/td>\n<td>C<\/td>\n<\/tr>\n<tr>\n<td><a href=\"http:\/\/www.investigacaofilosofica.com\/\">Investiga\u00e7\u00e3o Filos\u00f3fica<\/a><\/td>\n<td>C<\/td>\n<\/tr>\n<tr>\n<td><a href=\"http:\/\/editora.fflch.usp.br\/node\/107\">Cadernos Wittgenstein (USP)<\/a><\/td>\n<td>C<\/td>\n<\/tr>\n<tr>\n<td><a href=\"http:\/\/www.inquietude.org\/index.php\/revista\">Inquietude (UFG)<\/a><\/td>\n<td>N\u00e3o avaliada<\/td>\n<\/tr>\n<tr>\n<td><a href=\"http:\/\/www.revistafundamento.ufop.br\/\">Fundamento (UFOP)<\/a><\/td>\n<td>N\u00e3o avaliada<\/td>\n<\/tr>\n<tr>\n<td><a href=\"http:\/\/www.fflch.usp.br\/df\/site\/publicacoes\/primeirosescritos\/index.php\">Primeiros Escritos (USP)<\/a><\/td>\n<td>N\u00e3o avaliada<\/td>\n<\/tr>\n<\/tbody>\n<\/table>\n","protected":false},"excerpt":{"rendered":"<p>Elenco de\u00a0Revistas\u00a0de Filosofia\u00a0(impressas e on-line). As revistas aqui listadas encontram-se qualificadas de acordo com suaavalia\u00e7\u00e3o no Sistema Qualis da CAPES, que se traduz em conceitos (A1,A2, B1, B2, B3, B4, B5 e C). Ao lado do nome de cada revista o leitorencontrar\u00e1 a conceitua\u00e7\u00e3o desta de acordo com sua \u00faltima avalia\u00e7\u00e3o,sendo que clicando no link [&hellip;]<\/p>\n","protected":false},"author":194,"featured_media":0,"parent":0,"menu_order":0,"comment_status":"closed","ping_status":"closed","template":"","meta":{"footnotes":""},"categories":[],"tags":[],"class_list":["post-164","page","type-page","status-publish","hentry"],"acf":[],"_links":{"self":[{"href":"https:\/\/www.ufsm.br\/cursos\/graduacao\/santa-maria\/filosofia\/wp-json\/wp\/v2\/pages\/164","targetHints":{"allow":["GET"]}}],"collection":[{"href":"https:\/\/www.ufsm.br\/cursos\/graduacao\/santa-maria\/filosofia\/wp-json\/wp\/v2\/pages"}],"about":[{"href":"https:\/\/www.ufsm.br\/cursos\/graduacao\/santa-maria\/filosofia\/wp-json\/wp\/v2\/types\/page"}],"author":[{"embeddable":true,"href":"https:\/\/www.ufsm.br\/cursos\/graduacao\/santa-maria\/filosofia\/wp-json\/wp\/v2\/users\/194"}],"replies":[{"embeddable":true,"href":"https:\/\/www.ufsm.br\/cursos\/graduacao\/santa-maria\/filosofia\/wp-json\/wp\/v2\/comments?post=164"}],"version-history":[{"count":0,"href":"https:\/\/www.ufsm.br\/cursos\/graduacao\/santa-maria\/filosofia\/wp-json\/wp\/v2\/pages\/164\/revisions"}],"wp:attachment":[{"href":"https:\/\/www.ufsm.br\/cursos\/graduacao\/santa-maria\/filosofia\/wp-json\/wp\/v2\/media?parent=164"}],"wp:term":[{"taxonomy":"category","embeddable":true,"href":"https:\/\/www.ufsm.br\/cursos\/graduacao\/santa-maria\/filosofia\/wp-json\/wp\/v2\/categories?post=164"},{"taxonomy":"post_tag","embeddable":true,"href":"https:\/\/www.ufsm.br\/cursos\/graduacao\/santa-maria\/filosofia\/wp-json\/wp\/v2\/tags?post=164"}],"curies":[{"name":"wp","href":"https:\/\/api.w.org\/{rel}","templated":true}]}}