{"id":208,"date":"2018-12-28T09:15:38","date_gmt":"2018-12-28T11:15:38","guid":{"rendered":"https:\/\/www.ufsm.br\/cursos\/graduacao\/santa-maria\/filosofia\/?page_id=208"},"modified":"2018-12-28T09:15:40","modified_gmt":"2018-12-28T11:15:40","slug":"legislacao","status":"publish","type":"page","link":"https:\/\/www.ufsm.br\/cursos\/graduacao\/santa-maria\/filosofia\/legislacao","title":{"rendered":"Legisla\u00e7\u00e3o"},"content":{"rendered":"\n<h4>C\u00f3digo de Conduta da Alta Administra\u00e7\u00e3o Federal, normas complementares e legisla\u00e7\u00e3o correlata<\/h4>\n<p><a href=\"https:\/\/www.ufsm.br\/cursos\/graduacao\/santa-maria\/filosofia\/wp-content\/uploads\/sites\/464\/2018\/12\/C\u00f3digo-de-Conduta-da-Alta-Administra\u00e7\u00e3o-Federal-normas-complementares-e-legisla\u00e7\u00e3o-correlata-2009.pdf\">C\u00f3digo de Conduta da Alta Administra\u00e7\u00e3o Federal, normas complementares e legisla\u00e7\u00e3o correlata 2009. Atualizado em 06 de maio \u2013 2012.<\/a><\/p>\n<p>\u00a0<\/p>\n<h4>Regulamento das Atividades do Trabalho de Conclus\u00e3o de Curso \u2013 TCC, Curso de Filosofia \u2013 Bacharelado da UFSM<\/h4>\n<p><a href=\"https:\/\/www.ufsm.br\/cursos\/graduacao\/santa-maria\/filosofia\/wp-content\/uploads\/sites\/464\/2018\/12\/REGULAMENTO-DAS-ATIVIDADES-DO-TRABALHO-DE-CONCLUS\u00c3O-DE-CURSO-\u2013-TCC-Curso-de-Filosofia-Bacharelado-da-UFSM1-1.pdf\">Regulamento das Atividades do Trabalho de Conclus\u00e3o de Curso \u2013 TCC \u2013 Filosofia \u2013 Bacharelado<\/a><\/p>\n","protected":false},"excerpt":{"rendered":"<p>C\u00f3digo de Conduta da Alta Administra\u00e7\u00e3o Federal, normas complementares e legisla\u00e7\u00e3o correlata C\u00f3digo de Conduta da Alta Administra\u00e7\u00e3o Federal, normas complementares e legisla\u00e7\u00e3o correlata 2009. Atualizado em 06 de maio \u2013 2012. \u00a0 Regulamento das Atividades do Trabalho de Conclus\u00e3o de Curso \u2013 TCC, Curso de Filosofia \u2013 Bacharelado da UFSM Regulamento das Atividades do [&hellip;]<\/p>\n","protected":false},"author":194,"featured_media":0,"parent":0,"menu_order":0,"comment_status":"closed","ping_status":"closed","template":"","meta":{"footnotes":""},"categories":[],"tags":[],"class_list":["post-208","page","type-page","status-publish","hentry"],"acf":[],"_links":{"self":[{"href":"https:\/\/www.ufsm.br\/cursos\/graduacao\/santa-maria\/filosofia\/wp-json\/wp\/v2\/pages\/208","targetHints":{"allow":["GET"]}}],"collection":[{"href":"https:\/\/www.ufsm.br\/cursos\/graduacao\/santa-maria\/filosofia\/wp-json\/wp\/v2\/pages"}],"about":[{"href":"https:\/\/www.ufsm.br\/cursos\/graduacao\/santa-maria\/filosofia\/wp-json\/wp\/v2\/types\/page"}],"author":[{"embeddable":true,"href":"https:\/\/www.ufsm.br\/cursos\/graduacao\/santa-maria\/filosofia\/wp-json\/wp\/v2\/users\/194"}],"replies":[{"embeddable":true,"href":"https:\/\/www.ufsm.br\/cursos\/graduacao\/santa-maria\/filosofia\/wp-json\/wp\/v2\/comments?post=208"}],"version-history":[{"count":0,"href":"https:\/\/www.ufsm.br\/cursos\/graduacao\/santa-maria\/filosofia\/wp-json\/wp\/v2\/pages\/208\/revisions"}],"wp:attachment":[{"href":"https:\/\/www.ufsm.br\/cursos\/graduacao\/santa-maria\/filosofia\/wp-json\/wp\/v2\/media?parent=208"}],"wp:term":[{"taxonomy":"category","embeddable":true,"href":"https:\/\/www.ufsm.br\/cursos\/graduacao\/santa-maria\/filosofia\/wp-json\/wp\/v2\/categories?post=208"},{"taxonomy":"post_tag","embeddable":true,"href":"https:\/\/www.ufsm.br\/cursos\/graduacao\/santa-maria\/filosofia\/wp-json\/wp\/v2\/tags?post=208"}],"curies":[{"name":"wp","href":"https:\/\/api.w.org\/{rel}","templated":true}]}}