{"id":275,"date":"2019-05-31T17:05:02","date_gmt":"2019-05-31T20:05:02","guid":{"rendered":"https:\/\/www.ufsm.br\/cursos\/graduacao\/santa-maria\/filosofia\/?page_id=275"},"modified":"2019-05-31T17:05:05","modified_gmt":"2019-05-31T20:05:05","slug":"antonio-gomez-ramos","status":"publish","type":"page","link":"https:\/\/www.ufsm.br\/cursos\/graduacao\/santa-maria\/filosofia\/antonio-gomez-ramos","title":{"rendered":"Antonio G\u00f3mez Ramos"},"content":{"rendered":"\n<p>\u00a0<img fetchpriority=\"high\" decoding=\"async\" src=\"http:\/\/w3.ufsm.br\/senafe\/images\/palestrantes\/antonio-gomez-ramos.jpg\" alt=\"Antonio G\u00f3mez Ramos\" width=\"250\" height=\"250\" \/><\/p>\n<p>Doctor en Filosof\u00eda y Letras, secci\u00f3n filosof\u00eda, por la Universidad Aut\u00f3noma de Madrid y Licenciado en Filosof\u00eda y Letras, secci\u00f3n Filosof\u00eda, por la Universidad Aut\u00f3noma de Madrid.<\/p>\n<p>Actualmente se desempe\u00f1a como Profesor Titular de Filosof\u00eda en la Universidad Carlos III de Madrid,Departamento de Humanidades: Filosof\u00eda, Lenguje y Literatura; y como Director del M\u00e1ster en Humanidades de la UCIIIM.<\/p>\n<p>Ejerci\u00f3 como Director del Programa de Doctorado en Humanidades de la UCIIIM y como Subdirector del Departamento de Humanidades: Filosof\u00eda, Lenguaje y Literatura, entre otros cargos.<\/p>\n<p>Algunos de sus proyectos de investigaci\u00f3n son: &#8220;Encrucijadas de la subjetividad: experiencia, memoria e imaginaci\u00f3n&#8221;; &#8220;Pensar y traducir. La filosof\u00eda de camino entre las lenguas&#8221;, &#8220;El fondo de la historia. Repercusiones del idealismo y del romanticismo&#8221;, entre otros.<\/p>\n<p>Posee varias publicaciones de libros como autor, organizador y traductor, as\u00ed como tambi\u00e9n una vasta serie de publicaciones en revistas, cap\u00edtulos de libros, etc.<\/p>\n<p>La mesa en la que participar\u00e1 como conferencista junto a Nadja Hermann en el V SENAFE &#8211; I SEINFE tendr\u00e1 como tem\u00e1tica &#8220;Tempo, Mem\u00f3ria e Viol\u00eancia&#8221; y se desarrollar\u00e1 el 18 de noviembre de 2015 a las 08:30.<\/p>\n","protected":false},"excerpt":{"rendered":"<p>\u00a0 Doctor en Filosof\u00eda y Letras, secci\u00f3n filosof\u00eda, por la Universidad Aut\u00f3noma de Madrid y Licenciado en Filosof\u00eda y Letras, secci\u00f3n Filosof\u00eda, por la Universidad Aut\u00f3noma de Madrid. Actualmente se desempe\u00f1a como Profesor Titular de Filosof\u00eda en la Universidad Carlos III de Madrid,Departamento de Humanidades: Filosof\u00eda, Lenguje y Literatura; y como Director del M\u00e1ster en [&hellip;]<\/p>\n","protected":false},"author":723,"featured_media":0,"parent":0,"menu_order":0,"comment_status":"closed","ping_status":"closed","template":"","meta":{"footnotes":""},"categories":[],"tags":[],"class_list":["post-275","page","type-page","status-publish","hentry"],"acf":[],"_links":{"self":[{"href":"https:\/\/www.ufsm.br\/cursos\/graduacao\/santa-maria\/filosofia\/wp-json\/wp\/v2\/pages\/275","targetHints":{"allow":["GET"]}}],"collection":[{"href":"https:\/\/www.ufsm.br\/cursos\/graduacao\/santa-maria\/filosofia\/wp-json\/wp\/v2\/pages"}],"about":[{"href":"https:\/\/www.ufsm.br\/cursos\/graduacao\/santa-maria\/filosofia\/wp-json\/wp\/v2\/types\/page"}],"author":[{"embeddable":true,"href":"https:\/\/www.ufsm.br\/cursos\/graduacao\/santa-maria\/filosofia\/wp-json\/wp\/v2\/users\/723"}],"replies":[{"embeddable":true,"href":"https:\/\/www.ufsm.br\/cursos\/graduacao\/santa-maria\/filosofia\/wp-json\/wp\/v2\/comments?post=275"}],"version-history":[{"count":0,"href":"https:\/\/www.ufsm.br\/cursos\/graduacao\/santa-maria\/filosofia\/wp-json\/wp\/v2\/pages\/275\/revisions"}],"wp:attachment":[{"href":"https:\/\/www.ufsm.br\/cursos\/graduacao\/santa-maria\/filosofia\/wp-json\/wp\/v2\/media?parent=275"}],"wp:term":[{"taxonomy":"category","embeddable":true,"href":"https:\/\/www.ufsm.br\/cursos\/graduacao\/santa-maria\/filosofia\/wp-json\/wp\/v2\/categories?post=275"},{"taxonomy":"post_tag","embeddable":true,"href":"https:\/\/www.ufsm.br\/cursos\/graduacao\/santa-maria\/filosofia\/wp-json\/wp\/v2\/tags?post=275"}],"curies":[{"name":"wp","href":"https:\/\/api.w.org\/{rel}","templated":true}]}}