{"id":279,"date":"2019-05-31T17:11:19","date_gmt":"2019-05-31T20:11:19","guid":{"rendered":"https:\/\/www.ufsm.br\/cursos\/graduacao\/santa-maria\/filosofia\/?page_id=279"},"modified":"2019-05-31T17:11:21","modified_gmt":"2019-05-31T20:11:21","slug":"prof-dr-pedro-angelo-pagni","status":"publish","type":"page","link":"https:\/\/www.ufsm.br\/cursos\/graduacao\/santa-maria\/filosofia\/prof-dr-pedro-angelo-pagni","title":{"rendered":"Prof. Dr. Pedro Angelo Pagni"},"content":{"rendered":"\n<p><img decoding=\"async\" src=\"http:\/\/w3.ufsm.br\/senafe\/images\/palestrantes\/pedropagni.jpg\" alt=\"pedropagni\" width=\"184\" height=\"184\" \/><\/p>\n<p>\u00a0<\/p>\n<p>Possui gradua\u00e7\u00e3o em Educa\u00e7\u00e3o F\u00edsica pela Universidade Estadual Paulista J\u00falio de Mesquita Filho, mestrado em Hist\u00f3ria e Filosofia da Educa\u00e7\u00e3o pela Pontif\u00edcia Universidade Cat\u00f3lica de S\u00e3o Paulo e doutorado em Educa\u00e7\u00e3o pela Universidade Estadual Paulista J\u00falio de Mesquita Filho. Atualmente \u00e9 professor adjunto da Universidade Estadual Paulista J\u00falio de Mesquita Filho.<\/p>\n<p>Tem experi\u00eancia na \u00e1rea de Educa\u00e7\u00e3o, com \u00eanfase em Filosofia da Educa\u00e7\u00e3o, atuando principalmente nos seguintes temas: filosofia da educa\u00e7\u00e3o, filosofia da educa\u00e7\u00e3o no brasil, filosofia contempor\u00e2nea e educa\u00e7\u00e3o e ensino de filosofia.<\/p>\n<p>Algumas de suas pesquisas s\u00e3o: \u201cBiopol\u00edtica, \u00e9tica da diferen\u00e7a e educa\u00e7\u00e3o: outro olhar sobre a inclus\u00e3o escolar retratos da positividade da defici\u00eancia\u201d, \u201c\u00c9tica, acontecimento e pragm\u00e1tica de si: desafios da arte de viver \u00e0 educa\u00e7\u00e3o\u201d, \u201cUm lugar para a experi\u00eancia e suas linguagens entre os saberes e pr\u00e1ticas escolares: pensar a inf\u00e2ncia, o acontecimento e o cuidado de si na pr\u00e1xis educativa\u201d, entre outras. Possui v\u00e1rias publica\u00e7\u00f5es de livros, como autor e organizador. Tamb\u00e9m \u00e9 autor de diversas publica\u00e7\u00f5es em revistas, cap\u00edtulos de livros e etc.<\/p>\n<p>A mesa em que participar\u00e1 como conferencista no V SENAFE &#8211; I SEINFE ter\u00e1 como tema \u201cCuidado de Si, Moralidade e Forma\u00e7\u00e3o Pedag\u00f3gica\u201d. A mesma acontecer\u00e1 dia 20 de novembro \u00e0s 08h30 min.<\/p>\n","protected":false},"excerpt":{"rendered":"<p>\u00a0 Possui gradua\u00e7\u00e3o em Educa\u00e7\u00e3o F\u00edsica pela Universidade Estadual Paulista J\u00falio de Mesquita Filho, mestrado em Hist\u00f3ria e Filosofia da Educa\u00e7\u00e3o pela Pontif\u00edcia Universidade Cat\u00f3lica de S\u00e3o Paulo e doutorado em Educa\u00e7\u00e3o pela Universidade Estadual Paulista J\u00falio de Mesquita Filho. Atualmente \u00e9 professor adjunto da Universidade Estadual Paulista J\u00falio de Mesquita Filho. Tem experi\u00eancia na [&hellip;]<\/p>\n","protected":false},"author":723,"featured_media":0,"parent":0,"menu_order":0,"comment_status":"closed","ping_status":"closed","template":"","meta":{"footnotes":""},"categories":[],"tags":[],"class_list":["post-279","page","type-page","status-publish","hentry"],"acf":[],"_links":{"self":[{"href":"https:\/\/www.ufsm.br\/cursos\/graduacao\/santa-maria\/filosofia\/wp-json\/wp\/v2\/pages\/279","targetHints":{"allow":["GET"]}}],"collection":[{"href":"https:\/\/www.ufsm.br\/cursos\/graduacao\/santa-maria\/filosofia\/wp-json\/wp\/v2\/pages"}],"about":[{"href":"https:\/\/www.ufsm.br\/cursos\/graduacao\/santa-maria\/filosofia\/wp-json\/wp\/v2\/types\/page"}],"author":[{"embeddable":true,"href":"https:\/\/www.ufsm.br\/cursos\/graduacao\/santa-maria\/filosofia\/wp-json\/wp\/v2\/users\/723"}],"replies":[{"embeddable":true,"href":"https:\/\/www.ufsm.br\/cursos\/graduacao\/santa-maria\/filosofia\/wp-json\/wp\/v2\/comments?post=279"}],"version-history":[{"count":0,"href":"https:\/\/www.ufsm.br\/cursos\/graduacao\/santa-maria\/filosofia\/wp-json\/wp\/v2\/pages\/279\/revisions"}],"wp:attachment":[{"href":"https:\/\/www.ufsm.br\/cursos\/graduacao\/santa-maria\/filosofia\/wp-json\/wp\/v2\/media?parent=279"}],"wp:term":[{"taxonomy":"category","embeddable":true,"href":"https:\/\/www.ufsm.br\/cursos\/graduacao\/santa-maria\/filosofia\/wp-json\/wp\/v2\/categories?post=279"},{"taxonomy":"post_tag","embeddable":true,"href":"https:\/\/www.ufsm.br\/cursos\/graduacao\/santa-maria\/filosofia\/wp-json\/wp\/v2\/tags?post=279"}],"curies":[{"name":"wp","href":"https:\/\/api.w.org\/{rel}","templated":true}]}}