{"id":280,"date":"2019-05-31T17:13:34","date_gmt":"2019-05-31T20:13:34","guid":{"rendered":"https:\/\/www.ufsm.br\/cursos\/graduacao\/santa-maria\/filosofia\/?page_id=280"},"modified":"2019-05-31T17:13:38","modified_gmt":"2019-05-31T20:13:38","slug":"profa-dra-margarita-sgro","status":"publish","type":"page","link":"https:\/\/www.ufsm.br\/cursos\/graduacao\/santa-maria\/filosofia\/profa-dra-margarita-sgro","title":{"rendered":"Profa. Dra. Margarita Sgro"},"content":{"rendered":"\n<p><img fetchpriority=\"high\" decoding=\"async\" src=\"http:\/\/w3.ufsm.br\/senafe\/images\/palestrantes\/margaritasgro.jpg\" alt=\"margaritasgro\" width=\"311\" height=\"234\" \/><\/p>\n<p>\u00a0<\/p>\n<p>Es Doctora en Educaci\u00f3n con orientaci\u00f3n en el \u00e1rea de Filosof\u00eda e Historia por la Universidade Estadual de Campinas (UNICAMP); Magister en Educaci\u00f3n, con menci\u00f3n en Filosof\u00eda e Historia por la Universidad Nacional del Centro (UNICEN) Facultad de Ciencias Humanas en convenio con la UNICAMP; Licenciada en Ciencias de la Educaci\u00f3n por la UNICEN.<\/p>\n<p>Act\u00faa como Coordinadora del Programa de Posgrado en Educaci\u00f3n. Facultad de Ciencias Humanas-UNCPBA; Docente Titular ordinaria, a cargo de las c\u00e1tedras de Pedagog\u00eda y Pedagog\u00eda: Escuelas Contempor\u00e1neas de la educaci\u00f3n. FCH-UNCPBA; Docente del Programa de Posgrado en Educaci\u00f3n en el \u00e1rea de Filosof\u00eda e historia. FCH-UNCPBA; Directora del proyecto de investigaci\u00f3n y coordinadora del grupo de estudio denominado Teor\u00eda Cr\u00edtica de la Sociedad, Educaci\u00f3n, Democracia y Ciudadan\u00eda. FCH-UNCPBA; Directora del Proyecto PICT-2012-1568 Teor\u00eda cr\u00edtica de la educaci\u00f3n: Reconocimiento y Justicia social; Coordinadora del Convenio Trilateral de Cooperaci\u00f3n acad\u00e9mica entre la Universidad Estadual de Campinas-Campinas-San Pablo-Brasil, la Universidad de Passo Fundo-Passo Fundo-RG-Brasil y Universidad Nacional del Centro de la Provincia de Buenos Aires-Tandil-Buenos Aires-Argentina; Miembro del Consejo Interno del N\u00facleo de Estudios Educacionales y Sociales NEES, Facultad de Ciencias Humanas. UNCPBA.Miembro docente titular del Consejo de Carrera de la carrera de Ciencias de la Educaci\u00f3n. FCH-UNCPBA; Coordinadora del Programa de Posgraduaci\u00f3n en Educaci\u00f3n de la Facultad de Ciencias Humanas de la UNICEN.<\/p>\n<p>Algunas de sus publicaciones son: Teor\u00eda cr\u00edtica de la sociedad, Educaci\u00f3n, Democracia y Ciudadan\u00eda. FCH-UNCPBA. Tandil. (2008, Organizadora); Educa\u00e7\u00e3o p\u00f3s Filosofia da Hist\u00f3ria. Racionalidade e emancipa\u00e7\u00e3o. Cortez Editora. S\u00e3o Paulo. (2007); Condi\u00e7\u00f5es de possibilidade de uma teoria cr\u00edtica de educa\u00e7\u00e3o. Tesis Doctoral Publicada por la Faculdade de Educa\u00e7\u00e3o da Universidade Estadual de Campinas. (2004); Paulo Freire: el pensamiento Latinoamericano y la recuperaci\u00f3n de la racionalidad dial\u00f3gica. NEES, Tandil. 2001. (En colaboraci\u00f3n); Corrientes pedag\u00f3gicas contempor\u00e1neas. Programa de Educaci\u00f3n a Distancia. Facultad de Ciencias Humanas. Universidad Nacional del Centro. Agosto (2001); 2014 Dossier Filosofia e educa\u00e7\u00e3o em Argentina. (organizadora) Aprender. Caderno de Filosofia e Psicologia da educa\u00e7\u00e3o. Revista da Universidade Estadual do Sudoeste da Bahia; 2014 Cr\u00edtica, emancipaci\u00f3n y educaci\u00f3n. En M\u00fchl, E. Gomes, L. A. Soares Zuin (orgs) Teoria cr\u00edtica, filosofia e educa\u00e7\u00e3o. Homenagem a Pedro L. Goergen. Coedi\u00e7\u00e3o: Editora UPF. Universidade de Passo Fundo. Editora UEM. Universidade de Maring\u00e1; 2014 Teor\u00eda cr\u00edtica de la educaci\u00f3n: de la autonom\u00eda a la autonom\u00eda descentrada. En Cenci, A. Dalbosco, C. y E. M\u00fchl (org) SOBRE FILOSOFIA E EDUCA\u00c7\u00c3O Racionalidade, reconhecimento e experi\u00eancia formativa. Passo Fundo-RS. Edit. Universidade de Passo Fundo; 2014 \u00bfExtensi\u00f3n o comunicaci\u00f3n? Sobre la necesidad de reactualizar un debate en la pedagog\u00eda contempor\u00e1nea. En Boletim UniFreire Edicao 04. Universitas Paulo Freire. Instituto Paulo Freire. San Pablo-Brasil; 2013 Condiciones para la construcci\u00f3n de una pedagog\u00eda latinoamericana. IX encuentro de C\u00e1tedras de Pedagog\u00eda de Universidades Nacionales. Facultad de Filosof\u00eda y Humanidades (UNC). C\u00f3rdoba; 2013 Formaci\u00f3n cr\u00edtica, Interactividad y Teor\u00eda de la Educaci\u00f3n en Trevisan, Amarildo L.; Rossatto, Noeli D. (Orgs.). Filosofia e Educa\u00e7\u00e3o: Interatividade, singularidade e mundo comum. Campinas, SP: Ed. Mercado de Letras.<\/p>\n<p>La mesa en la que participar\u00e1 en el V SENAFE &#8211; I SEINFE acontecer\u00e1 el 18 de noviembre a las 14 hs. y tratar\u00e1 sobre Racionalidad, Barbarie e Educaci\u00f3n.<\/p>\n","protected":false},"excerpt":{"rendered":"<p>\u00a0 Es Doctora en Educaci\u00f3n con orientaci\u00f3n en el \u00e1rea de Filosof\u00eda e Historia por la Universidade Estadual de Campinas (UNICAMP); Magister en Educaci\u00f3n, con menci\u00f3n en Filosof\u00eda e Historia por la Universidad Nacional del Centro (UNICEN) Facultad de Ciencias Humanas en convenio con la UNICAMP; Licenciada en Ciencias de la Educaci\u00f3n por la UNICEN. [&hellip;]<\/p>\n","protected":false},"author":723,"featured_media":0,"parent":0,"menu_order":0,"comment_status":"closed","ping_status":"closed","template":"","meta":{"footnotes":""},"categories":[],"tags":[],"class_list":["post-280","page","type-page","status-publish","hentry"],"acf":[],"_links":{"self":[{"href":"https:\/\/www.ufsm.br\/cursos\/graduacao\/santa-maria\/filosofia\/wp-json\/wp\/v2\/pages\/280","targetHints":{"allow":["GET"]}}],"collection":[{"href":"https:\/\/www.ufsm.br\/cursos\/graduacao\/santa-maria\/filosofia\/wp-json\/wp\/v2\/pages"}],"about":[{"href":"https:\/\/www.ufsm.br\/cursos\/graduacao\/santa-maria\/filosofia\/wp-json\/wp\/v2\/types\/page"}],"author":[{"embeddable":true,"href":"https:\/\/www.ufsm.br\/cursos\/graduacao\/santa-maria\/filosofia\/wp-json\/wp\/v2\/users\/723"}],"replies":[{"embeddable":true,"href":"https:\/\/www.ufsm.br\/cursos\/graduacao\/santa-maria\/filosofia\/wp-json\/wp\/v2\/comments?post=280"}],"version-history":[{"count":0,"href":"https:\/\/www.ufsm.br\/cursos\/graduacao\/santa-maria\/filosofia\/wp-json\/wp\/v2\/pages\/280\/revisions"}],"wp:attachment":[{"href":"https:\/\/www.ufsm.br\/cursos\/graduacao\/santa-maria\/filosofia\/wp-json\/wp\/v2\/media?parent=280"}],"wp:term":[{"taxonomy":"category","embeddable":true,"href":"https:\/\/www.ufsm.br\/cursos\/graduacao\/santa-maria\/filosofia\/wp-json\/wp\/v2\/categories?post=280"},{"taxonomy":"post_tag","embeddable":true,"href":"https:\/\/www.ufsm.br\/cursos\/graduacao\/santa-maria\/filosofia\/wp-json\/wp\/v2\/tags?post=280"}],"curies":[{"name":"wp","href":"https:\/\/api.w.org\/{rel}","templated":true}]}}