{"id":611,"date":"2022-11-21T10:53:43","date_gmt":"2022-11-21T13:53:43","guid":{"rendered":"https:\/\/www.ufsm.br\/cursos\/graduacao\/santa-maria\/filosofia\/?page_id=611"},"modified":"2026-03-31T10:25:47","modified_gmt":"2026-03-31T13:25:47","slug":"contato-coordenacao-dos-cursos","status":"publish","type":"page","link":"https:\/\/www.ufsm.br\/cursos\/graduacao\/santa-maria\/filosofia\/contato-coordenacao-dos-cursos","title":{"rendered":"Contato Coordena\u00e7\u00e3o"},"content":{"rendered":"\n\n\n<h3><strong>Coordena\u00e7\u00e3o Filosofia &#8211; Licenciatura<\/strong><\/h3>\n<p><strong>E-mail Coordena\u00e7\u00e3o: <\/strong>coord.licenciatura.filosofia@ufsm.br\u00a0<\/p>\n<p><strong>Coordenadora: <\/strong>Prof.\u00aa Dr\u00aa. Camila Palhares Barbosa<\/p>\n<p><strong>Hor\u00e1rio de atendimento:\u00a0<\/strong><\/p>\n<p>Quartas e sextas, das 8h \u00e0s 12h. Sala 2346, 3\u00ba andar.<\/p>\n<p>___<\/p>\n<h3><strong>Coordena\u00e7\u00e3o Filosofia &#8211; Bacharelado<\/strong><\/h3>\n<p><strong>E-mail Coordena\u00e7\u00e3o: <\/strong>coord.filosofia.bacharelado@ufsm.br<\/p>\n<p><strong>Coordenador: <\/strong>EDUARDO RUTTKE SALTI\u00c9L<\/p>\n<p><strong>Hor\u00e1rio de atendimento:\u00a0<\/strong><\/p>\n<p><span style=\"font-weight: 400\">Ter\u00e7as e quintas, \u00e0 tarde. Sala <\/span>2332, 3\u00ba andar.<\/p>\n<p>___<\/p>\n<h4><strong>Secretaria Integrada de Gradua\u00e7\u00e3o I (cursos 74A)<\/strong><\/h4>\n<p>E-mail:\u00a0graduacao74a.ccsh@ufsm.br<\/p>\n<p>Telefone: (55) 3178-0598<\/p>\n<p>Sala 2111\/74A &#8211; t\u00e9rreo<\/p>\n<p><strong>Hor\u00e1rio de atendimento:\u00a0<\/strong><\/p>\n<p>Segunda \u2013 Sexta: 8h \u00e0s 20h<\/p>\n","protected":false},"excerpt":{"rendered":"<p>Coordena\u00e7\u00e3o Filosofia &#8211; Licenciatura E-mail Coordena\u00e7\u00e3o: coord.licenciatura.filosofia@ufsm.br\u00a0 Coordenadora: Prof.\u00aa Dr\u00aa. Camila Palhares Barbosa Hor\u00e1rio de atendimento:\u00a0 Quartas e sextas, das 8h \u00e0s 12h. Sala 2346, 3\u00ba andar. ___ Coordena\u00e7\u00e3o Filosofia &#8211; Bacharelado E-mail Coordena\u00e7\u00e3o: coord.filosofia.bacharelado@ufsm.br Coordenador: EDUARDO RUTTKE SALTI\u00c9L Hor\u00e1rio de atendimento:\u00a0 Ter\u00e7as e quintas, \u00e0 tarde. Sala 2332, 3\u00ba andar. ___ Secretaria Integrada de [&hellip;]<\/p>\n","protected":false},"author":4916,"featured_media":0,"parent":0,"menu_order":0,"comment_status":"closed","ping_status":"closed","template":"","meta":{"footnotes":""},"categories":[],"tags":[],"class_list":["post-611","page","type-page","status-publish","hentry"],"acf":[],"_links":{"self":[{"href":"https:\/\/www.ufsm.br\/cursos\/graduacao\/santa-maria\/filosofia\/wp-json\/wp\/v2\/pages\/611","targetHints":{"allow":["GET"]}}],"collection":[{"href":"https:\/\/www.ufsm.br\/cursos\/graduacao\/santa-maria\/filosofia\/wp-json\/wp\/v2\/pages"}],"about":[{"href":"https:\/\/www.ufsm.br\/cursos\/graduacao\/santa-maria\/filosofia\/wp-json\/wp\/v2\/types\/page"}],"author":[{"embeddable":true,"href":"https:\/\/www.ufsm.br\/cursos\/graduacao\/santa-maria\/filosofia\/wp-json\/wp\/v2\/users\/4916"}],"replies":[{"embeddable":true,"href":"https:\/\/www.ufsm.br\/cursos\/graduacao\/santa-maria\/filosofia\/wp-json\/wp\/v2\/comments?post=611"}],"version-history":[{"count":0,"href":"https:\/\/www.ufsm.br\/cursos\/graduacao\/santa-maria\/filosofia\/wp-json\/wp\/v2\/pages\/611\/revisions"}],"wp:attachment":[{"href":"https:\/\/www.ufsm.br\/cursos\/graduacao\/santa-maria\/filosofia\/wp-json\/wp\/v2\/media?parent=611"}],"wp:term":[{"taxonomy":"category","embeddable":true,"href":"https:\/\/www.ufsm.br\/cursos\/graduacao\/santa-maria\/filosofia\/wp-json\/wp\/v2\/categories?post=611"},{"taxonomy":"post_tag","embeddable":true,"href":"https:\/\/www.ufsm.br\/cursos\/graduacao\/santa-maria\/filosofia\/wp-json\/wp\/v2\/tags?post=611"}],"curies":[{"name":"wp","href":"https:\/\/api.w.org\/{rel}","templated":true}]}}