{"id":648,"date":"2023-03-17T13:40:27","date_gmt":"2023-03-17T16:40:27","guid":{"rendered":"https:\/\/www.ufsm.br\/cursos\/graduacao\/santa-maria\/filosofia\/?page_id=648"},"modified":"2025-12-11T16:07:11","modified_gmt":"2025-12-11T19:07:11","slug":"tutoriais","status":"publish","type":"page","link":"https:\/\/www.ufsm.br\/cursos\/graduacao\/santa-maria\/filosofia\/tutoriais","title":{"rendered":"Tutoriais"},"content":{"rendered":"\t\t<div data-elementor-type=\"wp-page\" data-elementor-id=\"648\" class=\"elementor elementor-648\">\n\t\t\t\t\t\t<section class=\"elementor-section elementor-top-section elementor-element elementor-element-0641ec9 elementor-section-boxed elementor-section-height-default elementor-section-height-default\" data-id=\"0641ec9\" data-element_type=\"section\">\n\t\t\t\t\t\t<div class=\"elementor-container elementor-column-gap-default\">\n\t\t\t\t\t<div class=\"elementor-column elementor-col-100 elementor-top-column elementor-element elementor-element-644ab43\" data-id=\"644ab43\" data-element_type=\"column\">\n\t\t\t<div class=\"elementor-widget-wrap elementor-element-populated\">\n\t\t\t\t\t\t<div class=\"elementor-element elementor-element-7aff632 elementor-widget elementor-widget-text-editor\" data-id=\"7aff632\" data-element_type=\"widget\" data-widget_type=\"text-editor.default\">\n\t\t\t\t<div class=\"elementor-widget-container\">\n\t\t\t\t\t\t\t<ul><li><span style=\"font-size: 12pt;font-family: georgia, palatino, serif\"><a href=\"https:\/\/www.ufsm.br\/app\/uploads\/sites\/416\/2020\/05\/tutorial-de-abertura-pensie.pdf\">Abertura de Processo Eletr\u00f4nico \u2013 PEN;<\/a><\/span><\/li><li><a href=\"https:\/\/www.ufsm.br\/cursos\/graduacao\/santa-maria\/filosofia\/agendamento-da-banca-de-tcc-ou-tcg\" target=\"_blank\" rel=\"noopener\">Agendamento da Banca de TCC;<\/a><\/li><li><span style=\"font-size: 12pt\"><a href=\"https:\/\/www.ufsm.br\/cursos\/graduacao\/santa-maria\/filosofia\/ajuste-de-matricula-fora-do-prazo\" target=\"_blank\" rel=\"noopener\">Ajuste de matr\u00edcula fora do prazo;<\/a><\/span><\/li><li><span style=\"font-family: georgia, palatino, serif;font-size: 12pt\"><a href=\"https:\/\/www.ufsm.br\/cursos\/graduacao\/santa-maria\/filosofia\/tutorial-para-aproveitamento-e-dispensa-de-disciplinas\">Aproveitamento e dispensa de disciplinas;\u00a0<\/a><\/span><\/li><li><span style=\"font-size: 12pt\"><a style=\"font-family: georgia, palatino, serif\" href=\"https:\/\/www.ufsm.br\/cursos\/graduacao\/santa-maria\/filosofia\/2023\/03\/24\/atividades-complementares-de-graduacao-acg\">Atividades Complementares de Gradua\u00e7\u00e3o \u2013 ACG<\/a><span style=\"font-family: georgia, palatino, serif\">;<\/span><\/span><\/li><li><a href=\"https:\/\/www.ufsm.br\/cursos\/graduacao\/santa-maria\/filosofia\/atividades-complementares-de-extensao-acex\">Atividades Complementares de Extens\u00e3o ACEx<\/a><\/li><li><span style=\"font-family: georgia, palatino, serif;font-size: 12pt\"><a href=\"https:\/\/www.ufsm.br\/pro-reitorias\/prograd\/code\/estagios\">Processo de Homologa\u00e7\u00e3o de Est\u00e1gios<\/a>;<\/span><\/li><li><span style=\"font-size: 12pt;font-family: georgia, palatino, serif\"><a href=\"https:\/\/www.ufsm.br\/cursos\/graduacao\/santa-maria\/filosofia\/processo-de-recuperacao-de-avaliacao-solicitacao-de-prova-atrasada-2\">Processo de Recupera\u00e7\u00e3o de Avalia\u00e7\u00e3o (solicita\u00e7\u00e3o de prova atrasada)<\/a>;<\/span><\/li><li><span style=\"font-size: 12pt;font-family: georgia, palatino, serif\"><a href=\"https:\/\/www.ufsm.br\/cursos\/graduacao\/santa-maria\/filosofia\/abertura-de-processos-de-regime-de-exercicio-domiciliar-de-alunos-de-graduacao-via-pen-2\">Processo de Regime de Exerc\u00edcio Domiciliar (para Atestados com per\u00edodo maior que 05 dias);<\/a><\/span><\/li><li><a href=\"https:\/\/www.ufsm.br\/cursos\/graduacao\/santa-maria\/filosofia\/solicitacao-de-bolsa-de-formacao-estudantil-custeio-de-participacao-em-eventos\" target=\"_blank\" rel=\"noopener\"><span style=\"font-size: 12pt\">Solicita\u00e7\u00e3o de Bolsa de Forma\u00e7\u00e3o Estudantil (custeio de participa\u00e7\u00e3o em eventos);<\/span><\/a><\/li><li><a href=\"https:\/\/www.ufsm.br\/cursos\/graduacao\/santa-maria\/filosofia\/tutorial-para-solicitacao-de-dispensa-por-autodidatismo\">Solicita\u00e7\u00e3o de dispensa por Autodidatismo<\/a>;<\/li><li><span style=\"font-size: 12pt;font-family: georgia, palatino, serif\"><a href=\"https:\/\/www.ufsm.br\/cursos\/graduacao\/santa-maria\/filosofia\/tutorial-de-solicitacao-de-matricula-com-quebra-de-pre-requisitos\">Solicita\u00e7\u00e3o de matr\u00edcula com quebra de pr\u00e9-requisitos<\/a>;<\/span><\/li><li><span style=\"font-size: 12pt\"><a href=\"https:\/\/www.ufsm.br\/cursos\/graduacao\/santa-maria\/filosofia\/trancamento-parcial-de-disciplinas\" target=\"_blank\" rel=\"noopener\">Trancamento parcial de disciplinas (solicita\u00e7\u00e3o).<\/a><\/span><span style=\"font-family: georgia, palatino, serif;font-size: 14pt\"><br \/><\/span><\/li><li><a href=\"https:\/\/www.ufsm.br\/cursos\/graduacao\/santa-maria\/filosofia\/colacao-de-grau\">Cola\u00e7\u00e3o de Grau<\/a><\/li><\/ul>\t\t\t\t\t\t<\/div>\n\t\t\t\t<\/div>\n\t\t\t\t\t<\/div>\n\t\t<\/div>\n\t\t\t\t\t<\/div>\n\t\t<\/section>\n\t\t\t\t<\/div>\n\t\t","protected":false},"excerpt":{"rendered":"<p>Abertura de Processo Eletr\u00f4nico \u2013 PEN; Agendamento da Banca de TCC; Ajuste de matr\u00edcula fora do prazo; Aproveitamento e dispensa de disciplinas;\u00a0 Atividades Complementares de Gradua\u00e7\u00e3o \u2013 ACG; Atividades Complementares de Extens\u00e3o ACEx Processo de Homologa\u00e7\u00e3o de Est\u00e1gios; Processo de Recupera\u00e7\u00e3o de Avalia\u00e7\u00e3o (solicita\u00e7\u00e3o de prova atrasada); Processo de Regime de Exerc\u00edcio Domiciliar (para Atestados [&hellip;]<\/p>\n","protected":false},"author":4916,"featured_media":0,"parent":0,"menu_order":0,"comment_status":"closed","ping_status":"closed","template":"","meta":{"footnotes":""},"categories":[],"tags":[],"class_list":["post-648","page","type-page","status-publish","hentry"],"acf":[],"_links":{"self":[{"href":"https:\/\/www.ufsm.br\/cursos\/graduacao\/santa-maria\/filosofia\/wp-json\/wp\/v2\/pages\/648","targetHints":{"allow":["GET"]}}],"collection":[{"href":"https:\/\/www.ufsm.br\/cursos\/graduacao\/santa-maria\/filosofia\/wp-json\/wp\/v2\/pages"}],"about":[{"href":"https:\/\/www.ufsm.br\/cursos\/graduacao\/santa-maria\/filosofia\/wp-json\/wp\/v2\/types\/page"}],"author":[{"embeddable":true,"href":"https:\/\/www.ufsm.br\/cursos\/graduacao\/santa-maria\/filosofia\/wp-json\/wp\/v2\/users\/4916"}],"replies":[{"embeddable":true,"href":"https:\/\/www.ufsm.br\/cursos\/graduacao\/santa-maria\/filosofia\/wp-json\/wp\/v2\/comments?post=648"}],"version-history":[{"count":0,"href":"https:\/\/www.ufsm.br\/cursos\/graduacao\/santa-maria\/filosofia\/wp-json\/wp\/v2\/pages\/648\/revisions"}],"wp:attachment":[{"href":"https:\/\/www.ufsm.br\/cursos\/graduacao\/santa-maria\/filosofia\/wp-json\/wp\/v2\/media?parent=648"}],"wp:term":[{"taxonomy":"category","embeddable":true,"href":"https:\/\/www.ufsm.br\/cursos\/graduacao\/santa-maria\/filosofia\/wp-json\/wp\/v2\/categories?post=648"},{"taxonomy":"post_tag","embeddable":true,"href":"https:\/\/www.ufsm.br\/cursos\/graduacao\/santa-maria\/filosofia\/wp-json\/wp\/v2\/tags?post=648"}],"curies":[{"name":"wp","href":"https:\/\/api.w.org\/{rel}","templated":true}]}}