{"id":672,"date":"2023-03-24T12:03:24","date_gmt":"2023-03-24T15:03:24","guid":{"rendered":"https:\/\/www.ufsm.br\/cursos\/graduacao\/santa-maria\/filosofia\/?page_id=672"},"modified":"2023-03-24T12:08:23","modified_gmt":"2023-03-24T15:08:23","slug":"processo-de-recuperacao-de-avaliacao-solicitacao-de-prova-atrasada-2","status":"publish","type":"page","link":"https:\/\/www.ufsm.br\/cursos\/graduacao\/santa-maria\/filosofia\/processo-de-recuperacao-de-avaliacao-solicitacao-de-prova-atrasada-2","title":{"rendered":"Processo de Recupera\u00e7\u00e3o de Avalia\u00e7\u00e3o (solicita\u00e7\u00e3o de prova atrasada)"},"content":{"rendered":"\n<p><\/p>\n<p>Quando o aluno n\u00e3o puder comparecer em alguma avalia\u00e7\u00e3o, ele deve realizar a abertura de \u201c<strong>Processo de Recupera\u00e7\u00e3o de Avalia\u00e7\u00e3o<\/strong>\u201d no Portal de Documentos da UFSM.<\/p>\n<p> <\/p>\n<p>Voc\u00ea pode seguir os passos abaixo ou seguir o <a href=\"https:\/\/www.ufsm.br\/app\/uploads\/sites\/463\/2023\/01\/TUTORIAL-DE-APOIO-PROCESSO-DE-RECUPERACAO-DE-AVALIACAO-DE-ALUNO-DE-GRADUACAO-1.pdf\" target=\"_blank\" rel=\"noreferrer noopener\">TUTORIAL <\/a><\/p>\n<p> <\/p>\n<p>Preencha o\u00a0<a href=\"https:\/\/www.ufsm.br\/app\/uploads\/sites\/463\/2023\/01\/Requerimentos-de-prova-atrasada-atualizacao-SIG-I.doc\" target=\"_blank\" rel=\"noreferrer noopener\">Requerimento de prova atrasada<\/a>\u00a0e adicione no processo, juntamente com o\u00a0Atestado. Este \u00e9 um documento em word, que depois de preenchido e assinado, deve ser salvo em pdf para poder incluir no processo.<\/p>\n<p> <\/p>\n<p>Link do Portal:\u00a0<a href=\"https:\/\/portal.ufsm.br\/documentos\" target=\"_blank\" rel=\"noreferrer noopener\">https:\/\/portal.ufsm.br\/documentos<\/a><\/p>\n<p> <\/p>\n<p>Link Tutorial para abertura de processo:\u00a0<a href=\"https:\/\/www.ufsm.br\/orgaos-suplementares\/dag\/pen\/apoio-ao-usuario\/passo-a-passo-para-abertura-assinatura-e-tramite\/\" target=\"_blank\" rel=\"noreferrer noopener\">Passo a passo para: Abertura, Assinatura e Tramite<\/a><\/p>\n<p> <\/p>\n<p>Para o Processo online, a classifica\u00e7\u00e3o \u00e9 \u201c<em>125.31 \u2013 Processo de recupera\u00e7\u00e3o de avalia\u00e7\u00e3o de aluno de gradua\u00e7\u00e3o<\/em>\u201c.<\/p>\n<p> <\/p>\n<p>Ap\u00f3s inserir os documentos mencionados no processo eletr\u00f4nico, clicar em \u201cTramitar\u201d para que o mesmo tenha andamento.<\/p>\n<p> <\/p>\n<p>Feito isso, comunicar o(a) docente da disciplina para que j\u00e1 fique ciente da solicita\u00e7\u00e3o.<\/p>\n<p> <\/p>\n<p>\u26a0 IMPORTANTE \u26a0<\/p>\n<p> <\/p>\n<p><strong>** Em caso de recupera\u00e7\u00e3o de avalia\u00e7\u00e3o em mais de uma disciplina, o aluno dever\u00e1 abrir processos individuais, um para cada disciplina.<\/strong><\/p>\n<p> <\/p>\n<p>S\u00e3o considerados motivos devidamente justificados:<\/p>\n<p> <\/p>\n<p>1. Doen\u00e7a que impossibilite o aluno de realizar avalia\u00e7\u00e3o, devidamente comprovada por Atestado M\u00e9dico com CID, assinatura, CRM e data<\/p>\n<p> <\/p>\n<p>2. Acompanhamento de familiar de primeiro grau (pais ou filhos) para tratamento de sa\u00fade, devidamente comprovado por Atestado M\u00e9dico com CID, assinatura, CRM e data<\/p>\n<p> <\/p>\n<p>3. \u00d3bito de familiar de primeiro grau (pais ou filhos)\u00a0<\/p>\n<p> <\/p>\n<p>4. Participa\u00e7\u00e3o em eventos acad\u00eamicos com apresenta\u00e7\u00e3o de trabalho, desde que avisado com anteced\u00eancia m\u00ednima de 48h na Secretaria Integrada de Departamentos ao qual a disciplina do professor est\u00e1 vinculada e comprovado por atestado ou certificado de participa\u00e7\u00e3o<\/p>\n<p><\/p>\n","protected":false},"excerpt":{"rendered":"<p>Quando o aluno n\u00e3o puder comparecer em alguma avalia\u00e7\u00e3o, ele deve realizar a abertura de \u201cProcesso de Recupera\u00e7\u00e3o de Avalia\u00e7\u00e3o\u201d no Portal de Documentos da UFSM. Voc\u00ea pode seguir os passos abaixo ou seguir o TUTORIAL Preencha o\u00a0Requerimento de prova atrasada\u00a0e adicione no processo, juntamente com o\u00a0Atestado. Este \u00e9 um documento em word, que depois [&hellip;]<\/p>\n","protected":false},"author":4916,"featured_media":0,"parent":0,"menu_order":0,"comment_status":"closed","ping_status":"closed","template":"","meta":{"footnotes":""},"categories":[],"tags":[41],"class_list":["post-672","page","type-page","status-publish","hentry","tag-tutoriais"],"acf":[],"_links":{"self":[{"href":"https:\/\/www.ufsm.br\/cursos\/graduacao\/santa-maria\/filosofia\/wp-json\/wp\/v2\/pages\/672","targetHints":{"allow":["GET"]}}],"collection":[{"href":"https:\/\/www.ufsm.br\/cursos\/graduacao\/santa-maria\/filosofia\/wp-json\/wp\/v2\/pages"}],"about":[{"href":"https:\/\/www.ufsm.br\/cursos\/graduacao\/santa-maria\/filosofia\/wp-json\/wp\/v2\/types\/page"}],"author":[{"embeddable":true,"href":"https:\/\/www.ufsm.br\/cursos\/graduacao\/santa-maria\/filosofia\/wp-json\/wp\/v2\/users\/4916"}],"replies":[{"embeddable":true,"href":"https:\/\/www.ufsm.br\/cursos\/graduacao\/santa-maria\/filosofia\/wp-json\/wp\/v2\/comments?post=672"}],"version-history":[{"count":0,"href":"https:\/\/www.ufsm.br\/cursos\/graduacao\/santa-maria\/filosofia\/wp-json\/wp\/v2\/pages\/672\/revisions"}],"wp:attachment":[{"href":"https:\/\/www.ufsm.br\/cursos\/graduacao\/santa-maria\/filosofia\/wp-json\/wp\/v2\/media?parent=672"}],"wp:term":[{"taxonomy":"category","embeddable":true,"href":"https:\/\/www.ufsm.br\/cursos\/graduacao\/santa-maria\/filosofia\/wp-json\/wp\/v2\/categories?post=672"},{"taxonomy":"post_tag","embeddable":true,"href":"https:\/\/www.ufsm.br\/cursos\/graduacao\/santa-maria\/filosofia\/wp-json\/wp\/v2\/tags?post=672"}],"curies":[{"name":"wp","href":"https:\/\/api.w.org\/{rel}","templated":true}]}}