{"id":829,"date":"2023-11-24T18:49:19","date_gmt":"2023-11-24T21:49:19","guid":{"rendered":"https:\/\/www.ufsm.br\/cursos\/graduacao\/santa-maria\/filosofia\/?page_id=829"},"modified":"2025-11-03T18:42:50","modified_gmt":"2025-11-03T21:42:50","slug":"estagio-obrigatorio","status":"publish","type":"page","link":"https:\/\/www.ufsm.br\/cursos\/graduacao\/santa-maria\/filosofia\/estagio-obrigatorio","title":{"rendered":"Est\u00e1gio Obrigat\u00f3rio"},"content":{"rendered":"\t\t<div data-elementor-type=\"wp-page\" data-elementor-id=\"829\" class=\"elementor elementor-829\">\n\t\t\t\t\t\t<section class=\"elementor-section elementor-top-section elementor-element elementor-element-c12ae6d elementor-section-boxed elementor-section-height-default elementor-section-height-default\" data-id=\"c12ae6d\" data-element_type=\"section\">\n\t\t\t\t\t\t<div class=\"elementor-container elementor-column-gap-default\">\n\t\t\t\t\t<div class=\"elementor-column elementor-col-100 elementor-top-column elementor-element elementor-element-00132f7\" data-id=\"00132f7\" data-element_type=\"column\">\n\t\t\t<div class=\"elementor-widget-wrap elementor-element-populated\">\n\t\t\t\t\t\t<div class=\"elementor-element elementor-element-b918518 elementor-widget elementor-widget-text-editor\" data-id=\"b918518\" data-element_type=\"widget\" data-widget_type=\"text-editor.default\">\n\t\t\t\t<div class=\"elementor-widget-container\">\n\t\t\t\t\t\t\t<section data-id=\"965c9fc\" data-element_type=\"section\"><div><div><div data-id=\"e2e1f6e\" data-element_type=\"column\"><div><div><div data-id=\"dcea8f5\" data-element_type=\"widget\" data-widget_type=\"text-editor.default\"><div><div style=\"text-align: justify\">\u00c9 aquele definido pelos projetos pedag\u00f3gicos de curso e cuja carga hor\u00e1ria \u00e9 um dos requisitos para a integraliza\u00e7\u00e3o curricular. O est\u00e1gio obrigat\u00f3rio constitui disciplina do n\u00facleo r\u00edgido do projeto pedag\u00f3gico dos cursos (PPC).<\/div><div>\u00a0<\/div><\/div><div><p><strong><span style=\"color: #ff0000\">ATEN\u00c7\u00c3O:<\/span>\u00a0Procedimentos de abertura de processos alterados.<\/strong>\u00a0Agora, o in\u00edcio se dar\u00e1 pelo Portal Estudantil.<\/p><p>Os processos que j\u00e1 tinham sido abertos at\u00e9\u00a0<strong>15\/10\/2025<\/strong>\u00a0continuar\u00e3o no mesmo fluxo. Os que forem abertos em data posterior come\u00e7ar\u00e3o no novo.\u00a0<\/p><p><strong>TUTORIAL:\u00a0<a href=\"https:\/\/ntetube.nte.ufsm.br\/v\/1759941155\">Solicita\u00e7\u00e3o de Est\u00e1gio no Portal Estudantil<\/a><\/strong><\/p><\/div><\/div><\/div><\/div><\/div><\/div><\/div><\/section>\t\t\t\t\t\t<\/div>\n\t\t\t\t<\/div>\n\t\t\t\t<div class=\"elementor-element elementor-element-15c7e95 elementor-widget elementor-widget-toggle\" data-id=\"15c7e95\" data-element_type=\"widget\" data-widget_type=\"toggle.default\">\n\t\t\t\t<div class=\"elementor-widget-container\">\n\t\t\t\t\t<div class=\"elementor-toggle\">\n\t\t\t\t\t\t\t<div class=\"elementor-toggle-item\">\n\t\t\t\t\t<div id=\"elementor-tab-title-2281\" class=\"elementor-tab-title\" data-tab=\"1\" role=\"button\" aria-controls=\"elementor-tab-content-2281\" aria-expanded=\"false\">\n\t\t\t\t\t\t\t\t\t\t\t\t<span class=\"elementor-toggle-icon elementor-toggle-icon-left\" aria-hidden=\"true\">\n\t\t\t\t\t\t\t\t\t\t\t\t\t\t\t<span class=\"elementor-toggle-icon-closed\"><i class=\"fas fa-caret-right\"><\/i><\/span>\n\t\t\t\t\t\t\t\t<span class=\"elementor-toggle-icon-opened\"><i class=\"elementor-toggle-icon-opened fas fa-caret-up\"><\/i><\/span>\n\t\t\t\t\t\t\t\t\t\t\t\t\t<\/span>\n\t\t\t\t\t\t\t\t\t\t\t\t<a class=\"elementor-toggle-title\" tabindex=\"0\">Orienta\u00e7\u00f5es para a homologa\u00e7\u00e3o de Est\u00e1gio Obrigat\u00f3rio para cursos de Licenciatura<\/a>\n\t\t\t\t\t<\/div>\n\n\t\t\t\t\t<div id=\"elementor-tab-content-2281\" class=\"elementor-tab-content elementor-clearfix\" data-tab=\"1\" role=\"region\" aria-labelledby=\"elementor-tab-title-2281\"><h5 style=\"text-align: justify\"><b>ESTAGI\u00c1RIO(A)<\/b>\u00a0<\/h5><ul style=\"text-align: justify\"><li style=\"font-weight: 400;text-align: justify\">O <b>ESTUDANTE<\/b><span style=\"font-weight: 400\"> abre o processo, insere documentos e assina pelo PEN-SIE, encaminhando para<\/span><b> Professor(a) Orientador(a) da UFSM.<\/b>\u00a0<span style=\"font-family: Arial, sans-serif;color: #000000;font-size: 12pt;background-color: transparent;vertical-align: baseline\">(<strong><a style=\"color: #204c90\" href=\"https:\/\/ntetube.nte.ufsm.br\/v\/1759941155\">VEJA O NOVO TUTORIAL<\/a><\/strong>)<\/span><\/li><\/ul><p style=\"text-align: justify\"><b>Documentos requisitados: <\/b>Os documentos abaixo podem ser encontrados no site da PROGRAD no link: <a href=\"https:\/\/www.ufsm.br\/pro-reitorias\/prograd\/code\/estagios\/estagio-obrigatorio\">Est\u00e1gios Obrigat\u00f3rios<\/a><\/p><div id=\"elementor-tab-title-2221\" role=\"button\" data-tab=\"1\" aria-controls=\"elementor-tab-content-2221\" aria-expanded=\"true\"><span style=\"text-decoration: underline;color: #0000ff\"><strong><a style=\"color: #0000ff;text-decoration: underline\">Est\u00e1gios Obrigat\u00f3rios nas Escolas Estaduais da SEDUC\/RS<\/a><\/strong><\/span><\/div><div id=\"elementor-tab-content-2221\" class=\"elementor-tab-content elementor-clearfix elementor-active\" style=\"color: #1c1c1c;font-weight: 400;font-size: 16px;text-align: justify\" role=\"region\" data-tab=\"1\" aria-labelledby=\"elementor-tab-title-2221\"><ul><li><span style=\"color: #1c1c1c;font-size: 16px\">Termo de compromisso de est\u00e1gio obrigat\u00f3rio <b>(ASSINADO PELO ALUNO)<\/b>;<\/span><ul><li><strong><a href=\"https:\/\/www.ufsm.br\/cursos\/graduacao\/santa-maria\/filosofia\/termo-de-compromisso-de-estagio-seduc_8-cre_08_07_2024\" rel=\"attachment wp-att-951\">DOWNLOAD: TERMO-DE-COMPROMISSO-DE-ESTAGIO-SEDUC_8-CRE_08_07_2024<\/a>;<\/strong><\/li><\/ul><\/li><li style=\"text-align: justify\">Plano de est\u00e1gio ou plano de atividades (incorporado ao termo de compromisso ou em documento anexo) <span style=\"color: #1c1c1c;font-size: 16px\"> <b>(ASSINADO PELO ALUNO)<\/b><\/span><ul><li style=\"text-align: justify\"><span style=\"font-weight: 400\">Conferir antes se o professor supervisor na escola assinar\u00e1 pelo sistema. Se n\u00e3o, solicitar assinatura manual e inserir o documento escaneado;<\/span><\/li><li><strong><a href=\"https:\/\/www.ufsm.br\/cursos\/graduacao\/santa-maria\/filosofia\/plano-de-atividades\" rel=\"attachment wp-att-952\">DOWNLOAD: PLANO-DE-ATIVIDADES<\/a><\/strong><\/li><\/ul><\/li><li>FONO (rela\u00e7\u00e3o dos estagi\u00e1rios de ensino superior) <span style=\"color: #1c1c1c;font-size: 16px\"><b>(ASSINADO PELO ALUNO)<\/b>;<\/span><ul><li><strong><a href=\"https:\/\/www.ufsm.br\/cursos\/graduacao\/santa-maria\/filosofia\/fono\" rel=\"attachment wp-att-953\">DOWNLOAD: FONO<\/a><\/strong><\/li><\/ul><\/li><li><span style=\"color: #1c1c1c;font-size: 16px\">Carta de apresenta\u00e7\u00e3o em est\u00e1gio obrigat\u00f3rio;<\/span><ul><li><span style=\"font-weight: 400\">Aluno(a) solicita ao(\u00e0) orientador(a);<\/span><\/li><\/ul><\/li><li>Ap\u00f3lice de Seguro;<ul><li><strong><a href=\"https:\/\/www.ufsm.br\/cursos\/graduacao\/santa-maria\/filosofia\/apolice-01-82-003090-1\" rel=\"attachment wp-att-1263\">DOWNLOAD: Apolice-01.82.003090-1 (atualizada em 12.02.2025)<\/a><\/strong><\/li><\/ul><\/li><\/ul><p><span style=\"text-decoration: underline;color: #0000ff\"><strong><a style=\"color: #0000ff;text-decoration: underline\">Est\u00e1gios Obrigat\u00f3rios nas Escolas\u00a0Municipais e outras entidades de Santa Maria<\/a><\/strong><\/span><\/p><ul><li>Termo de Est\u00e1gio Obrigat\u00f3rio Externo;<ul><li><strong><a href=\"https:\/\/www.ufsm.br\/cursos\/graduacao\/santa-maria\/filosofia\/tce-estagio_obrigatorio_externo_protegido-apolice_escolas_municipais_sm_atualizado_em_08_04_2025\" rel=\"attachment wp-att-1264\">DOWNLOAD: Termo de Compromisso &#8211; Escolas Municipais SM &#8211; atualizado em 08.04.2025<\/a><\/strong><\/li><li><strong><a href=\"https:\/\/www.ufsm.br\/cursos\/graduacao\/santa-maria\/filosofia\/tce-estagio_obrigatorio_externo_protegido_apolice_demais-locais_atualizada_em_08_04_2025\" rel=\"attachment wp-att-1265\">DOWNLOAD: TCE-Estagio_Obrigatorio_Externo_protegido_Apolice_Demais-Locais_atualizada_em_08_04_2025<\/a><\/strong><\/li><\/ul><\/li><li>Carta de apresenta\u00e7\u00e3o em est\u00e1gio obrigat\u00f3rio;<ul><li><span style=\"font-weight: 400\">Aluno(a) solicita ao(\u00e0) orientador(a).<\/span><\/li><\/ul><\/li><\/ul><p><span style=\"text-decoration: underline;color: #0000ff\"><strong>Est\u00e1gios Obrigat\u00f3rios em col\u00e9gios da UFSM<\/strong><\/span><\/p><p>Para estudantes da UFSM que far\u00e3o est\u00e1gio na UFSM;<\/p><ul><li>Termo de compromisso de est\u00e1gio obrigat\u00f3rio;<ul><li><strong><a href=\"https:\/\/www.ufsm.br\/cursos\/graduacao\/santa-maria\/filosofia\/tce-estagio-estudante-da-ufsm-na-ufsm_protegido_apolice_atualizada_em_08_04_2025\" rel=\"attachment wp-att-1266\">DOWNLOAD: TCE-Estagio-Estudante-da-UFSM-na-UFSM_protegido_Apolice_atualizada_em_08_04_2025<\/a><\/strong><\/li><\/ul><\/li><\/ul><\/div><ul style=\"list-style-type: circle\"><li><b>Conferir<\/b><span style=\"font-weight: 400\"> se as informa\u00e7\u00f5es est\u00e3o corretas em todos os documentos (datas, carga hor\u00e1ria, etc.);<\/span><\/li><li><span style=\"font-weight: 400\">Se os documentos tiverem sido <\/span><b>assinados fisicamente<\/b><span style=\"font-weight: 400\">, <\/span><b>inserir documentos escaneados<\/b><span style=\"font-weight: 400\"> e <\/span><b>informar<\/b><span style=\"font-weight: 400\"> na hora de tramitar o processo.<\/span><\/li><\/ul><h5 style=\"text-align: justify\"><b>PROFESSOR(A) ORIENTADOR(A)<\/b><\/h5><ul style=\"list-style-type: disc;text-align: justify\"><li style=\"font-weight: 400\"><b>PROFESSOR(A) ORIENTADOR(A<\/b><b>) confere<\/b> <b>os documentos inseridos e assinaturas da\/do estudante<\/b><span style=\"font-weight: 400\">. Se precisar de corre\u00e7\u00e3o, devolve \u00e0\/ao estudante. Se estiver correto, <\/span><b>assina <\/b><span style=\"font-weight: 400\">documentos e <\/span><b>encaminha ao Protocolo.<\/b><br \/><ul style=\"list-style-type: circle\"><li style=\"font-weight: 400\"><b>Assinar: <\/b><span style=\"font-weight: 400\">1. <span style=\"text-decoration: underline\">Termo de Compromisso<\/span>; 2. <span style=\"text-decoration: underline\">FONO<\/span>; 3. <span style=\"text-decoration: underline\">Plano de Atividades;<\/span> e 4. <span style=\"text-decoration: underline\">Carta de Apresenta\u00e7\u00e3o<\/span><\/span><\/li><\/ul><\/li><\/ul><h5 style=\"text-align: justify\"><strong>PROTOCOLO<\/strong><\/h5><ul style=\"text-align: justify\"><li style=\"font-weight: 400\"><b>PROTOCOLO<\/b><span style=\"font-weight: 400\"> encaminhar\u00e1 \u00e0 <\/span><b>CRE<\/b><span style=\"font-weight: 400\">, e a CRE \u00e0 <\/span><b>Escola<\/b><span style=\"font-weight: 400\">.\u00a0<\/span><\/li><\/ul><h5 style=\"text-align: justify\"><b>COORDENA\u00c7\u00c3O DO CURSO<\/b><\/h5><ul style=\"text-align: justify\"><li style=\"font-weight: 400\"><span style=\"font-weight: 400\">Ap\u00f3s assinatura da escola, o processo ser\u00e1 enviado \u00e0 <\/span><b>COORDENA\u00c7\u00c3O DO CURSO<\/b><span style=\"font-weight: 400\">, que <\/span><b>assina <\/b><span style=\"font-weight: 400\">documentos e envia \u00e0 <\/span><b>Secretaria Integrada para registro no SIE<\/b><span style=\"font-weight: 400\">.<\/span><ul><li style=\"text-align: justify\"><b>Assinar: <\/b><span style=\"font-weight: 400\">1. <span style=\"text-decoration: underline\">Termo de Compromisso<\/span>, 2. <span style=\"text-decoration: underline\">FONO<\/span> e 3. <span style=\"text-decoration: underline\">Plano de Atividades<\/span>.<\/span><\/li><\/ul><\/li><\/ul><div style=\"color: #000000;font-size: 16px;text-align: justify\">\u00a0<\/div><div style=\"color: #000000;font-size: 16px;text-align: justify\"><p style=\"text-align: justify\">Outras informa\u00e7\u00f5es sobre Est\u00e1gios, acesse a p\u00e1gina da PROGRAD:\u00a0<a style=\"color: #204c90\" href=\"https:\/\/www.ufsm.br\/pro-reitorias\/prograd\/code\/estagios\">https:\/\/www.ufsm.br\/pro-reitorias\/prograd\/code\/estagios<\/a><\/p><p style=\"text-align: justify\">Para maiores informa\u00e7\u00f5es sobre Est\u00e1gio Obrigat\u00f3rio, acesse: <a href=\"https:\/\/www.ufsm.br\/pro-reitorias\/prograd\/code\/estagios\/estagio-obrigatorio\">https:\/\/www.ufsm.br\/pro-reitorias\/prograd\/code\/estagios\/estagio-obrigatorio<\/a><\/p><\/div><\/div>\n\t\t\t\t<\/div>\n\t\t\t\t\t\t\t<div class=\"elementor-toggle-item\">\n\t\t\t\t\t<div id=\"elementor-tab-title-2282\" class=\"elementor-tab-title\" data-tab=\"2\" role=\"button\" aria-controls=\"elementor-tab-content-2282\" aria-expanded=\"false\">\n\t\t\t\t\t\t\t\t\t\t\t\t<span class=\"elementor-toggle-icon elementor-toggle-icon-left\" aria-hidden=\"true\">\n\t\t\t\t\t\t\t\t\t\t\t\t\t\t\t<span class=\"elementor-toggle-icon-closed\"><i class=\"fas fa-caret-right\"><\/i><\/span>\n\t\t\t\t\t\t\t\t<span class=\"elementor-toggle-icon-opened\"><i class=\"elementor-toggle-icon-opened fas fa-caret-up\"><\/i><\/span>\n\t\t\t\t\t\t\t\t\t\t\t\t\t<\/span>\n\t\t\t\t\t\t\t\t\t\t\t\t<a class=\"elementor-toggle-title\" tabindex=\"0\">Informa\u00e7\u00f5es para conferir no Termo de Compromisso de Est\u00e1gio Obrigat\u00f3rio<\/a>\n\t\t\t\t\t<\/div>\n\n\t\t\t\t\t<div id=\"elementor-tab-content-2282\" class=\"elementor-tab-content elementor-clearfix\" data-tab=\"2\" role=\"region\" aria-labelledby=\"elementor-tab-title-2282\"><p>Al\u00e9m de conferir se o Termo de Compromisso indica corretamente o tipo de est\u00e1gio, \u00e9 preciso prestar aten\u00e7\u00e3o nas seguintes informa\u00e7\u00f5es:<\/p><table style=\"height: 336px;width: 100%;border-collapse: collapse;border-style: solid;border-color: #000000\"><tbody><tr style=\"height: 24px\"><td style=\"width: 286px;height: 24px;background-color: #02abed;text-align: center\"><strong>INFORMA\u00c7\u00c3O<\/strong><\/td><td style=\"width: 286px;height: 24px;background-color: #02abed;text-align: center\"><strong> A INFORMA\u00c7\u00c3O DEVE CONSTAR NO TCE?<\/strong><\/td><\/tr><tr style=\"height: 24px\"><td style=\"width: 286px;height: 24px\">Curso do estudante<\/td><td style=\"width: 286px;height: 24px\"><strong><span style=\"color: #000000\">\u2713 <\/span><\/strong>SIM<\/td><\/tr><tr style=\"height: 24px\"><td style=\"width: 286px;height: 24px\">O(A) Orientador(a) do est\u00e1gio<\/td><td style=\"width: 286px;height: 24px\"><span style=\"font-weight: bolder;color: #1c1c1c;font-size: 16px\"><span style=\"color: #000000\">\u2713\u00a0<\/span><\/span>SIM<\/td><\/tr><tr style=\"height: 24px\"><td style=\"width: 286px;height: 24px\">O(A) Supervisor(a)\/Preceptor(a) do est\u00e1gio<\/td><td style=\"width: 286px;height: 24px\"><span style=\"font-weight: bolder;color: #1c1c1c;font-size: 16px\"><span style=\"color: #000000\">\u2713 <\/span><\/span>SIM<\/td><\/tr><tr style=\"height: 24px\"><td style=\"width: 286px;height: 24px\">A Forma\u00e7\u00e3o e\/ou experi\u00eancia do(a) supervisor(a)<\/td><td style=\"width: 286px;height: 24px\"><span style=\"font-weight: bolder;color: #1c1c1c;font-size: 16px\"><span style=\"color: #000000\">\u2713 <\/span><\/span>SIM<\/td><\/tr><tr style=\"height: 24px\"><td style=\"width: 286px;height: 24px\">Ap\u00f3lice de seguro contra acidentes pessoais<\/td><td style=\"width: 286px;height: 24px\"><span style=\"font-weight: bolder;color: #1c1c1c;font-size: 16px\"><span style=\"color: #000000\">\u2713 <\/span><\/span>SIM<\/td><\/tr><tr style=\"height: 24px\"><td style=\"width: 286px;height: 24px\">Bolsa ou outra<\/td><td style=\"width: 286px;height: 24px\"><strong><span style=\"color: #1c1c1c;font-size: 16px\"><span style=\"color: #000000\">\u2297\u2713 <\/span><\/span>FACULTATIVO<\/strong><\/td><\/tr><tr style=\"height: 24px\"><td style=\"width: 286px;height: 24px\">Aux\u00edlio transporte<\/td><td style=\"width: 286px;height: 24px\"><strong><span style=\"color: #1c1c1c;font-size: 16px\"><span style=\"color: #000000\">\u2297\u2713 <\/span><\/span>FACULTATIVO<\/strong><\/td><\/tr><tr style=\"height: 24px\"><td style=\"width: 286px;height: 24px\">Descri\u00e7\u00e3o do Plano de Atividades (no pr\u00f3prio termo de compromisso ou anexado)<\/td><td style=\"width: 286px;height: 24px\"><span style=\"color: #1c1c1c;font-size: 16px;font-weight: bolder\"><span style=\"color: #000000\">\u2713\u00a0<\/span><\/span><span style=\"color: #1c1c1c;font-size: 16px\">SIM<\/span><\/td><\/tr><\/tbody><\/table><\/div>\n\t\t\t\t<\/div>\n\t\t\t\t\t\t\t<div class=\"elementor-toggle-item\">\n\t\t\t\t\t<div id=\"elementor-tab-title-2283\" class=\"elementor-tab-title\" data-tab=\"3\" role=\"button\" aria-controls=\"elementor-tab-content-2283\" aria-expanded=\"false\">\n\t\t\t\t\t\t\t\t\t\t\t\t<span class=\"elementor-toggle-icon elementor-toggle-icon-left\" aria-hidden=\"true\">\n\t\t\t\t\t\t\t\t\t\t\t\t\t\t\t<span class=\"elementor-toggle-icon-closed\"><i class=\"fas fa-caret-right\"><\/i><\/span>\n\t\t\t\t\t\t\t\t<span class=\"elementor-toggle-icon-opened\"><i class=\"elementor-toggle-icon-opened fas fa-caret-up\"><\/i><\/span>\n\t\t\t\t\t\t\t\t\t\t\t\t\t<\/span>\n\t\t\t\t\t\t\t\t\t\t\t\t<a class=\"elementor-toggle-title\" tabindex=\"0\">Informa\u00e7\u00f5es necess\u00e1rias para preenchimento da documenta\u00e7\u00e3o de est\u00e1gio<\/a>\n\t\t\t\t\t<\/div>\n\n\t\t\t\t\t<div id=\"elementor-tab-content-2283\" class=\"elementor-tab-content elementor-clearfix\" data-tab=\"3\" role=\"region\" aria-labelledby=\"elementor-tab-title-2283\"><p>Para o correto preenchimento dos documentos exigidos no processo de est\u00e1gio, cabe ao discente obter as seguintes informa\u00e7\u00f5es:<\/p><p><span style=\"text-decoration: underline\"><strong>DA ESCOLA:<\/strong><\/span><\/p><ul><li>Nome da escola;<\/li><li>Endere\u00e7o;<\/li><li>Cidade;<\/li><li>CEP;<\/li><li>CNPJ;<\/li><li>Telefone;<\/li><li>Nome diretor (a);<\/li><li>Disciplina na escola;<\/li><li><strong>Nome Professor (a) Supervisor (a) (escola);<\/strong><\/li><li>Turno;<\/li><li>Telefone;<\/li><li>E-mail.<\/li><\/ul><p><span style=\"text-decoration: underline\"><strong>DA UFSM:<\/strong><\/span><\/p><ul><li>Nome Professor (a) Orientador (a) (UFSM);<\/li><li>Matr\u00edcula (SIAPE);<\/li><li>Telefone;<\/li><li>E-mail.<\/li><\/ul><\/div>\n\t\t\t\t<\/div>\n\t\t\t\t\t\t\t<div class=\"elementor-toggle-item\">\n\t\t\t\t\t<div id=\"elementor-tab-title-2284\" class=\"elementor-tab-title\" data-tab=\"4\" role=\"button\" aria-controls=\"elementor-tab-content-2284\" aria-expanded=\"false\">\n\t\t\t\t\t\t\t\t\t\t\t\t<span class=\"elementor-toggle-icon elementor-toggle-icon-left\" aria-hidden=\"true\">\n\t\t\t\t\t\t\t\t\t\t\t\t\t\t\t<span class=\"elementor-toggle-icon-closed\"><i class=\"fas fa-caret-right\"><\/i><\/span>\n\t\t\t\t\t\t\t\t<span class=\"elementor-toggle-icon-opened\"><i class=\"elementor-toggle-icon-opened fas fa-caret-up\"><\/i><\/span>\n\t\t\t\t\t\t\t\t\t\t\t\t\t<\/span>\n\t\t\t\t\t\t\t\t\t\t\t\t<a class=\"elementor-toggle-title\" tabindex=\"0\">Termo de Aditamento<\/a>\n\t\t\t\t\t<\/div>\n\n\t\t\t\t\t<div id=\"elementor-tab-content-2284\" class=\"elementor-tab-content elementor-clearfix\" data-tab=\"4\" role=\"region\" aria-labelledby=\"elementor-tab-title-2284\"><p>Para download do termo, acessar o site da<strong>\u00a0<a href=\"https:\/\/www.ufsm.br\/pro-reitorias\/prograd\/code\/estagios\">PROGRAD \u2013 Est\u00e1gios<\/a><\/strong>, no item\u00a0<strong>Depois de iniciado o est\u00e1gio \u2192 Para alterar (aditar) o TCE<\/strong>.<\/p><p>O termo de aditamento \u00e9 geralmente utilizado para:<\/p><ul style=\"list-style-type: disc\"><li>Prorrogar o Termo de Compromisso de Est\u00e1gio;<\/li><li>Suspender o est\u00e1gio por tempo determinado;<\/li><li>Alterar o valor da bolsa;<\/li><li>Alterar o valor do aux\u00edlio-transporte;<\/li><li>Alterar a carga hor\u00e1ria do est\u00e1gio.<\/li><\/ul><div><span style=\"text-decoration: underline\">A cada uma das partes envolvidas no processo, compete:<\/span><\/div><div>\u00a0<\/div><h5><b>ESTAGI\u00c1RIO(A)<\/b>\u00a0<\/h5><p>a) Desarquivar o processo de est\u00e1gio\u00a0[se for processo eletr\u00f4nico (usar o NUP)];<\/p><p>b) Anexar o Termo Aditivo preenchido e assinado pelo supervisor, caso este n\u00e3o possua cadastro no PEN-SIE;<\/p><p>c) Assinar eletronicamente;<\/p><p>d) Tramitar para o(a) professor(a) orientador(a) para assinatura.<\/p><h5><b>PROFESSOR(A) ORIENTADOR(A)<\/b><\/h5><p>a) Assinar eletronicamente o Termo Aditivo;<\/p><p>b) Tramitar para a Coordena\u00e7\u00e3o de Curso para la\u00e7ar a informa\u00e7\u00e3o no SIE.<\/p><h5><b>COORDENA\u00c7\u00c3O DE CURSO<\/b><\/h5><p>a) Encaminha para lan\u00e7amento do registro de est\u00e1gio no SIE\u00a0[o destino pode ser o curso ou a secretaria].<\/p><h5><b>COORDENA\u00c7\u00c3O DE CURSO OU SECRETARIA DO CURSO\/SECRETARIA ACAD\u00caMICA\/SECRETARIA UNIFICADA<\/b><\/h5><p>a) Fazer\u00a0<i>download\u00a0<\/i>do processo eletr\u00f4nico e guardar c\u00f3pia para consulta;<\/p><p>b) No SIE, registrar as informa\u00e7\u00f5es na aplica\u00e7\u00e3o 1.1.5.18 \u2013 Registro dos Est\u00e1gios dos Alunos;\u00a0<\/p><p>c) Encaminhar para Arquivamento \u2013 DAG<\/p><\/div>\n\t\t\t\t<\/div>\n\t\t\t\t\t\t\t<div class=\"elementor-toggle-item\">\n\t\t\t\t\t<div id=\"elementor-tab-title-2285\" class=\"elementor-tab-title\" data-tab=\"5\" role=\"button\" aria-controls=\"elementor-tab-content-2285\" aria-expanded=\"false\">\n\t\t\t\t\t\t\t\t\t\t\t\t<span class=\"elementor-toggle-icon elementor-toggle-icon-left\" aria-hidden=\"true\">\n\t\t\t\t\t\t\t\t\t\t\t\t\t\t\t<span class=\"elementor-toggle-icon-closed\"><i class=\"fas fa-caret-right\"><\/i><\/span>\n\t\t\t\t\t\t\t\t<span class=\"elementor-toggle-icon-opened\"><i class=\"elementor-toggle-icon-opened fas fa-caret-up\"><\/i><\/span>\n\t\t\t\t\t\t\t\t\t\t\t\t\t<\/span>\n\t\t\t\t\t\t\t\t\t\t\t\t<a class=\"elementor-toggle-title\" tabindex=\"0\">Rescis\u00e3o de TCE<\/a>\n\t\t\t\t\t<\/div>\n\n\t\t\t\t\t<div id=\"elementor-tab-content-2285\" class=\"elementor-tab-content elementor-clearfix\" data-tab=\"5\" role=\"region\" aria-labelledby=\"elementor-tab-title-2285\"><p><b>Observa\u00e7\u00e3o:<\/b> n\u00e3o \u00e9 necess\u00e1rio fazer termo de rescis\u00e3o para est\u00e1gios que acabam conforme o per\u00edodo previsto no termo de compromisso.<\/p><p>Para download do termo, acessar o site da\u00a0<strong><a href=\"https:\/\/www.ufsm.br\/pro-reitorias\/prograd\/code\/estagios\">PROGRAD \u2013 Est\u00e1gios<\/a>,<\/strong>\u00a0no item\u00a0<strong>Depois de iniciado o est\u00e1gio\u2192 Para rescindir o TCE<\/strong>.<\/p><h5><b>ESTAGI\u00c1RIO(A)<\/b>\u00a0<\/h5><p>a) Desarquivar o processo de est\u00e1gio\u00a0[se for processo eletr\u00f4nico (usar o NUP)]<\/p><p>b) Anexar o Termo de Rescis\u00e3o preenchido e assinado pelo supervisor, caso este n\u00e3o possua cadastro no PEN-SIE;<\/p><p>c) Assinar eletronicamente;<\/p><p>d) Tramitar para o(a) professor(a) orientador(a) para assinatura.<\/p><h5><b>PROFESSOR(A) ORIENTADOR(A)<\/b><\/h5><p>a) Assinar eletronicamente o Termo de Rescis\u00e3o;<\/p><p>b) Tramitar para a Coordena\u00e7\u00e3o de Curso para la\u00e7ar a informa\u00e7\u00e3o no SIE.<\/p><h5><b>COORDENA\u00c7\u00c3O DE CURSO<\/b><\/h5><p>a) Encaminha para lan\u00e7amento do registro de est\u00e1gio no SIE [o destino pode ser o curso ou a secretaria].<\/p><h5><b>COORDENA\u00c7\u00c3O DE CURSO OU SECRETARIA DO CURSO\/SECRETARIA ACAD\u00caMICA\/SECRETARIA UNIFICADA<\/b><\/h5><p>a) Fazer\u00a0<i>download\u00a0<\/i>do processo eletr\u00f4nico e guardar c\u00f3pia para consulta;<\/p><p>b) No SIE, registrar as informa\u00e7\u00f5es na aplica\u00e7\u00e3o 1.1.5.18 \u2013 Registro dos Est\u00e1gios dos Alunos;\u00a0<\/p><p>c) Encaminhar para Arquivamento \u2013 DAG.<\/p><\/div>\n\t\t\t\t<\/div>\n\t\t\t\t\t\t\t\t<\/div>\n\t\t\t\t<\/div>\n\t\t\t\t<\/div>\n\t\t\t\t\t<\/div>\n\t\t<\/div>\n\t\t\t\t\t<\/div>\n\t\t<\/section>\n\t\t\t\t<\/div>\n\t\t","protected":false},"excerpt":{"rendered":"<p>\u00c9 aquele definido pelos projetos pedag\u00f3gicos de curso e cuja carga hor\u00e1ria \u00e9 um dos requisitos para a integraliza\u00e7\u00e3o curricular. O est\u00e1gio obrigat\u00f3rio constitui disciplina do n\u00facleo r\u00edgido do projeto pedag\u00f3gico dos cursos (PPC).\u00a0 ATEN\u00c7\u00c3O:\u00a0Procedimentos de abertura de processos alterados.\u00a0Agora, o in\u00edcio se dar\u00e1 pelo Portal Estudantil. Os processos que j\u00e1 tinham sido abertos at\u00e9\u00a015\/10\/2025\u00a0continuar\u00e3o [&hellip;]<\/p>\n","protected":false},"author":7434,"featured_media":0,"parent":0,"menu_order":0,"comment_status":"closed","ping_status":"closed","template":"","meta":{"footnotes":""},"categories":[],"tags":[],"class_list":["post-829","page","type-page","status-publish","hentry"],"acf":[],"_links":{"self":[{"href":"https:\/\/www.ufsm.br\/cursos\/graduacao\/santa-maria\/filosofia\/wp-json\/wp\/v2\/pages\/829","targetHints":{"allow":["GET"]}}],"collection":[{"href":"https:\/\/www.ufsm.br\/cursos\/graduacao\/santa-maria\/filosofia\/wp-json\/wp\/v2\/pages"}],"about":[{"href":"https:\/\/www.ufsm.br\/cursos\/graduacao\/santa-maria\/filosofia\/wp-json\/wp\/v2\/types\/page"}],"author":[{"embeddable":true,"href":"https:\/\/www.ufsm.br\/cursos\/graduacao\/santa-maria\/filosofia\/wp-json\/wp\/v2\/users\/7434"}],"replies":[{"embeddable":true,"href":"https:\/\/www.ufsm.br\/cursos\/graduacao\/santa-maria\/filosofia\/wp-json\/wp\/v2\/comments?post=829"}],"version-history":[{"count":0,"href":"https:\/\/www.ufsm.br\/cursos\/graduacao\/santa-maria\/filosofia\/wp-json\/wp\/v2\/pages\/829\/revisions"}],"wp:attachment":[{"href":"https:\/\/www.ufsm.br\/cursos\/graduacao\/santa-maria\/filosofia\/wp-json\/wp\/v2\/media?parent=829"}],"wp:term":[{"taxonomy":"category","embeddable":true,"href":"https:\/\/www.ufsm.br\/cursos\/graduacao\/santa-maria\/filosofia\/wp-json\/wp\/v2\/categories?post=829"},{"taxonomy":"post_tag","embeddable":true,"href":"https:\/\/www.ufsm.br\/cursos\/graduacao\/santa-maria\/filosofia\/wp-json\/wp\/v2\/tags?post=829"}],"curies":[{"name":"wp","href":"https:\/\/api.w.org\/{rel}","templated":true}]}}