{"id":215,"date":"2019-02-11T09:10:15","date_gmt":"2019-02-11T11:10:15","guid":{"rendered":"https:\/\/www.ufsm.br\/cursos\/graduacao\/santa-maria\/fisica\/?page_id=215"},"modified":"2025-01-27T11:33:07","modified_gmt":"2025-01-27T14:33:07","slug":"historico","status":"publish","type":"page","link":"https:\/\/www.ufsm.br\/cursos\/graduacao\/santa-maria\/fisica\/historico","title":{"rendered":"Hist\u00f3rico"},"content":{"rendered":"\t\t<div data-elementor-type=\"wp-page\" data-elementor-id=\"215\" class=\"elementor elementor-215\">\n\t\t\t\t\t\t<section class=\"elementor-section elementor-top-section elementor-element elementor-element-46eec587 elementor-section-boxed elementor-section-height-default elementor-section-height-default\" data-id=\"46eec587\" data-element_type=\"section\">\n\t\t\t\t\t\t<div class=\"elementor-container elementor-column-gap-default\">\n\t\t\t\t\t<div class=\"elementor-column elementor-col-100 elementor-top-column elementor-element elementor-element-51dcbf03\" data-id=\"51dcbf03\" data-element_type=\"column\">\n\t\t\t<div class=\"elementor-widget-wrap elementor-element-populated\">\n\t\t\t\t\t\t<div class=\"elementor-element elementor-element-2585b262 elementor-widget elementor-widget-text-editor\" data-id=\"2585b262\" data-element_type=\"widget\" data-widget_type=\"text-editor.default\">\n\t\t\t\t<div class=\"elementor-widget-container\">\n\t\t\t\t\t\t\t<p class=\"has-medium-font-size\"><strong>Linha do tempo<\/strong><\/p>\n<!-- \/wp:paragraph --><!-- wp:list -->\n<ul id=\"block-6539af0b-902b-4d10-ad89-45c16e7a8363\" class=\"block-editor-rich-text__editable block-editor-block-list__block wp-block is-selected wp-block-list rich-text\" role=\"document\" aria-label=\"Bloco: Lista\" data-block=\"6539af0b-902b-4d10-ad89-45c16e7a8363\" data-type=\"core\/list\" data-title=\"Lista\">\n<li>Cria\u00e7\u00e3o: 13\/09\/1961<\/li>\n<li>Instala\u00e7\u00e3o: 01\/03\/1968<\/li>\n<li>Primeira turma formada: 1972 (Licenciatura em F\u00edsica)<\/li>\n<li>Reforma curricular (transforma\u00e7\u00e3o para o Curso de Licenciatura Plena em F\u00edsica): Dezembro de 1978 (entrada em mar\u00e7o de 1979)<\/li>\n<li>Reforma curricular (cria\u00e7\u00e3o dos cursos de Licenciatura e Bacharelado separados): Dezembro de 1994 (entrada em mar\u00e7o de 1995)<\/li>\n<li>Cria\u00e7\u00e3o do Curso Licenciatura Noturno: Dezembro de 1995 (entrada em julho de 1996)<\/li>\n<li>Reforma curricular (novas diretrizes do MEC): Dezembro de 2004 (entrada em mar\u00e7o de 2005)<\/li>\n<li>Reforma curricular (reestrutura\u00e7\u00e3o do curso de F\u00edsica &#8211; Bacharelado): Dezembro de 2021 (entrada em mar\u00e7o de 2022)<\/li>\n<li>Reforma curricular (reestrutura\u00e7\u00e3o do curso de F\u00edsica &#8211; Licenciatura &#8211; Integral): Novembro de 2022 (entrada em mar\u00e7o de 2023)<\/li>\n<li>Reforma curricular (reestrutura\u00e7\u00e3o do curso de F\u00edsica &#8211; Licenciatura &#8211; Noturno): Novembro de 2022 (entrada em agosto de 2023)<\/li>\n<\/ul>\n<!-- wp:paragraph {\"fontSize\":\"medium\"} -->\n<p class=\"has-medium-font-size\"><strong>Hist\u00f3rico<\/strong><\/p>\n<!-- \/wp:paragraph --><!-- wp:paragraph -->\n<p>A UFSM foi fundada em 1960. Um pouco depois, em 1961, alguns(mas) professores(as) da Faculdade Imaculada Concei\u00e7\u00e3o foram convidados a compor o quadro docente na cria\u00e7\u00e3o de departamentos e cursos de forma\u00e7\u00e3o b\u00e1sica em Licenciatura. O Curso de Licenciatura em F\u00edsica Diurno passou a existir, formalmente, em 1968, com a cria\u00e7\u00e3o do Centro de Estudos B\u00e1sicos, sendo que a primeira turma, com tr\u00eas acad\u00eamicos, formou-se em 1972. O reconhecimento do curso se deu atrav\u00e9s do Parecer n\u00famero 2.056\/75 do Conselho Federal de Educa\u00e7\u00e3o.<\/p>\n<p>Em 1979, o curso passou por uma reforma curricular, adaptando-o \u00e0 legisla\u00e7\u00e3o vigente na \u00e9poca. O curr\u00edculo foi modificado com a introdu\u00e7\u00e3o de conte\u00fados avan\u00e7ados de F\u00edsica, de modo que os(as) egressos(as) do curso passaram a ter uma forma\u00e7\u00e3o que inclu\u00eda teorias importantes da F\u00edsica como Termodin\u00e2mica, Eletromagnetismo, Mec\u00e2nica Estat\u00edstica e Mec\u00e2nica Qu\u00e2ntica. O Curso visava formar profissionais para o Ensino M\u00e9dio que compreendiam a constru\u00e7\u00e3o e o alcance da Ci\u00eancia e, em particular, da F\u00edsica, mesmo que tais conte\u00fados n\u00e3o constassem nos programas das escolas de Ensino M\u00e9dio.<\/p>\n<p>Em 1994, o Curso de Licenciatura em F\u00edsica Diurno passou por outra significativa modifica\u00e7\u00e3o curricular e, paralelamente, foi criado o Curso de Licenciatura em F\u00edsica Noturno, ambos oferecendo 25 vagas. Nesta ocasi\u00e3o, tamb\u00e9m foi criado o Curso de Bacharelado em F\u00edsica, oferecido no per\u00edodo diurno, com 22 vagas. Desse modo, os tr\u00eas cursos juntos passaram a oferecer um total de 72 vagas.<\/p>\n<p>Em fun\u00e7\u00e3o das novas diretrizes curriculares para a Educa\u00e7\u00e3o Superior do MEC, do Projeto Pedag\u00f3gico da UFSM e das sugest\u00f5es de especialistas que avaliaram os cursos em 1998 e 2003, houve uma reforma curricular entre os anos de 2004 e 2005.<\/p>\n<p>Mais recentemente, em 2022, o curso de F\u00edsica &#8211; Bacharelado passou por uma nova reforma curricular, buscando adaptar-se \u00e0 nova realidade delineada pelas diretrizes do MEC\/Conselho Nacional de Educa\u00e7\u00e3o, bem como corrigir alguns problemas observados ao longo dos \u00faltimos anos de funcionamento do curso.<\/p>\n<p>J\u00e1 em 2023, foi a vez do curso de F\u00edsica &#8211; Licenciatura &#8211; Integral e do curso de F\u00edsica &#8211; Licenciatura &#8211; Noturno passarem por reforma curricular,\u00a0 tendo em vista adaptar o curso a novas realidades sociais e educacionais e a novas exig\u00eancias legais, principalmente \u00e0 Resolu\u00e7\u00e3o CNE\/CP N\u00ba 02, de 2019, que define as Diretrizes Curriculares Nacionais para a Forma\u00e7\u00e3o Inicial de Professores para a Educa\u00e7\u00e3o B\u00e1sica e institui a Base Nacional Comum para a Forma\u00e7\u00e3o Inicial de Professores da Educa\u00e7\u00e3o B\u00e1sica (BNC-Forma\u00e7\u00e3o).<\/p>\n<p>A inser\u00e7\u00e3o dos discentes formados no mercado de trabalho e em programas de p\u00f3s-gradua\u00e7\u00e3o nos centros de pesquisa mais qualificados do pa\u00eds tem sido notavelmente satisfat\u00f3ria. Egresso do curso t\u00eam tamb\u00e9m obtido significativo sucesso em sele\u00e7\u00f5es p\u00fablicas de professores na educa\u00e7\u00e3o no \u00e2mbito do Ensino M\u00e9dio e Superior. \u00c9 importante ressaltar que muitos pesquisadores que tiveram sua forma\u00e7\u00e3o inicial do Curso de F\u00edsica da UFSM est\u00e3o desenvolvendo seu trabalho em muitos dos maiores centros de f\u00edsica do Brasil e do Mundo.<\/p>\n<!-- \/wp:list -->\t\t\t\t\t\t<\/div>\n\t\t\t\t<\/div>\n\t\t\t\t\t<\/div>\n\t\t<\/div>\n\t\t\t\t\t<\/div>\n\t\t<\/section>\n\t\t\t\t<\/div>\n\t\t","protected":false},"excerpt":{"rendered":"<p>Linha do tempo Cria\u00e7\u00e3o: 13\/09\/1961 Instala\u00e7\u00e3o: 01\/03\/1968 Primeira turma formada: 1972 (Licenciatura em F\u00edsica) Reforma curricular (transforma\u00e7\u00e3o para o Curso de Licenciatura Plena em F\u00edsica): Dezembro de 1978 (entrada em mar\u00e7o de 1979) Reforma curricular (cria\u00e7\u00e3o dos cursos de Licenciatura e Bacharelado separados): Dezembro de 1994 (entrada em mar\u00e7o de 1995) Cria\u00e7\u00e3o do Curso Licenciatura [&hellip;]<\/p>\n","protected":false},"author":117,"featured_media":0,"parent":0,"menu_order":0,"comment_status":"closed","ping_status":"closed","template":"","meta":{"footnotes":""},"categories":[],"tags":[],"class_list":["post-215","page","type-page","status-publish","hentry"],"acf":[],"_links":{"self":[{"href":"https:\/\/www.ufsm.br\/cursos\/graduacao\/santa-maria\/fisica\/wp-json\/wp\/v2\/pages\/215","targetHints":{"allow":["GET"]}}],"collection":[{"href":"https:\/\/www.ufsm.br\/cursos\/graduacao\/santa-maria\/fisica\/wp-json\/wp\/v2\/pages"}],"about":[{"href":"https:\/\/www.ufsm.br\/cursos\/graduacao\/santa-maria\/fisica\/wp-json\/wp\/v2\/types\/page"}],"author":[{"embeddable":true,"href":"https:\/\/www.ufsm.br\/cursos\/graduacao\/santa-maria\/fisica\/wp-json\/wp\/v2\/users\/117"}],"replies":[{"embeddable":true,"href":"https:\/\/www.ufsm.br\/cursos\/graduacao\/santa-maria\/fisica\/wp-json\/wp\/v2\/comments?post=215"}],"version-history":[{"count":0,"href":"https:\/\/www.ufsm.br\/cursos\/graduacao\/santa-maria\/fisica\/wp-json\/wp\/v2\/pages\/215\/revisions"}],"wp:attachment":[{"href":"https:\/\/www.ufsm.br\/cursos\/graduacao\/santa-maria\/fisica\/wp-json\/wp\/v2\/media?parent=215"}],"wp:term":[{"taxonomy":"category","embeddable":true,"href":"https:\/\/www.ufsm.br\/cursos\/graduacao\/santa-maria\/fisica\/wp-json\/wp\/v2\/categories?post=215"},{"taxonomy":"post_tag","embeddable":true,"href":"https:\/\/www.ufsm.br\/cursos\/graduacao\/santa-maria\/fisica\/wp-json\/wp\/v2\/tags?post=215"}],"curies":[{"name":"wp","href":"https:\/\/api.w.org\/{rel}","templated":true}]}}