{"id":220,"date":"2019-02-11T09:27:42","date_gmt":"2019-02-11T11:27:42","guid":{"rendered":"https:\/\/www.ufsm.br\/cursos\/graduacao\/santa-maria\/fisica\/?page_id=220"},"modified":"2025-03-07T10:36:19","modified_gmt":"2025-03-07T13:36:19","slug":"nde","status":"publish","type":"page","link":"https:\/\/www.ufsm.br\/cursos\/graduacao\/santa-maria\/fisica\/nde","title":{"rendered":"N\u00facleo Docente Estruturante (NDE)"},"content":{"rendered":"\n<p>O N\u00facleo Docente Estruturante (NDE) consiste em um \u00f3rg\u00e3o colegiado que possui car\u00e1ter consultivo e propositivo em mat\u00e9ria acad\u00eamica, ao qual cabe a responsabilidade pela concep\u00e7\u00e3o, acompanhamento, consolida\u00e7\u00e3o e avalia\u00e7\u00e3o do Projeto Pedag\u00f3gico do Curso (PPC).<\/p>\n\n\n\n<p>De acordo com a <a href=\"https:\/\/www.ufsm.br\/pro-reitorias\/prograd\/wp-content\/uploads\/sites\/342\/2020\/02\/RES_GR_2019_043.pdf\" target=\"_blank\" rel=\"noreferrer noopener\">Resolu\u00e7\u00e3o N. 043\/2019 &#8211; UFSM<\/a>, o NDE possui as seguintes atribui\u00e7\u00f5es:<\/p>\n\n\n\n<p>I &#8211; elaborar o Projeto Pedag\u00f3gico do Curso &#8211; PPC, definindo sua concep\u00e7\u00e3o e fundamentos;<\/p>\n\n\n\n<p>II &#8211; zelar pelo perfil profissional do egresso do curso;<\/p>\n\n\n\n<p>III &#8211; supervisionar e apoiar as formas de avalia\u00e7\u00e3o e acompanhamento do Projeto Pedag\u00f3gico do curso definidas pelo Colegiado;<\/p>\n\n\n\n<p>IV &#8211; conduzir os trabalhos de altera\u00e7\u00e3o e\/ou reestrutura\u00e7\u00e3o curricular para aprova\u00e7\u00e3o no Colegiado de Curso, e demais inst\u00e2ncias Institucionais, sempre que necess\u00e1rio;<\/p>\n\n\n\n<p>V &#8211; zelar pelo cumprimento das Diretrizes Curriculares Nacionais para o Curso e demais marcos regulat\u00f3rios;<\/p>\n\n\n\n<p>VI &#8211; indicar formas de incentivo ao desenvolvimento de linhas de pesquisa e extens\u00e3o e sua articula\u00e7\u00e3o com a p\u00f3s-gradua\u00e7\u00e3o, oriundas das necessidades de curso de gradua\u00e7\u00e3o, das exig\u00eancias do mundo do trabalho, sintonizadas com as pol\u00edticas p\u00fablicas pr\u00f3prias \u00e0 \u00e1rea de conhecimento.<\/p>\n\n\n\n<p>As proposi\u00e7\u00f5es do NDE s\u00e3o submetidas \u00e0 aprecia\u00e7\u00e3o do Colegiado do Curso.<\/p>\n\n\n\n<p>No \u00e2mbito do Curso de F\u00edsica da UFSM, os membros do NDE est\u00e3o listados nas portarias abaixo:<\/p>\n\n\n\n<p class=\"has-medium-font-size\"><a href=\"https:\/\/www.ufsm.br\/app\/uploads\/sites\/450\/2025\/03\/Portaria.pdf\" target=\"_blank\" rel=\"noreferrer noopener\">Bacharelado<\/a><\/p>\n\n\n\n<p class=\"has-medium-font-size\"><a href=\"https:\/\/www.ufsm.br\/app\/uploads\/sites\/450\/2024\/08\/2024_NDE_Lic.-Fisica.pdf\" target=\"_blank\" rel=\"noreferrer noopener\">Licenciaturas<\/a><\/p>\n\n\n\n<p><\/p>\n","protected":false},"excerpt":{"rendered":"<p>O N\u00facleo Docente Estruturante (NDE) consiste em um \u00f3rg\u00e3o colegiado que possui car\u00e1ter consultivo e propositivo em mat\u00e9ria acad\u00eamica, ao qual cabe a responsabilidade pela concep\u00e7\u00e3o, acompanhamento, consolida\u00e7\u00e3o e avalia\u00e7\u00e3o do Projeto Pedag\u00f3gico do Curso (PPC). De acordo com a Resolu\u00e7\u00e3o N. 043\/2019 &#8211; UFSM, o NDE possui as seguintes atribui\u00e7\u00f5es: I &#8211; elaborar o [&hellip;]<\/p>\n","protected":false},"author":117,"featured_media":0,"parent":0,"menu_order":0,"comment_status":"closed","ping_status":"closed","template":"","meta":{"footnotes":""},"categories":[],"tags":[],"class_list":["post-220","page","type-page","status-publish","hentry"],"acf":[],"_links":{"self":[{"href":"https:\/\/www.ufsm.br\/cursos\/graduacao\/santa-maria\/fisica\/wp-json\/wp\/v2\/pages\/220","targetHints":{"allow":["GET"]}}],"collection":[{"href":"https:\/\/www.ufsm.br\/cursos\/graduacao\/santa-maria\/fisica\/wp-json\/wp\/v2\/pages"}],"about":[{"href":"https:\/\/www.ufsm.br\/cursos\/graduacao\/santa-maria\/fisica\/wp-json\/wp\/v2\/types\/page"}],"author":[{"embeddable":true,"href":"https:\/\/www.ufsm.br\/cursos\/graduacao\/santa-maria\/fisica\/wp-json\/wp\/v2\/users\/117"}],"replies":[{"embeddable":true,"href":"https:\/\/www.ufsm.br\/cursos\/graduacao\/santa-maria\/fisica\/wp-json\/wp\/v2\/comments?post=220"}],"version-history":[{"count":0,"href":"https:\/\/www.ufsm.br\/cursos\/graduacao\/santa-maria\/fisica\/wp-json\/wp\/v2\/pages\/220\/revisions"}],"wp:attachment":[{"href":"https:\/\/www.ufsm.br\/cursos\/graduacao\/santa-maria\/fisica\/wp-json\/wp\/v2\/media?parent=220"}],"wp:term":[{"taxonomy":"category","embeddable":true,"href":"https:\/\/www.ufsm.br\/cursos\/graduacao\/santa-maria\/fisica\/wp-json\/wp\/v2\/categories?post=220"},{"taxonomy":"post_tag","embeddable":true,"href":"https:\/\/www.ufsm.br\/cursos\/graduacao\/santa-maria\/fisica\/wp-json\/wp\/v2\/tags?post=220"}],"curies":[{"name":"wp","href":"https:\/\/api.w.org\/{rel}","templated":true}]}}