{"id":731,"date":"2022-03-22T11:21:08","date_gmt":"2022-03-22T14:21:08","guid":{"rendered":"https:\/\/www.ufsm.br\/cursos\/graduacao\/santa-maria\/fisica\/?page_id=731"},"modified":"2023-11-27T10:35:54","modified_gmt":"2023-11-27T13:35:54","slug":"normas-de-tgf-bacharelado","status":"publish","type":"page","link":"https:\/\/www.ufsm.br\/cursos\/graduacao\/santa-maria\/fisica\/normas-de-tgf-bacharelado","title":{"rendered":"Normas de TGF &#8211; Bacharelado"},"content":{"rendered":"\n<p>Os alunos de gradua\u00e7\u00e3o do curso de F\u00edsica &#8211; Bacharelado dever\u00e3o se matricular em duas disciplinas do Departamento de F\u00edsica chamada Trabalho de Gradua\u00e7\u00e3o em F\u00edsica I (TGF I) e Trabalho de Gradua\u00e7\u00e3o em F\u00edsica II (TGF II), ambas com carga hor\u00e1ria de 90h. Nestas disciplinas os alunos desenvolver\u00e3o um trabalho de gradua\u00e7\u00e3o em v\u00e1rias etapas, desde o projeto e sua defesa, at\u00e9 a elabora\u00e7\u00e3o e defesa de uma monografia de final de curso. A monografia e a sua apresenta\u00e7\u00e3o dever\u00e3o contemplar os avan\u00e7os obtidos pelo aluno na revis\u00e3o ou desenvolvimento de um tema de pesquisa.<\/p>\n\n\n\n<p>Ao final da disciplina TGF I, os alunos dever\u00e3o apresentar o projeto e resultados preliminares do trabalho de conclus\u00e3o de curso. O projeto escrito e a defesa do mesmo em apresenta\u00e7\u00e3o de semin\u00e1rio ser\u00e1 avaliado por uma banca, sugerida pelo aluno e seu orientador e aprovada pelo Colegiado do Curso de F\u00edsica.<\/p>\n\n\n\n<p>Ao final da disciplina TGF II, os alunos dever\u00e3o apresentar uma monografia e realizar a defesa da mesma em sess\u00e3o p\u00fablica. A monografia dever\u00e1 contemplar os avan\u00e7os obtidos pelo aluno na revis\u00e3o ou desenvolvimento de um tema de pesquisa dentro das <a href=\"https:\/\/www.ufsm.br\/cursos\/pos-graduacao\/santa-maria\/pgfisica\/linhas-de-pesquisa\/\" target=\"_blank\" rel=\"noreferrer noopener\">linhas de pesquisa existentes no Programa de P\u00f3s-Gradua\u00e7\u00e3o em F\u00edsica da UFSM<\/a>. Os docentes e pesquisadores do Programa de P\u00f3s-Gradua\u00e7\u00e3o em F\u00edsica da UFSM est\u00e3o automaticamente credenciados a orientar Projetos e Trabalhos de Gradua\u00e7\u00e3o em F\u00edsica. Os demais orientadores em potencial dever\u00e3o solicitar, por escrito, o seu credenciamento junto ao Colegiado do Curso de F\u00edsica, que credenciar\u00e1 ou n\u00e3o o solicitante de acordo com os crit\u00e9rios estabelecidos pelo pr\u00f3prio Colegiado. A banca examinadora ser\u00e1 sugerida pelo aluno e seu orientador e aprovada pelo Colegiado do Curso de F\u00edsica. Esta banca, composta de tr\u00eas membros titulares e dois suplentes, atribuir\u00e1 notas ao trabalho escrito (peso 5) e apresenta\u00e7\u00e3o (peso 5). A m\u00e9dia aritm\u00e9tica destas ser\u00e1 a nota m\u00e9dia do aluno. Alunos com m\u00e9dia igual ou superior a 7,00 (sete) ser\u00e3o considerados aprovados. Os alunos que n\u00e3o obtiverem a m\u00e9dia para aprova\u00e7\u00e3o poder\u00e3o efetuar matr\u00edcula nesta disciplina na pr\u00f3xima oferta da mesma.<\/p>\n\n\n\n<p>Uma vez aprovada pela banca examinadora, a monografia, em sua vers\u00e3o final (ap\u00f3s realizadas as corre\u00e7\u00f5es sugeridas pela banca), ser\u00e1 encaminhada para a Coordena\u00e7\u00e3o do Curso, em formato digital, com vistas a ser encaminhada e disponibilizada no <a href=\"https:\/\/repositorio.ufsm.br\/handle\/1\/1191\" target=\"_blank\" rel=\"noreferrer noopener\">Manancial &#8211; Reposit\u00f3rio Digital da UFSM<\/a>. O <a href=\"https:\/\/www.ufsm.br\/app\/uploads\/sites\/362\/2021\/05\/autorizacao_tcc_graduacao_online_2021.doc\" target=\"_blank\" rel=\"noreferrer noopener\">Termo de Autoriza\u00e7\u00e3o<\/a>, que encontra-se na <a href=\"https:\/\/www.ufsm.br\/app\/uploads\/sites\/342\/2019\/05\/instrucao_normativa_05_2019_prograd_ufsm_tcc_manancial_repositorio_digital.pdf\" target=\"_blank\" rel=\"noreferrer noopener\">Instru\u00e7\u00e3o Normativa N. 05\/2019 da Pr\u00f3-Reitoria de Gradua\u00e7\u00e3o da UFSM<\/a>, dever\u00e1 ser preenchido e assinado pelo autor, e anexado \u00e0 c\u00f3pia digital da monografia em formato PDF &#8220;A&#8221;.<\/p>\n\n\n\n<p class=\"has-large-font-size\">Sistem\u00e1tica para a defesa<\/p>\n\n\n\n<p class=\"has-text-align-center has-medium-font-size\"><strong>Trabalho de Gradua\u00e7\u00e3o em F\u00edsica I (TGF I) &#8211; FSC1155<\/strong><\/p>\n\n\n\n<p>&#8211; A data da defesa ser\u00e1 definida pelo(a) discente, em conjunto com seu(ua) orientador(a), considerando o per\u00edodo de atividades acad\u00eamicas estabelecido pelo calend\u00e1rio acad\u00eamico do respectivo semestre letivo. Uma vez definida, \u00e9 preciso informar \u00e0 coordena\u00e7\u00e3o, que ir\u00e1 providenciar a documenta\u00e7\u00e3o necess\u00e1ria.<br>&#8211; O texto dever\u00e1 ser entregue pelo(a) discente\/orientador(a), para an\u00e1lise da banca examinadora, com no m\u00ednimo 15 dias de anteced\u00eancia, em rela\u00e7\u00e3o \u00e0 data da defesa.<br>&#8211; O(A) discente ter\u00e1 entre 30 min e 40 min para fazer a apresenta\u00e7\u00e3o do trabalho.<br>&#8211; Cada membro(a) da banca examinadora ter\u00e1 at\u00e9 30 min para a argui\u00e7\u00e3o.<\/p>\n\n\n\n<p class=\"has-text-align-center has-medium-font-size\"><strong>Trabalho de Gradua\u00e7\u00e3o em F\u00edsica II (TGF II) &#8211; FSC1156<\/strong><\/p>\n\n\n\n<p>&#8211; A data da defesa ser\u00e1 definida pelo(a) discente, em conjunto com seu(ua) orientador(a), considerando o per\u00edodo de atividades acad\u00eamicas estabelecido pelo calend\u00e1rio acad\u00eamico do respectivo semestre letivo. Uma vez definida, \u00e9 preciso informar \u00e0 coordena\u00e7\u00e3o, que ir\u00e1 providenciar a documenta\u00e7\u00e3o necess\u00e1ria.<br>&#8211; O texto dever\u00e1 ser entregue pelo(a) discente\/orientador(a), para an\u00e1lise da banca examinadora, com no m\u00ednimo 20 dias de anteced\u00eancia, em rela\u00e7\u00e3o \u00e0 data da defesa.<br>&#8211; O(A) discente ter\u00e1 entre 40 min e 50 min para fazer a apresenta\u00e7\u00e3o do trabalho.<br>&#8211; Cada membro(a) da banca examinadora ter\u00e1 at\u00e9 30 min para a argui\u00e7\u00e3o.<\/p>\n","protected":false},"excerpt":{"rendered":"<p>Os alunos de gradua\u00e7\u00e3o do curso de F\u00edsica &#8211; Bacharelado dever\u00e3o se matricular em duas disciplinas do Departamento de F\u00edsica chamada Trabalho de Gradua\u00e7\u00e3o em F\u00edsica I (TGF I) e Trabalho de Gradua\u00e7\u00e3o em F\u00edsica II (TGF II), ambas com carga hor\u00e1ria de 90h. Nestas disciplinas os alunos desenvolver\u00e3o um trabalho de gradua\u00e7\u00e3o em v\u00e1rias [&hellip;]<\/p>\n","protected":false},"author":4867,"featured_media":0,"parent":0,"menu_order":0,"comment_status":"closed","ping_status":"closed","template":"","meta":{"footnotes":""},"categories":[],"tags":[],"class_list":["post-731","page","type-page","status-publish","hentry"],"acf":[],"_links":{"self":[{"href":"https:\/\/www.ufsm.br\/cursos\/graduacao\/santa-maria\/fisica\/wp-json\/wp\/v2\/pages\/731","targetHints":{"allow":["GET"]}}],"collection":[{"href":"https:\/\/www.ufsm.br\/cursos\/graduacao\/santa-maria\/fisica\/wp-json\/wp\/v2\/pages"}],"about":[{"href":"https:\/\/www.ufsm.br\/cursos\/graduacao\/santa-maria\/fisica\/wp-json\/wp\/v2\/types\/page"}],"author":[{"embeddable":true,"href":"https:\/\/www.ufsm.br\/cursos\/graduacao\/santa-maria\/fisica\/wp-json\/wp\/v2\/users\/4867"}],"replies":[{"embeddable":true,"href":"https:\/\/www.ufsm.br\/cursos\/graduacao\/santa-maria\/fisica\/wp-json\/wp\/v2\/comments?post=731"}],"version-history":[{"count":0,"href":"https:\/\/www.ufsm.br\/cursos\/graduacao\/santa-maria\/fisica\/wp-json\/wp\/v2\/pages\/731\/revisions"}],"wp:attachment":[{"href":"https:\/\/www.ufsm.br\/cursos\/graduacao\/santa-maria\/fisica\/wp-json\/wp\/v2\/media?parent=731"}],"wp:term":[{"taxonomy":"category","embeddable":true,"href":"https:\/\/www.ufsm.br\/cursos\/graduacao\/santa-maria\/fisica\/wp-json\/wp\/v2\/categories?post=731"},{"taxonomy":"post_tag","embeddable":true,"href":"https:\/\/www.ufsm.br\/cursos\/graduacao\/santa-maria\/fisica\/wp-json\/wp\/v2\/tags?post=731"}],"curies":[{"name":"wp","href":"https:\/\/api.w.org\/{rel}","templated":true}]}}